{"id":113,"date":"2020-11-10T14:56:52","date_gmt":"2020-11-10T14:56:52","guid":{"rendered":"https:\/\/berdemozes.ro\/?page_id=113"},"modified":"2022-09-10T10:32:23","modified_gmt":"2022-09-10T10:32:23","slug":"vezetotanacs","status":"publish","type":"page","link":"https:\/\/berdemozes.ro\/index.php\/vezetotanacs\/","title":{"rendered":"Vezet\u0151tan\u00e1cs"},"content":{"rendered":"\n<figure class=\"wp-block-table\"><table><tbody><tr><td><strong>N\u00e9v<\/strong><\/td><td><strong>Beoszt\u00e1s<\/strong><\/td><td><strong>El\u00e9rhet\u0151s\u00e9g<\/strong><\/td><\/tr><tr><td>Dr. Lakatos S\u00e1ndor<\/td><td>igazgat\u00f3<\/td><td>lakatos.sandor@berdemozes.ro<\/td><\/tr><tr><td>Czire Alp\u00e1r<\/td><td>aligazgat\u00f3, a tan\u00e1ri kar k\u00e9pvisel\u0151je<\/td><td>czire.alpar@berdemozes.ro<\/td><\/tr><tr><td>Major Ildik\u00f3 Katalin<\/td><td>a tan\u00e1ri kar k\u00e9pvisel\u0151je<\/td><td>major.katalin@berdemozes.ro<\/td><\/tr><tr><td>Rafai Dalma<\/td><td>a tan\u00e1ri kar k\u00e9pvisel\u0151je<\/td><td>rafai.dalma@berdemozes.ro<\/td><\/tr><tr><td>Nemes Annam\u00e1ria<\/td><td>a tan\u00e1ri kar k\u00e9pvisel\u0151je<\/td><td>nemes.annamaria@berdemozes.ro<\/td><\/tr><tr><td>B\u00f6l\u00f6ni L\u00e1szl\u00f3<\/td><td>a tan\u00e1ri kar k\u00e9pvisel\u0151je<\/td><td>boloni.laszlo@berdemozes.ro<\/td><\/tr><tr><td>Gui Katalin<\/td><td>a sz\u00fcl\u0151i bizotts\u00e1g k\u00e9pvisel\u0151je<\/td><td>guikatalin@yahoo.com<\/td><\/tr><tr><td>B\u00e1n R\u00f3bert-Istv\u00e1n<\/td><td>a sz\u00fcl\u0151i bizotts\u00e1g k\u00e9pvisel\u0151je<\/td><td><\/td><\/tr><tr><td><\/td><td>a polg\u00e1rmester k\u00e9pvisel\u0151je<\/td><td><\/td><\/tr><tr><td>Patakfalvi D\u00e9nes <\/td><td>a v\u00e1rosi tan\u00e1cs k\u00e9pvisel\u0151je<\/td><td><\/td><\/tr><tr><td>Dr. P\u00e1lffy Zolt\u00e1n<\/td><td>a v\u00e1rosi tan\u00e1cs k\u00e9pvisel\u0151je<\/td><td><\/td><\/tr><tr><td>Farkas Attila<\/td><td>a v\u00e1rosi tan\u00e1cs k\u00e9pvisel\u0151je<\/td><td><\/td><\/tr><tr><td>Palk\u00f3 J\u00f3zsef<\/td><td>a di\u00e1kk\u00f6z\u00f6ss\u00e9g k\u00e9pvisel\u0151je<\/td><td><\/td><\/tr><tr><td>Csisz\u00e9r-Rajti Tibor S\u00e1ndor<\/td><td>a szakszervezet k\u00e9pvisel\u0151je (megfigyel\u0151)<\/td><td>csiszer.tibor@berdemozes.ro<\/td><\/tr><tr><td>L\u0151rinczi Lajos, k\u00f6z\u00fcgyigazgat\u00f3<\/td><td>a Magyar Unit\u00e1rius Egyh\u00e1z k\u00e9pvisel\u0151je (megfigyel\u0151)<\/td><td>lorinczi22@yahoo.com<\/td><\/tr><\/tbody><\/table><\/figure>\n","protected":false},"excerpt":{"rendered":"<p>N\u00e9v Beoszt\u00e1s El\u00e9rhet\u0151s\u00e9g Dr. Lakatos S\u00e1ndor igazgat\u00f3 lakatos.sandor@berdemozes.ro Czire Alp\u00e1r aligazgat\u00f3, a tan\u00e1ri kar k\u00e9pvisel\u0151je czire.alpar@berdemozes.ro Major Ildik\u00f3 Katalin a tan\u00e1ri kar k\u00e9pvisel\u0151je major.katalin@berdemozes.ro Rafai Dalma a tan\u00e1ri kar k\u00e9pvisel\u0151je &#8230;<\/p>\n","protected":false},"author":1,"featured_media":0,"parent":0,"menu_order":0,"comment_status":"closed","ping_status":"closed","template":"","meta":{"footnotes":""},"yoast_head":"<!-- This site is optimized with the Yoast SEO plugin v21.9.1 - https:\/\/yoast.com\/wordpress\/plugins\/seo\/ -->\n<title>Vezet\u0151tan\u00e1cs - Berde M\u00f3zes Unit\u00e1rius Gimn\u00e1zium<\/title>\n<meta name=\"robots\" content=\"noindex, follow, max-snippet:-1, max-image-preview:large, max-video-preview:-1\" \/>\n<meta property=\"og:locale\" content=\"hu_HU\" \/>\n<meta property=\"og:type\" content=\"article\" \/>\n<meta property=\"og:title\" content=\"Vezet\u0151tan\u00e1cs - Berde M\u00f3zes Unit\u00e1rius Gimn\u00e1zium\" \/>\n<meta property=\"og:description\" content=\"N\u00e9v Beoszt\u00e1s El\u00e9rhet\u0151s\u00e9g Dr. Lakatos S\u00e1ndor igazgat\u00f3 lakatos.sandor@berdemozes.ro Czire Alp\u00e1r aligazgat\u00f3, a tan\u00e1ri kar k\u00e9pvisel\u0151je czire.alpar@berdemozes.ro Major Ildik\u00f3 Katalin a tan\u00e1ri kar k\u00e9pvisel\u0151je major.katalin@berdemozes.ro Rafai Dalma a tan\u00e1ri kar k\u00e9pvisel\u0151je ...\" \/>\n<meta property=\"og:url\" content=\"https:\/\/berdemozes.ro\/index.php\/vezetotanacs\/\" \/>\n<meta property=\"og:site_name\" content=\"Berde M\u00f3zes Unit\u00e1rius Gimn\u00e1zium\" \/>\n<meta property=\"article:publisher\" content=\"https:\/\/www.facebook.com\/bmugim\" \/>\n<meta property=\"article:modified_time\" content=\"2022-09-10T10:32:23+00:00\" \/>\n<meta name=\"twitter:card\" content=\"summary_large_image\" \/>\n<meta name=\"twitter:label1\" content=\"Becs\u00fclt olvas\u00e1si id\u0151\" \/>\n\t<meta name=\"twitter:data1\" content=\"1 perc\" \/>\n<script type=\"application\/ld+json\" class=\"yoast-schema-graph\">{\"@context\":\"https:\/\/schema.org\",\"@graph\":[{\"@type\":\"WebPage\",\"@id\":\"https:\/\/berdemozes.ro\/index.php\/vezetotanacs\/\",\"url\":\"https:\/\/berdemozes.ro\/index.php\/vezetotanacs\/\",\"name\":\"Vezet\u0151tan\u00e1cs - Berde M\u00f3zes Unit\u00e1rius Gimn\u00e1zium\",\"isPartOf\":{\"@id\":\"https:\/\/berdemozes.ro\/#website\"},\"datePublished\":\"2020-11-10T14:56:52+00:00\",\"dateModified\":\"2022-09-10T10:32:23+00:00\",\"breadcrumb\":{\"@id\":\"https:\/\/berdemozes.ro\/index.php\/vezetotanacs\/#breadcrumb\"},\"inLanguage\":\"hu\",\"potentialAction\":[{\"@type\":\"ReadAction\",\"target\":[\"https:\/\/berdemozes.ro\/index.php\/vezetotanacs\/\"]}]},{\"@type\":\"BreadcrumbList\",\"@id\":\"https:\/\/berdemozes.ro\/index.php\/vezetotanacs\/#breadcrumb\",\"itemListElement\":[{\"@type\":\"ListItem\",\"position\":1,\"name\":\"Home\",\"item\":\"https:\/\/berdemozes.ro\/\"},{\"@type\":\"ListItem\",\"position\":2,\"name\":\"Vezet\u0151tan\u00e1cs\"}]},{\"@type\":\"WebSite\",\"@id\":\"https:\/\/berdemozes.ro\/#website\",\"url\":\"https:\/\/berdemozes.ro\/\",\"name\":\"Berde M\u00f3zes Unit\u00e1rius Gimn\u00e1zium\",\"description\":\"A sz\u00e9kelykereszt\u00fari Berde M\u00f3zes Unit\u00e1rius Gimn\u00e1zium weboldala.\",\"publisher\":{\"@id\":\"https:\/\/berdemozes.ro\/#organization\"},\"potentialAction\":[{\"@type\":\"SearchAction\",\"target\":{\"@type\":\"EntryPoint\",\"urlTemplate\":\"https:\/\/berdemozes.ro\/?s={search_term_string}\"},\"query-input\":\"required name=search_term_string\"}],\"inLanguage\":\"hu\"},{\"@type\":\"Organization\",\"@id\":\"https:\/\/berdemozes.ro\/#organization\",\"name\":\"Berde M\u00f3zes Unit\u00e1rius Gimn\u00e1zium\",\"url\":\"https:\/\/berdemozes.ro\/\",\"logo\":{\"@type\":\"ImageObject\",\"inLanguage\":\"hu\",\"@id\":\"https:\/\/berdemozes.ro\/#\/schema\/logo\/image\/\",\"url\":\"https:\/\/berdemozes.ro\/wp-content\/uploads\/2020\/11\/cropped-HEADER-LOGO-2-1.png\",\"contentUrl\":\"https:\/\/berdemozes.ro\/wp-content\/uploads\/2020\/11\/cropped-HEADER-LOGO-2-1.png\",\"width\":213,\"height\":48,\"caption\":\"Berde M\u00f3zes Unit\u00e1rius Gimn\u00e1zium\"},\"image\":{\"@id\":\"https:\/\/berdemozes.ro\/#\/schema\/logo\/image\/\"},\"sameAs\":[\"https:\/\/www.facebook.com\/bmugim\"]}]}<\/script>\n<!-- \/ Yoast SEO plugin. -->","yoast_head_json":{"title":"Vezet\u0151tan\u00e1cs - Berde M\u00f3zes Unit\u00e1rius Gimn\u00e1zium","robots":{"index":"noindex","follow":"follow","max-snippet":"max-snippet:-1","max-image-preview":"max-image-preview:large","max-video-preview":"max-video-preview:-1"},"og_locale":"hu_HU","og_type":"article","og_title":"Vezet\u0151tan\u00e1cs - Berde M\u00f3zes Unit\u00e1rius Gimn\u00e1zium","og_description":"N\u00e9v Beoszt\u00e1s El\u00e9rhet\u0151s\u00e9g Dr. Lakatos S\u00e1ndor igazgat\u00f3 lakatos.sandor@berdemozes.ro Czire Alp\u00e1r aligazgat\u00f3, a tan\u00e1ri kar k\u00e9pvisel\u0151je czire.alpar@berdemozes.ro Major Ildik\u00f3 Katalin a tan\u00e1ri kar k\u00e9pvisel\u0151je major.katalin@berdemozes.ro Rafai Dalma a tan\u00e1ri kar k\u00e9pvisel\u0151je ...","og_url":"https:\/\/berdemozes.ro\/index.php\/vezetotanacs\/","og_site_name":"Berde M\u00f3zes Unit\u00e1rius Gimn\u00e1zium","article_publisher":"https:\/\/www.facebook.com\/bmugim","article_modified_time":"2022-09-10T10:32:23+00:00","twitter_card":"summary_large_image","twitter_misc":{"Becs\u00fclt olvas\u00e1si id\u0151":"1 perc"},"schema":{"@context":"https:\/\/schema.org","@graph":[{"@type":"WebPage","@id":"https:\/\/berdemozes.ro\/index.php\/vezetotanacs\/","url":"https:\/\/berdemozes.ro\/index.php\/vezetotanacs\/","name":"Vezet\u0151tan\u00e1cs - Berde M\u00f3zes Unit\u00e1rius Gimn\u00e1zium","isPartOf":{"@id":"https:\/\/berdemozes.ro\/#website"},"datePublished":"2020-11-10T14:56:52+00:00","dateModified":"2022-09-10T10:32:23+00:00","breadcrumb":{"@id":"https:\/\/berdemozes.ro\/index.php\/vezetotanacs\/#breadcrumb"},"inLanguage":"hu","potentialAction":[{"@type":"ReadAction","target":["https:\/\/berdemozes.ro\/index.php\/vezetotanacs\/"]}]},{"@type":"BreadcrumbList","@id":"https:\/\/berdemozes.ro\/index.php\/vezetotanacs\/#breadcrumb","itemListElement":[{"@type":"ListItem","position":1,"name":"Home","item":"https:\/\/berdemozes.ro\/"},{"@type":"ListItem","position":2,"name":"Vezet\u0151tan\u00e1cs"}]},{"@type":"WebSite","@id":"https:\/\/berdemozes.ro\/#website","url":"https:\/\/berdemozes.ro\/","name":"Berde M\u00f3zes Unit\u00e1rius Gimn\u00e1zium","description":"A sz\u00e9kelykereszt\u00fari Berde M\u00f3zes Unit\u00e1rius Gimn\u00e1zium weboldala.","publisher":{"@id":"https:\/\/berdemozes.ro\/#organization"},"potentialAction":[{"@type":"SearchAction","target":{"@type":"EntryPoint","urlTemplate":"https:\/\/berdemozes.ro\/?s={search_term_string}"},"query-input":"required name=search_term_string"}],"inLanguage":"hu"},{"@type":"Organization","@id":"https:\/\/berdemozes.ro\/#organization","name":"Berde M\u00f3zes Unit\u00e1rius Gimn\u00e1zium","url":"https:\/\/berdemozes.ro\/","logo":{"@type":"ImageObject","inLanguage":"hu","@id":"https:\/\/berdemozes.ro\/#\/schema\/logo\/image\/","url":"https:\/\/berdemozes.ro\/wp-content\/uploads\/2020\/11\/cropped-HEADER-LOGO-2-1.png","contentUrl":"https:\/\/berdemozes.ro\/wp-content\/uploads\/2020\/11\/cropped-HEADER-LOGO-2-1.png","width":213,"height":48,"caption":"Berde M\u00f3zes Unit\u00e1rius Gimn\u00e1zium"},"image":{"@id":"https:\/\/berdemozes.ro\/#\/schema\/logo\/image\/"},"sameAs":["https:\/\/www.facebook.com\/bmugim"]}]}},"jetpack_sharing_enabled":true,"_links":{"self":[{"href":"https:\/\/berdemozes.ro\/index.php\/wp-json\/wp\/v2\/pages\/113"}],"collection":[{"href":"https:\/\/berdemozes.ro\/index.php\/wp-json\/wp\/v2\/pages"}],"about":[{"href":"https:\/\/berdemozes.ro\/index.php\/wp-json\/wp\/v2\/types\/page"}],"author":[{"embeddable":true,"href":"https:\/\/berdemozes.ro\/index.php\/wp-json\/wp\/v2\/users\/1"}],"replies":[{"embeddable":true,"href":"https:\/\/berdemozes.ro\/index.php\/wp-json\/wp\/v2\/comments?post=113"}],"version-history":[{"count":6,"href":"https:\/\/berdemozes.ro\/index.php\/wp-json\/wp\/v2\/pages\/113\/revisions"}],"predecessor-version":[{"id":3978,"href":"https:\/\/berdemozes.ro\/index.php\/wp-json\/wp\/v2\/pages\/113\/revisions\/3978"}],"wp:attachment":[{"href":"https:\/\/berdemozes.ro\/index.php\/wp-json\/wp\/v2\/media?parent=113"}],"curies":[{"name":"wp","href":"https:\/\/api.w.org\/{rel}","templated":true}]}}