{"id":114,"date":"2020-11-10T14:56:52","date_gmt":"2020-11-10T14:56:52","guid":{"rendered":"https:\/\/berdemozes.ro\/?page_id=114"},"modified":"2025-10-13T10:23:22","modified_gmt":"2025-10-13T10:23:22","slug":"osztalyok-csoportok","status":"publish","type":"page","link":"https:\/\/berdemozes.ro\/index.php\/osztalyok-csoportok\/","title":{"rendered":"Oszt\u00e1lyaink 2025 szeptember\u00e9ben"},"content":{"rendered":"\n<figure class=\"wp-block-image size-large\"><img fetchpriority=\"high\" decoding=\"async\" width=\"1024\" height=\"375\" src=\"https:\/\/berdemozes.ro\/wp-content\/uploads\/2025\/10\/stadion_resize-1024x375.jpg\" alt=\"\" class=\"wp-image-6475\" srcset=\"https:\/\/berdemozes.ro\/wp-content\/uploads\/2025\/10\/stadion_resize-1024x375.jpg 1024w, https:\/\/berdemozes.ro\/wp-content\/uploads\/2025\/10\/stadion_resize-300x110.jpg 300w, https:\/\/berdemozes.ro\/wp-content\/uploads\/2025\/10\/stadion_resize-768x282.jpg 768w, https:\/\/berdemozes.ro\/wp-content\/uploads\/2025\/10\/stadion_resize.jpg 1500w\" sizes=\"(max-width: 1024px) 100vw, 1024px\" \/><\/figure>\n\n\n\n<p>elemi, gimn\u00e1ziumi \u00e9s l\u00edceumi oszt\u00e1lyaink &#8211; 2025 szeptembere<\/p>\n\n\n\n<figure class=\"wp-block-image size-large\"><img decoding=\"async\" width=\"1024\" height=\"683\" src=\"https:\/\/berdemozes.ro\/wp-content\/uploads\/2025\/10\/ovi-teljes_resize-1024x683.jpg\" alt=\"\" class=\"wp-image-6477\" srcset=\"https:\/\/berdemozes.ro\/wp-content\/uploads\/2025\/10\/ovi-teljes_resize-1024x683.jpg 1024w, https:\/\/berdemozes.ro\/wp-content\/uploads\/2025\/10\/ovi-teljes_resize-300x200.jpg 300w, https:\/\/berdemozes.ro\/wp-content\/uploads\/2025\/10\/ovi-teljes_resize-768x512.jpg 768w, https:\/\/berdemozes.ro\/wp-content\/uploads\/2025\/10\/ovi-teljes_resize.jpg 1500w\" sizes=\"(max-width: 1024px) 100vw, 1024px\" \/><\/figure>\n\n\n\n<p>Napk\u00f6zi teljes k\u00f6z\u00f6ss\u00e1ge 2025 szeptember\u00e9ben<\/p>\n\n\n\n<figure class=\"wp-block-image size-large is-resized\"><img decoding=\"async\" width=\"1024\" height=\"683\" src=\"https:\/\/berdemozes.ro\/wp-content\/uploads\/2025\/10\/kis-csoport_resize-1024x683.jpg\" alt=\"\" class=\"wp-image-6478\" style=\"width:840px;height:auto\" srcset=\"https:\/\/berdemozes.ro\/wp-content\/uploads\/2025\/10\/kis-csoport_resize-1024x683.jpg 1024w, https:\/\/berdemozes.ro\/wp-content\/uploads\/2025\/10\/kis-csoport_resize-300x200.jpg 300w, https:\/\/berdemozes.ro\/wp-content\/uploads\/2025\/10\/kis-csoport_resize-768x512.jpg 768w, https:\/\/berdemozes.ro\/wp-content\/uploads\/2025\/10\/kis-csoport_resize.jpg 1500w\" sizes=\"(max-width: 1024px) 100vw, 1024px\" \/><\/figure>\n\n\n\n<p>Kiscsoport 2025 szeptembere<\/p>\n\n\n\n<figure class=\"wp-block-image size-large\"><img loading=\"lazy\" decoding=\"async\" width=\"1024\" height=\"683\" src=\"https:\/\/berdemozes.ro\/wp-content\/uploads\/2025\/10\/kozep-cs_resize-1024x683.jpg\" alt=\"\" class=\"wp-image-6479\" srcset=\"https:\/\/berdemozes.ro\/wp-content\/uploads\/2025\/10\/kozep-cs_resize-1024x683.jpg 1024w, https:\/\/berdemozes.ro\/wp-content\/uploads\/2025\/10\/kozep-cs_resize-300x200.jpg 300w, https:\/\/berdemozes.ro\/wp-content\/uploads\/2025\/10\/kozep-cs_resize-768x512.jpg 768w, https:\/\/berdemozes.ro\/wp-content\/uploads\/2025\/10\/kozep-cs_resize.jpg 1500w\" sizes=\"(max-width: 1024px) 100vw, 1024px\" \/><\/figure>\n\n\n\n<p>K\u00f6z\u00e9pcsoport 2025 szeptembere<\/p>\n\n\n\n<figure class=\"wp-block-image size-large\"><img loading=\"lazy\" decoding=\"async\" width=\"1024\" height=\"683\" src=\"https:\/\/berdemozes.ro\/wp-content\/uploads\/2025\/10\/nagy-cs_resize-1024x683.jpg\" alt=\"\" class=\"wp-image-6480\" srcset=\"https:\/\/berdemozes.ro\/wp-content\/uploads\/2025\/10\/nagy-cs_resize-1024x683.jpg 1024w, https:\/\/berdemozes.ro\/wp-content\/uploads\/2025\/10\/nagy-cs_resize-300x200.jpg 300w, https:\/\/berdemozes.ro\/wp-content\/uploads\/2025\/10\/nagy-cs_resize-768x512.jpg 768w, https:\/\/berdemozes.ro\/wp-content\/uploads\/2025\/10\/nagy-cs_resize.jpg 1500w\" sizes=\"(max-width: 1024px) 100vw, 1024px\" \/><\/figure>\n\n\n\n<p>Nagycsoport 2025 szeptembere<\/p>\n\n\n\n<figure class=\"wp-block-image size-large\"><img loading=\"lazy\" decoding=\"async\" width=\"1024\" height=\"683\" src=\"https:\/\/berdemozes.ro\/wp-content\/uploads\/2025\/10\/elokeszito_resize-1024x683.jpg\" alt=\"\" class=\"wp-image-6481\" srcset=\"https:\/\/berdemozes.ro\/wp-content\/uploads\/2025\/10\/elokeszito_resize-1024x683.jpg 1024w, https:\/\/berdemozes.ro\/wp-content\/uploads\/2025\/10\/elokeszito_resize-300x200.jpg 300w, https:\/\/berdemozes.ro\/wp-content\/uploads\/2025\/10\/elokeszito_resize-768x512.jpg 768w, https:\/\/berdemozes.ro\/wp-content\/uploads\/2025\/10\/elokeszito_resize.jpg 1500w\" sizes=\"(max-width: 1024px) 100vw, 1024px\" \/><\/figure>\n\n\n\n<p>El\u0151k\u00e9sz\u00edt\u0151 oszt\u00e1ly 2025 szeptembere<\/p>\n\n\n\n<figure class=\"wp-block-image size-large is-resized\"><img loading=\"lazy\" decoding=\"async\" width=\"1024\" height=\"683\" src=\"https:\/\/berdemozes.ro\/wp-content\/uploads\/2025\/10\/I-oszt_resize-1024x683.jpg\" alt=\"\" class=\"wp-image-6482\" style=\"width:840px;height:auto\" srcset=\"https:\/\/berdemozes.ro\/wp-content\/uploads\/2025\/10\/I-oszt_resize-1024x683.jpg 1024w, https:\/\/berdemozes.ro\/wp-content\/uploads\/2025\/10\/I-oszt_resize-300x200.jpg 300w, https:\/\/berdemozes.ro\/wp-content\/uploads\/2025\/10\/I-oszt_resize-768x512.jpg 768w, https:\/\/berdemozes.ro\/wp-content\/uploads\/2025\/10\/I-oszt_resize.jpg 1500w\" sizes=\"(max-width: 1024px) 100vw, 1024px\" \/><\/figure>\n\n\n\n<p>I. oszt\u00e1ly 2025 szeptembere<\/p>\n\n\n\n<figure class=\"wp-block-image size-large\"><img loading=\"lazy\" decoding=\"async\" width=\"1024\" height=\"683\" src=\"https:\/\/berdemozes.ro\/wp-content\/uploads\/2025\/10\/II-oszt_resize-1024x683.jpg\" alt=\"\" class=\"wp-image-6483\" srcset=\"https:\/\/berdemozes.ro\/wp-content\/uploads\/2025\/10\/II-oszt_resize-1024x683.jpg 1024w, https:\/\/berdemozes.ro\/wp-content\/uploads\/2025\/10\/II-oszt_resize-300x200.jpg 300w, https:\/\/berdemozes.ro\/wp-content\/uploads\/2025\/10\/II-oszt_resize-768x512.jpg 768w, https:\/\/berdemozes.ro\/wp-content\/uploads\/2025\/10\/II-oszt_resize.jpg 1500w\" sizes=\"(max-width: 1024px) 100vw, 1024px\" \/><\/figure>\n\n\n\n<p>II. oszt\u00e1ly 2025 szeptembere<\/p>\n\n\n\n<figure class=\"wp-block-image size-large\"><img loading=\"lazy\" decoding=\"async\" width=\"1024\" height=\"683\" src=\"https:\/\/berdemozes.ro\/wp-content\/uploads\/2025\/10\/III-oszt_resize-1024x683.jpg\" alt=\"\" class=\"wp-image-6484\" srcset=\"https:\/\/berdemozes.ro\/wp-content\/uploads\/2025\/10\/III-oszt_resize-1024x683.jpg 1024w, https:\/\/berdemozes.ro\/wp-content\/uploads\/2025\/10\/III-oszt_resize-300x200.jpg 300w, https:\/\/berdemozes.ro\/wp-content\/uploads\/2025\/10\/III-oszt_resize-768x512.jpg 768w, https:\/\/berdemozes.ro\/wp-content\/uploads\/2025\/10\/III-oszt_resize.jpg 1500w\" sizes=\"(max-width: 1024px) 100vw, 1024px\" \/><\/figure>\n\n\n\n<p>III. oszt\u00e1ly 2025 szeptembere<\/p>\n\n\n\n<figure class=\"wp-block-image size-large\"><img loading=\"lazy\" decoding=\"async\" width=\"1024\" height=\"683\" src=\"https:\/\/berdemozes.ro\/wp-content\/uploads\/2025\/10\/IV-oszt_resize-1024x683.jpg\" alt=\"\" class=\"wp-image-6485\" srcset=\"https:\/\/berdemozes.ro\/wp-content\/uploads\/2025\/10\/IV-oszt_resize-1024x683.jpg 1024w, https:\/\/berdemozes.ro\/wp-content\/uploads\/2025\/10\/IV-oszt_resize-300x200.jpg 300w, https:\/\/berdemozes.ro\/wp-content\/uploads\/2025\/10\/IV-oszt_resize-768x512.jpg 768w, https:\/\/berdemozes.ro\/wp-content\/uploads\/2025\/10\/IV-oszt_resize.jpg 1500w\" sizes=\"(max-width: 1024px) 100vw, 1024px\" \/><\/figure>\n\n\n\n<p>IV. oszt\u00e1ly 2025 szeptembere<\/p>\n\n\n\n<figure class=\"wp-block-image size-large\"><img loading=\"lazy\" decoding=\"async\" width=\"1024\" height=\"683\" src=\"https:\/\/berdemozes.ro\/wp-content\/uploads\/2025\/10\/V_resize-1024x683.jpg\" alt=\"\" class=\"wp-image-6486\" srcset=\"https:\/\/berdemozes.ro\/wp-content\/uploads\/2025\/10\/V_resize-1024x683.jpg 1024w, https:\/\/berdemozes.ro\/wp-content\/uploads\/2025\/10\/V_resize-300x200.jpg 300w, https:\/\/berdemozes.ro\/wp-content\/uploads\/2025\/10\/V_resize-768x512.jpg 768w, https:\/\/berdemozes.ro\/wp-content\/uploads\/2025\/10\/V_resize.jpg 1500w\" sizes=\"(max-width: 1024px) 100vw, 1024px\" \/><\/figure>\n\n\n\n<p>V. oszt\u00e1ly 2025 szeptembere<\/p>\n\n\n\n<figure class=\"wp-block-image size-large\"><img loading=\"lazy\" decoding=\"async\" width=\"1024\" height=\"683\" src=\"https:\/\/berdemozes.ro\/wp-content\/uploads\/2025\/10\/VI_resize-1024x683.jpg\" alt=\"\" class=\"wp-image-6487\" srcset=\"https:\/\/berdemozes.ro\/wp-content\/uploads\/2025\/10\/VI_resize-1024x683.jpg 1024w, https:\/\/berdemozes.ro\/wp-content\/uploads\/2025\/10\/VI_resize-300x200.jpg 300w, https:\/\/berdemozes.ro\/wp-content\/uploads\/2025\/10\/VI_resize-768x512.jpg 768w, https:\/\/berdemozes.ro\/wp-content\/uploads\/2025\/10\/VI_resize.jpg 1500w\" sizes=\"(max-width: 1024px) 100vw, 1024px\" \/><\/figure>\n\n\n\n<p>VI. oszt\u00e1ly 2025 szeptembere<\/p>\n\n\n\n<figure class=\"wp-block-image size-large\"><img loading=\"lazy\" decoding=\"async\" width=\"1024\" height=\"683\" src=\"https:\/\/berdemozes.ro\/wp-content\/uploads\/2025\/10\/VII_resize-1024x683.jpg\" alt=\"\" class=\"wp-image-6488\" srcset=\"https:\/\/berdemozes.ro\/wp-content\/uploads\/2025\/10\/VII_resize-1024x683.jpg 1024w, https:\/\/berdemozes.ro\/wp-content\/uploads\/2025\/10\/VII_resize-300x200.jpg 300w, https:\/\/berdemozes.ro\/wp-content\/uploads\/2025\/10\/VII_resize-768x512.jpg 768w, https:\/\/berdemozes.ro\/wp-content\/uploads\/2025\/10\/VII_resize.jpg 1500w\" sizes=\"(max-width: 1024px) 100vw, 1024px\" \/><\/figure>\n\n\n\n<p>VII. oszt\u00e1ly 2025 szeptembere<\/p>\n\n\n\n<figure class=\"wp-block-image size-large\"><img loading=\"lazy\" decoding=\"async\" width=\"1024\" height=\"683\" src=\"https:\/\/berdemozes.ro\/wp-content\/uploads\/2025\/10\/VIII_resize-1024x683.jpg\" alt=\"\" class=\"wp-image-6489\" srcset=\"https:\/\/berdemozes.ro\/wp-content\/uploads\/2025\/10\/VIII_resize-1024x683.jpg 1024w, https:\/\/berdemozes.ro\/wp-content\/uploads\/2025\/10\/VIII_resize-300x200.jpg 300w, https:\/\/berdemozes.ro\/wp-content\/uploads\/2025\/10\/VIII_resize-768x512.jpg 768w, https:\/\/berdemozes.ro\/wp-content\/uploads\/2025\/10\/VIII_resize.jpg 1500w\" sizes=\"(max-width: 1024px) 100vw, 1024px\" \/><\/figure>\n\n\n\n<p>VIII. oszt\u00e1ly 2025 szeptembere<\/p>\n\n\n\n<figure class=\"wp-block-image size-large\"><img loading=\"lazy\" decoding=\"async\" width=\"1024\" height=\"683\" src=\"https:\/\/berdemozes.ro\/wp-content\/uploads\/2025\/10\/IXA_resize-1024x683.jpg\" alt=\"\" class=\"wp-image-6490\" srcset=\"https:\/\/berdemozes.ro\/wp-content\/uploads\/2025\/10\/IXA_resize-1024x683.jpg 1024w, https:\/\/berdemozes.ro\/wp-content\/uploads\/2025\/10\/IXA_resize-300x200.jpg 300w, https:\/\/berdemozes.ro\/wp-content\/uploads\/2025\/10\/IXA_resize-768x512.jpg 768w, https:\/\/berdemozes.ro\/wp-content\/uploads\/2025\/10\/IXA_resize.jpg 1500w\" sizes=\"(max-width: 1024px) 100vw, 1024px\" \/><\/figure>\n\n\n\n<p>IX. A oszt\u00e1ly 2025 szeptembere<\/p>\n\n\n\n<figure class=\"wp-block-image size-large\"><img loading=\"lazy\" decoding=\"async\" width=\"1024\" height=\"683\" src=\"https:\/\/berdemozes.ro\/wp-content\/uploads\/2025\/10\/IXB_resize-1024x683.jpg\" alt=\"\" class=\"wp-image-6491\" srcset=\"https:\/\/berdemozes.ro\/wp-content\/uploads\/2025\/10\/IXB_resize-1024x683.jpg 1024w, https:\/\/berdemozes.ro\/wp-content\/uploads\/2025\/10\/IXB_resize-300x200.jpg 300w, https:\/\/berdemozes.ro\/wp-content\/uploads\/2025\/10\/IXB_resize-768x512.jpg 768w, https:\/\/berdemozes.ro\/wp-content\/uploads\/2025\/10\/IXB_resize.jpg 1500w\" sizes=\"(max-width: 1024px) 100vw, 1024px\" \/><\/figure>\n\n\n\n<p>IX. B oszt\u00e1ly 2025 szeptembere<\/p>\n\n\n\n<figure class=\"wp-block-image size-large\"><img loading=\"lazy\" decoding=\"async\" width=\"1024\" height=\"683\" src=\"https:\/\/berdemozes.ro\/wp-content\/uploads\/2025\/10\/XA_resize-1024x683.jpg\" alt=\"\" class=\"wp-image-6492\" srcset=\"https:\/\/berdemozes.ro\/wp-content\/uploads\/2025\/10\/XA_resize-1024x683.jpg 1024w, https:\/\/berdemozes.ro\/wp-content\/uploads\/2025\/10\/XA_resize-300x200.jpg 300w, https:\/\/berdemozes.ro\/wp-content\/uploads\/2025\/10\/XA_resize-768x512.jpg 768w, https:\/\/berdemozes.ro\/wp-content\/uploads\/2025\/10\/XA_resize.jpg 1500w\" sizes=\"(max-width: 1024px) 100vw, 1024px\" \/><\/figure>\n\n\n\n<p>X.A oszt\u00e1ly 2025 szeptembere<\/p>\n\n\n\n<figure class=\"wp-block-image size-large\"><img loading=\"lazy\" decoding=\"async\" width=\"1024\" height=\"683\" src=\"https:\/\/berdemozes.ro\/wp-content\/uploads\/2025\/10\/XB_resize-1024x683.jpg\" alt=\"\" class=\"wp-image-6493\" srcset=\"https:\/\/berdemozes.ro\/wp-content\/uploads\/2025\/10\/XB_resize-1024x683.jpg 1024w, https:\/\/berdemozes.ro\/wp-content\/uploads\/2025\/10\/XB_resize-300x200.jpg 300w, https:\/\/berdemozes.ro\/wp-content\/uploads\/2025\/10\/XB_resize-768x512.jpg 768w, https:\/\/berdemozes.ro\/wp-content\/uploads\/2025\/10\/XB_resize.jpg 1500w\" sizes=\"(max-width: 1024px) 100vw, 1024px\" \/><\/figure>\n\n\n\n<p>X.B oszt\u00e1ly 2025 szeptembere <\/p>\n\n\n\n<figure class=\"wp-block-image size-large\"><img loading=\"lazy\" decoding=\"async\" width=\"1024\" height=\"683\" src=\"https:\/\/berdemozes.ro\/wp-content\/uploads\/2025\/10\/XIB_resize-1024x683.jpg\" alt=\"\" class=\"wp-image-6494\" srcset=\"https:\/\/berdemozes.ro\/wp-content\/uploads\/2025\/10\/XIB_resize-1024x683.jpg 1024w, https:\/\/berdemozes.ro\/wp-content\/uploads\/2025\/10\/XIB_resize-300x200.jpg 300w, https:\/\/berdemozes.ro\/wp-content\/uploads\/2025\/10\/XIB_resize-768x512.jpg 768w, https:\/\/berdemozes.ro\/wp-content\/uploads\/2025\/10\/XIB_resize.jpg 1500w\" sizes=\"(max-width: 1024px) 100vw, 1024px\" \/><\/figure>\n\n\n\n<p>XI.B oszt\u00e1ly 2025 szeptembere<\/p>\n\n\n\n<figure class=\"wp-block-image size-large\"><img loading=\"lazy\" decoding=\"async\" width=\"1024\" height=\"683\" src=\"https:\/\/berdemozes.ro\/wp-content\/uploads\/2025\/10\/XIIA_resize-1024x683.jpg\" alt=\"\" class=\"wp-image-6495\" srcset=\"https:\/\/berdemozes.ro\/wp-content\/uploads\/2025\/10\/XIIA_resize-1024x683.jpg 1024w, https:\/\/berdemozes.ro\/wp-content\/uploads\/2025\/10\/XIIA_resize-300x200.jpg 300w, https:\/\/berdemozes.ro\/wp-content\/uploads\/2025\/10\/XIIA_resize-768x512.jpg 768w, https:\/\/berdemozes.ro\/wp-content\/uploads\/2025\/10\/XIIA_resize.jpg 1500w\" sizes=\"(max-width: 1024px) 100vw, 1024px\" \/><\/figure>\n\n\n\n<p>XII. A oszt\u00e1ly 2025 szeptembere<\/p>\n\n\n\n<figure class=\"wp-block-image size-large\"><img loading=\"lazy\" decoding=\"async\" width=\"1024\" height=\"683\" src=\"https:\/\/berdemozes.ro\/wp-content\/uploads\/2025\/10\/XIIB_resize-1024x683.jpg\" alt=\"\" class=\"wp-image-6496\" srcset=\"https:\/\/berdemozes.ro\/wp-content\/uploads\/2025\/10\/XIIB_resize-1024x683.jpg 1024w, https:\/\/berdemozes.ro\/wp-content\/uploads\/2025\/10\/XIIB_resize-300x200.jpg 300w, https:\/\/berdemozes.ro\/wp-content\/uploads\/2025\/10\/XIIB_resize-768x512.jpg 768w, https:\/\/berdemozes.ro\/wp-content\/uploads\/2025\/10\/XIIB_resize.jpg 1500w\" sizes=\"(max-width: 1024px) 100vw, 1024px\" \/><\/figure>\n\n\n\n<p>XII. B oszt\u00e1ly 2025 szeptembere<\/p>\n","protected":false},"excerpt":{"rendered":"<p>elemi, gimn\u00e1ziumi \u00e9s l\u00edceumi oszt\u00e1lyaink &#8211; 2025 szeptembere Napk\u00f6zi teljes k\u00f6z\u00f6ss\u00e1ge 2025 szeptember\u00e9ben Kiscsoport 2025 szeptembere K\u00f6z\u00e9pcsoport 2025 szeptembere Nagycsoport 2025 szeptembere El\u0151k\u00e9sz\u00edt\u0151 oszt\u00e1ly 2025 szeptembere I. oszt\u00e1ly 2025 szeptembere &#8230;<\/p>\n","protected":false},"author":1,"featured_media":0,"parent":0,"menu_order":0,"comment_status":"closed","ping_status":"closed","template":"","meta":{"footnotes":""},"yoast_head":"<!-- This site is optimized with the Yoast SEO plugin v21.9.1 - https:\/\/yoast.com\/wordpress\/plugins\/seo\/ -->\n<title>Oszt\u00e1lyaink 2025 szeptember\u00e9ben - Berde M\u00f3zes Unit\u00e1rius Gimn\u00e1zium<\/title>\n<meta name=\"robots\" content=\"noindex, follow, max-snippet:-1, max-image-preview:large, max-video-preview:-1\" \/>\n<meta property=\"og:locale\" content=\"hu_HU\" \/>\n<meta property=\"og:type\" content=\"article\" \/>\n<meta property=\"og:title\" content=\"Oszt\u00e1lyaink 2025 szeptember\u00e9ben - Berde M\u00f3zes Unit\u00e1rius Gimn\u00e1zium\" \/>\n<meta property=\"og:description\" content=\"elemi, gimn\u00e1ziumi \u00e9s l\u00edceumi oszt\u00e1lyaink &#8211; 2025 szeptembere Napk\u00f6zi teljes k\u00f6z\u00f6ss\u00e1ge 2025 szeptember\u00e9ben Kiscsoport 2025 szeptembere K\u00f6z\u00e9pcsoport 2025 szeptembere Nagycsoport 2025 szeptembere El\u0151k\u00e9sz\u00edt\u0151 oszt\u00e1ly 2025 szeptembere I. oszt\u00e1ly 2025 szeptembere ...\" \/>\n<meta property=\"og:url\" content=\"https:\/\/berdemozes.ro\/index.php\/osztalyok-csoportok\/\" \/>\n<meta property=\"og:site_name\" content=\"Berde M\u00f3zes Unit\u00e1rius Gimn\u00e1zium\" \/>\n<meta property=\"article:publisher\" content=\"https:\/\/www.facebook.com\/bmugim\" \/>\n<meta property=\"article:modified_time\" content=\"2025-10-13T10:23:22+00:00\" \/>\n<meta property=\"og:image\" content=\"https:\/\/berdemozes.ro\/wp-content\/uploads\/2025\/10\/stadion_resize-1024x375.jpg\" \/>\n<meta name=\"twitter:card\" content=\"summary_large_image\" \/>\n<meta name=\"twitter:label1\" content=\"Becs\u00fclt olvas\u00e1si id\u0151\" \/>\n\t<meta name=\"twitter:data1\" content=\"5 perc\" \/>\n<script type=\"application\/ld+json\" class=\"yoast-schema-graph\">{\"@context\":\"https:\/\/schema.org\",\"@graph\":[{\"@type\":\"WebPage\",\"@id\":\"https:\/\/berdemozes.ro\/index.php\/osztalyok-csoportok\/\",\"url\":\"https:\/\/berdemozes.ro\/index.php\/osztalyok-csoportok\/\",\"name\":\"Oszt\u00e1lyaink 2025 szeptember\u00e9ben - Berde M\u00f3zes Unit\u00e1rius Gimn\u00e1zium\",\"isPartOf\":{\"@id\":\"https:\/\/berdemozes.ro\/#website\"},\"datePublished\":\"2020-11-10T14:56:52+00:00\",\"dateModified\":\"2025-10-13T10:23:22+00:00\",\"breadcrumb\":{\"@id\":\"https:\/\/berdemozes.ro\/index.php\/osztalyok-csoportok\/#breadcrumb\"},\"inLanguage\":\"hu\",\"potentialAction\":[{\"@type\":\"ReadAction\",\"target\":[\"https:\/\/berdemozes.ro\/index.php\/osztalyok-csoportok\/\"]}]},{\"@type\":\"BreadcrumbList\",\"@id\":\"https:\/\/berdemozes.ro\/index.php\/osztalyok-csoportok\/#breadcrumb\",\"itemListElement\":[{\"@type\":\"ListItem\",\"position\":1,\"name\":\"Home\",\"item\":\"https:\/\/berdemozes.ro\/\"},{\"@type\":\"ListItem\",\"position\":2,\"name\":\"Oszt\u00e1lyaink 2025 szeptember\u00e9ben\"}]},{\"@type\":\"WebSite\",\"@id\":\"https:\/\/berdemozes.ro\/#website\",\"url\":\"https:\/\/berdemozes.ro\/\",\"name\":\"Berde M\u00f3zes Unit\u00e1rius Gimn\u00e1zium\",\"description\":\"A sz\u00e9kelykereszt\u00fari Berde M\u00f3zes Unit\u00e1rius Gimn\u00e1zium weboldala.\",\"publisher\":{\"@id\":\"https:\/\/berdemozes.ro\/#organization\"},\"potentialAction\":[{\"@type\":\"SearchAction\",\"target\":{\"@type\":\"EntryPoint\",\"urlTemplate\":\"https:\/\/berdemozes.ro\/?s={search_term_string}\"},\"query-input\":\"required name=search_term_string\"}],\"inLanguage\":\"hu\"},{\"@type\":\"Organization\",\"@id\":\"https:\/\/berdemozes.ro\/#organization\",\"name\":\"Berde M\u00f3zes Unit\u00e1rius Gimn\u00e1zium\",\"url\":\"https:\/\/berdemozes.ro\/\",\"logo\":{\"@type\":\"ImageObject\",\"inLanguage\":\"hu\",\"@id\":\"https:\/\/berdemozes.ro\/#\/schema\/logo\/image\/\",\"url\":\"https:\/\/berdemozes.ro\/wp-content\/uploads\/2020\/11\/cropped-HEADER-LOGO-2-1.png\",\"contentUrl\":\"https:\/\/berdemozes.ro\/wp-content\/uploads\/2020\/11\/cropped-HEADER-LOGO-2-1.png\",\"width\":213,\"height\":48,\"caption\":\"Berde M\u00f3zes Unit\u00e1rius Gimn\u00e1zium\"},\"image\":{\"@id\":\"https:\/\/berdemozes.ro\/#\/schema\/logo\/image\/\"},\"sameAs\":[\"https:\/\/www.facebook.com\/bmugim\"]}]}<\/script>\n<!-- \/ Yoast SEO plugin. -->","yoast_head_json":{"title":"Oszt\u00e1lyaink 2025 szeptember\u00e9ben - Berde M\u00f3zes Unit\u00e1rius Gimn\u00e1zium","robots":{"index":"noindex","follow":"follow","max-snippet":"max-snippet:-1","max-image-preview":"max-image-preview:large","max-video-preview":"max-video-preview:-1"},"og_locale":"hu_HU","og_type":"article","og_title":"Oszt\u00e1lyaink 2025 szeptember\u00e9ben - Berde M\u00f3zes Unit\u00e1rius Gimn\u00e1zium","og_description":"elemi, gimn\u00e1ziumi \u00e9s l\u00edceumi oszt\u00e1lyaink &#8211; 2025 szeptembere Napk\u00f6zi teljes k\u00f6z\u00f6ss\u00e1ge 2025 szeptember\u00e9ben Kiscsoport 2025 szeptembere K\u00f6z\u00e9pcsoport 2025 szeptembere Nagycsoport 2025 szeptembere El\u0151k\u00e9sz\u00edt\u0151 oszt\u00e1ly 2025 szeptembere I. oszt\u00e1ly 2025 szeptembere ...","og_url":"https:\/\/berdemozes.ro\/index.php\/osztalyok-csoportok\/","og_site_name":"Berde M\u00f3zes Unit\u00e1rius Gimn\u00e1zium","article_publisher":"https:\/\/www.facebook.com\/bmugim","article_modified_time":"2025-10-13T10:23:22+00:00","og_image":[{"url":"https:\/\/berdemozes.ro\/wp-content\/uploads\/2025\/10\/stadion_resize-1024x375.jpg"}],"twitter_card":"summary_large_image","twitter_misc":{"Becs\u00fclt olvas\u00e1si id\u0151":"5 perc"},"schema":{"@context":"https:\/\/schema.org","@graph":[{"@type":"WebPage","@id":"https:\/\/berdemozes.ro\/index.php\/osztalyok-csoportok\/","url":"https:\/\/berdemozes.ro\/index.php\/osztalyok-csoportok\/","name":"Oszt\u00e1lyaink 2025 szeptember\u00e9ben - Berde M\u00f3zes Unit\u00e1rius Gimn\u00e1zium","isPartOf":{"@id":"https:\/\/berdemozes.ro\/#website"},"datePublished":"2020-11-10T14:56:52+00:00","dateModified":"2025-10-13T10:23:22+00:00","breadcrumb":{"@id":"https:\/\/berdemozes.ro\/index.php\/osztalyok-csoportok\/#breadcrumb"},"inLanguage":"hu","potentialAction":[{"@type":"ReadAction","target":["https:\/\/berdemozes.ro\/index.php\/osztalyok-csoportok\/"]}]},{"@type":"BreadcrumbList","@id":"https:\/\/berdemozes.ro\/index.php\/osztalyok-csoportok\/#breadcrumb","itemListElement":[{"@type":"ListItem","position":1,"name":"Home","item":"https:\/\/berdemozes.ro\/"},{"@type":"ListItem","position":2,"name":"Oszt\u00e1lyaink 2025 szeptember\u00e9ben"}]},{"@type":"WebSite","@id":"https:\/\/berdemozes.ro\/#website","url":"https:\/\/berdemozes.ro\/","name":"Berde M\u00f3zes Unit\u00e1rius Gimn\u00e1zium","description":"A sz\u00e9kelykereszt\u00fari Berde M\u00f3zes Unit\u00e1rius Gimn\u00e1zium weboldala.","publisher":{"@id":"https:\/\/berdemozes.ro\/#organization"},"potentialAction":[{"@type":"SearchAction","target":{"@type":"EntryPoint","urlTemplate":"https:\/\/berdemozes.ro\/?s={search_term_string}"},"query-input":"required name=search_term_string"}],"inLanguage":"hu"},{"@type":"Organization","@id":"https:\/\/berdemozes.ro\/#organization","name":"Berde M\u00f3zes Unit\u00e1rius Gimn\u00e1zium","url":"https:\/\/berdemozes.ro\/","logo":{"@type":"ImageObject","inLanguage":"hu","@id":"https:\/\/berdemozes.ro\/#\/schema\/logo\/image\/","url":"https:\/\/berdemozes.ro\/wp-content\/uploads\/2020\/11\/cropped-HEADER-LOGO-2-1.png","contentUrl":"https:\/\/berdemozes.ro\/wp-content\/uploads\/2020\/11\/cropped-HEADER-LOGO-2-1.png","width":213,"height":48,"caption":"Berde M\u00f3zes Unit\u00e1rius Gimn\u00e1zium"},"image":{"@id":"https:\/\/berdemozes.ro\/#\/schema\/logo\/image\/"},"sameAs":["https:\/\/www.facebook.com\/bmugim"]}]}},"jetpack_sharing_enabled":true,"_links":{"self":[{"href":"https:\/\/berdemozes.ro\/index.php\/wp-json\/wp\/v2\/pages\/114"}],"collection":[{"href":"https:\/\/berdemozes.ro\/index.php\/wp-json\/wp\/v2\/pages"}],"about":[{"href":"https:\/\/berdemozes.ro\/index.php\/wp-json\/wp\/v2\/types\/page"}],"author":[{"embeddable":true,"href":"https:\/\/berdemozes.ro\/index.php\/wp-json\/wp\/v2\/users\/1"}],"replies":[{"embeddable":true,"href":"https:\/\/berdemozes.ro\/index.php\/wp-json\/wp\/v2\/comments?post=114"}],"version-history":[{"count":22,"href":"https:\/\/berdemozes.ro\/index.php\/wp-json\/wp\/v2\/pages\/114\/revisions"}],"predecessor-version":[{"id":6497,"href":"https:\/\/berdemozes.ro\/index.php\/wp-json\/wp\/v2\/pages\/114\/revisions\/6497"}],"wp:attachment":[{"href":"https:\/\/berdemozes.ro\/index.php\/wp-json\/wp\/v2\/media?parent=114"}],"curies":[{"name":"wp","href":"https:\/\/api.w.org\/{rel}","templated":true}]}}