{"id":118,"date":"2020-11-10T14:56:52","date_gmt":"2020-11-10T14:56:52","guid":{"rendered":"https:\/\/berdemozes.ro\/?page_id=118"},"modified":"2021-02-20T20:09:01","modified_gmt":"2021-02-20T20:09:01","slug":"konyvtar-adatbazis","status":"publish","type":"page","link":"https:\/\/berdemozes.ro\/index.php\/konyvtar-adatbazis\/","title":{"rendered":"K\u00f6nyvt\u00e1r"},"content":{"rendered":"\n<div class=\"wp-block-group is-layout-flow wp-block-group-is-layout-flow\">\r\n<div class=\"wp-block-group__inner-container\">\u00a0<\/div>\r\n<\/div>\n\n\n\n<figure class=\"wp-block-image size-large is-resized\"><img fetchpriority=\"high\" decoding=\"async\" src=\"http:\/\/berdemozes.ro\/wp-content\/uploads\/2021\/02\/Konyvtari-pecset-2018.jpg\" alt=\"\" class=\"wp-image-2883\" width=\"309\" height=\"309\" srcset=\"https:\/\/berdemozes.ro\/wp-content\/uploads\/2021\/02\/Konyvtari-pecset-2018.jpg 576w, https:\/\/berdemozes.ro\/wp-content\/uploads\/2021\/02\/Konyvtari-pecset-2018-300x300.jpg 300w, https:\/\/berdemozes.ro\/wp-content\/uploads\/2021\/02\/Konyvtari-pecset-2018-150x150.jpg 150w\" sizes=\"(max-width: 309px) 100vw, 309px\" \/><figcaption>A Jakab Elek K\u00f6nyvt\u00e1r pecs\u00e9tje 2018-t\u00f3l<\/figcaption><\/figure>\n\n\n\n<div class=\"wp-block-buttons is-layout-flex wp-block-buttons-is-layout-flex\">\n<div><strong>Az al\u00e1bbi gombra kattintva el\u00e9rhet\u0151 a Berde M\u00f3zes Unit\u00e1rius Gimn\u00e1zium k\u00f6nyvt\u00e1r\u00e1nak adatb\u00e1zisa:<\/strong><\/div>\r\n<div class=\"wp-block-button\" style=\"top: -5px;\"><a class=\"wp-block-button__link\" href=\"https:\/\/docs.google.com\/spreadsheets\/d\/1z1kTehF3oCmZcgdkJh62v6qq2V1L3Z1ZNHVY2xM0fo4\/edit#gid=0\" target=\"_blank\" rel=\"noreferrer noopener\">K\u00f6nyvt\u00e1ri adatb\u00e1zis<\/a><\/div>\n<\/div>\n\n\n\n<p>A k\u00f6nyvt\u00e1r egyid\u0151snek mondhat\u00f3 az iskol\u00e1val. A kezdetek kezdet\u00e9n nyolc darab k\u00f6nyvvel indult. A k\u00f6nyvt\u00e1r anyaga t\u00f6bbnyire adom\u00e1nyokb\u00f3l b\u0151v\u00fclt az \u00e9vek sor\u00e1n. A XVIII-XIX. sz\u00e1zadra jellemz\u0151en, papok, akad\u00e9mit\u00e1k, egyh\u00e1zukat t\u00e1mogatni akar\u00f3 tanult emberek kisebb-nagyobb adom\u00e1nyai hozz\u00e1j\u00e1rultak ahhoz, hogy a XX. sz\u00e1zad elej\u00e9re a Sz\u00e9kelykereszt\u00fari Unit\u00e1rius F\u0151gimn\u00e1ziumi k\u00f6nyvt\u00e1rat Erd\u00e9ly legsz\u00ednvonalasabb iskola-k\u00f6nyvt\u00e1rai k\u00f6zt jegyezt\u00e9k. \u00a0 \u00a0 A k\u00f6nyvt\u00e1r els\u0151 katal\u00f3gusa a \u201eConscriptio et digestio librorum\u201d 1869-ig vezeti a gyarapod\u00e1st, ekkor a k\u00f6nyvt\u00e1r \u00e1llom\u00e1nya 651 k\u00f6tet. A nagy adom\u00e1nyoz\u00f3k k\u00f6z\u00fcl a k\u00f6vetkez\u0151 kiemelked\u0151 szem\u00e9lyeket eml\u00edtj\u00fck meg:<\/p>\n\n\n\n<p>Abrudb\u00e1nyai Szab\u00f3 S\u00e1muelt negyvenegy k\u00f6tettel.<\/p>\n\n\n\n<p>\u2022 Orb\u00e1n Bal\u00e1zs az iskol\u00e1nak aj\u00e1nd\u00e9kozta a Sz\u00e9kelyf\u00f6ld le\u00edr\u00e1s\u00e1nak els\u0151 \u00f6t k\u00f6tet\u00e9t.<\/p>\n\n\n\n<p>\u2022 Kriza J\u00e1nos p\u00fcsp\u00f6k hetvenh\u00e9t k\u00f6tete.\u2022 Vas P\u00e1l ny. \u00e9nlaki lelk\u00e9sz n\u00e9gysz\u00e1zkilenc k\u00f6tetet adom\u00e1nyozott a k\u00f6nyvt\u00e1rnak.<\/p>\n\n\n\n<p>\u2022 Jakab Elek t\u00f6rt\u00e9net\u00edr\u00f3nak adom\u00e1nya a legnagyobb m\u00e9ret\u0171 \u00e9s \u00e9rt\u00e9k\u0171.&nbsp; Ez a 2872 k\u00f6tetb\u0151l \u00e1ll\u00f3 \u00e1llom\u00e1ny jelent\u0151s hungaricumot, k\u00e9ziratos gy\u0171jtem\u00e9nyt is tartalmazott, ami 1876 szeptember\u00e9be n ker\u00fclt Kolozsv\u00e1rr\u00f3l Sz\u00e9kelykereszt\u00farra.<\/p>\n\n\n\n<p>\u2022 Berde M\u00f3zes 1883-1890 k\u00f6z\u00f6tt h\u00e1romsz\u00e1zkilencven forintot adom\u00e1nyozott k\u00f6nyvek v\u00e1s\u00e1rl\u00e1s\u00e1ra \u00e9s 1890 szeptember\u00e9ben m\u00e9g ezer forintot sz\u00e1nt ugyanerre a c\u00e9lra.A gimn\u00e1zium k\u00f6nyvt\u00e1r\u00e1nak t\u00f6rt\u00e9net\u00e9r\u0151l S\u00e1ndor J\u00e1nos (A Sz\u00e9kelykereszt\u00fari Unit\u00e1rius Gymn\u00e1sium T\u00f6rt\u00e9nelme, 1896) igazgat\u00f3, illetve Fekete J\u00e1nos (A Sz\u00e9kelykereszt\u00fari Orb\u00e1n Bal\u00e1zs \u2013 volt unit\u00e1rius \u2013 gimn\u00e1zium 200 \u00e9ves t\u00f6rt\u00e9nete, 1993) igazgat\u00f3 \u00e1ltal \u00f6ssze\u00e1ll\u00edtott iskolat\u00f6rt\u00e9neti \u00edr\u00e1sokban lehet pontosabb tudnival\u00f3kat megtal\u00e1lni.&nbsp; 1948-ban, a kommunista rendszer hatalomra l\u00e9p\u00e9se ut\u00e1n, \u00c1rkosi L\u00e1szl\u00f3 igazgat\u00f3 jobbnak l\u00e1tta a k\u00f6nyvt\u00e1r \u00e1llom\u00e1ny\u00e1nak egy r\u00e9sz\u00e9t Kolozsv\u00e1rra sz\u00e1ll\u00edttatni. \u201e\u2026rossz el\u0151\u00e9rzetei lehettek, mert az Egyh\u00e1zi F\u0151tan\u00e1cst\u00f3l k\u00e9rte, vigy\u00e9k \u00e1t a nagyk\u00f6nyvt\u00e1r \u00e1llom\u00e1ny\u00e1t Kolozsv\u00e1rra, az egyh\u00e1zi k\u00f6nyvt\u00e1rba, mert vesz\u00e9lyesnek tal\u00e1lja tov\u00e1bbi l\u00e9t\u00e9t Kereszt\u00faron\u201d. Ezt a gondolatot nem tartott\u00e1k hely\u00e9nval\u00f3nak, mert \u00fagy \u00e9rezt\u00e9k, hogy az \u00e1llom\u00e1nynak Sz\u00e9kelykereszt\u00faron kell maradni \u00e9s \u00edgy az \u00e1llom\u00e1ny a hely\u00e9n is maradt. T\u00edz \u00e9v m\u00falva \u00c1rkosi L\u00e1szl\u00f3 f\u00e9lelme sajnos beigazol\u00f3dott. Ezt a felbecs\u00fclhetetlen \u00e9rt\u00e9k\u0171 anyagot a kommunista rezsim 1957-ben Marosv\u00e1s\u00e1rhelyre sz\u00e1ll\u00edttatta. K\u00f6nyvt\u00e1runkat a 2007-2008-as iskolai \u00e9vben ind\u00edtottuk \u00fajra. Az egykori k\u00f6nyvt\u00e1r k\u00f6nyveib\u0151l alig egy p\u00e1r darab maradt \u201eh\u00edrmond\u00f3nak\u201d az iskola tulajdon\u00e1ban. Az \u00fajraindul\u00f3 k\u00f6nyvt\u00e1r 1500 k\u00f6nyvvel indult, melynek nagy r\u00e9sze az iskol\u00e1nkat t\u00e1mogat\u00f3 Gy\u00e1msz\u00fcl\u0151i K\u00f6z\u00f6ss\u00e9g Alap\u00edtv\u00e1ny tulajdona. Az iskol\u00e1nkat p\u00e1rtol\u00f3 lelkes szem\u00e9lyeknek, int\u00e9zm\u00e9nyeknek, alap\u00edtv\u00e1nyoknak k\u00f6sz\u00f6nhet\u0151en (k\u00f6nyvadom\u00e1nyok, v\u00e1s\u00e1rl\u00e1si utalv\u00e1nyok, berendez\u00e9si t\u00e1rgyak) k\u00f6nyvt\u00e1runk lassank\u00e9nt gyarapodott. Ezen adom\u00e1nyok azt eredm\u00e9nyezt\u00e9k, hogy m\u00e1ra t\u00f6bb mint 5000 darabsz\u00e1mos \u00e1llom\u00e1nnyal rendelkez\u00fcnk, mely \u00e1llom\u00e1ny folyamatosan gyarapodik.Az egykoron nagyh\u00edr\u0171 k\u00f6nyvt\u00e1r megsemmis\u00fclt, de b\u00edzunk benne, hogy a m\u00e1r haszn\u00e1latban l\u00e9v\u0151 kis k\u00f6nyvt\u00e1runk megfelel\u0151 id\u0151n bel\u00fcl m\u00e9lt\u00f3 ut\u00f3dja lehet h\u00edres el\u0151dj\u00e9nek. Terv\u00fcnk megval\u00f3s\u00edt\u00e1s\u00e1hoz sok nemes adom\u00e1ny j\u00e1rult \u00e9s j\u00e1rul hozz\u00e1. Ezennel is k\u00f6sz\u00f6net\u00fcnket szeretn\u00e9nk kifejezni minden lelkes t\u00e1mogat\u00f3nknak.&nbsp; K\u00f6sz\u00f6net illesse a nagylelk\u0171 adom\u00e1nyok\u00e9rt az al\u00e1bbiakat.&nbsp;<\/p>\n","protected":false},"excerpt":{"rendered":"<p>\u00a0 A k\u00f6nyvt\u00e1r egyid\u0151snek mondhat\u00f3 az iskol\u00e1val. A kezdetek kezdet\u00e9n nyolc darab k\u00f6nyvvel indult. A k\u00f6nyvt\u00e1r anyaga t\u00f6bbnyire adom\u00e1nyokb\u00f3l b\u0151v\u00fclt az \u00e9vek sor\u00e1n. A XVIII-XIX. sz\u00e1zadra jellemz\u0151en, papok, akad\u00e9mit\u00e1k, egyh\u00e1zukat &#8230;<\/p>\n","protected":false},"author":1,"featured_media":0,"parent":0,"menu_order":0,"comment_status":"closed","ping_status":"closed","template":"","meta":{"footnotes":""},"yoast_head":"<!-- This site is optimized with the Yoast SEO plugin v21.9.1 - https:\/\/yoast.com\/wordpress\/plugins\/seo\/ -->\n<title>K\u00f6nyvt\u00e1r - Berde M\u00f3zes Unit\u00e1rius Gimn\u00e1zium<\/title>\n<meta name=\"robots\" content=\"noindex, follow, max-snippet:-1, max-image-preview:large, max-video-preview:-1\" \/>\n<meta property=\"og:locale\" content=\"hu_HU\" \/>\n<meta property=\"og:type\" content=\"article\" \/>\n<meta property=\"og:title\" content=\"K\u00f6nyvt\u00e1r - Berde M\u00f3zes Unit\u00e1rius Gimn\u00e1zium\" \/>\n<meta property=\"og:description\" content=\"\u00a0 A k\u00f6nyvt\u00e1r egyid\u0151snek mondhat\u00f3 az iskol\u00e1val. A kezdetek kezdet\u00e9n nyolc darab k\u00f6nyvvel indult. A k\u00f6nyvt\u00e1r anyaga t\u00f6bbnyire adom\u00e1nyokb\u00f3l b\u0151v\u00fclt az \u00e9vek sor\u00e1n. A XVIII-XIX. sz\u00e1zadra jellemz\u0151en, papok, akad\u00e9mit\u00e1k, egyh\u00e1zukat ...\" \/>\n<meta property=\"og:url\" content=\"https:\/\/berdemozes.ro\/index.php\/konyvtar-adatbazis\/\" \/>\n<meta property=\"og:site_name\" content=\"Berde M\u00f3zes Unit\u00e1rius Gimn\u00e1zium\" \/>\n<meta property=\"article:publisher\" content=\"https:\/\/www.facebook.com\/bmugim\" \/>\n<meta property=\"article:modified_time\" content=\"2021-02-20T20:09:01+00:00\" \/>\n<meta property=\"og:image\" content=\"http:\/\/berdemozes.ro\/wp-content\/uploads\/2021\/02\/Konyvtari-pecset-2018.jpg\" \/>\n<meta name=\"twitter:card\" content=\"summary_large_image\" \/>\n<meta name=\"twitter:label1\" content=\"Becs\u00fclt olvas\u00e1si id\u0151\" \/>\n\t<meta name=\"twitter:data1\" content=\"4 perc\" \/>\n<script type=\"application\/ld+json\" class=\"yoast-schema-graph\">{\"@context\":\"https:\/\/schema.org\",\"@graph\":[{\"@type\":\"WebPage\",\"@id\":\"https:\/\/berdemozes.ro\/index.php\/konyvtar-adatbazis\/\",\"url\":\"https:\/\/berdemozes.ro\/index.php\/konyvtar-adatbazis\/\",\"name\":\"K\u00f6nyvt\u00e1r - Berde M\u00f3zes Unit\u00e1rius Gimn\u00e1zium\",\"isPartOf\":{\"@id\":\"https:\/\/berdemozes.ro\/#website\"},\"datePublished\":\"2020-11-10T14:56:52+00:00\",\"dateModified\":\"2021-02-20T20:09:01+00:00\",\"breadcrumb\":{\"@id\":\"https:\/\/berdemozes.ro\/index.php\/konyvtar-adatbazis\/#breadcrumb\"},\"inLanguage\":\"hu\",\"potentialAction\":[{\"@type\":\"ReadAction\",\"target\":[\"https:\/\/berdemozes.ro\/index.php\/konyvtar-adatbazis\/\"]}]},{\"@type\":\"BreadcrumbList\",\"@id\":\"https:\/\/berdemozes.ro\/index.php\/konyvtar-adatbazis\/#breadcrumb\",\"itemListElement\":[{\"@type\":\"ListItem\",\"position\":1,\"name\":\"Home\",\"item\":\"https:\/\/berdemozes.ro\/\"},{\"@type\":\"ListItem\",\"position\":2,\"name\":\"K\u00f6nyvt\u00e1r\"}]},{\"@type\":\"WebSite\",\"@id\":\"https:\/\/berdemozes.ro\/#website\",\"url\":\"https:\/\/berdemozes.ro\/\",\"name\":\"Berde M\u00f3zes Unit\u00e1rius Gimn\u00e1zium\",\"description\":\"A sz\u00e9kelykereszt\u00fari Berde M\u00f3zes Unit\u00e1rius Gimn\u00e1zium weboldala.\",\"publisher\":{\"@id\":\"https:\/\/berdemozes.ro\/#organization\"},\"potentialAction\":[{\"@type\":\"SearchAction\",\"target\":{\"@type\":\"EntryPoint\",\"urlTemplate\":\"https:\/\/berdemozes.ro\/?s={search_term_string}\"},\"query-input\":\"required name=search_term_string\"}],\"inLanguage\":\"hu\"},{\"@type\":\"Organization\",\"@id\":\"https:\/\/berdemozes.ro\/#organization\",\"name\":\"Berde M\u00f3zes Unit\u00e1rius Gimn\u00e1zium\",\"url\":\"https:\/\/berdemozes.ro\/\",\"logo\":{\"@type\":\"ImageObject\",\"inLanguage\":\"hu\",\"@id\":\"https:\/\/berdemozes.ro\/#\/schema\/logo\/image\/\",\"url\":\"https:\/\/berdemozes.ro\/wp-content\/uploads\/2020\/11\/cropped-HEADER-LOGO-2-1.png\",\"contentUrl\":\"https:\/\/berdemozes.ro\/wp-content\/uploads\/2020\/11\/cropped-HEADER-LOGO-2-1.png\",\"width\":213,\"height\":48,\"caption\":\"Berde M\u00f3zes Unit\u00e1rius Gimn\u00e1zium\"},\"image\":{\"@id\":\"https:\/\/berdemozes.ro\/#\/schema\/logo\/image\/\"},\"sameAs\":[\"https:\/\/www.facebook.com\/bmugim\"]}]}<\/script>\n<!-- \/ Yoast SEO plugin. -->","yoast_head_json":{"title":"K\u00f6nyvt\u00e1r - Berde M\u00f3zes Unit\u00e1rius Gimn\u00e1zium","robots":{"index":"noindex","follow":"follow","max-snippet":"max-snippet:-1","max-image-preview":"max-image-preview:large","max-video-preview":"max-video-preview:-1"},"og_locale":"hu_HU","og_type":"article","og_title":"K\u00f6nyvt\u00e1r - Berde M\u00f3zes Unit\u00e1rius Gimn\u00e1zium","og_description":"\u00a0 A k\u00f6nyvt\u00e1r egyid\u0151snek mondhat\u00f3 az iskol\u00e1val. A kezdetek kezdet\u00e9n nyolc darab k\u00f6nyvvel indult. A k\u00f6nyvt\u00e1r anyaga t\u00f6bbnyire adom\u00e1nyokb\u00f3l b\u0151v\u00fclt az \u00e9vek sor\u00e1n. A XVIII-XIX. sz\u00e1zadra jellemz\u0151en, papok, akad\u00e9mit\u00e1k, egyh\u00e1zukat ...","og_url":"https:\/\/berdemozes.ro\/index.php\/konyvtar-adatbazis\/","og_site_name":"Berde M\u00f3zes Unit\u00e1rius Gimn\u00e1zium","article_publisher":"https:\/\/www.facebook.com\/bmugim","article_modified_time":"2021-02-20T20:09:01+00:00","og_image":[{"url":"http:\/\/berdemozes.ro\/wp-content\/uploads\/2021\/02\/Konyvtari-pecset-2018.jpg"}],"twitter_card":"summary_large_image","twitter_misc":{"Becs\u00fclt olvas\u00e1si id\u0151":"4 perc"},"schema":{"@context":"https:\/\/schema.org","@graph":[{"@type":"WebPage","@id":"https:\/\/berdemozes.ro\/index.php\/konyvtar-adatbazis\/","url":"https:\/\/berdemozes.ro\/index.php\/konyvtar-adatbazis\/","name":"K\u00f6nyvt\u00e1r - Berde M\u00f3zes Unit\u00e1rius Gimn\u00e1zium","isPartOf":{"@id":"https:\/\/berdemozes.ro\/#website"},"datePublished":"2020-11-10T14:56:52+00:00","dateModified":"2021-02-20T20:09:01+00:00","breadcrumb":{"@id":"https:\/\/berdemozes.ro\/index.php\/konyvtar-adatbazis\/#breadcrumb"},"inLanguage":"hu","potentialAction":[{"@type":"ReadAction","target":["https:\/\/berdemozes.ro\/index.php\/konyvtar-adatbazis\/"]}]},{"@type":"BreadcrumbList","@id":"https:\/\/berdemozes.ro\/index.php\/konyvtar-adatbazis\/#breadcrumb","itemListElement":[{"@type":"ListItem","position":1,"name":"Home","item":"https:\/\/berdemozes.ro\/"},{"@type":"ListItem","position":2,"name":"K\u00f6nyvt\u00e1r"}]},{"@type":"WebSite","@id":"https:\/\/berdemozes.ro\/#website","url":"https:\/\/berdemozes.ro\/","name":"Berde M\u00f3zes Unit\u00e1rius Gimn\u00e1zium","description":"A sz\u00e9kelykereszt\u00fari Berde M\u00f3zes Unit\u00e1rius Gimn\u00e1zium weboldala.","publisher":{"@id":"https:\/\/berdemozes.ro\/#organization"},"potentialAction":[{"@type":"SearchAction","target":{"@type":"EntryPoint","urlTemplate":"https:\/\/berdemozes.ro\/?s={search_term_string}"},"query-input":"required name=search_term_string"}],"inLanguage":"hu"},{"@type":"Organization","@id":"https:\/\/berdemozes.ro\/#organization","name":"Berde M\u00f3zes Unit\u00e1rius Gimn\u00e1zium","url":"https:\/\/berdemozes.ro\/","logo":{"@type":"ImageObject","inLanguage":"hu","@id":"https:\/\/berdemozes.ro\/#\/schema\/logo\/image\/","url":"https:\/\/berdemozes.ro\/wp-content\/uploads\/2020\/11\/cropped-HEADER-LOGO-2-1.png","contentUrl":"https:\/\/berdemozes.ro\/wp-content\/uploads\/2020\/11\/cropped-HEADER-LOGO-2-1.png","width":213,"height":48,"caption":"Berde M\u00f3zes Unit\u00e1rius Gimn\u00e1zium"},"image":{"@id":"https:\/\/berdemozes.ro\/#\/schema\/logo\/image\/"},"sameAs":["https:\/\/www.facebook.com\/bmugim"]}]}},"jetpack_sharing_enabled":true,"_links":{"self":[{"href":"https:\/\/berdemozes.ro\/index.php\/wp-json\/wp\/v2\/pages\/118"}],"collection":[{"href":"https:\/\/berdemozes.ro\/index.php\/wp-json\/wp\/v2\/pages"}],"about":[{"href":"https:\/\/berdemozes.ro\/index.php\/wp-json\/wp\/v2\/types\/page"}],"author":[{"embeddable":true,"href":"https:\/\/berdemozes.ro\/index.php\/wp-json\/wp\/v2\/users\/1"}],"replies":[{"embeddable":true,"href":"https:\/\/berdemozes.ro\/index.php\/wp-json\/wp\/v2\/comments?post=118"}],"version-history":[{"count":34,"href":"https:\/\/berdemozes.ro\/index.php\/wp-json\/wp\/v2\/pages\/118\/revisions"}],"predecessor-version":[{"id":3085,"href":"https:\/\/berdemozes.ro\/index.php\/wp-json\/wp\/v2\/pages\/118\/revisions\/3085"}],"wp:attachment":[{"href":"https:\/\/berdemozes.ro\/index.php\/wp-json\/wp\/v2\/media?parent=118"}],"curies":[{"name":"wp","href":"https:\/\/api.w.org\/{rel}","templated":true}]}}