{"id":122,"date":"2020-11-10T14:56:52","date_gmt":"2020-11-10T14:56:52","guid":{"rendered":"https:\/\/berdemozes.ro\/?page_id=122"},"modified":"2021-02-15T16:39:00","modified_gmt":"2021-02-15T16:39:00","slug":"ecdl","status":"publish","type":"page","link":"https:\/\/berdemozes.ro\/index.php\/ecdl\/","title":{"rendered":"ECDL"},"content":{"rendered":"\n<figure class=\"wp-block-image size-large\"><img decoding=\"async\" src=\"http:\/\/berdemozes.ro\/wp-content\/uploads\/2021\/02\/150515636_1111219979317817_757706121032810306_n-1024x560.jpg\" alt=\"\" class=\"wp-image-2795\"\/><\/figure>\n\n\n\n<p>A Berde M\u00f3zes Unit\u00e1rius Gimn\u00e1zium 2013 febru\u00e1rja \u00f3ta akkredit\u00e1lt ECDL vizsgak\u00f6zpont. A tanul\u00f3knak lehet\u0151s\u00e9g\u00fck van megszerzni k\u00fcl\u00f6nb\u00f6z\u0151 sz\u00ednt\u0171 sz\u00e1m\u00edt\u00f3g\u00e9pes jogos\u00edtv\u00e1nyt.<\/p>\n\n\n\n<p><strong>ECDL Profil<\/strong><\/p>\n\n\n\n<p>Megszerz\u00e9se m\u00e1r egy sikeres vizsg\u00e1val elkezd\u0151dik, ami folyamatosan b\u0151v\u00edthet\u0151 b\u00e1rmikor, b\u00e1rmilyen m\u00e1s vizsg\u00e1val kieg\u00e9sz\u00edtve.<\/p>\n\n\n\n<p>Amit mi aj\u00e1nlunk:<\/p>\n\n\n\n<p><strong>1. ECDL PROFIL START BAC<\/strong><\/p>\n\n\n\n<p>Megszerz\u00e9s\u00e9hez 4 modulvizsg\u00e1t sz\u00fcks\u00e9ges letenni:<\/p>\n\n\n\n<ul><li>Sz\u00e1m\u00edt\u00f3g\u00e9pes alapismeretek<\/li><li>Online alapismeretek<\/li><li>Sz\u00f6vegszerkeszt\u00e9s<\/li><li>T\u00e1bl\u00e1zatkezel\u00e9s<\/li><\/ul>\n\n\n\n<p><strong>2. ECDL PROFIL BAC \u00e9s ECDL PROFIL DIDACTIC<\/strong><\/p>\n\n\n\n<p>Megszerz\u00e9s\u00fckh\u00f6z 6 sikeres vizsga sz\u00fcks\u00e9ges az al\u00e1bbiak k\u00f6z\u00fcl:<\/p>\n\n\n\n<ul><li>Sz\u00e1m\u00edt\u00f3g\u00e9pes alapismeretek<\/li><li>Online alapismeretek<\/li><li>Sz\u00f6vegszerkeszt\u00e9s<\/li><li>T\u00e1bl\u00e1zatkezel\u00e9s<\/li><li>Adatb\u00e1zis-kezel\u00e9s<\/li><li>Prezent\u00e1ci\u00f3<\/li><\/ul>\n\n\n\n<p><strong>MENNYIBE KER\u00dcL?<\/strong><\/p>\n\n\n\n<p>A vizsg\u00e1k megkezd\u00e9s\u00e9hez be kell iratkozni.<\/p>\n\n\n\n<p>A regisztr\u00e1ci\u00f3s d\u00edj, az ECDL ROMANIA \u00e1ltal egys\u00e9gesen megszabott:<\/p>\n\n\n\n<ul><li>Di\u00e1koknak: 125 lej + \u00c1FA<\/li><\/ul>\n\n\n\n<p>A vizsgad\u00edj iskol\u00e1nkban: 45 RON \/ modul.<\/p>\n\n\n\n<p>Tov\u00e1bbi inform\u00e1ci\u00f3k tal\u00e1lhat\u00f3ak a&nbsp;<a href=\"http:\/\/www.ecdl.ro\/\" target=\"_blank\" rel=\"noreferrer noopener\">www.ecdl.ro<\/a>&nbsp;oldalon.<\/p>\n","protected":false},"excerpt":{"rendered":"<p>A Berde M\u00f3zes Unit\u00e1rius Gimn\u00e1zium 2013 febru\u00e1rja \u00f3ta akkredit\u00e1lt ECDL vizsgak\u00f6zpont. A tanul\u00f3knak lehet\u0151s\u00e9g\u00fck van megszerzni k\u00fcl\u00f6nb\u00f6z\u0151 sz\u00ednt\u0171 sz\u00e1m\u00edt\u00f3g\u00e9pes jogos\u00edtv\u00e1nyt. ECDL Profil Megszerz\u00e9se m\u00e1r egy sikeres vizsg\u00e1val elkezd\u0151dik, ami folyamatosan &#8230;<\/p>\n","protected":false},"author":1,"featured_media":0,"parent":0,"menu_order":0,"comment_status":"closed","ping_status":"closed","template":"","meta":{"footnotes":""},"yoast_head":"<!-- This site is optimized with the Yoast SEO plugin v21.9.1 - https:\/\/yoast.com\/wordpress\/plugins\/seo\/ -->\n<title>ECDL - Berde M\u00f3zes Unit\u00e1rius Gimn\u00e1zium<\/title>\n<meta name=\"robots\" content=\"noindex, follow, max-snippet:-1, max-image-preview:large, max-video-preview:-1\" \/>\n<meta property=\"og:locale\" content=\"hu_HU\" \/>\n<meta property=\"og:type\" content=\"article\" \/>\n<meta property=\"og:title\" content=\"ECDL - Berde M\u00f3zes Unit\u00e1rius Gimn\u00e1zium\" \/>\n<meta property=\"og:description\" content=\"A Berde M\u00f3zes Unit\u00e1rius Gimn\u00e1zium 2013 febru\u00e1rja \u00f3ta akkredit\u00e1lt ECDL vizsgak\u00f6zpont. A tanul\u00f3knak lehet\u0151s\u00e9g\u00fck van megszerzni k\u00fcl\u00f6nb\u00f6z\u0151 sz\u00ednt\u0171 sz\u00e1m\u00edt\u00f3g\u00e9pes jogos\u00edtv\u00e1nyt. ECDL Profil Megszerz\u00e9se m\u00e1r egy sikeres vizsg\u00e1val elkezd\u0151dik, ami folyamatosan ...\" \/>\n<meta property=\"og:url\" content=\"https:\/\/berdemozes.ro\/index.php\/ecdl\/\" \/>\n<meta property=\"og:site_name\" content=\"Berde M\u00f3zes Unit\u00e1rius Gimn\u00e1zium\" \/>\n<meta property=\"article:publisher\" content=\"https:\/\/www.facebook.com\/bmugim\" \/>\n<meta property=\"article:modified_time\" content=\"2021-02-15T16:39:00+00:00\" \/>\n<meta property=\"og:image\" content=\"http:\/\/berdemozes.ro\/wp-content\/uploads\/2021\/02\/150515636_1111219979317817_757706121032810306_n-1024x560.jpg\" \/>\n<meta name=\"twitter:card\" content=\"summary_large_image\" \/>\n<meta name=\"twitter:label1\" content=\"Becs\u00fclt olvas\u00e1si id\u0151\" \/>\n\t<meta name=\"twitter:data1\" content=\"1 perc\" \/>\n<script type=\"application\/ld+json\" class=\"yoast-schema-graph\">{\"@context\":\"https:\/\/schema.org\",\"@graph\":[{\"@type\":\"WebPage\",\"@id\":\"https:\/\/berdemozes.ro\/index.php\/ecdl\/\",\"url\":\"https:\/\/berdemozes.ro\/index.php\/ecdl\/\",\"name\":\"ECDL - Berde M\u00f3zes Unit\u00e1rius Gimn\u00e1zium\",\"isPartOf\":{\"@id\":\"https:\/\/berdemozes.ro\/#website\"},\"datePublished\":\"2020-11-10T14:56:52+00:00\",\"dateModified\":\"2021-02-15T16:39:00+00:00\",\"breadcrumb\":{\"@id\":\"https:\/\/berdemozes.ro\/index.php\/ecdl\/#breadcrumb\"},\"inLanguage\":\"hu\",\"potentialAction\":[{\"@type\":\"ReadAction\",\"target\":[\"https:\/\/berdemozes.ro\/index.php\/ecdl\/\"]}]},{\"@type\":\"BreadcrumbList\",\"@id\":\"https:\/\/berdemozes.ro\/index.php\/ecdl\/#breadcrumb\",\"itemListElement\":[{\"@type\":\"ListItem\",\"position\":1,\"name\":\"Home\",\"item\":\"https:\/\/berdemozes.ro\/\"},{\"@type\":\"ListItem\",\"position\":2,\"name\":\"ECDL\"}]},{\"@type\":\"WebSite\",\"@id\":\"https:\/\/berdemozes.ro\/#website\",\"url\":\"https:\/\/berdemozes.ro\/\",\"name\":\"Berde M\u00f3zes Unit\u00e1rius Gimn\u00e1zium\",\"description\":\"A sz\u00e9kelykereszt\u00fari Berde M\u00f3zes Unit\u00e1rius Gimn\u00e1zium weboldala.\",\"publisher\":{\"@id\":\"https:\/\/berdemozes.ro\/#organization\"},\"potentialAction\":[{\"@type\":\"SearchAction\",\"target\":{\"@type\":\"EntryPoint\",\"urlTemplate\":\"https:\/\/berdemozes.ro\/?s={search_term_string}\"},\"query-input\":\"required name=search_term_string\"}],\"inLanguage\":\"hu\"},{\"@type\":\"Organization\",\"@id\":\"https:\/\/berdemozes.ro\/#organization\",\"name\":\"Berde M\u00f3zes Unit\u00e1rius Gimn\u00e1zium\",\"url\":\"https:\/\/berdemozes.ro\/\",\"logo\":{\"@type\":\"ImageObject\",\"inLanguage\":\"hu\",\"@id\":\"https:\/\/berdemozes.ro\/#\/schema\/logo\/image\/\",\"url\":\"https:\/\/berdemozes.ro\/wp-content\/uploads\/2020\/11\/cropped-HEADER-LOGO-2-1.png\",\"contentUrl\":\"https:\/\/berdemozes.ro\/wp-content\/uploads\/2020\/11\/cropped-HEADER-LOGO-2-1.png\",\"width\":213,\"height\":48,\"caption\":\"Berde M\u00f3zes Unit\u00e1rius Gimn\u00e1zium\"},\"image\":{\"@id\":\"https:\/\/berdemozes.ro\/#\/schema\/logo\/image\/\"},\"sameAs\":[\"https:\/\/www.facebook.com\/bmugim\"]}]}<\/script>\n<!-- \/ Yoast SEO plugin. -->","yoast_head_json":{"title":"ECDL - Berde M\u00f3zes Unit\u00e1rius Gimn\u00e1zium","robots":{"index":"noindex","follow":"follow","max-snippet":"max-snippet:-1","max-image-preview":"max-image-preview:large","max-video-preview":"max-video-preview:-1"},"og_locale":"hu_HU","og_type":"article","og_title":"ECDL - Berde M\u00f3zes Unit\u00e1rius Gimn\u00e1zium","og_description":"A Berde M\u00f3zes Unit\u00e1rius Gimn\u00e1zium 2013 febru\u00e1rja \u00f3ta akkredit\u00e1lt ECDL vizsgak\u00f6zpont. A tanul\u00f3knak lehet\u0151s\u00e9g\u00fck van megszerzni k\u00fcl\u00f6nb\u00f6z\u0151 sz\u00ednt\u0171 sz\u00e1m\u00edt\u00f3g\u00e9pes jogos\u00edtv\u00e1nyt. ECDL Profil Megszerz\u00e9se m\u00e1r egy sikeres vizsg\u00e1val elkezd\u0151dik, ami folyamatosan ...","og_url":"https:\/\/berdemozes.ro\/index.php\/ecdl\/","og_site_name":"Berde M\u00f3zes Unit\u00e1rius Gimn\u00e1zium","article_publisher":"https:\/\/www.facebook.com\/bmugim","article_modified_time":"2021-02-15T16:39:00+00:00","og_image":[{"url":"http:\/\/berdemozes.ro\/wp-content\/uploads\/2021\/02\/150515636_1111219979317817_757706121032810306_n-1024x560.jpg"}],"twitter_card":"summary_large_image","twitter_misc":{"Becs\u00fclt olvas\u00e1si id\u0151":"1 perc"},"schema":{"@context":"https:\/\/schema.org","@graph":[{"@type":"WebPage","@id":"https:\/\/berdemozes.ro\/index.php\/ecdl\/","url":"https:\/\/berdemozes.ro\/index.php\/ecdl\/","name":"ECDL - Berde M\u00f3zes Unit\u00e1rius Gimn\u00e1zium","isPartOf":{"@id":"https:\/\/berdemozes.ro\/#website"},"datePublished":"2020-11-10T14:56:52+00:00","dateModified":"2021-02-15T16:39:00+00:00","breadcrumb":{"@id":"https:\/\/berdemozes.ro\/index.php\/ecdl\/#breadcrumb"},"inLanguage":"hu","potentialAction":[{"@type":"ReadAction","target":["https:\/\/berdemozes.ro\/index.php\/ecdl\/"]}]},{"@type":"BreadcrumbList","@id":"https:\/\/berdemozes.ro\/index.php\/ecdl\/#breadcrumb","itemListElement":[{"@type":"ListItem","position":1,"name":"Home","item":"https:\/\/berdemozes.ro\/"},{"@type":"ListItem","position":2,"name":"ECDL"}]},{"@type":"WebSite","@id":"https:\/\/berdemozes.ro\/#website","url":"https:\/\/berdemozes.ro\/","name":"Berde M\u00f3zes Unit\u00e1rius Gimn\u00e1zium","description":"A sz\u00e9kelykereszt\u00fari Berde M\u00f3zes Unit\u00e1rius Gimn\u00e1zium weboldala.","publisher":{"@id":"https:\/\/berdemozes.ro\/#organization"},"potentialAction":[{"@type":"SearchAction","target":{"@type":"EntryPoint","urlTemplate":"https:\/\/berdemozes.ro\/?s={search_term_string}"},"query-input":"required name=search_term_string"}],"inLanguage":"hu"},{"@type":"Organization","@id":"https:\/\/berdemozes.ro\/#organization","name":"Berde M\u00f3zes Unit\u00e1rius Gimn\u00e1zium","url":"https:\/\/berdemozes.ro\/","logo":{"@type":"ImageObject","inLanguage":"hu","@id":"https:\/\/berdemozes.ro\/#\/schema\/logo\/image\/","url":"https:\/\/berdemozes.ro\/wp-content\/uploads\/2020\/11\/cropped-HEADER-LOGO-2-1.png","contentUrl":"https:\/\/berdemozes.ro\/wp-content\/uploads\/2020\/11\/cropped-HEADER-LOGO-2-1.png","width":213,"height":48,"caption":"Berde M\u00f3zes Unit\u00e1rius Gimn\u00e1zium"},"image":{"@id":"https:\/\/berdemozes.ro\/#\/schema\/logo\/image\/"},"sameAs":["https:\/\/www.facebook.com\/bmugim"]}]}},"jetpack_sharing_enabled":true,"_links":{"self":[{"href":"https:\/\/berdemozes.ro\/index.php\/wp-json\/wp\/v2\/pages\/122"}],"collection":[{"href":"https:\/\/berdemozes.ro\/index.php\/wp-json\/wp\/v2\/pages"}],"about":[{"href":"https:\/\/berdemozes.ro\/index.php\/wp-json\/wp\/v2\/types\/page"}],"author":[{"embeddable":true,"href":"https:\/\/berdemozes.ro\/index.php\/wp-json\/wp\/v2\/users\/1"}],"replies":[{"embeddable":true,"href":"https:\/\/berdemozes.ro\/index.php\/wp-json\/wp\/v2\/comments?post=122"}],"version-history":[{"count":2,"href":"https:\/\/berdemozes.ro\/index.php\/wp-json\/wp\/v2\/pages\/122\/revisions"}],"predecessor-version":[{"id":2796,"href":"https:\/\/berdemozes.ro\/index.php\/wp-json\/wp\/v2\/pages\/122\/revisions\/2796"}],"wp:attachment":[{"href":"https:\/\/berdemozes.ro\/index.php\/wp-json\/wp\/v2\/media?parent=122"}],"curies":[{"name":"wp","href":"https:\/\/api.w.org\/{rel}","templated":true}]}}