{"id":125,"date":"2020-11-10T14:56:52","date_gmt":"2020-11-10T14:56:52","guid":{"rendered":"https:\/\/berdemozes.ro\/?page_id=125"},"modified":"2021-02-20T21:08:55","modified_gmt":"2021-02-20T21:08:55","slug":"diaktanacs","status":"publish","type":"page","link":"https:\/\/berdemozes.ro\/index.php\/diaktanacs\/","title":{"rendered":"Di\u00e1ktan\u00e1cs"},"content":{"rendered":"\n<p>Iskol\u00e1nk Di\u00e1ktan\u00e1csa 2002 szeptember\u00e9ben alakult. A kezdeti neh\u00e9z \u00e9s bizonytalan l\u00e9p\u00e9sek ut\u00e1n m\u00e1ra m\u00e1r nagyon j\u00f3l m\u0171k\u00f6d\u0151 szervezett\u00e9 n\u0151tte ki mag\u00e1t. A Berde M\u00f3zes Unit\u00e1rius Gimn\u00e1zium Di\u00e1ktan\u00e1csa biztos\u00edtja a di\u00e1kok \u00e9rdekk\u00e9pviselet\u00e9t, ugyanakkor a di\u00e1ks\u00e1g sz\u00e1m\u00e1ra tartalmas szabadid\u0151-programokat szervez. A Di\u00e1ktan\u00e1csban minden oszt\u00e1ly szavaz\u00e1s alapj\u00e1n kiv\u00e1lasztott h\u00e1rom di\u00e1kkal k\u00e9pviselteti mag\u00e1t. Tagjai l\u00edceumi di\u00e1kok, akik r\u00e9szt vesznek a heti rendszeress\u00e9ggel megtartott gy\u0171l\u00e9seken, amelyek sor\u00e1n saj\u00e1t rendezv\u00e9nyeiket szervezik meg a di\u00e1kt\u00e1rsaik sz\u00e1m\u00e1ra. A di\u00e1ktan\u00e1cs tagjai sor\u00e1b\u00f3l v\u00e1laszt vezet\u0151 test\u00fcletet. A di\u00e1ktan\u00e1cs munk\u00e1j\u00e1t a feladattal megb\u00edzott tan\u00e1r fel\u00fcgyeli, aki jelenleg Sz\u0151cs Annam\u00e1ria t\u00f6rt\u00e9nelem szakos tan\u00e1r. A Di\u00e1ktan\u00e1cs koordin\u00e1l\u00e1s\u00e1ban fontos szerepet t\u00f6lt be Farkas Orsolya iskol\u00e1nk lelk\u00e9sz-vall\u00e1stan\u00e1ra.<\/p>\n\n\n\n<figure class=\"wp-block-embed-youtube wp-block-embed is-type-video is-provider-youtube wp-embed-aspect-16-9 wp-has-aspect-ratio\"><div class=\"wp-block-embed__wrapper\">\n<iframe title=\"Els\u0151 nap az &quot;Iskola m\u00e1sk\u00e9nt&quot; h\u00e9ten, Sz\u00e9kelykereszt\u00faron.\" width=\"800\" height=\"450\" src=\"https:\/\/www.youtube.com\/embed\/v21d-khEg6E?feature=oembed\" frameborder=\"0\" allow=\"accelerometer; autoplay; clipboard-write; encrypted-media; gyroscope; picture-in-picture\" allowfullscreen><\/iframe>\n<\/div><figcaption>2016<\/figcaption><\/figure>\n\n\n\n<p>A Di\u00e1ktan\u00e1cs tagjai jelent\u0151s szerepet v\u00e1llalnak iskol\u00e1nk hagyom\u00e1nyos rendezv\u00e9nyeinek megszervez\u00e9s\u00e9ben: \u0151szi iskolai kir\u00e1ndul\u00e1s, kar\u00e1csonyra hangol\u00f3d\u00e1s, farsangi mulats\u00e1gok stb. A Di\u00e1ktan\u00e1cs tagjai rendszeresen szerveznek filmklubot, hogy ez\u00e1ltal ig\u00e9nyes sz\u00f3rakoz\u00e1si, kikapcsol\u00f3d\u00e1si lehet\u0151s\u00e9get biztos\u00edtsanak az iskola di\u00e1kjainak olyan filmek vet\u00edt\u00e9se r\u00e9v\u00e9n, melyek a film klasszikusainak sz\u00e1m\u00edtanak. Minden tan\u00e9vben akt\u00edvan bekapcsol\u00f3dnak be az Erd\u00e9lyi Ifj\u00fas\u00e1gi Egyes\u00fclet programjaiba, az egyh\u00e1zak ifj\u00fas\u00e1gi egyes\u00fcleteinek munk\u00e1j\u00e1ba.&nbsp; A di\u00e1ktan\u00e1cs tagjai r\u00e9szt veszek a suli b\u00f6rz\u00e9ken, ahol iskol\u00e1nkat mutatj\u00e1k be a t\u00e9rs\u00e9g nyolcadikos di\u00e1kjai sz\u00e1m\u00e1ra. Szint\u00e9n fontos tev\u00e9kenys\u00e9g az elemi oszt\u00e1lyok \u00e1ltal megszervezett hagyom\u00e1nyos Adventi v\u00e1s\u00e1r, melyen beseg\u00edtnek a tev\u00e9kenys\u00e9gek megszervez\u00e9s\u00e9ben \u00e9s saj\u00e1t standot is \u00e1ll\u00edtanak, ahol s\u00fctiket \u00e1rulnak, a befolyt \u00f6sszeget a Di\u00e1ktan\u00e1cs c\u00e9ljai megval\u00f3s\u00edt\u00e1s\u00e1ra ford\u00edtj\u00e1k. Az iskolar\u00e1di\u00f3 m\u0171k\u00f6dtet\u00e9se is a Di\u00e1ktan\u00e1cs hat\u00e1sk\u00f6r\u00e9be tartozik. T\u00f6bb \u00e9ves hagyom\u00e1ny, hogy iskol\u00e1nk di\u00e1kjai beseg\u00edtenek a helyi Moln\u00e1r Istv\u00e1n M\u00fazeumban zajl\u00f3 M\u00fazeumok \u00e9jszak\u00e1ja szervez\u00e9s\u00e9ben.<\/p>\n\n\n\n<p>A Di\u00e1ktan\u00e1cs c\u00e9lja az iskolai \u00e9let felpezsd\u00edt\u00e9se \u00e9s a di\u00e1kok mindennapjainak sz\u00ednes\u00edt\u00e9se.&nbsp;<\/p>\n\n\n\n<p><\/p>\n\n\n\n<figure class=\"wp-block-embed-youtube wp-block-embed is-type-video is-provider-youtube wp-embed-aspect-16-9 wp-has-aspect-ratio\"><div class=\"wp-block-embed__wrapper\">\n<iframe title=\"BMUG G\u00f3lyah\u00e9t 2011 - k\u00f6t\u00e9lh\u00faz\u00e1s\" width=\"800\" height=\"450\" src=\"https:\/\/www.youtube.com\/embed\/hcTf7S9VqHA?feature=oembed\" frameborder=\"0\" allow=\"accelerometer; autoplay; clipboard-write; encrypted-media; gyroscope; picture-in-picture\" allowfullscreen><\/iframe>\n<\/div><figcaption>G\u00f3lyah\u00e9t \u2013 2011<\/figcaption><\/figure>\n\n\n\n<p><strong>A Berde M\u00f3zes Unit\u00e1rius Gimn\u00e1zium Di\u00e1ktan\u00e1cs\u00e1nak m\u0171k\u00f6d\u00e9si szab\u00e1lyzata:\u00a0<\/strong><\/p>\n\n\n\n<p>\u2022 A tiszts\u00e9geket bet\u00f6lt\u0151 szem\u00e9lyek megv\u00e1laszt\u00e1sa titkos szavaz\u00e1s alapj\u00e1n t\u00f6rt\u00e9nik.<\/p>\n\n\n\n<p>\u2022 Minden oszt\u00e1lyt k\u00e9t vagy h\u00e1rom szem\u00e9ly k\u00e9pvisel.<\/p>\n\n\n\n<p>\u2022 A Di\u00e1ktan\u00e1cs eln\u00f6ke k\u00e9pviseli a di\u00e1kokat az iskola Vezet\u0151tan\u00e1cs\u00e1nak \u00fcl\u00e9sein. A jelenlegi eln\u00f6k Atanackovic Natalija \u00e9s az aleln\u00f6k T\u00edm\u00e1r Anett XII A oszt\u00e1lyos tanul\u00f3k.<\/p>\n\n\n\n<p>\u2022 \u00dcl\u00e9sterem: 29-es terem.<\/p>\n\n\n\n<p>\u2022 \u00dcl\u00e9sek id\u0151tartama: minden h\u00e9ten szerd\u00e1n nagysz\u00fcnetben.<\/p>\n\n\n\n<p>\u2022 Szem\u00e9lyenk\u00e9nti v\u00e9lem\u00e9nynyilv\u00e1n\u00edt\u00e1s m\u00f3dja \u00e9s id\u0151tartama: t\u00e9m\u00e1nk\u00e9nt maximum 5 perc, a v\u00e1lt\u00e1s sz\u00f3t k\u00e9rve t\u00f6rt\u00e9nik.<\/p>\n\n\n\n<p>\u2022 Szavazati jog: minden tag (a tiszts\u00e9gek bet\u00f6lt\u0151i is) egy szavazati joggal rendelkezik.<\/p>\n\n\n\n<p>\u2022 K\u00f6lts\u00e9gvet\u00e9s: oszt\u00e1lyonk\u00e9nt 20 lej\/ f\u00e9l\u00e9v, befizet\u00e9s hat\u00e1rideje: november 1 (I. f\u00e9l\u00e9v), \u00e1prilis v\u00e9ge (II. f\u00e9l\u00e9v). A k\u00f6z\u00f6s k\u00f6lts\u00e9gvet\u00e9s a k\u00fcl\u00f6nb\u00f6z\u0151 rendezv\u00e9nyek t\u00e1mogat\u00e1s\u00e1ra ford\u00edt\u00f3dik.<\/p>\n","protected":false},"excerpt":{"rendered":"<p>Iskol\u00e1nk Di\u00e1ktan\u00e1csa 2002 szeptember\u00e9ben alakult. A kezdeti neh\u00e9z \u00e9s bizonytalan l\u00e9p\u00e9sek ut\u00e1n m\u00e1ra m\u00e1r nagyon j\u00f3l m\u0171k\u00f6d\u0151 szervezett\u00e9 n\u0151tte ki mag\u00e1t. A Berde M\u00f3zes Unit\u00e1rius Gimn\u00e1zium Di\u00e1ktan\u00e1csa biztos\u00edtja a di\u00e1kok &#8230;<\/p>\n","protected":false},"author":1,"featured_media":0,"parent":0,"menu_order":0,"comment_status":"closed","ping_status":"closed","template":"","meta":{"footnotes":""},"yoast_head":"<!-- This site is optimized with the Yoast SEO plugin v21.9.1 - https:\/\/yoast.com\/wordpress\/plugins\/seo\/ -->\n<title>Di\u00e1ktan\u00e1cs - Berde M\u00f3zes Unit\u00e1rius Gimn\u00e1zium<\/title>\n<meta name=\"robots\" content=\"noindex, follow, max-snippet:-1, max-image-preview:large, max-video-preview:-1\" \/>\n<meta property=\"og:locale\" content=\"hu_HU\" \/>\n<meta property=\"og:type\" content=\"article\" \/>\n<meta property=\"og:title\" content=\"Di\u00e1ktan\u00e1cs - Berde M\u00f3zes Unit\u00e1rius Gimn\u00e1zium\" \/>\n<meta property=\"og:description\" content=\"Iskol\u00e1nk Di\u00e1ktan\u00e1csa 2002 szeptember\u00e9ben alakult. A kezdeti neh\u00e9z \u00e9s bizonytalan l\u00e9p\u00e9sek ut\u00e1n m\u00e1ra m\u00e1r nagyon j\u00f3l m\u0171k\u00f6d\u0151 szervezett\u00e9 n\u0151tte ki mag\u00e1t. A Berde M\u00f3zes Unit\u00e1rius Gimn\u00e1zium Di\u00e1ktan\u00e1csa biztos\u00edtja a di\u00e1kok ...\" \/>\n<meta property=\"og:url\" content=\"https:\/\/berdemozes.ro\/index.php\/diaktanacs\/\" \/>\n<meta property=\"og:site_name\" content=\"Berde M\u00f3zes Unit\u00e1rius Gimn\u00e1zium\" \/>\n<meta property=\"article:publisher\" content=\"https:\/\/www.facebook.com\/bmugim\" \/>\n<meta property=\"article:modified_time\" content=\"2021-02-20T21:08:55+00:00\" \/>\n<meta name=\"twitter:card\" content=\"summary_large_image\" \/>\n<meta name=\"twitter:label1\" content=\"Becs\u00fclt olvas\u00e1si id\u0151\" \/>\n\t<meta name=\"twitter:data1\" content=\"3 perc\" \/>\n<script type=\"application\/ld+json\" class=\"yoast-schema-graph\">{\"@context\":\"https:\/\/schema.org\",\"@graph\":[{\"@type\":\"WebPage\",\"@id\":\"https:\/\/berdemozes.ro\/index.php\/diaktanacs\/\",\"url\":\"https:\/\/berdemozes.ro\/index.php\/diaktanacs\/\",\"name\":\"Di\u00e1ktan\u00e1cs - Berde M\u00f3zes Unit\u00e1rius Gimn\u00e1zium\",\"isPartOf\":{\"@id\":\"https:\/\/berdemozes.ro\/#website\"},\"datePublished\":\"2020-11-10T14:56:52+00:00\",\"dateModified\":\"2021-02-20T21:08:55+00:00\",\"breadcrumb\":{\"@id\":\"https:\/\/berdemozes.ro\/index.php\/diaktanacs\/#breadcrumb\"},\"inLanguage\":\"hu\",\"potentialAction\":[{\"@type\":\"ReadAction\",\"target\":[\"https:\/\/berdemozes.ro\/index.php\/diaktanacs\/\"]}]},{\"@type\":\"BreadcrumbList\",\"@id\":\"https:\/\/berdemozes.ro\/index.php\/diaktanacs\/#breadcrumb\",\"itemListElement\":[{\"@type\":\"ListItem\",\"position\":1,\"name\":\"Home\",\"item\":\"https:\/\/berdemozes.ro\/\"},{\"@type\":\"ListItem\",\"position\":2,\"name\":\"Di\u00e1ktan\u00e1cs\"}]},{\"@type\":\"WebSite\",\"@id\":\"https:\/\/berdemozes.ro\/#website\",\"url\":\"https:\/\/berdemozes.ro\/\",\"name\":\"Berde M\u00f3zes Unit\u00e1rius Gimn\u00e1zium\",\"description\":\"A sz\u00e9kelykereszt\u00fari Berde M\u00f3zes Unit\u00e1rius Gimn\u00e1zium weboldala.\",\"publisher\":{\"@id\":\"https:\/\/berdemozes.ro\/#organization\"},\"potentialAction\":[{\"@type\":\"SearchAction\",\"target\":{\"@type\":\"EntryPoint\",\"urlTemplate\":\"https:\/\/berdemozes.ro\/?s={search_term_string}\"},\"query-input\":\"required name=search_term_string\"}],\"inLanguage\":\"hu\"},{\"@type\":\"Organization\",\"@id\":\"https:\/\/berdemozes.ro\/#organization\",\"name\":\"Berde M\u00f3zes Unit\u00e1rius Gimn\u00e1zium\",\"url\":\"https:\/\/berdemozes.ro\/\",\"logo\":{\"@type\":\"ImageObject\",\"inLanguage\":\"hu\",\"@id\":\"https:\/\/berdemozes.ro\/#\/schema\/logo\/image\/\",\"url\":\"https:\/\/berdemozes.ro\/wp-content\/uploads\/2020\/11\/cropped-HEADER-LOGO-2-1.png\",\"contentUrl\":\"https:\/\/berdemozes.ro\/wp-content\/uploads\/2020\/11\/cropped-HEADER-LOGO-2-1.png\",\"width\":213,\"height\":48,\"caption\":\"Berde M\u00f3zes Unit\u00e1rius Gimn\u00e1zium\"},\"image\":{\"@id\":\"https:\/\/berdemozes.ro\/#\/schema\/logo\/image\/\"},\"sameAs\":[\"https:\/\/www.facebook.com\/bmugim\"]}]}<\/script>\n<!-- \/ Yoast SEO plugin. -->","yoast_head_json":{"title":"Di\u00e1ktan\u00e1cs - Berde M\u00f3zes Unit\u00e1rius Gimn\u00e1zium","robots":{"index":"noindex","follow":"follow","max-snippet":"max-snippet:-1","max-image-preview":"max-image-preview:large","max-video-preview":"max-video-preview:-1"},"og_locale":"hu_HU","og_type":"article","og_title":"Di\u00e1ktan\u00e1cs - Berde M\u00f3zes Unit\u00e1rius Gimn\u00e1zium","og_description":"Iskol\u00e1nk Di\u00e1ktan\u00e1csa 2002 szeptember\u00e9ben alakult. A kezdeti neh\u00e9z \u00e9s bizonytalan l\u00e9p\u00e9sek ut\u00e1n m\u00e1ra m\u00e1r nagyon j\u00f3l m\u0171k\u00f6d\u0151 szervezett\u00e9 n\u0151tte ki mag\u00e1t. A Berde M\u00f3zes Unit\u00e1rius Gimn\u00e1zium Di\u00e1ktan\u00e1csa biztos\u00edtja a di\u00e1kok ...","og_url":"https:\/\/berdemozes.ro\/index.php\/diaktanacs\/","og_site_name":"Berde M\u00f3zes Unit\u00e1rius Gimn\u00e1zium","article_publisher":"https:\/\/www.facebook.com\/bmugim","article_modified_time":"2021-02-20T21:08:55+00:00","twitter_card":"summary_large_image","twitter_misc":{"Becs\u00fclt olvas\u00e1si id\u0151":"3 perc"},"schema":{"@context":"https:\/\/schema.org","@graph":[{"@type":"WebPage","@id":"https:\/\/berdemozes.ro\/index.php\/diaktanacs\/","url":"https:\/\/berdemozes.ro\/index.php\/diaktanacs\/","name":"Di\u00e1ktan\u00e1cs - Berde M\u00f3zes Unit\u00e1rius Gimn\u00e1zium","isPartOf":{"@id":"https:\/\/berdemozes.ro\/#website"},"datePublished":"2020-11-10T14:56:52+00:00","dateModified":"2021-02-20T21:08:55+00:00","breadcrumb":{"@id":"https:\/\/berdemozes.ro\/index.php\/diaktanacs\/#breadcrumb"},"inLanguage":"hu","potentialAction":[{"@type":"ReadAction","target":["https:\/\/berdemozes.ro\/index.php\/diaktanacs\/"]}]},{"@type":"BreadcrumbList","@id":"https:\/\/berdemozes.ro\/index.php\/diaktanacs\/#breadcrumb","itemListElement":[{"@type":"ListItem","position":1,"name":"Home","item":"https:\/\/berdemozes.ro\/"},{"@type":"ListItem","position":2,"name":"Di\u00e1ktan\u00e1cs"}]},{"@type":"WebSite","@id":"https:\/\/berdemozes.ro\/#website","url":"https:\/\/berdemozes.ro\/","name":"Berde M\u00f3zes Unit\u00e1rius Gimn\u00e1zium","description":"A sz\u00e9kelykereszt\u00fari Berde M\u00f3zes Unit\u00e1rius Gimn\u00e1zium weboldala.","publisher":{"@id":"https:\/\/berdemozes.ro\/#organization"},"potentialAction":[{"@type":"SearchAction","target":{"@type":"EntryPoint","urlTemplate":"https:\/\/berdemozes.ro\/?s={search_term_string}"},"query-input":"required name=search_term_string"}],"inLanguage":"hu"},{"@type":"Organization","@id":"https:\/\/berdemozes.ro\/#organization","name":"Berde M\u00f3zes Unit\u00e1rius Gimn\u00e1zium","url":"https:\/\/berdemozes.ro\/","logo":{"@type":"ImageObject","inLanguage":"hu","@id":"https:\/\/berdemozes.ro\/#\/schema\/logo\/image\/","url":"https:\/\/berdemozes.ro\/wp-content\/uploads\/2020\/11\/cropped-HEADER-LOGO-2-1.png","contentUrl":"https:\/\/berdemozes.ro\/wp-content\/uploads\/2020\/11\/cropped-HEADER-LOGO-2-1.png","width":213,"height":48,"caption":"Berde M\u00f3zes Unit\u00e1rius Gimn\u00e1zium"},"image":{"@id":"https:\/\/berdemozes.ro\/#\/schema\/logo\/image\/"},"sameAs":["https:\/\/www.facebook.com\/bmugim"]}]}},"jetpack_sharing_enabled":true,"_links":{"self":[{"href":"https:\/\/berdemozes.ro\/index.php\/wp-json\/wp\/v2\/pages\/125"}],"collection":[{"href":"https:\/\/berdemozes.ro\/index.php\/wp-json\/wp\/v2\/pages"}],"about":[{"href":"https:\/\/berdemozes.ro\/index.php\/wp-json\/wp\/v2\/types\/page"}],"author":[{"embeddable":true,"href":"https:\/\/berdemozes.ro\/index.php\/wp-json\/wp\/v2\/users\/1"}],"replies":[{"embeddable":true,"href":"https:\/\/berdemozes.ro\/index.php\/wp-json\/wp\/v2\/comments?post=125"}],"version-history":[{"count":5,"href":"https:\/\/berdemozes.ro\/index.php\/wp-json\/wp\/v2\/pages\/125\/revisions"}],"predecessor-version":[{"id":3121,"href":"https:\/\/berdemozes.ro\/index.php\/wp-json\/wp\/v2\/pages\/125\/revisions\/3121"}],"wp:attachment":[{"href":"https:\/\/berdemozes.ro\/index.php\/wp-json\/wp\/v2\/media?parent=125"}],"curies":[{"name":"wp","href":"https:\/\/api.w.org\/{rel}","templated":true}]}}