{"id":128,"date":"2020-11-10T14:56:52","date_gmt":"2020-11-10T14:56:52","guid":{"rendered":"https:\/\/berdemozes.ro\/?page_id=128"},"modified":"2021-02-20T20:29:30","modified_gmt":"2021-02-20T20:29:30","slug":"versenyek-vetelkedok","status":"publish","type":"page","link":"https:\/\/berdemozes.ro\/index.php\/versenyek-vetelkedok\/","title":{"rendered":"Versenyek, vet\u00e9lked\u0151k"},"content":{"rendered":"\n<figure class=\"wp-block-embed-youtube wp-block-embed is-type-video is-provider-youtube wp-embed-aspect-16-9 wp-has-aspect-ratio\"><div class=\"wp-block-embed__wrapper\">\n<iframe title=\"Dics\u00e9ret - Tamas Bernadett (XII. oszt\u00e1ly - Berde M\u00f3zes Unit\u00e1rius Gimn\u00e1zium Sz\u00e9kelykereszt\u00far)\" width=\"800\" height=\"450\" src=\"https:\/\/www.youtube.com\/embed\/KO9kxaljp30?feature=oembed\" frameborder=\"0\" allow=\"accelerometer; autoplay; clipboard-write; encrypted-media; gyroscope; picture-in-picture\" allowfullscreen><\/iframe>\n<\/div><figcaption>Dics\u00e9ret &#8211; Tamas Bernadett (XII. A oszt\u00e1ly &#8211; Berde M\u00f3zes Unit\u00e1rius Gimn\u00e1zium)<\/figcaption><\/figure>\n\n\n\n<p>Az idei tan\u00e9v els\u0151 f\u00e9l\u00e9v\u00e9ben a sz\u00e9kelyudvarhelyi M\u00f3ra Ferenc \u00c1ltal\u00e1nos Iskola egy k\u00f6rnyezetv\u00e9delmi t\u00e9m\u00e1j\u00fa versenyt hirdetett meg \u00c9lhet\u0151bb bolyg\u00f3t unok\u00e1inknak c\u00edmmel. Erre a megyei szint\u0171 versenyre Kiss Zal\u00e1n el\u0151k\u00e9sz\u00edt\u0151 oszt\u00e1lyos tanul\u00f3, Barab\u00e1s Orsolya \u00e9s Filipov So\u00f3 P\u00e9ter harmadikos tanul\u00f3k neveztek be. A verseny rajz kateg\u00f3ri\u00e1j\u00e1ban az el\u0151k\u00e9sz\u00edt\u0151s Kiss Zal\u00e1n els\u0151 d\u00edjban r\u00e9szes\u00fclt, irodalmi alkot\u00e1s kateg\u00f3ri\u00e1ban pedig a harmadik oszt\u00e1lyos Filipov So\u00f3 P\u00e9ter harmadik d\u00edjat kapott vers\u00e9\u00e9rt.Gratul\u00e1lunk az \u00fcgyes kisdi\u00e1koknak! B\u00fcszk\u00e9k vagyunk r\u00e1tok! Felk\u00e9sz\u00edt\u0151 tan\u00edt\u00f3k: Bir\u00f3 M\u00e1ria \u00e9s Pap Katalin.<\/p>\n\n\n\n<p><a href=\"https:\/\/www.facebook.com\/bmugim\/?view_public_for=100260166721853\">https:\/\/www.facebook.com\/bmugim\/?view_public_for=100260166721853<\/a><\/p>\n\n\n\n<p><strong>Mi\u00e9nk a v\u00e1ros! nemzetk\u00f6zi vet\u00e9lked\u0151. <\/strong>Nagy Nimr\u00f3d Attila, III. oszt\u00e1lyos tanul\u00f3nk 2020 tavasz\u00e1n benevezett a Minisztereln\u00f6ks\u00e9g Nemzetpolitikai \u00c1llamtitk\u00e1rs\u00e1ga \u00e1ltal meghirdetett Mi\u00e9nk a v\u00e1ros! elnevez\u00e9s\u0171 online vet\u00e9lked\u0151sorozatra. A j\u00e1t\u00e9kban rekordsz\u00e1m\u00fa versenyz\u0151, 2500 k\u00fclhoni gyerek vett r\u00e9szt. Nemcsak a K\u00e1rp\u00e1t-medenc\u00e9b\u0151l, hanem \u00c9szak-\u00e9s D\u00e9l-Amerik\u00e1b\u00f3l, valamint Ausztr\u00e1li\u00e1b\u00f3l is voltak r\u00e9sztvev\u0151k. Nimr\u00f3d nem mag\u00e1nak, hanem az oszt\u00e1lyk\u00f6z\u00f6ss\u00e9g\u00fcnknek p\u00e1ly\u00e1zott. Nyolc h\u00e9ten kereszt\u00fcl, minden nap meg kellett oldania egy feladatot. Ezen k\u00edv\u00fcl a versenyben marad\u00e1shoz minden p\u00e9nteken egy&nbsp;\u201e<em>F\u0151 feladatot\u201d<\/em>&nbsp;is k\u00f6telez\u0151 volt megoldania. Kitart\u00f3, szorgos, kreat\u00edv munk\u00e1j\u00e1nak eredm\u00e9nyek\u00e9nt bev\u00e1lasztott\u00e1k a nyertesek k\u00f6z\u00e9: a 62 erd\u00e9lyi, 22 felvid\u00e9ki, 22 vajdas\u00e1gi \u00e9s 7 k\u00e1rp\u00e1taljai int\u00e9zm\u00e9ny d\u00edjazott tanul\u00f3i k\u00f6z\u00e9. \u00cdgy 100 ezer forint \u00e9rt\u00e9k\u0171 gyermekk\u00f6nyv- \u00e9s fejleszt\u0151j\u00e1t\u00e9k \u2013 csomagot, \u00fagynevezett Csodasarkot nyert oszt\u00e1lyunknak. Az \u00e9rt\u00e9kes nyerem\u00e9nyt Pot\u00e1pi \u00c1rp\u00e1d J\u00e1nos, a Minisztereln\u00f6ks\u00e9g nemzetpolitik\u00e1\u00e9rt felel\u0151s \u00e1llamtitk\u00e1ra adta \u00e1t Cs\u00edkszered\u00e1ban, az Ap\u00e1czai&nbsp;Csere J\u00e1nos&nbsp;Pedag\u00f3gusok H\u00e1z\u00e1ban megrendezett \u00fcnneps\u00e9gen <strong>2021. janu\u00e1r 23-\u00e1n.<\/strong><\/p>\n\n\n\n<p><strong>Vet\u00e9lked\u0151 \u00e9s koszor\u00faz\u00e1s Berde M\u00f3zsa sz\u00fclet\u00e9se 205 \u00e9vfordul\u00f3j\u00e1nak napj\u00e1n. 2020. december 15-\u00e9n<\/strong> \u00fcnnepelj\u00fck iskol\u00e1nk n\u00e9vad\u00f3j\u00e1nak, Berde M\u00f3zes sz\u00fclet\u00e9s\u00e9nek 205. \u00e9vfordul\u00f3j\u00e1t.&nbsp; Az id\u00e9n a j\u00e1rv\u00e1ny miatt az iskola \u00e1tk\u00f6lt\u00f6z\u00f6tt az online t\u00e9rbe, de a megeml\u00e9kez\u00e9s nem maradhatott el. Az eg\u00e9szen \u00faj vet\u00e9lked\u0151 form\u00e1t a di\u00e1kok \u00f6r\u00f6mmel fogadt\u00e1k \u00e9s j\u00f3l vett\u00e9k az \u00faj kih\u00edv\u00e1st. Ebb\u0151l az alkalomb\u00f3l az V. oszt\u00e1lyosok r\u00e9szt vettek egy online \u201eKi mit tud Berde M\u00f3zesr\u0151l?\u201d vet\u00e9lked\u0151n. A versenyen id\u00e9n egy\u00e9nileg versenyeztek a di\u00e1kok. A versenyt a KAHOOT oktat\u00e1st seg\u00edt\u0151 alkalmaz\u00e1sban bonyol\u00edtottuk le, amely \u00faj volt m\u00e9g a di\u00e1koknak is. Adott id\u0151 alatt k\u00e9rd\u00e9sekre kellett helyesen v\u00e1laszoljanak, a pontos ismeretek mellett a gyorsas\u00e1g is sz\u00e1m\u00edtott. Az \u00f6t\u00f6dikesek visszajelz\u00e9sei arr\u00f3l tan\u00faskodnak, hogy j\u00f3l \u00e9rezt\u00e9k magukat a versenyen, nagyon megtetszett nekik ez az \u00faj alkalmaz\u00e1s \u00e9s szeretn\u00e9k, ha t\u00f6rt\u00e9nelem \u00f3r\u00e1n ezent\u00fal t\u00f6bbsz\u00f6r haszn\u00e1ln\u00e1nk.&nbsp; A verseny \u00e1ltal \u00faj inform\u00e1ci\u00f3kkal, \u00e9lm\u00e9nyekkel \u00e9s tapasztalatokkal gazdagodtak. Akik a szoros k\u00fczdelemben a legjobbnak bizonyultak:<\/p>\n\n\n\n<p>\u2022 I. helyez\u00e9st \u00e9rt el Lakatos R\u00e9ka<\/p>\n\n\n\n<p>\u2022 II. helyez\u00e9st \u00e9rtek el Patakfalvi Vikt\u00f3ria \u00e9s T\u00e1nczos Zal\u00e1n<\/p>\n\n\n\n<p>\u2022 III. helyez\u00e9st \u00e9rtek el Fazakas Hunor \u00e9s Kov\u00e1cs No\u00e9mi<\/p>\n\n\n\n<p>Dics\u00e9retben r\u00e9szes\u00fcltek Bir\u00f3 Anita, V\u00e1radi Zs\u00f3fia \u00e9s Nagy Fanni<\/p>\n\n\n\n<p>A megeml\u00e9kez\u0151 nap keret\u00e9ben, megkoszor\u00faztuk az iskol\u00e1nk udvar\u00e1n tal\u00e1lhat\u00f3, Berde M\u00f3zes, illetve Orb\u00e1n Bal\u00e1zs mellszobrokat. H\u00e1l\u00e1val eml\u00e9kezt\u00fcnk meg, iskol\u00e1nk n\u00e9vad\u00f3j\u00e1r\u00f3l, sz\u00fclet\u00e9s\u00e9nek 205. \u00e9vfordul\u00f3j\u00e1n. A koszor\u00faz\u00e1son r\u00e9szt vett Lakatos S\u00e1ndor igazgat\u00f3helyettes, lelk\u00e9sz-vall\u00e1stan\u00e1r, Sz\u0151cs Annam\u00e1ria t\u00f6rt\u00e9nelem szakos tan\u00e1rn\u0151, Farkas Orsolya iskolalelk\u00e9sz, Ilkei L\u00f3r\u00e1nd a Kereszt\u00fari Unit\u00e1rius Egyh\u00e1zk\u00f6zs\u00e9g gyakorl\u00f3 teol\u00f3gusa \u00e9s D\u00e9nes Erzs\u00e9bet a Kereszt\u00fari Unit\u00e1rius Egyh\u00e1zk\u00f6zs\u00e9g seg\u00e9dlelk\u00e9sze.<\/p>\n\n\n\n<p><strong>A Magyar K\u00f6lt\u00e9szet Napja alkalm\u00e1b\u00f3l meghirdetett megyei szaval\u00f3versenye<\/strong>n Czire Bor\u00f3ka \u2013 dics\u00e9ret helyez\u00e9st kapott. Felk\u00e9sz\u00edt\u0151: Demeter Annabella magyartan\u00e1r. A Sz\u00e9kelykereszt\u00fari V\u00e1rosi K\u00f6nyvt\u00e1r sz\u00e9pirodalmi p\u00e1ly\u00e1zatot hirdetett \u201eH\u00f3feh\u00e9r var\u00e1zs\u201d c\u00edmmel k\u00e9t kateg\u00f3ri\u00e1ban (vers \u00e9s pr\u00f3za) lehetett. A Berde M\u00f3zes Unit\u00e1rius Gimn\u00e1ziumb\u00f3l 10 tanul\u00f3 vett r\u00e9szt. K\u00f6z\u00fcl\u00fck 7 tanul\u00f3 ker\u00fclt a d\u00edjazottak sor\u00e1ba.<\/p>\n\n\n\n<p>Kornis Zs\u00f3fia (IV. oszt\u00e1lyos), ir\u00e1ny\u00edt\u00f3ja B\u00e1lint Roz\u00e1lia &#8211; pr\u00f3za kateg\u00f3ri\u00e1ban III. helyez\u00e9s<\/p>\n\n\n\n<p>Lakatos R\u00e9ka (V. oszt\u00e1lyos) &#8211; vers kateg\u00f3ri\u00e1ban k\u00fcl\u00f6nd\u00edj helyez\u00e9s<\/p>\n\n\n\n<p>Patakfalvi Andrea Vikt\u00f3ria (V. oszt\u00e1lyos) &#8211; pr\u00f3za kateg\u00f3ri\u00e1ban k\u00fcl\u00f6nd\u00edj helyez\u00e9s<\/p>\n\n\n\n<p>Czire Bor\u00f3ka- Eszter (VI. oszt\u00e1lyos) &#8211; pr\u00f3za kateg\u00f3ri\u00e1ban I. helyez\u00e9s<\/p>\n\n\n\n<p>Kris\u00e1n M\u00f3nika- Szilvia (VI. oszt\u00e1lyos) &#8211; pr\u00f3za kateg\u00f3ri\u00e1ban III. helyez\u00e9s<\/p>\n\n\n\n<p>Felk\u00e9sz\u00edt\u0151j\u00fck: Demeter Annabella, magyartan\u00e1r<\/p>\n\n\n\n<p>B\u00f6l\u00f6ni Orsolya (II. oszt\u00e1lyos) ir\u00e1ny\u00edt\u00f3ja B\u00f6l\u00f6ni L\u00e1szl\u00f3 &#8211; vers kateg\u00f3ri\u00e1ban I. helyez\u00e9s, pr\u00f3za kateg\u00f3ri\u00e1ban II. helyez\u00e9s<\/p>\n\n\n\n<p>Pap T\u00edmea (XII. oszt\u00e1lyos), ir\u00e1ny\u00edt\u00f3ja Lad\u00f3 Orsolya &#8211; pr\u00f3za kateg\u00f3ri\u00e1ban I. helyez\u00e9s<\/p>\n\n\n\n<p><strong><em>\u201eCsak tiszta forr\u00e1sb\u00f3l\u201d<\/em><\/strong> \u2013online n\u00e9pdalvet\u00e9lked\u0151. <strong>2020. december 5-\u00e9n<\/strong>, szombaton sikeresen zajlott a Csak tiszta forr\u00e1sb\u00f3l n\u00e9pdalvet\u00e9lked\u0151 X region\u00e1lis szakasza, melyre az id\u00e9n online ker\u00fclt sor. H\u00e1rom korcsoportban \u00f6sszesen 55 versenyz\u0151t hallhattunk szebbn\u00e9l szebb n\u00e9pdalokat \u00e9nekelni. T\u00f6bb sz\u00e9kelyf\u00f6ldi megye magas sz\u00ednvonalon k\u00e9pviseltette mag\u00e1t, neh\u00e9z feladat el\u00e9 \u00e1ll\u00edtva az \u00e9rt\u00e9kel\u0151 bizotts\u00e1got. Iskol\u00e1nkat Gy\u00f6rgyi Hajnal Csillag (VIII) \u00e9s T\u00f3dor Panna (VI) k\u00e9pviselt\u00e9k. Mindketten dics\u00e9retesen helyt\u00e1lltak, a magas sz\u00ednvonal\u00fa versenyen, m\u00e9lt\u00f3n k\u00e9pviselve iskol\u00e1nkat. Gy\u00f6rgyi Hajnal Csillag III. helyez\u00e9st \u00e9rt el. Felk\u00e9sz\u00edt\u0151: Nemes Annam\u00e1ria, zenetan\u00e1r.<\/p>\n\n\n\n<p><strong>2020. december\u00e9ben<\/strong> D\u00e1vid Hajnal tan\u00e1rn\u0151 ir\u00e1ny\u00edt\u00e1s\u00e1val az iskola online kar\u00e1csonyi \u00fcdv\u00f6zlet\u00e9nek megtervez\u00e9s\u00e9re ker\u00fclt sor. A tan\u00e1rn\u0151 az V. oszt\u00e1lyosok sz\u00e1m\u00e1ra rajp\u00e1ly\u00e1zatot hirdetett. A p\u00e1ly\u00e1zatra be\u00e9rkezett munk\u00e1k k\u00f6z\u00fcl kett\u0151 ker\u00fclt fel az iskola kar\u00e1csonyi \u00fcdv\u00f6zl\u0151lapj\u00e1ra. A k\u00e9peslapon Lakatos R\u00e9ka \u00e9s Nagy Fanni munk\u00e1i l\u00e1that\u00f3k.<\/p>\n\n\n\n<p><strong><em>\u201eNem \u00fagy van most, mint volt r\u00e9gen\u2026\u201d<\/em><\/strong> online n\u00e9pdalverseny. F\u00e9l \u00e9vtizede szervez a Legato Egyes\u00fclet tehets\u00e9ggondoz\u00f3 programokat, ezek egyike az id\u00e9n els\u0151 alkalommal meghirdetett \u201eNem \u00fagy van most, mint volt r\u00e9gen\u2026\u201d n\u00e9pdalverseny. <strong>2020 november v\u00e9g\u00e9ig<\/strong> lehetett jelentkezni a n\u00e9pdalversenyre, amelyet \u00e1ltal\u00e1nos \u00e9s k\u00f6z\u00e9piskol\u00e1s di\u00e1koknak hirdettek meg, akik egy\u00e9nileg vagy csoportosan is bekapcsol\u00f3dhattak egy n\u00e9pdalcsokrot tartalmaz\u00f3 videofelv\u00e9tellel. Iskol\u00e1nkat n\u00e9gy di\u00e1k k\u00e9pviselte, akik nagyon sz\u00e9p eredm\u00e9nyeket \u00e9rtek el:<\/p>\n\n\n\n<p>T\u00f3dor Rebeka II. oszt\u00e1ly Kiemelt Arany Min\u0151s\u00edt\u00e9s<\/p>\n\n\n\n<p>Lakatos R\u00e9ka V. oszt\u00e1ly Kiemelt Arany Min\u0151s\u00edt\u00e9s<\/p>\n\n\n\n<p>Nagy Fanni V. oszt\u00e1ly Ez\u00fcst Min\u0151s\u00edt\u00e9s<\/p>\n\n\n\n<p>T\u00f3dor Panna VI. oszt\u00e1ly Ez\u00fcst Min\u0151s\u00edt\u00e9s<\/p>\n\n\n\n<p>Gratul\u00e1lunk a kiv\u00e1l\u00f3 eredm\u00e9nyekhez, tov\u00e1bbi j\u00f3 munk\u00e1t k\u00edv\u00e1nunk. A szombati eredm\u00e9nyhirdet\u00e9s ut\u00e1n a szervez\u0151k \u00fagy d\u00f6nt\u00f6ttek, hogy a sikeres nyit\u00e1ny ut\u00e1n ezt a jelleg\u0171 n\u00e9pdalmin\u0151s\u00edt\u0151 rendezv\u00e9nyt folytatni kell, teh\u00e1t j\u00f6v\u0151ben is megrendezik majd, \u00e9s maradnak az online form\u00e1n\u00e1l. A legjobb produkci\u00f3k felker\u00fcltek az esem\u00e9ny Nem \u00fagy van most, mint volt r\u00e9gen n\u00e9ven el\u00e9rhet\u0151 Facebook oldal\u00e1ra is. Felk\u00e9sz\u00edt\u0151: Nemes Annam\u00e1ria, zenetan\u00e1r.<\/p>\n\n\n\n<p><strong>M\u0171v\u00e9szeti nevel\u00e9s. 2020. okt\u00f3ber<\/strong> folyam\u00e1n D\u00e1vid Hajnal m\u0171v\u00e9szeti nevel\u00e9st oktat\u00f3 tan\u00e1rn\u0151 ir\u00e1ny\u00edt\u00e1s\u00e1val r\u00e9szt vett\u00fcnk a Sz\u00e9kelyf\u00f6ld Napok keret\u00e9n bel\u00fcl rendezett \u201eSz\u00e9kelyf\u00f6ld, a legend\u00e1k f\u00f6ldje\u201d c\u00edm\u0171. rajzp\u00e1ly\u00e1zaton, ahol Gy\u00f6rfi Hanna, VI. oszt\u00e1lyos tanul\u00f3 az V-VI. oszt\u00e1lyos kateg\u00f3ri\u00e1ban I. helyez\u00e9st \u00e9rt el.<\/p>\n","protected":false},"excerpt":{"rendered":"<p>Az idei tan\u00e9v els\u0151 f\u00e9l\u00e9v\u00e9ben a sz\u00e9kelyudvarhelyi M\u00f3ra Ferenc \u00c1ltal\u00e1nos Iskola egy k\u00f6rnyezetv\u00e9delmi t\u00e9m\u00e1j\u00fa versenyt hirdetett meg \u00c9lhet\u0151bb bolyg\u00f3t unok\u00e1inknak c\u00edmmel. Erre a megyei szint\u0171 versenyre Kiss Zal\u00e1n el\u0151k\u00e9sz\u00edt\u0151 oszt\u00e1lyos &#8230;<\/p>\n","protected":false},"author":1,"featured_media":0,"parent":0,"menu_order":0,"comment_status":"closed","ping_status":"closed","template":"","meta":{"footnotes":""},"yoast_head":"<!-- This site is optimized with the Yoast SEO plugin v21.9.1 - https:\/\/yoast.com\/wordpress\/plugins\/seo\/ -->\n<title>Versenyek, vet\u00e9lked\u0151k - Berde M\u00f3zes Unit\u00e1rius Gimn\u00e1zium<\/title>\n<meta name=\"robots\" content=\"noindex, follow, max-snippet:-1, max-image-preview:large, max-video-preview:-1\" \/>\n<meta property=\"og:locale\" content=\"hu_HU\" \/>\n<meta property=\"og:type\" content=\"article\" \/>\n<meta property=\"og:title\" content=\"Versenyek, vet\u00e9lked\u0151k - Berde M\u00f3zes Unit\u00e1rius Gimn\u00e1zium\" \/>\n<meta property=\"og:description\" content=\"Az idei tan\u00e9v els\u0151 f\u00e9l\u00e9v\u00e9ben a sz\u00e9kelyudvarhelyi M\u00f3ra Ferenc \u00c1ltal\u00e1nos Iskola egy k\u00f6rnyezetv\u00e9delmi t\u00e9m\u00e1j\u00fa versenyt hirdetett meg \u00c9lhet\u0151bb bolyg\u00f3t unok\u00e1inknak c\u00edmmel. Erre a megyei szint\u0171 versenyre Kiss Zal\u00e1n el\u0151k\u00e9sz\u00edt\u0151 oszt\u00e1lyos ...\" \/>\n<meta property=\"og:url\" content=\"https:\/\/berdemozes.ro\/index.php\/versenyek-vetelkedok\/\" \/>\n<meta property=\"og:site_name\" content=\"Berde M\u00f3zes Unit\u00e1rius Gimn\u00e1zium\" \/>\n<meta property=\"article:publisher\" content=\"https:\/\/www.facebook.com\/bmugim\" \/>\n<meta property=\"article:modified_time\" content=\"2021-02-20T20:29:30+00:00\" \/>\n<meta name=\"twitter:card\" content=\"summary_large_image\" \/>\n<meta name=\"twitter:label1\" content=\"Becs\u00fclt olvas\u00e1si id\u0151\" \/>\n\t<meta name=\"twitter:data1\" content=\"8 perc\" \/>\n<script type=\"application\/ld+json\" class=\"yoast-schema-graph\">{\"@context\":\"https:\/\/schema.org\",\"@graph\":[{\"@type\":\"WebPage\",\"@id\":\"https:\/\/berdemozes.ro\/index.php\/versenyek-vetelkedok\/\",\"url\":\"https:\/\/berdemozes.ro\/index.php\/versenyek-vetelkedok\/\",\"name\":\"Versenyek, vet\u00e9lked\u0151k - Berde M\u00f3zes Unit\u00e1rius Gimn\u00e1zium\",\"isPartOf\":{\"@id\":\"https:\/\/berdemozes.ro\/#website\"},\"datePublished\":\"2020-11-10T14:56:52+00:00\",\"dateModified\":\"2021-02-20T20:29:30+00:00\",\"breadcrumb\":{\"@id\":\"https:\/\/berdemozes.ro\/index.php\/versenyek-vetelkedok\/#breadcrumb\"},\"inLanguage\":\"hu\",\"potentialAction\":[{\"@type\":\"ReadAction\",\"target\":[\"https:\/\/berdemozes.ro\/index.php\/versenyek-vetelkedok\/\"]}]},{\"@type\":\"BreadcrumbList\",\"@id\":\"https:\/\/berdemozes.ro\/index.php\/versenyek-vetelkedok\/#breadcrumb\",\"itemListElement\":[{\"@type\":\"ListItem\",\"position\":1,\"name\":\"Home\",\"item\":\"https:\/\/berdemozes.ro\/\"},{\"@type\":\"ListItem\",\"position\":2,\"name\":\"Versenyek, vet\u00e9lked\u0151k\"}]},{\"@type\":\"WebSite\",\"@id\":\"https:\/\/berdemozes.ro\/#website\",\"url\":\"https:\/\/berdemozes.ro\/\",\"name\":\"Berde M\u00f3zes Unit\u00e1rius Gimn\u00e1zium\",\"description\":\"A sz\u00e9kelykereszt\u00fari Berde M\u00f3zes Unit\u00e1rius Gimn\u00e1zium weboldala.\",\"publisher\":{\"@id\":\"https:\/\/berdemozes.ro\/#organization\"},\"potentialAction\":[{\"@type\":\"SearchAction\",\"target\":{\"@type\":\"EntryPoint\",\"urlTemplate\":\"https:\/\/berdemozes.ro\/?s={search_term_string}\"},\"query-input\":\"required name=search_term_string\"}],\"inLanguage\":\"hu\"},{\"@type\":\"Organization\",\"@id\":\"https:\/\/berdemozes.ro\/#organization\",\"name\":\"Berde M\u00f3zes Unit\u00e1rius Gimn\u00e1zium\",\"url\":\"https:\/\/berdemozes.ro\/\",\"logo\":{\"@type\":\"ImageObject\",\"inLanguage\":\"hu\",\"@id\":\"https:\/\/berdemozes.ro\/#\/schema\/logo\/image\/\",\"url\":\"https:\/\/berdemozes.ro\/wp-content\/uploads\/2020\/11\/cropped-HEADER-LOGO-2-1.png\",\"contentUrl\":\"https:\/\/berdemozes.ro\/wp-content\/uploads\/2020\/11\/cropped-HEADER-LOGO-2-1.png\",\"width\":213,\"height\":48,\"caption\":\"Berde M\u00f3zes Unit\u00e1rius Gimn\u00e1zium\"},\"image\":{\"@id\":\"https:\/\/berdemozes.ro\/#\/schema\/logo\/image\/\"},\"sameAs\":[\"https:\/\/www.facebook.com\/bmugim\"]}]}<\/script>\n<!-- \/ Yoast SEO plugin. -->","yoast_head_json":{"title":"Versenyek, vet\u00e9lked\u0151k - Berde M\u00f3zes Unit\u00e1rius Gimn\u00e1zium","robots":{"index":"noindex","follow":"follow","max-snippet":"max-snippet:-1","max-image-preview":"max-image-preview:large","max-video-preview":"max-video-preview:-1"},"og_locale":"hu_HU","og_type":"article","og_title":"Versenyek, vet\u00e9lked\u0151k - Berde M\u00f3zes Unit\u00e1rius Gimn\u00e1zium","og_description":"Az idei tan\u00e9v els\u0151 f\u00e9l\u00e9v\u00e9ben a sz\u00e9kelyudvarhelyi M\u00f3ra Ferenc \u00c1ltal\u00e1nos Iskola egy k\u00f6rnyezetv\u00e9delmi t\u00e9m\u00e1j\u00fa versenyt hirdetett meg \u00c9lhet\u0151bb bolyg\u00f3t unok\u00e1inknak c\u00edmmel. Erre a megyei szint\u0171 versenyre Kiss Zal\u00e1n el\u0151k\u00e9sz\u00edt\u0151 oszt\u00e1lyos ...","og_url":"https:\/\/berdemozes.ro\/index.php\/versenyek-vetelkedok\/","og_site_name":"Berde M\u00f3zes Unit\u00e1rius Gimn\u00e1zium","article_publisher":"https:\/\/www.facebook.com\/bmugim","article_modified_time":"2021-02-20T20:29:30+00:00","twitter_card":"summary_large_image","twitter_misc":{"Becs\u00fclt olvas\u00e1si id\u0151":"8 perc"},"schema":{"@context":"https:\/\/schema.org","@graph":[{"@type":"WebPage","@id":"https:\/\/berdemozes.ro\/index.php\/versenyek-vetelkedok\/","url":"https:\/\/berdemozes.ro\/index.php\/versenyek-vetelkedok\/","name":"Versenyek, vet\u00e9lked\u0151k - Berde M\u00f3zes Unit\u00e1rius Gimn\u00e1zium","isPartOf":{"@id":"https:\/\/berdemozes.ro\/#website"},"datePublished":"2020-11-10T14:56:52+00:00","dateModified":"2021-02-20T20:29:30+00:00","breadcrumb":{"@id":"https:\/\/berdemozes.ro\/index.php\/versenyek-vetelkedok\/#breadcrumb"},"inLanguage":"hu","potentialAction":[{"@type":"ReadAction","target":["https:\/\/berdemozes.ro\/index.php\/versenyek-vetelkedok\/"]}]},{"@type":"BreadcrumbList","@id":"https:\/\/berdemozes.ro\/index.php\/versenyek-vetelkedok\/#breadcrumb","itemListElement":[{"@type":"ListItem","position":1,"name":"Home","item":"https:\/\/berdemozes.ro\/"},{"@type":"ListItem","position":2,"name":"Versenyek, vet\u00e9lked\u0151k"}]},{"@type":"WebSite","@id":"https:\/\/berdemozes.ro\/#website","url":"https:\/\/berdemozes.ro\/","name":"Berde M\u00f3zes Unit\u00e1rius Gimn\u00e1zium","description":"A sz\u00e9kelykereszt\u00fari Berde M\u00f3zes Unit\u00e1rius Gimn\u00e1zium weboldala.","publisher":{"@id":"https:\/\/berdemozes.ro\/#organization"},"potentialAction":[{"@type":"SearchAction","target":{"@type":"EntryPoint","urlTemplate":"https:\/\/berdemozes.ro\/?s={search_term_string}"},"query-input":"required name=search_term_string"}],"inLanguage":"hu"},{"@type":"Organization","@id":"https:\/\/berdemozes.ro\/#organization","name":"Berde M\u00f3zes Unit\u00e1rius Gimn\u00e1zium","url":"https:\/\/berdemozes.ro\/","logo":{"@type":"ImageObject","inLanguage":"hu","@id":"https:\/\/berdemozes.ro\/#\/schema\/logo\/image\/","url":"https:\/\/berdemozes.ro\/wp-content\/uploads\/2020\/11\/cropped-HEADER-LOGO-2-1.png","contentUrl":"https:\/\/berdemozes.ro\/wp-content\/uploads\/2020\/11\/cropped-HEADER-LOGO-2-1.png","width":213,"height":48,"caption":"Berde M\u00f3zes Unit\u00e1rius Gimn\u00e1zium"},"image":{"@id":"https:\/\/berdemozes.ro\/#\/schema\/logo\/image\/"},"sameAs":["https:\/\/www.facebook.com\/bmugim"]}]}},"jetpack_sharing_enabled":true,"_links":{"self":[{"href":"https:\/\/berdemozes.ro\/index.php\/wp-json\/wp\/v2\/pages\/128"}],"collection":[{"href":"https:\/\/berdemozes.ro\/index.php\/wp-json\/wp\/v2\/pages"}],"about":[{"href":"https:\/\/berdemozes.ro\/index.php\/wp-json\/wp\/v2\/types\/page"}],"author":[{"embeddable":true,"href":"https:\/\/berdemozes.ro\/index.php\/wp-json\/wp\/v2\/users\/1"}],"replies":[{"embeddable":true,"href":"https:\/\/berdemozes.ro\/index.php\/wp-json\/wp\/v2\/comments?post=128"}],"version-history":[{"count":5,"href":"https:\/\/berdemozes.ro\/index.php\/wp-json\/wp\/v2\/pages\/128\/revisions"}],"predecessor-version":[{"id":3089,"href":"https:\/\/berdemozes.ro\/index.php\/wp-json\/wp\/v2\/pages\/128\/revisions\/3089"}],"wp:attachment":[{"href":"https:\/\/berdemozes.ro\/index.php\/wp-json\/wp\/v2\/media?parent=128"}],"curies":[{"name":"wp","href":"https:\/\/api.w.org\/{rel}","templated":true}]}}