{"id":130,"date":"2020-11-10T14:56:52","date_gmt":"2020-11-10T14:56:52","guid":{"rendered":"https:\/\/berdemozes.ro\/?page_id=130"},"modified":"2021-02-15T15:01:49","modified_gmt":"2021-02-15T15:01:49","slug":"tanulasi-tanacsado","status":"publish","type":"page","link":"https:\/\/berdemozes.ro\/index.php\/tanulasi-tanacsado\/","title":{"rendered":"Tan\u00e1csad\u00f3"},"content":{"rendered":"\n<p><strong>A pszichol\u00f3giai kabinet \u00f3rarendje<\/strong><\/p>\n\n\n\n<p><strong>2020-2021-es tan\u00e9v<\/strong><\/p>\n\n\n\n<figure class=\"wp-block-image size-large\"><img fetchpriority=\"high\" decoding=\"async\" width=\"882\" height=\"478\" src=\"http:\/\/berdemozes.ro\/wp-content\/uploads\/2021\/02\/image.png\" alt=\"\" class=\"wp-image-2778\" srcset=\"https:\/\/berdemozes.ro\/wp-content\/uploads\/2021\/02\/image.png 882w, https:\/\/berdemozes.ro\/wp-content\/uploads\/2021\/02\/image-300x163.png 300w, https:\/\/berdemozes.ro\/wp-content\/uploads\/2021\/02\/image-768x416.png 768w\" sizes=\"(max-width: 882px) 100vw, 882px\" \/><\/figure>\n\n\n\n<p><\/p>\n\n\n\n<p>*Felm\u00e9r\u00e9s, tan\u00e1csad\u00e1s, egy\u00e9ni \u00e9s csoportos foglalkoz\u00e1s di\u00e1kokkal, sz\u00fcl\u0151kkel, pedag\u00f3gusokkal.<\/p>\n\n\n\n<p>Az egy\u00e9ni foglalkoz\u00e1sokra el\u0151zetes bejelentkez\u00e9s sz\u00fcks\u00e9ges szem\u00e9lyesen, telefonon vagy a fogad\u00f3\u00f3ra id\u0151pontj\u00e1ban.<\/p>\n\n\n\n<p>Megjegyz\u00e9s: a kliens k\u00e9r\u00e9s\u00e9re, valamint az \u00e9v k\u00f6zben felmer\u00fcl\u0151 ig\u00e9nyek f\u00fcggv\u00e9ny\u00e9ben az \u00f3rarend m\u00f3dosulhat.<\/p>\n","protected":false},"excerpt":{"rendered":"<p>A pszichol\u00f3giai kabinet \u00f3rarendje 2020-2021-es tan\u00e9v *Felm\u00e9r\u00e9s, tan\u00e1csad\u00e1s, egy\u00e9ni \u00e9s csoportos foglalkoz\u00e1s di\u00e1kokkal, sz\u00fcl\u0151kkel, pedag\u00f3gusokkal. Az egy\u00e9ni foglalkoz\u00e1sokra el\u0151zetes bejelentkez\u00e9s sz\u00fcks\u00e9ges szem\u00e9lyesen, telefonon vagy a fogad\u00f3\u00f3ra id\u0151pontj\u00e1ban. Megjegyz\u00e9s: a kliens &#8230;<\/p>\n","protected":false},"author":1,"featured_media":0,"parent":0,"menu_order":0,"comment_status":"closed","ping_status":"closed","template":"","meta":{"footnotes":""},"yoast_head":"<!-- This site is optimized with the Yoast SEO plugin v21.9.1 - https:\/\/yoast.com\/wordpress\/plugins\/seo\/ -->\n<title>Tan\u00e1csad\u00f3 - Berde M\u00f3zes Unit\u00e1rius Gimn\u00e1zium<\/title>\n<meta name=\"robots\" content=\"noindex, follow, max-snippet:-1, max-image-preview:large, max-video-preview:-1\" \/>\n<meta property=\"og:locale\" content=\"hu_HU\" \/>\n<meta property=\"og:type\" content=\"article\" \/>\n<meta property=\"og:title\" content=\"Tan\u00e1csad\u00f3 - Berde M\u00f3zes Unit\u00e1rius Gimn\u00e1zium\" \/>\n<meta property=\"og:description\" content=\"A pszichol\u00f3giai kabinet \u00f3rarendje 2020-2021-es tan\u00e9v *Felm\u00e9r\u00e9s, tan\u00e1csad\u00e1s, egy\u00e9ni \u00e9s csoportos foglalkoz\u00e1s di\u00e1kokkal, sz\u00fcl\u0151kkel, pedag\u00f3gusokkal. Az egy\u00e9ni foglalkoz\u00e1sokra el\u0151zetes bejelentkez\u00e9s sz\u00fcks\u00e9ges szem\u00e9lyesen, telefonon vagy a fogad\u00f3\u00f3ra id\u0151pontj\u00e1ban. Megjegyz\u00e9s: a kliens ...\" \/>\n<meta property=\"og:url\" content=\"https:\/\/berdemozes.ro\/index.php\/tanulasi-tanacsado\/\" \/>\n<meta property=\"og:site_name\" content=\"Berde M\u00f3zes Unit\u00e1rius Gimn\u00e1zium\" \/>\n<meta property=\"article:publisher\" content=\"https:\/\/www.facebook.com\/bmugim\" \/>\n<meta property=\"article:modified_time\" content=\"2021-02-15T15:01:49+00:00\" \/>\n<meta property=\"og:image\" content=\"http:\/\/berdemozes.ro\/wp-content\/uploads\/2021\/02\/image.png\" \/>\n<meta name=\"twitter:card\" content=\"summary_large_image\" \/>\n<script type=\"application\/ld+json\" class=\"yoast-schema-graph\">{\"@context\":\"https:\/\/schema.org\",\"@graph\":[{\"@type\":\"WebPage\",\"@id\":\"https:\/\/berdemozes.ro\/index.php\/tanulasi-tanacsado\/\",\"url\":\"https:\/\/berdemozes.ro\/index.php\/tanulasi-tanacsado\/\",\"name\":\"Tan\u00e1csad\u00f3 - Berde M\u00f3zes Unit\u00e1rius Gimn\u00e1zium\",\"isPartOf\":{\"@id\":\"https:\/\/berdemozes.ro\/#website\"},\"datePublished\":\"2020-11-10T14:56:52+00:00\",\"dateModified\":\"2021-02-15T15:01:49+00:00\",\"breadcrumb\":{\"@id\":\"https:\/\/berdemozes.ro\/index.php\/tanulasi-tanacsado\/#breadcrumb\"},\"inLanguage\":\"hu\",\"potentialAction\":[{\"@type\":\"ReadAction\",\"target\":[\"https:\/\/berdemozes.ro\/index.php\/tanulasi-tanacsado\/\"]}]},{\"@type\":\"BreadcrumbList\",\"@id\":\"https:\/\/berdemozes.ro\/index.php\/tanulasi-tanacsado\/#breadcrumb\",\"itemListElement\":[{\"@type\":\"ListItem\",\"position\":1,\"name\":\"Home\",\"item\":\"https:\/\/berdemozes.ro\/\"},{\"@type\":\"ListItem\",\"position\":2,\"name\":\"Tan\u00e1csad\u00f3\"}]},{\"@type\":\"WebSite\",\"@id\":\"https:\/\/berdemozes.ro\/#website\",\"url\":\"https:\/\/berdemozes.ro\/\",\"name\":\"Berde M\u00f3zes Unit\u00e1rius Gimn\u00e1zium\",\"description\":\"A sz\u00e9kelykereszt\u00fari Berde M\u00f3zes Unit\u00e1rius Gimn\u00e1zium weboldala.\",\"publisher\":{\"@id\":\"https:\/\/berdemozes.ro\/#organization\"},\"potentialAction\":[{\"@type\":\"SearchAction\",\"target\":{\"@type\":\"EntryPoint\",\"urlTemplate\":\"https:\/\/berdemozes.ro\/?s={search_term_string}\"},\"query-input\":\"required name=search_term_string\"}],\"inLanguage\":\"hu\"},{\"@type\":\"Organization\",\"@id\":\"https:\/\/berdemozes.ro\/#organization\",\"name\":\"Berde M\u00f3zes Unit\u00e1rius Gimn\u00e1zium\",\"url\":\"https:\/\/berdemozes.ro\/\",\"logo\":{\"@type\":\"ImageObject\",\"inLanguage\":\"hu\",\"@id\":\"https:\/\/berdemozes.ro\/#\/schema\/logo\/image\/\",\"url\":\"https:\/\/berdemozes.ro\/wp-content\/uploads\/2020\/11\/cropped-HEADER-LOGO-2-1.png\",\"contentUrl\":\"https:\/\/berdemozes.ro\/wp-content\/uploads\/2020\/11\/cropped-HEADER-LOGO-2-1.png\",\"width\":213,\"height\":48,\"caption\":\"Berde M\u00f3zes Unit\u00e1rius Gimn\u00e1zium\"},\"image\":{\"@id\":\"https:\/\/berdemozes.ro\/#\/schema\/logo\/image\/\"},\"sameAs\":[\"https:\/\/www.facebook.com\/bmugim\"]}]}<\/script>\n<!-- \/ Yoast SEO plugin. -->","yoast_head_json":{"title":"Tan\u00e1csad\u00f3 - Berde M\u00f3zes Unit\u00e1rius Gimn\u00e1zium","robots":{"index":"noindex","follow":"follow","max-snippet":"max-snippet:-1","max-image-preview":"max-image-preview:large","max-video-preview":"max-video-preview:-1"},"og_locale":"hu_HU","og_type":"article","og_title":"Tan\u00e1csad\u00f3 - Berde M\u00f3zes Unit\u00e1rius Gimn\u00e1zium","og_description":"A pszichol\u00f3giai kabinet \u00f3rarendje 2020-2021-es tan\u00e9v *Felm\u00e9r\u00e9s, tan\u00e1csad\u00e1s, egy\u00e9ni \u00e9s csoportos foglalkoz\u00e1s di\u00e1kokkal, sz\u00fcl\u0151kkel, pedag\u00f3gusokkal. Az egy\u00e9ni foglalkoz\u00e1sokra el\u0151zetes bejelentkez\u00e9s sz\u00fcks\u00e9ges szem\u00e9lyesen, telefonon vagy a fogad\u00f3\u00f3ra id\u0151pontj\u00e1ban. Megjegyz\u00e9s: a kliens ...","og_url":"https:\/\/berdemozes.ro\/index.php\/tanulasi-tanacsado\/","og_site_name":"Berde M\u00f3zes Unit\u00e1rius Gimn\u00e1zium","article_publisher":"https:\/\/www.facebook.com\/bmugim","article_modified_time":"2021-02-15T15:01:49+00:00","og_image":[{"url":"http:\/\/berdemozes.ro\/wp-content\/uploads\/2021\/02\/image.png"}],"twitter_card":"summary_large_image","schema":{"@context":"https:\/\/schema.org","@graph":[{"@type":"WebPage","@id":"https:\/\/berdemozes.ro\/index.php\/tanulasi-tanacsado\/","url":"https:\/\/berdemozes.ro\/index.php\/tanulasi-tanacsado\/","name":"Tan\u00e1csad\u00f3 - Berde M\u00f3zes Unit\u00e1rius Gimn\u00e1zium","isPartOf":{"@id":"https:\/\/berdemozes.ro\/#website"},"datePublished":"2020-11-10T14:56:52+00:00","dateModified":"2021-02-15T15:01:49+00:00","breadcrumb":{"@id":"https:\/\/berdemozes.ro\/index.php\/tanulasi-tanacsado\/#breadcrumb"},"inLanguage":"hu","potentialAction":[{"@type":"ReadAction","target":["https:\/\/berdemozes.ro\/index.php\/tanulasi-tanacsado\/"]}]},{"@type":"BreadcrumbList","@id":"https:\/\/berdemozes.ro\/index.php\/tanulasi-tanacsado\/#breadcrumb","itemListElement":[{"@type":"ListItem","position":1,"name":"Home","item":"https:\/\/berdemozes.ro\/"},{"@type":"ListItem","position":2,"name":"Tan\u00e1csad\u00f3"}]},{"@type":"WebSite","@id":"https:\/\/berdemozes.ro\/#website","url":"https:\/\/berdemozes.ro\/","name":"Berde M\u00f3zes Unit\u00e1rius Gimn\u00e1zium","description":"A sz\u00e9kelykereszt\u00fari Berde M\u00f3zes Unit\u00e1rius Gimn\u00e1zium weboldala.","publisher":{"@id":"https:\/\/berdemozes.ro\/#organization"},"potentialAction":[{"@type":"SearchAction","target":{"@type":"EntryPoint","urlTemplate":"https:\/\/berdemozes.ro\/?s={search_term_string}"},"query-input":"required name=search_term_string"}],"inLanguage":"hu"},{"@type":"Organization","@id":"https:\/\/berdemozes.ro\/#organization","name":"Berde M\u00f3zes Unit\u00e1rius Gimn\u00e1zium","url":"https:\/\/berdemozes.ro\/","logo":{"@type":"ImageObject","inLanguage":"hu","@id":"https:\/\/berdemozes.ro\/#\/schema\/logo\/image\/","url":"https:\/\/berdemozes.ro\/wp-content\/uploads\/2020\/11\/cropped-HEADER-LOGO-2-1.png","contentUrl":"https:\/\/berdemozes.ro\/wp-content\/uploads\/2020\/11\/cropped-HEADER-LOGO-2-1.png","width":213,"height":48,"caption":"Berde M\u00f3zes Unit\u00e1rius Gimn\u00e1zium"},"image":{"@id":"https:\/\/berdemozes.ro\/#\/schema\/logo\/image\/"},"sameAs":["https:\/\/www.facebook.com\/bmugim"]}]}},"jetpack_sharing_enabled":true,"_links":{"self":[{"href":"https:\/\/berdemozes.ro\/index.php\/wp-json\/wp\/v2\/pages\/130"}],"collection":[{"href":"https:\/\/berdemozes.ro\/index.php\/wp-json\/wp\/v2\/pages"}],"about":[{"href":"https:\/\/berdemozes.ro\/index.php\/wp-json\/wp\/v2\/types\/page"}],"author":[{"embeddable":true,"href":"https:\/\/berdemozes.ro\/index.php\/wp-json\/wp\/v2\/users\/1"}],"replies":[{"embeddable":true,"href":"https:\/\/berdemozes.ro\/index.php\/wp-json\/wp\/v2\/comments?post=130"}],"version-history":[{"count":3,"href":"https:\/\/berdemozes.ro\/index.php\/wp-json\/wp\/v2\/pages\/130\/revisions"}],"predecessor-version":[{"id":2779,"href":"https:\/\/berdemozes.ro\/index.php\/wp-json\/wp\/v2\/pages\/130\/revisions\/2779"}],"wp:attachment":[{"href":"https:\/\/berdemozes.ro\/index.php\/wp-json\/wp\/v2\/media?parent=130"}],"curies":[{"name":"wp","href":"https:\/\/api.w.org\/{rel}","templated":true}]}}