{"id":131,"date":"2020-11-10T14:56:52","date_gmt":"2020-11-10T14:56:52","guid":{"rendered":"https:\/\/berdemozes.ro\/?page_id=131"},"modified":"2021-02-20T14:09:34","modified_gmt":"2021-02-20T14:09:34","slug":"papi-lelkigondozo","status":"publish","type":"page","link":"https:\/\/berdemozes.ro\/index.php\/papi-lelkigondozo\/","title":{"rendered":"Papi lelkigondoz\u00f3"},"content":{"rendered":"\n<p><strong>Az iskolai \u00e1h\u00edtatok<\/strong> (az \u00f6nk\u00e9ntes lista megtekint\u00e9s\u00e9hez katt. ide)<\/p>\n\n\n\n<figure class=\"wp-block-image size-large is-resized\"><img fetchpriority=\"high\" decoding=\"async\" src=\"http:\/\/berdemozes.ro\/wp-content\/uploads\/2021\/02\/Iskolai-ahitat-1024x683.jpg\" alt=\"\" class=\"wp-image-2946\" width=\"392\" height=\"261\" srcset=\"https:\/\/berdemozes.ro\/wp-content\/uploads\/2021\/02\/Iskolai-ahitat-1024x683.jpg 1024w, https:\/\/berdemozes.ro\/wp-content\/uploads\/2021\/02\/Iskolai-ahitat-300x200.jpg 300w, https:\/\/berdemozes.ro\/wp-content\/uploads\/2021\/02\/Iskolai-ahitat-768x512.jpg 768w, https:\/\/berdemozes.ro\/wp-content\/uploads\/2021\/02\/Iskolai-ahitat-391x260.jpg 391w, https:\/\/berdemozes.ro\/wp-content\/uploads\/2021\/02\/Iskolai-ahitat.jpg 1152w\" sizes=\"(max-width: 392px) 100vw, 392px\" \/><\/figure>\n\n\n\n<p>A Berde M\u00f3zes Unit\u00e1rius Gimn\u00e1zium reggeli \u00e1h\u00edtatai az Unit\u00e1rius Egyh\u00e1z szertart\u00e1si rendje szerint t\u00f6rt\u00e9nik. iskolaid\u0151ben minden h\u00e9tf\u0151n 11 \u00f3ra 30 perct\u0151l a Sz\u00e9kelykereszt\u00fari Unit\u00e1rius templomban.\u00a0 Az \u00e1h\u00edtaton val\u00f3 r\u00e9szv\u00e9tel az iskola minden k\u00f6z\u00e9piskol\u00e1s di\u00e1kok sz\u00e1m\u00e1ra k\u00f6telez\u0151. A szertart\u00e1sokat minden esetben (ima \u00e9s k\u00e1ntori szolg\u00e1lat) az iskola di\u00e1kjai az iskola lelk\u00e9sszel k\u00f6z\u00f6sen v\u00e9gzik \u00f6nk\u00e9ntes alapon. A szertart\u00e1s v\u00e9gz\u00e9s\u00e9nek lehet\u0151s\u00e9ge minden di\u00e1k sz\u00e1m\u00e1ra adott, felekezeti korl\u00e1tok n\u00e9lk\u00fcl. Az \u00e1h\u00edtat tartalma az iskolalelk\u00e9sz \u00e1ltal vezetett. A szolg\u00e1latot v\u00e1llal\u00f3 di\u00e1k \u00e9vfolyamt\u00f3l f\u00fcggetlen\u00fcl, a k\u00e9sz\u00fcl\u00e9s sor\u00e1n az el\u0151k\u00e9sz\u00edtett \u00e1h\u00edtatanyagot bemutatja az iskolalelk\u00e9sznek. Az \u00e9nekvez\u00e9r az iskola zenetan\u00e1r\u00e1nak ir\u00e1ny\u00edt\u00e1s\u00e1val k\u00e9sz\u00fcl a szertart\u00e1sos alkalmakra.Az \u00e1h\u00edtatra k\u00e9sz\u00fcl\u0151 di\u00e1k seg\u00e9dlete let\u00f6lthet\u0151 itt. Iskolai istentiszteletek A Berde M\u00f3zes Unit\u00e1rius Gimn\u00e1zium iskolai, \u00fcnnepi \u00e9s ifj\u00fas\u00e1gi istentiszteletei az Unit\u00e1rius Egyh\u00e1z szertart\u00e1si rendje szerint t\u00f6rt\u00e9nnek. A szertart\u00e1st rendszerint az iskolalelk\u00e9szek v\u00e9gzik, a Sz\u00e9kelykereszt\u00fari Unit\u00e1rius Egyh\u00e1zk\u00f6zs\u00e9g templom\u00e1ban. Az iskolai istentiszteletek nyitottak b\u00e1rki sz\u00e1m\u00e1ra, nem csak a di\u00e1kok sz\u00e1m\u00e1ra. Az egyes szertart\u00e1si alkalmakat a Sz\u00e9kelykereszt\u00fari Egyh\u00e1zk\u00f6zs\u00e9g lelk\u00e9szi hivatal\u00e1nak k\u00f6zrem\u0171k\u00f6d\u00e9s\u00e9vel tartjuk.Az istentiszteletek c\u00e9lja nem az indoktrin\u00e1ci\u00f3, hanem a di\u00e1ks\u00e1gnak az eg\u00e9szs\u00e9ges kereszt\u00e9ny \u00f6ntudatra val\u00f3 nevel\u00e9se.<\/p>\n\n\n\n<figure class=\"wp-block-image size-large is-resized\"><img decoding=\"async\" src=\"http:\/\/berdemozes.ro\/wp-content\/uploads\/2021\/02\/Berdesziv.jpg\" alt=\"\" class=\"wp-image-2944\" width=\"294\" height=\"264\"\/><\/figure>\n\n\n\n<p><\/p>\n","protected":false},"excerpt":{"rendered":"<p>Az iskolai \u00e1h\u00edtatok (az \u00f6nk\u00e9ntes lista megtekint\u00e9s\u00e9hez katt. ide) A Berde M\u00f3zes Unit\u00e1rius Gimn\u00e1zium reggeli \u00e1h\u00edtatai az Unit\u00e1rius Egyh\u00e1z szertart\u00e1si rendje szerint t\u00f6rt\u00e9nik. iskolaid\u0151ben minden h\u00e9tf\u0151n 11 \u00f3ra 30 perct\u0151l &#8230;<\/p>\n","protected":false},"author":1,"featured_media":0,"parent":0,"menu_order":0,"comment_status":"closed","ping_status":"closed","template":"","meta":{"footnotes":""},"yoast_head":"<!-- This site is optimized with the Yoast SEO plugin v21.9.1 - https:\/\/yoast.com\/wordpress\/plugins\/seo\/ -->\n<title>Papi lelkigondoz\u00f3 - Berde M\u00f3zes Unit\u00e1rius Gimn\u00e1zium<\/title>\n<meta name=\"robots\" content=\"noindex, follow, max-snippet:-1, max-image-preview:large, max-video-preview:-1\" \/>\n<meta property=\"og:locale\" content=\"hu_HU\" \/>\n<meta property=\"og:type\" content=\"article\" \/>\n<meta property=\"og:title\" content=\"Papi lelkigondoz\u00f3 - Berde M\u00f3zes Unit\u00e1rius Gimn\u00e1zium\" \/>\n<meta property=\"og:description\" content=\"Az iskolai \u00e1h\u00edtatok (az \u00f6nk\u00e9ntes lista megtekint\u00e9s\u00e9hez katt. ide) A Berde M\u00f3zes Unit\u00e1rius Gimn\u00e1zium reggeli \u00e1h\u00edtatai az Unit\u00e1rius Egyh\u00e1z szertart\u00e1si rendje szerint t\u00f6rt\u00e9nik. iskolaid\u0151ben minden h\u00e9tf\u0151n 11 \u00f3ra 30 perct\u0151l ...\" \/>\n<meta property=\"og:url\" content=\"https:\/\/berdemozes.ro\/index.php\/papi-lelkigondozo\/\" \/>\n<meta property=\"og:site_name\" content=\"Berde M\u00f3zes Unit\u00e1rius Gimn\u00e1zium\" \/>\n<meta property=\"article:publisher\" content=\"https:\/\/www.facebook.com\/bmugim\" \/>\n<meta property=\"article:modified_time\" content=\"2021-02-20T14:09:34+00:00\" \/>\n<meta property=\"og:image\" content=\"http:\/\/berdemozes.ro\/wp-content\/uploads\/2021\/02\/Iskolai-ahitat-1024x683.jpg\" \/>\n<meta name=\"twitter:card\" content=\"summary_large_image\" \/>\n<meta name=\"twitter:label1\" content=\"Becs\u00fclt olvas\u00e1si id\u0151\" \/>\n\t<meta name=\"twitter:data1\" content=\"2 perc\" \/>\n<script type=\"application\/ld+json\" class=\"yoast-schema-graph\">{\"@context\":\"https:\/\/schema.org\",\"@graph\":[{\"@type\":\"WebPage\",\"@id\":\"https:\/\/berdemozes.ro\/index.php\/papi-lelkigondozo\/\",\"url\":\"https:\/\/berdemozes.ro\/index.php\/papi-lelkigondozo\/\",\"name\":\"Papi lelkigondoz\u00f3 - Berde M\u00f3zes Unit\u00e1rius Gimn\u00e1zium\",\"isPartOf\":{\"@id\":\"https:\/\/berdemozes.ro\/#website\"},\"datePublished\":\"2020-11-10T14:56:52+00:00\",\"dateModified\":\"2021-02-20T14:09:34+00:00\",\"breadcrumb\":{\"@id\":\"https:\/\/berdemozes.ro\/index.php\/papi-lelkigondozo\/#breadcrumb\"},\"inLanguage\":\"hu\",\"potentialAction\":[{\"@type\":\"ReadAction\",\"target\":[\"https:\/\/berdemozes.ro\/index.php\/papi-lelkigondozo\/\"]}]},{\"@type\":\"BreadcrumbList\",\"@id\":\"https:\/\/berdemozes.ro\/index.php\/papi-lelkigondozo\/#breadcrumb\",\"itemListElement\":[{\"@type\":\"ListItem\",\"position\":1,\"name\":\"Home\",\"item\":\"https:\/\/berdemozes.ro\/\"},{\"@type\":\"ListItem\",\"position\":2,\"name\":\"Papi lelkigondoz\u00f3\"}]},{\"@type\":\"WebSite\",\"@id\":\"https:\/\/berdemozes.ro\/#website\",\"url\":\"https:\/\/berdemozes.ro\/\",\"name\":\"Berde M\u00f3zes Unit\u00e1rius Gimn\u00e1zium\",\"description\":\"A sz\u00e9kelykereszt\u00fari Berde M\u00f3zes Unit\u00e1rius Gimn\u00e1zium weboldala.\",\"publisher\":{\"@id\":\"https:\/\/berdemozes.ro\/#organization\"},\"potentialAction\":[{\"@type\":\"SearchAction\",\"target\":{\"@type\":\"EntryPoint\",\"urlTemplate\":\"https:\/\/berdemozes.ro\/?s={search_term_string}\"},\"query-input\":\"required name=search_term_string\"}],\"inLanguage\":\"hu\"},{\"@type\":\"Organization\",\"@id\":\"https:\/\/berdemozes.ro\/#organization\",\"name\":\"Berde M\u00f3zes Unit\u00e1rius Gimn\u00e1zium\",\"url\":\"https:\/\/berdemozes.ro\/\",\"logo\":{\"@type\":\"ImageObject\",\"inLanguage\":\"hu\",\"@id\":\"https:\/\/berdemozes.ro\/#\/schema\/logo\/image\/\",\"url\":\"https:\/\/berdemozes.ro\/wp-content\/uploads\/2020\/11\/cropped-HEADER-LOGO-2-1.png\",\"contentUrl\":\"https:\/\/berdemozes.ro\/wp-content\/uploads\/2020\/11\/cropped-HEADER-LOGO-2-1.png\",\"width\":213,\"height\":48,\"caption\":\"Berde M\u00f3zes Unit\u00e1rius Gimn\u00e1zium\"},\"image\":{\"@id\":\"https:\/\/berdemozes.ro\/#\/schema\/logo\/image\/\"},\"sameAs\":[\"https:\/\/www.facebook.com\/bmugim\"]}]}<\/script>\n<!-- \/ Yoast SEO plugin. -->","yoast_head_json":{"title":"Papi lelkigondoz\u00f3 - Berde M\u00f3zes Unit\u00e1rius Gimn\u00e1zium","robots":{"index":"noindex","follow":"follow","max-snippet":"max-snippet:-1","max-image-preview":"max-image-preview:large","max-video-preview":"max-video-preview:-1"},"og_locale":"hu_HU","og_type":"article","og_title":"Papi lelkigondoz\u00f3 - Berde M\u00f3zes Unit\u00e1rius Gimn\u00e1zium","og_description":"Az iskolai \u00e1h\u00edtatok (az \u00f6nk\u00e9ntes lista megtekint\u00e9s\u00e9hez katt. ide) A Berde M\u00f3zes Unit\u00e1rius Gimn\u00e1zium reggeli \u00e1h\u00edtatai az Unit\u00e1rius Egyh\u00e1z szertart\u00e1si rendje szerint t\u00f6rt\u00e9nik. iskolaid\u0151ben minden h\u00e9tf\u0151n 11 \u00f3ra 30 perct\u0151l ...","og_url":"https:\/\/berdemozes.ro\/index.php\/papi-lelkigondozo\/","og_site_name":"Berde M\u00f3zes Unit\u00e1rius Gimn\u00e1zium","article_publisher":"https:\/\/www.facebook.com\/bmugim","article_modified_time":"2021-02-20T14:09:34+00:00","og_image":[{"url":"http:\/\/berdemozes.ro\/wp-content\/uploads\/2021\/02\/Iskolai-ahitat-1024x683.jpg"}],"twitter_card":"summary_large_image","twitter_misc":{"Becs\u00fclt olvas\u00e1si id\u0151":"2 perc"},"schema":{"@context":"https:\/\/schema.org","@graph":[{"@type":"WebPage","@id":"https:\/\/berdemozes.ro\/index.php\/papi-lelkigondozo\/","url":"https:\/\/berdemozes.ro\/index.php\/papi-lelkigondozo\/","name":"Papi lelkigondoz\u00f3 - Berde M\u00f3zes Unit\u00e1rius Gimn\u00e1zium","isPartOf":{"@id":"https:\/\/berdemozes.ro\/#website"},"datePublished":"2020-11-10T14:56:52+00:00","dateModified":"2021-02-20T14:09:34+00:00","breadcrumb":{"@id":"https:\/\/berdemozes.ro\/index.php\/papi-lelkigondozo\/#breadcrumb"},"inLanguage":"hu","potentialAction":[{"@type":"ReadAction","target":["https:\/\/berdemozes.ro\/index.php\/papi-lelkigondozo\/"]}]},{"@type":"BreadcrumbList","@id":"https:\/\/berdemozes.ro\/index.php\/papi-lelkigondozo\/#breadcrumb","itemListElement":[{"@type":"ListItem","position":1,"name":"Home","item":"https:\/\/berdemozes.ro\/"},{"@type":"ListItem","position":2,"name":"Papi lelkigondoz\u00f3"}]},{"@type":"WebSite","@id":"https:\/\/berdemozes.ro\/#website","url":"https:\/\/berdemozes.ro\/","name":"Berde M\u00f3zes Unit\u00e1rius Gimn\u00e1zium","description":"A sz\u00e9kelykereszt\u00fari Berde M\u00f3zes Unit\u00e1rius Gimn\u00e1zium weboldala.","publisher":{"@id":"https:\/\/berdemozes.ro\/#organization"},"potentialAction":[{"@type":"SearchAction","target":{"@type":"EntryPoint","urlTemplate":"https:\/\/berdemozes.ro\/?s={search_term_string}"},"query-input":"required name=search_term_string"}],"inLanguage":"hu"},{"@type":"Organization","@id":"https:\/\/berdemozes.ro\/#organization","name":"Berde M\u00f3zes Unit\u00e1rius Gimn\u00e1zium","url":"https:\/\/berdemozes.ro\/","logo":{"@type":"ImageObject","inLanguage":"hu","@id":"https:\/\/berdemozes.ro\/#\/schema\/logo\/image\/","url":"https:\/\/berdemozes.ro\/wp-content\/uploads\/2020\/11\/cropped-HEADER-LOGO-2-1.png","contentUrl":"https:\/\/berdemozes.ro\/wp-content\/uploads\/2020\/11\/cropped-HEADER-LOGO-2-1.png","width":213,"height":48,"caption":"Berde M\u00f3zes Unit\u00e1rius Gimn\u00e1zium"},"image":{"@id":"https:\/\/berdemozes.ro\/#\/schema\/logo\/image\/"},"sameAs":["https:\/\/www.facebook.com\/bmugim"]}]}},"jetpack_sharing_enabled":true,"_links":{"self":[{"href":"https:\/\/berdemozes.ro\/index.php\/wp-json\/wp\/v2\/pages\/131"}],"collection":[{"href":"https:\/\/berdemozes.ro\/index.php\/wp-json\/wp\/v2\/pages"}],"about":[{"href":"https:\/\/berdemozes.ro\/index.php\/wp-json\/wp\/v2\/types\/page"}],"author":[{"embeddable":true,"href":"https:\/\/berdemozes.ro\/index.php\/wp-json\/wp\/v2\/users\/1"}],"replies":[{"embeddable":true,"href":"https:\/\/berdemozes.ro\/index.php\/wp-json\/wp\/v2\/comments?post=131"}],"version-history":[{"count":3,"href":"https:\/\/berdemozes.ro\/index.php\/wp-json\/wp\/v2\/pages\/131\/revisions"}],"predecessor-version":[{"id":2947,"href":"https:\/\/berdemozes.ro\/index.php\/wp-json\/wp\/v2\/pages\/131\/revisions\/2947"}],"wp:attachment":[{"href":"https:\/\/berdemozes.ro\/index.php\/wp-json\/wp\/v2\/media?parent=131"}],"curies":[{"name":"wp","href":"https:\/\/api.w.org\/{rel}","templated":true}]}}