{"id":132,"date":"2020-11-10T14:56:52","date_gmt":"2020-11-10T14:56:52","guid":{"rendered":"https:\/\/berdemozes.ro\/?page_id=132"},"modified":"2021-02-20T21:40:41","modified_gmt":"2021-02-20T21:40:41","slug":"korus","status":"publish","type":"page","link":"https:\/\/berdemozes.ro\/index.php\/korus\/","title":{"rendered":"K\u00f3rus"},"content":{"rendered":"\n<p>Az Unit\u00e1rius Gimn\u00e1zium \u00fajraind\u00edt\u00e1sa ut\u00e1n, amint a tanul\u00f3k l\u00e9tsz\u00e1ma megengedte, megalakult a k\u00f3rus, 1995-ben.<\/p>\n\n\n\n<p><\/p>\n\n\n\n<figure class=\"wp-block-embed-youtube wp-block-embed is-type-video is-provider-youtube wp-embed-aspect-4-3 wp-has-aspect-ratio\"><div class=\"wp-block-embed__wrapper\">\n<iframe title=\"BMUG - Karacsonyi koncert 2011-  I. r\u00e9sz\" width=\"800\" height=\"600\" src=\"https:\/\/www.youtube.com\/embed\/-5h2lGa-x_o?feature=oembed\" frameborder=\"0\" allow=\"accelerometer; autoplay; clipboard-write; encrypted-media; gyroscope; picture-in-picture\" allowfullscreen><\/iframe>\n<\/div><figcaption>Karacsonyi koncert \u2013 2011, I. r\u00e9sz<\/figcaption><\/figure>\n\n\n\n<figure class=\"wp-block-embed-youtube wp-block-embed is-type-video is-provider-youtube wp-embed-aspect-4-3 wp-has-aspect-ratio\"><div class=\"wp-block-embed__wrapper\">\n<iframe title=\"BMUG - Karacsonyi koncert 2011-  II. r\u00e9sz\" width=\"800\" height=\"600\" src=\"https:\/\/www.youtube.com\/embed\/W-jgwUG5PXA?feature=oembed\" frameborder=\"0\" allow=\"accelerometer; autoplay; clipboard-write; encrypted-media; gyroscope; picture-in-picture\" allowfullscreen><\/iframe>\n<\/div><figcaption>Karacsonyi koncert \u2013 2011, II. r\u00e9sz<\/figcaption><\/figure>\n\n\n\n<p><\/p>\n","protected":false},"excerpt":{"rendered":"<p>Az Unit\u00e1rius Gimn\u00e1zium \u00fajraind\u00edt\u00e1sa ut\u00e1n, amint a tanul\u00f3k l\u00e9tsz\u00e1ma megengedte, megalakult a k\u00f3rus, 1995-ben.<\/p>\n","protected":false},"author":1,"featured_media":0,"parent":0,"menu_order":0,"comment_status":"closed","ping_status":"closed","template":"","meta":{"footnotes":""},"yoast_head":"<!-- This site is optimized with the Yoast SEO plugin v21.9.1 - https:\/\/yoast.com\/wordpress\/plugins\/seo\/ -->\n<title>K\u00f3rus - Berde M\u00f3zes Unit\u00e1rius Gimn\u00e1zium<\/title>\n<meta name=\"robots\" content=\"noindex, follow, max-snippet:-1, max-image-preview:large, max-video-preview:-1\" \/>\n<meta property=\"og:locale\" content=\"hu_HU\" \/>\n<meta property=\"og:type\" content=\"article\" \/>\n<meta property=\"og:title\" content=\"K\u00f3rus - Berde M\u00f3zes Unit\u00e1rius Gimn\u00e1zium\" \/>\n<meta property=\"og:description\" content=\"Az Unit\u00e1rius Gimn\u00e1zium \u00fajraind\u00edt\u00e1sa ut\u00e1n, amint a tanul\u00f3k l\u00e9tsz\u00e1ma megengedte, megalakult a k\u00f3rus, 1995-ben.\" \/>\n<meta property=\"og:url\" content=\"https:\/\/berdemozes.ro\/index.php\/korus\/\" \/>\n<meta property=\"og:site_name\" content=\"Berde M\u00f3zes Unit\u00e1rius Gimn\u00e1zium\" \/>\n<meta property=\"article:publisher\" content=\"https:\/\/www.facebook.com\/bmugim\" \/>\n<meta property=\"article:modified_time\" content=\"2021-02-20T21:40:41+00:00\" \/>\n<meta name=\"twitter:card\" content=\"summary_large_image\" \/>\n<script type=\"application\/ld+json\" class=\"yoast-schema-graph\">{\"@context\":\"https:\/\/schema.org\",\"@graph\":[{\"@type\":\"WebPage\",\"@id\":\"https:\/\/berdemozes.ro\/index.php\/korus\/\",\"url\":\"https:\/\/berdemozes.ro\/index.php\/korus\/\",\"name\":\"K\u00f3rus - Berde M\u00f3zes Unit\u00e1rius Gimn\u00e1zium\",\"isPartOf\":{\"@id\":\"https:\/\/berdemozes.ro\/#website\"},\"datePublished\":\"2020-11-10T14:56:52+00:00\",\"dateModified\":\"2021-02-20T21:40:41+00:00\",\"breadcrumb\":{\"@id\":\"https:\/\/berdemozes.ro\/index.php\/korus\/#breadcrumb\"},\"inLanguage\":\"hu\",\"potentialAction\":[{\"@type\":\"ReadAction\",\"target\":[\"https:\/\/berdemozes.ro\/index.php\/korus\/\"]}]},{\"@type\":\"BreadcrumbList\",\"@id\":\"https:\/\/berdemozes.ro\/index.php\/korus\/#breadcrumb\",\"itemListElement\":[{\"@type\":\"ListItem\",\"position\":1,\"name\":\"Home\",\"item\":\"https:\/\/berdemozes.ro\/\"},{\"@type\":\"ListItem\",\"position\":2,\"name\":\"K\u00f3rus\"}]},{\"@type\":\"WebSite\",\"@id\":\"https:\/\/berdemozes.ro\/#website\",\"url\":\"https:\/\/berdemozes.ro\/\",\"name\":\"Berde M\u00f3zes Unit\u00e1rius Gimn\u00e1zium\",\"description\":\"A sz\u00e9kelykereszt\u00fari Berde M\u00f3zes Unit\u00e1rius Gimn\u00e1zium weboldala.\",\"publisher\":{\"@id\":\"https:\/\/berdemozes.ro\/#organization\"},\"potentialAction\":[{\"@type\":\"SearchAction\",\"target\":{\"@type\":\"EntryPoint\",\"urlTemplate\":\"https:\/\/berdemozes.ro\/?s={search_term_string}\"},\"query-input\":\"required name=search_term_string\"}],\"inLanguage\":\"hu\"},{\"@type\":\"Organization\",\"@id\":\"https:\/\/berdemozes.ro\/#organization\",\"name\":\"Berde M\u00f3zes Unit\u00e1rius Gimn\u00e1zium\",\"url\":\"https:\/\/berdemozes.ro\/\",\"logo\":{\"@type\":\"ImageObject\",\"inLanguage\":\"hu\",\"@id\":\"https:\/\/berdemozes.ro\/#\/schema\/logo\/image\/\",\"url\":\"https:\/\/berdemozes.ro\/wp-content\/uploads\/2020\/11\/cropped-HEADER-LOGO-2-1.png\",\"contentUrl\":\"https:\/\/berdemozes.ro\/wp-content\/uploads\/2020\/11\/cropped-HEADER-LOGO-2-1.png\",\"width\":213,\"height\":48,\"caption\":\"Berde M\u00f3zes Unit\u00e1rius Gimn\u00e1zium\"},\"image\":{\"@id\":\"https:\/\/berdemozes.ro\/#\/schema\/logo\/image\/\"},\"sameAs\":[\"https:\/\/www.facebook.com\/bmugim\"]}]}<\/script>\n<!-- \/ Yoast SEO plugin. -->","yoast_head_json":{"title":"K\u00f3rus - Berde M\u00f3zes Unit\u00e1rius Gimn\u00e1zium","robots":{"index":"noindex","follow":"follow","max-snippet":"max-snippet:-1","max-image-preview":"max-image-preview:large","max-video-preview":"max-video-preview:-1"},"og_locale":"hu_HU","og_type":"article","og_title":"K\u00f3rus - Berde M\u00f3zes Unit\u00e1rius Gimn\u00e1zium","og_description":"Az Unit\u00e1rius Gimn\u00e1zium \u00fajraind\u00edt\u00e1sa ut\u00e1n, amint a tanul\u00f3k l\u00e9tsz\u00e1ma megengedte, megalakult a k\u00f3rus, 1995-ben.","og_url":"https:\/\/berdemozes.ro\/index.php\/korus\/","og_site_name":"Berde M\u00f3zes Unit\u00e1rius Gimn\u00e1zium","article_publisher":"https:\/\/www.facebook.com\/bmugim","article_modified_time":"2021-02-20T21:40:41+00:00","twitter_card":"summary_large_image","schema":{"@context":"https:\/\/schema.org","@graph":[{"@type":"WebPage","@id":"https:\/\/berdemozes.ro\/index.php\/korus\/","url":"https:\/\/berdemozes.ro\/index.php\/korus\/","name":"K\u00f3rus - Berde M\u00f3zes Unit\u00e1rius Gimn\u00e1zium","isPartOf":{"@id":"https:\/\/berdemozes.ro\/#website"},"datePublished":"2020-11-10T14:56:52+00:00","dateModified":"2021-02-20T21:40:41+00:00","breadcrumb":{"@id":"https:\/\/berdemozes.ro\/index.php\/korus\/#breadcrumb"},"inLanguage":"hu","potentialAction":[{"@type":"ReadAction","target":["https:\/\/berdemozes.ro\/index.php\/korus\/"]}]},{"@type":"BreadcrumbList","@id":"https:\/\/berdemozes.ro\/index.php\/korus\/#breadcrumb","itemListElement":[{"@type":"ListItem","position":1,"name":"Home","item":"https:\/\/berdemozes.ro\/"},{"@type":"ListItem","position":2,"name":"K\u00f3rus"}]},{"@type":"WebSite","@id":"https:\/\/berdemozes.ro\/#website","url":"https:\/\/berdemozes.ro\/","name":"Berde M\u00f3zes Unit\u00e1rius Gimn\u00e1zium","description":"A sz\u00e9kelykereszt\u00fari Berde M\u00f3zes Unit\u00e1rius Gimn\u00e1zium weboldala.","publisher":{"@id":"https:\/\/berdemozes.ro\/#organization"},"potentialAction":[{"@type":"SearchAction","target":{"@type":"EntryPoint","urlTemplate":"https:\/\/berdemozes.ro\/?s={search_term_string}"},"query-input":"required name=search_term_string"}],"inLanguage":"hu"},{"@type":"Organization","@id":"https:\/\/berdemozes.ro\/#organization","name":"Berde M\u00f3zes Unit\u00e1rius Gimn\u00e1zium","url":"https:\/\/berdemozes.ro\/","logo":{"@type":"ImageObject","inLanguage":"hu","@id":"https:\/\/berdemozes.ro\/#\/schema\/logo\/image\/","url":"https:\/\/berdemozes.ro\/wp-content\/uploads\/2020\/11\/cropped-HEADER-LOGO-2-1.png","contentUrl":"https:\/\/berdemozes.ro\/wp-content\/uploads\/2020\/11\/cropped-HEADER-LOGO-2-1.png","width":213,"height":48,"caption":"Berde M\u00f3zes Unit\u00e1rius Gimn\u00e1zium"},"image":{"@id":"https:\/\/berdemozes.ro\/#\/schema\/logo\/image\/"},"sameAs":["https:\/\/www.facebook.com\/bmugim"]}]}},"jetpack_sharing_enabled":true,"_links":{"self":[{"href":"https:\/\/berdemozes.ro\/index.php\/wp-json\/wp\/v2\/pages\/132"}],"collection":[{"href":"https:\/\/berdemozes.ro\/index.php\/wp-json\/wp\/v2\/pages"}],"about":[{"href":"https:\/\/berdemozes.ro\/index.php\/wp-json\/wp\/v2\/types\/page"}],"author":[{"embeddable":true,"href":"https:\/\/berdemozes.ro\/index.php\/wp-json\/wp\/v2\/users\/1"}],"replies":[{"embeddable":true,"href":"https:\/\/berdemozes.ro\/index.php\/wp-json\/wp\/v2\/comments?post=132"}],"version-history":[{"count":5,"href":"https:\/\/berdemozes.ro\/index.php\/wp-json\/wp\/v2\/pages\/132\/revisions"}],"predecessor-version":[{"id":3130,"href":"https:\/\/berdemozes.ro\/index.php\/wp-json\/wp\/v2\/pages\/132\/revisions\/3130"}],"wp:attachment":[{"href":"https:\/\/berdemozes.ro\/index.php\/wp-json\/wp\/v2\/media?parent=132"}],"curies":[{"name":"wp","href":"https:\/\/api.w.org\/{rel}","templated":true}]}}