{"id":139,"date":"2021-03-17T11:15:00","date_gmt":"2021-03-17T11:15:00","guid":{"rendered":"https:\/\/berdemozes.ro\/?page_id=139"},"modified":"2026-05-05T07:38:02","modified_gmt":"2026-05-05T07:38:02","slug":"elemi","status":"publish","type":"page","link":"https:\/\/berdemozes.ro\/index.php\/elemi\/","title":{"rendered":"Beiratkoz\u00e1s az el\u0151k\u00e9sz\u00edt\u0151 oszt\u00e1lyba a 2026-2027-es tan\u00e9vre"},"content":{"rendered":"\n<p><\/p>\n\n\n\n<p><strong>T\u00e1j\u00e9koztat\u00e1s a 2026\/2027-es tan\u00e9vben a Berde M\u00f3zes Unit\u00e1rius Gimn\u00e1ziumban indul\u00f3 EL\u0150K\u00c9SZ\u00cdT\u0150 oszt\u00e1lyba val\u00f3 beiratkoz\u00e1sr\u00f3l<\/strong><\/p>\n\n\n\n<p>A Berde M\u00f3zes Unit\u00e1rius Gimn\u00e1ziumban a 2026\/2027-es tan\u00e9vben az el\u0151k\u00e9sz\u00edt\u0151 oszt\u00e1ly B\u00e1lint Roz\u00e1lia tan\u00edt\u00f3n\u0151 ir\u00e1ny\u00edt\u00e1s\u00e1val indul. A hat\u00e1lyban l\u00e9v\u0151 szab\u00e1lyok \u00e9rtelm\u00e9ben az oszt\u00e1ly 22 di\u00e1kkal indul. Az el\u0151k\u00e9sz\u00edt\u0151 csoport oszt\u00e1lyterme az int\u00e9zm\u00e9ny r\u00e9gi \u00e9p\u00fclet\u00e9ben tal\u00e1lhat\u00f3 a t\u00f6bbi elemi oszt\u00e1llyal egy\u00fctt. Ugyanennek az \u00e9p\u00fcletnek a f\u00f6ldszintj\u00e9n tal\u00e1lhat\u00f3 az iskola \u00e9tkezd\u00e9je, ahol a di\u00e1kok naponta \u00e9tkeznek.<\/p>\n\n\n\n<p><strong>Beiratkoz\u00e1shoz sz\u00fcks\u00e9ges iratok:<\/strong><\/p>\n\n\n\n<ul>\n<li>A gyermek sz\u00fclet\u00e9si bizony\u00edtv\u00e1nya (eredeti a m\u00e1solat);<\/li>\n\n\n\n<li>A sz\u00fcl\u0151k szem\u00e9lyiazonoss\u00e1gi igazolv\u00e1nya (eredeti a m\u00e1solat);<\/li>\n\n\n\n<li>Elv\u00e1llt sz\u00fcl\u0151k eset\u00e9ben a gyermek gy\u00e1ms\u00e1g\u00e1r\u00f3l sz\u00f3l\u00f3 irat;<\/li>\n\n\n\n<li>Beiratkoz\u00e1shoz sz\u00fcks\u00e9ges formanyomtatv\u00e1ny;<\/li>\n\n\n\n<li>Olt\u00e1si pap\u00edr;<\/li>\n\n\n\n<li>Orvosi igazol\u00e1s a csal\u00e1diorvost\u00f3l;<\/li>\n<\/ul>\n\n\n\n<p>Amennyiben az csoportba 22-n\u00e9l t\u00f6bb di\u00e1k jelentkezik, az \u00e9rv\u00e9nyes jogszab\u00e1ly \u00e9rtelm\u00e9ben els\u0151 k\u00f6rben az \u00e1ltal\u00e1nos beiratkoz\u00e1si szempontrendszert vessz\u00fck figyelembe. Egy k\u00f6vetkez\u0151 k\u00f6rben a tanfel\u00fcgyel\u0151s\u00e9g \u00e1ltal is j\u00f3v\u00e1 hagyott pontoz\u00e1si rendszert \u00e9rv\u00e9nyes\u00edtj\u00fck.<\/p>\n\n\n\n<p><strong>Speci\u00e1lis krit\u00e9riumok:<\/strong><\/p>\n\n\n\n<ul>\n<li>A gyermek int\u00e9zm\u00e9ny\u00fcnk \u00f3vodai csoportj\u00e1b\u00f3l \u00e9rkezik;<\/li>\n\n\n\n<li>Legal\u00e1bb az egyik sz\u00fcl\u0151 kor\u00e1bban az int\u00e9zm\u00e9ny\u00fcnk di\u00e1kja volt;<\/li>\n\n\n\n<li>A sz\u00fcl\u0151\/t\u00f6rv\u00e9nyes gy\u00e1m lakhelye int\u00e9zm\u00e9ny\u00fcnk beiskol\u00e1z\u00e1si k\u00f6r\u00e9ben van;<\/li>\n\n\n\n<li>A sz\u00fcl\u0151k sz\u00e1nd\u00e9knyilatkozata arr\u00f3l, hogy egyh\u00e1zi oktat\u00e1sban k\u00edv\u00e1nj\u00e1k r\u00e9szes\u00edteni gyermek\u00fcket &#8211; r\u00f6vid sz\u00e1nd\u00e9knyilatkozat;<\/li>\n\n\n\n<li>A csal\u00e1d sz\u00e1m\u00edt\u00e1sba veszi, hogy az iskolav\u00e1laszt\u00e1sa t\u00f6bb (mint egy) oktat\u00e1si ciklusra vonatkozik;<\/li>\n<\/ul>\n\n\n\n<p>Azok a gyermekek, akik 2026. szeptember 1. \u00e9s 2026. december 31. k\u00f6z\u00f6tt t\u00f6ltik be a 6. \u00e9let\u00e9v\u00fcket a tanul\u00e1si tan\u00e1csad\u00f3k a sz\u00fcl\u0151 k\u00e9r\u00e9s\u00e9re felm\u00e9rik. A csoportba val\u00f3 felv\u00e9tel az elk\u00e9sz\u00fclt jelent\u00e9s figyelembev\u00e9tel\u00e9vel t\u00f6rt\u00e9nik. A felm\u00e9r\u00e9sek 2026. m\u00e1rcius 16-30. k\u00f6z\u00f6tti peri\u00f3dusban t\u00f6rt\u00e9nik. A felm\u00e9r\u00e9sek kivitelez\u00e9s\u00e9vel kapcsolatos k\u00e9rd\u00e9ssel forduljon a gyermek \u00f3vodai pedag\u00f3gus\u00e1hoz.<\/p>\n\n\n\n<p><strong>A beiratkoz\u00e1s els\u0151 fordul\u00f3ja<\/strong><\/p>\n\n\n\n<p>2026. m\u00e1cius 31. \u00e9s m\u00e1jus 6. k\u00f6z\u00f6tt a sz\u00fcl\u0151\/gy\u00e1m az iskola titk\u00e1rs\u00e1g\u00e1n adhatja le a kit\u00f6lt\u00f6tt beiskol\u00e1z\u00e1si k\u00e9r\u00e9st. Az iskola titk\u00e1rs\u00e1g\u00e1n rendelkez\u00e9sre \u00e1ll a metodol\u00f3gia szerinti formanyomtatv\u00e1ny, a helysz\u00ednen seg\u00edt\u00fcnk a k\u00e9r\u00e9s kit\u00f6lt\u00e9s\u00e9ben.<\/p>\n\n\n\n<p>A k\u00e9r\u00e9s lead\u00e1s\u00e1nak id\u0151pontj\u00e1ban sz\u00fcks\u00e9ges hozni a beiratkoz\u00e1shoz sz\u00fcks\u00e9ges (fentebb felsorolt) dokumentumokat.&nbsp;&nbsp;<\/p>\n\n\n\n<p>A beiratkoz\u00e1si iratok feldolgoz\u00e1s\u00e1ra 2026. m\u00e1jus 6. \u2013 2026. m\u00e1jus 20. k\u00f6z\u00f6tt ker\u00fcl sor. Ebben a peri\u00f3dusban <u>a saj\u00e1t int\u00e9zm\u00e9ny\u00fcnkb\u0151l sz\u00e1rmaz\u00f3<\/u> \u00e9s beiratkoz\u00e1si k\u00e9r\u00e9st lead\u00f3 sz\u00fcl\u0151k az adatok ellen\u0151rz\u00e9se c\u00e9lj\u00e1b\u00f3l szem\u00e9lyesen kell megjelenjenek az iskola titk\u00e1rs\u00e1g\u00e1n.<\/p>\n\n\n\n<p>2026. m\u00e1jus 25. \u00e9s m\u00e1jus 29. k\u00f6z\u00f6tt ker\u00fcl sor m\u00e1s int\u00e9zm\u00e9nyb\u0151l sz\u00e1rmaz\u00f3 gyermekek k\u00e9r\u00e9s\u00e9nek feldolgoz\u00e1s\u00e1ra. A m\u00e1s int\u00e9zm\u00e9nyekb\u0151l jelentkez\u0151 gyermekek sz\u00fclei ebben a peri\u00f3dusban az adatok ellen\u0151rz\u00e9se c\u00e9lj\u00e1b\u00f3l szem\u00e9lyesen kell megjelenjenek az iskola titk\u00e1rs\u00e1g\u00e1n.<\/p>\n\n\n\n<p>Az els\u0151 beiratkoz\u00e1si k\u00f6r eredm\u00e9ny\u00e9t 2026. m\u00e1jus 21-\u00e9n tessz\u00fck k\u00f6zz\u00e9.<\/p>\n\n\n\n<p><strong>A beiratkoz\u00e1s m\u00e1sodik fordul\u00f3j\u00e1ra <\/strong>2026. m\u00e1jus 25. \u2013 2025. m\u00e1jus 29. k\u00f6z\u00f6tt ker\u00fcl sor. <strong>\u00a0<\/strong>Ebben a peri\u00f3dusban a beiratkoz\u00e1si k\u00e9r\u00e9st lead\u00f3 sz\u00fcl\u0151k az adatok ellen\u0151rz\u00e9se c\u00e9lj\u00e1b\u00f3l szem\u00e9lyesen kell megjelenjenek az iskola titk\u00e1rs\u00e1g\u00e1n.<\/p>\n\n\n\n<p>2026. j\u00fanius 16-\u00e1n ker\u00fcl kif\u00fcggeszt\u00e9sre az el\u0151k\u00e9sz\u00edt\u0151 oszt\u00e1ly v\u00e9gleges n\u00e9vsora.\u00a0<\/p>\n\n\n\n<p><strong>Tov\u00e1bbi inform\u00e1ci\u00f3k\u00e9rt, illetve beiratkoz\u00e1si id\u0151pontot egyeztetni az iskola titk\u00e1rs\u00e1g\u00e1n lehet a <\/strong>0745 515 658 <strong>telefonsz\u00e1mon. A beiratkoz\u00e1si k\u00e9r\u00e9seket a titk\u00e1rs\u00e1g munkanapokon 9:00-14:00 \u00f3ra k\u00f6z\u00f6tt fogadja.<\/strong><\/p>\n\n\n\n<p><strong>Tov\u00e1bbi inform\u00e1ci\u00f3k: <\/strong><\/p>\n\n\n\n<p>+40 745 515 658 &#8211; az iskola titk\u00e1rs\u00e1ga<\/p>\n\n\n\n<p>+40 748 475 079 &#8211; B\u00e1lint Roz\u00e1lia tan\u00edt\u00f3<\/p>\n\n\n\n<p><\/p>\n\n\n\n<p><strong>Az al\u00e1bbi linken l\u00e1that\u00f3 az iskola \u00e1ltal meghat\u00e1roszott, \u00e9s a tanfel\u00fcgyel\u0151s\u00e9g \u00e1ltal j\u00f3v\u00e1hagyott speci\u00e1lis beiratkoz\u00e1si krit\u00e9riumrendszer:<\/strong><\/p>\n","protected":false},"excerpt":{"rendered":"<p>T\u00e1j\u00e9koztat\u00e1s a 2026\/2027-es tan\u00e9vben a Berde M\u00f3zes Unit\u00e1rius Gimn\u00e1ziumban indul\u00f3 EL\u0150K\u00c9SZ\u00cdT\u0150 oszt\u00e1lyba val\u00f3 beiratkoz\u00e1sr\u00f3l A Berde M\u00f3zes Unit\u00e1rius Gimn\u00e1ziumban a 2026\/2027-es tan\u00e9vben az el\u0151k\u00e9sz\u00edt\u0151 oszt\u00e1ly B\u00e1lint Roz\u00e1lia tan\u00edt\u00f3n\u0151 ir\u00e1ny\u00edt\u00e1s\u00e1val indul. &#8230;<\/p>\n","protected":false},"author":1,"featured_media":27,"parent":0,"menu_order":0,"comment_status":"closed","ping_status":"closed","template":"","meta":{"footnotes":""},"yoast_head":"<!-- This site is optimized with the Yoast SEO plugin v21.9.1 - https:\/\/yoast.com\/wordpress\/plugins\/seo\/ -->\n<title>Beiratkoz\u00e1s az el\u0151k\u00e9sz\u00edt\u0151 oszt\u00e1lyba a 2026-2027-es tan\u00e9vre - Berde M\u00f3zes Unit\u00e1rius Gimn\u00e1zium<\/title>\n<meta name=\"robots\" content=\"noindex, follow, max-snippet:-1, max-image-preview:large, max-video-preview:-1\" \/>\n<meta property=\"og:locale\" content=\"hu_HU\" \/>\n<meta property=\"og:type\" content=\"article\" \/>\n<meta property=\"og:title\" content=\"Beiratkoz\u00e1s az el\u0151k\u00e9sz\u00edt\u0151 oszt\u00e1lyba a 2026-2027-es tan\u00e9vre - Berde M\u00f3zes Unit\u00e1rius Gimn\u00e1zium\" \/>\n<meta property=\"og:description\" content=\"T\u00e1j\u00e9koztat\u00e1s a 2026\/2027-es tan\u00e9vben a Berde M\u00f3zes Unit\u00e1rius Gimn\u00e1ziumban indul\u00f3 EL\u0150K\u00c9SZ\u00cdT\u0150 oszt\u00e1lyba val\u00f3 beiratkoz\u00e1sr\u00f3l A Berde M\u00f3zes Unit\u00e1rius Gimn\u00e1ziumban a 2026\/2027-es tan\u00e9vben az el\u0151k\u00e9sz\u00edt\u0151 oszt\u00e1ly B\u00e1lint Roz\u00e1lia tan\u00edt\u00f3n\u0151 ir\u00e1ny\u00edt\u00e1s\u00e1val indul. ...\" \/>\n<meta property=\"og:url\" content=\"https:\/\/berdemozes.ro\/index.php\/elemi\/\" \/>\n<meta property=\"og:site_name\" content=\"Berde M\u00f3zes Unit\u00e1rius Gimn\u00e1zium\" \/>\n<meta property=\"article:publisher\" content=\"https:\/\/www.facebook.com\/bmugim\" \/>\n<meta property=\"article:modified_time\" content=\"2026-05-05T07:38:02+00:00\" \/>\n<meta property=\"og:image\" content=\"https:\/\/berdemozes.ro\/wp-content\/uploads\/2020\/11\/cropped-logo_header-1.jpg\" \/>\n\t<meta property=\"og:image:width\" content=\"60\" \/>\n\t<meta property=\"og:image:height\" content=\"85\" \/>\n\t<meta property=\"og:image:type\" content=\"image\/jpeg\" \/>\n<meta name=\"twitter:card\" content=\"summary_large_image\" \/>\n<meta name=\"twitter:label1\" content=\"Becs\u00fclt olvas\u00e1si id\u0151\" \/>\n\t<meta name=\"twitter:data1\" content=\"3 perc\" \/>\n<script type=\"application\/ld+json\" class=\"yoast-schema-graph\">{\"@context\":\"https:\/\/schema.org\",\"@graph\":[{\"@type\":\"WebPage\",\"@id\":\"https:\/\/berdemozes.ro\/index.php\/elemi\/\",\"url\":\"https:\/\/berdemozes.ro\/index.php\/elemi\/\",\"name\":\"Beiratkoz\u00e1s az el\u0151k\u00e9sz\u00edt\u0151 oszt\u00e1lyba a 2026-2027-es tan\u00e9vre - Berde M\u00f3zes Unit\u00e1rius Gimn\u00e1zium\",\"isPartOf\":{\"@id\":\"https:\/\/berdemozes.ro\/#website\"},\"datePublished\":\"2021-03-17T11:15:00+00:00\",\"dateModified\":\"2026-05-05T07:38:02+00:00\",\"breadcrumb\":{\"@id\":\"https:\/\/berdemozes.ro\/index.php\/elemi\/#breadcrumb\"},\"inLanguage\":\"hu\",\"potentialAction\":[{\"@type\":\"ReadAction\",\"target\":[\"https:\/\/berdemozes.ro\/index.php\/elemi\/\"]}]},{\"@type\":\"BreadcrumbList\",\"@id\":\"https:\/\/berdemozes.ro\/index.php\/elemi\/#breadcrumb\",\"itemListElement\":[{\"@type\":\"ListItem\",\"position\":1,\"name\":\"Home\",\"item\":\"https:\/\/berdemozes.ro\/\"},{\"@type\":\"ListItem\",\"position\":2,\"name\":\"Beiratkoz\u00e1s az el\u0151k\u00e9sz\u00edt\u0151 oszt\u00e1lyba a 2026-2027-es tan\u00e9vre\"}]},{\"@type\":\"WebSite\",\"@id\":\"https:\/\/berdemozes.ro\/#website\",\"url\":\"https:\/\/berdemozes.ro\/\",\"name\":\"Berde M\u00f3zes Unit\u00e1rius Gimn\u00e1zium\",\"description\":\"A sz\u00e9kelykereszt\u00fari Berde M\u00f3zes Unit\u00e1rius Gimn\u00e1zium weboldala.\",\"publisher\":{\"@id\":\"https:\/\/berdemozes.ro\/#organization\"},\"potentialAction\":[{\"@type\":\"SearchAction\",\"target\":{\"@type\":\"EntryPoint\",\"urlTemplate\":\"https:\/\/berdemozes.ro\/?s={search_term_string}\"},\"query-input\":\"required name=search_term_string\"}],\"inLanguage\":\"hu\"},{\"@type\":\"Organization\",\"@id\":\"https:\/\/berdemozes.ro\/#organization\",\"name\":\"Berde M\u00f3zes Unit\u00e1rius Gimn\u00e1zium\",\"url\":\"https:\/\/berdemozes.ro\/\",\"logo\":{\"@type\":\"ImageObject\",\"inLanguage\":\"hu\",\"@id\":\"https:\/\/berdemozes.ro\/#\/schema\/logo\/image\/\",\"url\":\"https:\/\/berdemozes.ro\/wp-content\/uploads\/2020\/11\/cropped-HEADER-LOGO-2-1.png\",\"contentUrl\":\"https:\/\/berdemozes.ro\/wp-content\/uploads\/2020\/11\/cropped-HEADER-LOGO-2-1.png\",\"width\":213,\"height\":48,\"caption\":\"Berde M\u00f3zes Unit\u00e1rius Gimn\u00e1zium\"},\"image\":{\"@id\":\"https:\/\/berdemozes.ro\/#\/schema\/logo\/image\/\"},\"sameAs\":[\"https:\/\/www.facebook.com\/bmugim\"]}]}<\/script>\n<!-- \/ Yoast SEO plugin. -->","yoast_head_json":{"title":"Beiratkoz\u00e1s az el\u0151k\u00e9sz\u00edt\u0151 oszt\u00e1lyba a 2026-2027-es tan\u00e9vre - Berde M\u00f3zes Unit\u00e1rius Gimn\u00e1zium","robots":{"index":"noindex","follow":"follow","max-snippet":"max-snippet:-1","max-image-preview":"max-image-preview:large","max-video-preview":"max-video-preview:-1"},"og_locale":"hu_HU","og_type":"article","og_title":"Beiratkoz\u00e1s az el\u0151k\u00e9sz\u00edt\u0151 oszt\u00e1lyba a 2026-2027-es tan\u00e9vre - Berde M\u00f3zes Unit\u00e1rius Gimn\u00e1zium","og_description":"T\u00e1j\u00e9koztat\u00e1s a 2026\/2027-es tan\u00e9vben a Berde M\u00f3zes Unit\u00e1rius Gimn\u00e1ziumban indul\u00f3 EL\u0150K\u00c9SZ\u00cdT\u0150 oszt\u00e1lyba val\u00f3 beiratkoz\u00e1sr\u00f3l A Berde M\u00f3zes Unit\u00e1rius Gimn\u00e1ziumban a 2026\/2027-es tan\u00e9vben az el\u0151k\u00e9sz\u00edt\u0151 oszt\u00e1ly B\u00e1lint Roz\u00e1lia tan\u00edt\u00f3n\u0151 ir\u00e1ny\u00edt\u00e1s\u00e1val indul. ...","og_url":"https:\/\/berdemozes.ro\/index.php\/elemi\/","og_site_name":"Berde M\u00f3zes Unit\u00e1rius Gimn\u00e1zium","article_publisher":"https:\/\/www.facebook.com\/bmugim","article_modified_time":"2026-05-05T07:38:02+00:00","og_image":[{"width":60,"height":85,"url":"https:\/\/berdemozes.ro\/wp-content\/uploads\/2020\/11\/cropped-logo_header-1.jpg","type":"image\/jpeg"}],"twitter_card":"summary_large_image","twitter_misc":{"Becs\u00fclt olvas\u00e1si id\u0151":"3 perc"},"schema":{"@context":"https:\/\/schema.org","@graph":[{"@type":"WebPage","@id":"https:\/\/berdemozes.ro\/index.php\/elemi\/","url":"https:\/\/berdemozes.ro\/index.php\/elemi\/","name":"Beiratkoz\u00e1s az el\u0151k\u00e9sz\u00edt\u0151 oszt\u00e1lyba a 2026-2027-es tan\u00e9vre - Berde M\u00f3zes Unit\u00e1rius Gimn\u00e1zium","isPartOf":{"@id":"https:\/\/berdemozes.ro\/#website"},"datePublished":"2021-03-17T11:15:00+00:00","dateModified":"2026-05-05T07:38:02+00:00","breadcrumb":{"@id":"https:\/\/berdemozes.ro\/index.php\/elemi\/#breadcrumb"},"inLanguage":"hu","potentialAction":[{"@type":"ReadAction","target":["https:\/\/berdemozes.ro\/index.php\/elemi\/"]}]},{"@type":"BreadcrumbList","@id":"https:\/\/berdemozes.ro\/index.php\/elemi\/#breadcrumb","itemListElement":[{"@type":"ListItem","position":1,"name":"Home","item":"https:\/\/berdemozes.ro\/"},{"@type":"ListItem","position":2,"name":"Beiratkoz\u00e1s az el\u0151k\u00e9sz\u00edt\u0151 oszt\u00e1lyba a 2026-2027-es tan\u00e9vre"}]},{"@type":"WebSite","@id":"https:\/\/berdemozes.ro\/#website","url":"https:\/\/berdemozes.ro\/","name":"Berde M\u00f3zes Unit\u00e1rius Gimn\u00e1zium","description":"A sz\u00e9kelykereszt\u00fari Berde M\u00f3zes Unit\u00e1rius Gimn\u00e1zium weboldala.","publisher":{"@id":"https:\/\/berdemozes.ro\/#organization"},"potentialAction":[{"@type":"SearchAction","target":{"@type":"EntryPoint","urlTemplate":"https:\/\/berdemozes.ro\/?s={search_term_string}"},"query-input":"required name=search_term_string"}],"inLanguage":"hu"},{"@type":"Organization","@id":"https:\/\/berdemozes.ro\/#organization","name":"Berde M\u00f3zes Unit\u00e1rius Gimn\u00e1zium","url":"https:\/\/berdemozes.ro\/","logo":{"@type":"ImageObject","inLanguage":"hu","@id":"https:\/\/berdemozes.ro\/#\/schema\/logo\/image\/","url":"https:\/\/berdemozes.ro\/wp-content\/uploads\/2020\/11\/cropped-HEADER-LOGO-2-1.png","contentUrl":"https:\/\/berdemozes.ro\/wp-content\/uploads\/2020\/11\/cropped-HEADER-LOGO-2-1.png","width":213,"height":48,"caption":"Berde M\u00f3zes Unit\u00e1rius Gimn\u00e1zium"},"image":{"@id":"https:\/\/berdemozes.ro\/#\/schema\/logo\/image\/"},"sameAs":["https:\/\/www.facebook.com\/bmugim"]}]}},"jetpack_sharing_enabled":true,"_links":{"self":[{"href":"https:\/\/berdemozes.ro\/index.php\/wp-json\/wp\/v2\/pages\/139"}],"collection":[{"href":"https:\/\/berdemozes.ro\/index.php\/wp-json\/wp\/v2\/pages"}],"about":[{"href":"https:\/\/berdemozes.ro\/index.php\/wp-json\/wp\/v2\/types\/page"}],"author":[{"embeddable":true,"href":"https:\/\/berdemozes.ro\/index.php\/wp-json\/wp\/v2\/users\/1"}],"replies":[{"embeddable":true,"href":"https:\/\/berdemozes.ro\/index.php\/wp-json\/wp\/v2\/comments?post=139"}],"version-history":[{"count":25,"href":"https:\/\/berdemozes.ro\/index.php\/wp-json\/wp\/v2\/pages\/139\/revisions"}],"predecessor-version":[{"id":6711,"href":"https:\/\/berdemozes.ro\/index.php\/wp-json\/wp\/v2\/pages\/139\/revisions\/6711"}],"wp:featuredmedia":[{"embeddable":true,"href":"https:\/\/berdemozes.ro\/index.php\/wp-json\/wp\/v2\/media\/27"}],"wp:attachment":[{"href":"https:\/\/berdemozes.ro\/index.php\/wp-json\/wp\/v2\/media?parent=139"}],"curies":[{"name":"wp","href":"https:\/\/api.w.org\/{rel}","templated":true}]}}