{"id":140,"date":"2020-11-10T14:56:53","date_gmt":"2020-11-10T14:56:53","guid":{"rendered":"https:\/\/berdemozes.ro\/?page_id=140"},"modified":"2025-07-11T14:50:56","modified_gmt":"2025-07-11T14:50:56","slug":"napkozi","status":"publish","type":"page","link":"https:\/\/berdemozes.ro\/index.php\/napkozi\/","title":{"rendered":"Napk\u00f6zi"},"content":{"rendered":"\n<figure class=\"wp-block-gallery has-nested-images columns-default is-cropped wp-block-gallery-1 is-layout-flex wp-block-gallery-is-layout-flex\">\n<figure class=\"wp-block-image size-large\"><a href=\"https:\/\/berdemozes.ro\/index.php\/napkozi-mosolyviragok-kozepcsoport\/\"><img fetchpriority=\"high\" decoding=\"async\" width=\"312\" height=\"241\" data-id=\"2867\" src=\"http:\/\/berdemozes.ro\/wp-content\/uploads\/2021\/02\/mosolyviragok.png\" alt=\"\" class=\"wp-image-2867\" srcset=\"https:\/\/berdemozes.ro\/wp-content\/uploads\/2021\/02\/mosolyviragok.png 312w, https:\/\/berdemozes.ro\/wp-content\/uploads\/2021\/02\/mosolyviragok-300x232.png 300w\" sizes=\"(max-width: 312px) 100vw, 312px\" \/><\/a><\/figure>\n\n\n\n<figure class=\"wp-block-image size-large\"><a href=\"https:\/\/berdemozes.ro\/index.php\/napkozi-mosolymanok-nagycsoport\/\"><img decoding=\"async\" width=\"348\" height=\"290\" data-id=\"2866\" src=\"http:\/\/berdemozes.ro\/wp-content\/uploads\/2021\/02\/mosolymanok.png\" alt=\"\" class=\"wp-image-2866\" srcset=\"https:\/\/berdemozes.ro\/wp-content\/uploads\/2021\/02\/mosolymanok.png 348w, https:\/\/berdemozes.ro\/wp-content\/uploads\/2021\/02\/mosolymanok-300x250.png 300w\" sizes=\"(max-width: 348px) 100vw, 348px\" \/><\/a><\/figure>\n\n\n\n<figure class=\"wp-block-image size-large\"><a href=\"https:\/\/berdemozes.ro\/index.php\/ovoda-mosolymadarkak\/\"><img decoding=\"async\" width=\"334\" height=\"273\" data-id=\"2865\" src=\"http:\/\/berdemozes.ro\/wp-content\/uploads\/2021\/02\/mosolymadarkak.png\" alt=\"\" class=\"wp-image-2865\" srcset=\"https:\/\/berdemozes.ro\/wp-content\/uploads\/2021\/02\/mosolymadarkak.png 334w, https:\/\/berdemozes.ro\/wp-content\/uploads\/2021\/02\/mosolymadarkak-300x245.png 300w\" sizes=\"(max-width: 334px) 100vw, 334px\" \/><\/a><\/figure>\n<figcaption class=\"blocks-gallery-caption wp-element-caption\"><em>Kattint\u00e1ssal v\u00e1laszthat csoportot a gal\u00e9ri\u00e1k megtekint\u00e9s\u00e9hez.<\/em><br>&nbsp;<\/figcaption><\/figure>\n\n\n<div class=\"wp-block-image\">\n<figure class=\"aligncenter size-large is-resized\"><img loading=\"lazy\" decoding=\"async\" width=\"1024\" height=\"683\" src=\"http:\/\/berdemozes.ro\/wp-content\/uploads\/2020\/11\/slider-2-1024x683.jpg\" alt=\"\" class=\"wp-image-253\" style=\"width:584px;height:388px\" srcset=\"https:\/\/berdemozes.ro\/wp-content\/uploads\/2020\/11\/slider-2-1024x683.jpg 1024w, https:\/\/berdemozes.ro\/wp-content\/uploads\/2020\/11\/slider-2-scaled-600x400.jpg 600w, https:\/\/berdemozes.ro\/wp-content\/uploads\/2020\/11\/slider-2-300x200.jpg 300w, https:\/\/berdemozes.ro\/wp-content\/uploads\/2020\/11\/slider-2-768x512.jpg 768w, https:\/\/berdemozes.ro\/wp-content\/uploads\/2020\/11\/slider-2-1536x1024.jpg 1536w, https:\/\/berdemozes.ro\/wp-content\/uploads\/2020\/11\/slider-2-2048x1365.jpg 2048w\" sizes=\"(max-width: 1024px) 100vw, 1024px\" \/><\/figure><\/div>\n\n\n<figure class=\"wp-block-image size-full is-resized\"><img loading=\"lazy\" decoding=\"async\" width=\"900\" height=\"335\" src=\"http:\/\/berdemozes.ro\/wp-content\/uploads\/2025\/01\/Napi-ossz-vagott_resize.jpg\" alt=\"\" class=\"wp-image-6176\" style=\"width:840px;height:auto\" srcset=\"https:\/\/berdemozes.ro\/wp-content\/uploads\/2025\/01\/Napi-ossz-vagott_resize.jpg 900w, https:\/\/berdemozes.ro\/wp-content\/uploads\/2025\/01\/Napi-ossz-vagott_resize-300x112.jpg 300w, https:\/\/berdemozes.ro\/wp-content\/uploads\/2025\/01\/Napi-ossz-vagott_resize-768x286.jpg 768w\" sizes=\"(max-width: 900px) 100vw, 900px\" \/><\/figure>\n\n\n\n<p>2024 decembere<\/p>\n\n\n\n<figure class=\"wp-block-image size-full is-resized\"><img loading=\"lazy\" decoding=\"async\" width=\"900\" height=\"600\" src=\"http:\/\/berdemozes.ro\/wp-content\/uploads\/2025\/01\/nagy-cs_resize.jpg\" alt=\"\" class=\"wp-image-6175\" style=\"width:840px;height:auto\" srcset=\"https:\/\/berdemozes.ro\/wp-content\/uploads\/2025\/01\/nagy-cs_resize.jpg 900w, https:\/\/berdemozes.ro\/wp-content\/uploads\/2025\/01\/nagy-cs_resize-300x200.jpg 300w, https:\/\/berdemozes.ro\/wp-content\/uploads\/2025\/01\/nagy-cs_resize-768x512.jpg 768w\" sizes=\"(max-width: 900px) 100vw, 900px\" \/><\/figure>\n\n\n\n<p><\/p>\n\n\n\n<figure class=\"wp-block-image size-full\"><img loading=\"lazy\" decoding=\"async\" width=\"900\" height=\"600\" src=\"http:\/\/berdemozes.ro\/wp-content\/uploads\/2025\/01\/kozep-cs_resize.jpg\" alt=\"\" class=\"wp-image-6174\" srcset=\"https:\/\/berdemozes.ro\/wp-content\/uploads\/2025\/01\/kozep-cs_resize.jpg 900w, https:\/\/berdemozes.ro\/wp-content\/uploads\/2025\/01\/kozep-cs_resize-300x200.jpg 300w, https:\/\/berdemozes.ro\/wp-content\/uploads\/2025\/01\/kozep-cs_resize-768x512.jpg 768w\" sizes=\"(max-width: 900px) 100vw, 900px\" \/><\/figure>\n\n\n\n<p><\/p>\n\n\n\n<figure class=\"wp-block-image size-full\"><img loading=\"lazy\" decoding=\"async\" width=\"900\" height=\"600\" src=\"http:\/\/berdemozes.ro\/wp-content\/uploads\/2025\/01\/kis-csoport_resize.jpg\" alt=\"\" class=\"wp-image-6173\" srcset=\"https:\/\/berdemozes.ro\/wp-content\/uploads\/2025\/01\/kis-csoport_resize.jpg 900w, https:\/\/berdemozes.ro\/wp-content\/uploads\/2025\/01\/kis-csoport_resize-300x200.jpg 300w, https:\/\/berdemozes.ro\/wp-content\/uploads\/2025\/01\/kis-csoport_resize-768x512.jpg 768w\" sizes=\"(max-width: 900px) 100vw, 900px\" \/><\/figure>\n\n\n\n<p><\/p>\n\n\n<p><!--more--><\/p>\n<p style=\"text-align: justify;\"><strong>K\u00fcldet\u00e9s\u00fcnk<\/strong><\/p>\n<p>\u00a0\u00a0\u00a0\u00a0\u00a0\u00a0\u00a0\u00a0\u00a0\u00a0\u00a0 A Berde M\u00f3zes Unit\u00e1rius Gimn\u00e1zium jelmondata a <em>Musis et virtutibus<\/em>\u00a0szellem\u00e9ben m\u00e1r az \u00f3vod\u00e1nkban is a gyermekek testi \u00e9s szellemi, valamint lelki \u00e9s \u00e9rzelmi fejl\u0151d\u00e9s\u00e9t igyeksz\u00fcnk el\u0151seg\u00edteni.<\/p>\n<p>Koruknak megfelel\u0151 m\u00f3don nevelj\u00fck \u0151ket anyanyelv\u00fcnk, kult\u00far\u00e1nk, kereszt\u00e9ny \u00e9s n\u00e9pi hagyom\u00e1nyaink tisztelet\u00e9re \u00e9s gyakorl\u00e1s\u00e1ra. Nemzetk\u00f6zileg elismert \u00e9s bev\u00e1lt nevel\u00e9si m\u00f3dszereket \u00f6tv\u00f6zve, saj\u00e1tos \u00f3vodapedag\u00f3gi\u00e1t gyakorlunk: minden gyermek egy\u00e9nis\u00e9g\u00e9t k\u00fcl\u00f6n figyelembe v\u00e9ve, de k\u00f6z\u00f6ss\u00e9get \u00e9p\u00edtve k\u00eds\u00e9rj\u00fck a fejl\u0151d\u00e9s\u00fcket.<\/p>\n<p>Korszer\u0171 infrastrukt\u00fara, ig\u00e9nyesen kialak\u00edtott \u00e9s otthonoss\u00e1 var\u00e1zsolt k\u00f6rnyezet, gazdagon felszerelt kinti \u00e9s benti j\u00e1tsz\u00f3park, eg\u00e9szs\u00e9ges \u00e9tkeztet\u00e9s, sz\u00e1mos rendszeres \u00e9s\u00a0\u00a0 egyedi, k\u00fcl\u00f6nleges tev\u00e9kenys\u00e9g \u2013 int\u00e9zm\u00e9ny\u00fcnkben minden a gyermek\u00e9rt \u00e9s a mosolyuk\u00e9rt van. E nagyszer\u0171 fizikai k\u00f6r\u00fclm\u00e9nyek kiv\u00e1l\u00f3 keretet biztos\u00edtanak nevel\u0151i munk\u00e1nkhoz, amelyet odaad\u00e1ssal \u00e9s elhivatotts\u00e1ggal v\u00e9gz\u00fcnk, hiszen szeretj\u00fck \u00e9s tisztelj\u00fck a gyermekeket.<\/p>\n<p><strong>A legfontosabb sz\u00e1munkra a gyermekek mosolya.<\/strong><\/p>\n<p><strong>\u00a0\u00a0\u00a0\u00a0\u00a0\u00a0 <\/strong>K\u00fcldet\u00e9s\u00fcnknek tartjuk \u00fagy gondoskodni a r\u00e1nk b\u00edzottakr\u00f3l, hogy \u0151szinte, gondtalan, mosolyg\u00f3 gyermekek lehessenek \u2013 nem csak a n\u00e1lunk t\u00f6lt\u00f6tt h\u00e1rom \u00e9v sor\u00e1n, de \u00f3vod\u00e1nkb\u00f3l, \u201e<strong>a mosoly otthon\u00e1b\u00f3l<\/strong>\u201d indulva majd iskol\u00e1sk\u00e9nt \u00e9s feln\u0151ttk\u00e9nt is \u00e9letszeret\u0151, tiszta sz\u00edv\u0171, lelkes, mosolyg\u00f3 emberek legyenek.<\/p>\n<p><strong>M\u0171k\u00f6d\u00e9s\u00fcnk<\/strong><\/p>\n<p>Napk\u00f6ziotthonos \u00f3vod\u00e1nk korszer\u0171, biztons\u00e1gos \u00e9s otthonos k\u00f6rnyezetet biztos\u00edt a gyermekek sz\u00e1m\u00e1ra:<\/p>\n<ul>\n<li>j\u00e1t\u00e9kokkal \u00e9s tanszerekkel gazdagon felszerelt, \u00edzl\u00e9sesen berendezett termek<\/li>\n<li>eb\u00e9dl\u0151, eg\u00e9szs\u00e9g\u00fcgyi szoba elk\u00fcl\u00f6n\u00edt\u0151vel, benti j\u00e1tsz\u00f3h\u00e1z, kinti j\u00e1tsz\u00f3t\u00e9r<\/li>\n<li>nevel\u00e9si c\u00e9lokra \u00e9s szabadt\u00e9ri foglalkoz\u00e1sokra kialak\u00edtott udvar \u00e9s kert<\/li>\n<\/ul>\n<p>3 csoporttal m\u0171k\u00f6d\u00fcnk, a gyermekek \u00e9letkora alapj\u00e1n kialak\u00edtott homog\u00e9n csoportoknak k\u00e9t-k\u00e9t szakk\u00e9pzett \u00f3vodapedag\u00f3gusa van:<\/p>\n<ul>\n<li><em>Mosolymad\u00e1rk\u00e1k<\/em> kiscsoport &#8211; Bulz Rebeka, Fazakas T\u00fcnde<\/li>\n<li><em>Mosolyvir\u00e1gok<\/em> k\u00f6z\u00e9p csoport &#8211; M\u00e1th\u00e9 Irma, P\u00e9ter Annabella<\/li>\n<li><em>Mosolyman\u00f3k<\/em> nagycsoport &#8211; Major Ildik\u00f3 Katalin, Nagy Levente<\/li>\n<\/ul>\n<p>A nevel\u0151 munk\u00e1t \u00f3vodai kiseg\u00edt\u0151 szem\u00e9lyzet t\u00e1mogatja, a gyermekek eg\u00e9szs\u00e9g\u00fcgyi ell\u00e1t\u00e1s\u00e1r\u00f3l eg\u00e9szs\u00e9g\u00fcgyi asszisztens gondoskodik.<\/p>\n<p>A k\u00f6telez\u0151 tanterv k\u00f6vet\u00e9se mellett rendszeresen tartunk egyedi programokat:<\/p>\n<ul>\n<li>angol nyelv\u0171 j\u00e1t\u00e9kos foglalkoz\u00e1sok (nyelvtan\u00e1r ir\u00e1ny\u00edt\u00e1s\u00e1val, Erd\u00e9lyi Ifj\u00fas\u00e1gi Egyes\u00fclet \u00f6nk\u00e9ntesei)<\/li>\n<li>k\u00f6rnyezettudatos nevel\u00e9s (elm\u00e9leti \u00e9s gyakorlati term\u00e9szetv\u00e9delmi programok)<\/li>\n<li>hagyom\u00e1ny\u00e1pol\u00e1s: n\u00e9pt\u00e1nc tan\u00edt\u00e1s, kereszt\u00e9ny \u00fcnnepk\u00f6r\u00f6kh\u00f6z kapcsol\u00f3d\u00f3 programok, k\u00e9zm\u0171ves tev\u00e9kenys\u00e9gek (lehet\u0151s\u00e9g szerint a sz\u00fcl\u0151kkel k\u00f6z\u00f6sen)<\/li>\n<li>projekt m\u00f3dszer alkalmaz\u00e1sa<\/li>\n<li>\u201e\u00cdgy nevelj\u00fcnk\u201d program a sz\u00fcl\u0151k sz\u00e1m\u00e1ra, egy\u00e9ni\/k\u00f6z\u00f6ss\u00e9gi nevel\u00e9si tan\u00e1csad\u00e1s<\/li>\n<li>logop\u00e9diai foglalkoz\u00e1s, speci\u00e1lis foglalkoz\u00e1s a gyerekekkel sz\u00fcl\u0151i k\u00e9r\u00e9sre, \u00f3vodapedag\u00f3gusi aj\u00e1nl\u00e1sra<\/li>\n<li>int\u00e9zm\u00e9nyen k\u00edv\u00fcl szervezett programok (v\u00e1rosi k\u00f6nyvt\u00e1rban, m\u00fazeumban stb.), el\u0151ad\u00e1sok l\u00e1togat\u00e1sa (b\u00e1bsz\u00ednh\u00e1z stb.), kir\u00e1ndul\u00e1sok (S\u00f3sk\u00fat, k\u00f6rny\u00e9k stb.)<\/li>\n<\/ul>\n<p>A gyermekekkel k\u00f6z\u00f6sen tematikus napokat tartunk (N\u00e9pmese Napja, Mosoly-Nap, Tolerancia-Nap, F\u00f6ld Napja), r\u00e9szt vesz\u00fcnk a gimn\u00e1zium k\u00fcl\u00f6nb\u00f6z\u0151 rendezv\u00e9nyein, k\u00f6z\u00f6ss\u00e9gi esem\u00e9nyein.<\/p>\n<p>K\u00f6z\u00f6ss\u00e9gi rendezv\u00e9nyeink sz\u00fcl\u0151i r\u00e9szv\u00e9tellel:<\/p>\n<ul>\n<li>Sz\u00fcl\u0151i \u00e9rtekezletek<\/li>\n<li>Sz\u00fcreti mulats\u00e1g<\/li>\n<li>T\u00f6kfarag\u00f3 k\u00f6z\u00f6ss\u00e9gi d\u00e9lut\u00e1n<\/li>\n<li>Adventi k\u00e9zm\u0171ves d\u00e9lut\u00e1n<\/li>\n<li>Kar\u00e1csonyi \u00fcnnep\u00e9ly<\/li>\n<li>Sz\u00fcl\u0151i b\u00e1l<\/li>\n<li>Farsang<\/li>\n<li>Any\u00e1k napi \u00fcnneps\u00e9g<\/li>\n<li>Gyermeknap<\/li>\n<li>\u00c9vnyit\u00f3, \u00e9vz\u00e1r\u00f3 \u00fcnnep\u00e9ly<\/li>\n<\/ul>\n<p>Nyitva tart\u00e1s:\u00a0 H\u00e9tf\u0151 \u2013 p\u00e9ntek, 07:30 \u2013 17:00<\/p>\n<p><strong style=\"color: #000000; font-family: var( --e-global-typography-text-font-family ), Sans-serif;\">Napirend:<\/strong><\/p>\n<p>07:30 \u2013 08:45 &#8211; gyermekek fogad\u00e1sa<\/p>\n<p>09:00 \u2013 09:30 &#8211; reggeli<\/p>\n<p>09:30 \u2013 12:00 &#8211; szem\u00e9lyis\u00e9gfejleszt\u0151, tapasztalati \u00e9lm\u00e9nyalap\u00fa tev\u00e9kenys\u00e9gek,<\/p>\n<p>szabadon v\u00e1lasztott j\u00e1t\u00e9kok<\/p>\n<p>12:00 \u2013 13:00 &#8211; eb\u00e9d<\/p>\n<p>13:00 \u2013 15:30 &#8211; d\u00e9lut\u00e1ni pihen\u00e9s, szem\u00e9lyi fejleszt\u0151 tev\u00e9kenys\u00e9g<\/p>\n<p>15:30 \u2013 16:00 &#8211; uzsonna<\/p>\n<p>16:00 \u2013 16:30 &#8211; felz\u00e1rk\u00f3ztat\u00f3 tev\u00e9kenys\u00e9gek, szabadon v\u00e1lasztott (kinti\/benti) j\u00e1t\u00e9kok<\/p>\n<h3>J\u00e1tsz\u00f3h\u00e1z<\/h3>\n<p><img loading=\"lazy\" decoding=\"async\" class=\"\" src=\"http:\/\/berdemozes.ro\/wp-content\/uploads\/2021\/02\/Jatszohaz1-300x400.jpeg\" alt=\"\" width=\"375\" height=\"500\" \/> <img loading=\"lazy\" decoding=\"async\" class=\"\" src=\"http:\/\/berdemozes.ro\/wp-content\/uploads\/2021\/02\/Jatszohaz3-300x400.jpeg\" alt=\"\" width=\"373\" height=\"497\" \/><\/p>\n\n\n<figure class=\"wp-block-image size-large\"><img loading=\"lazy\" decoding=\"async\" width=\"1024\" height=\"768\" src=\"http:\/\/berdemozes.ro\/wp-content\/uploads\/2021\/02\/Mosolymanok3-1-1024x768.jpeg\" alt=\"\" class=\"wp-image-2860\" srcset=\"https:\/\/berdemozes.ro\/wp-content\/uploads\/2021\/02\/Mosolymanok3-1-1024x768.jpeg 1024w, https:\/\/berdemozes.ro\/wp-content\/uploads\/2021\/02\/Mosolymanok3-1-300x225.jpeg 300w, https:\/\/berdemozes.ro\/wp-content\/uploads\/2021\/02\/Mosolymanok3-1-768x576.jpeg 768w, https:\/\/berdemozes.ro\/wp-content\/uploads\/2021\/02\/Mosolymanok3-1-1536x1152.jpeg 1536w, https:\/\/berdemozes.ro\/wp-content\/uploads\/2021\/02\/Mosolymanok3-1-2048x1536.jpeg 2048w\" sizes=\"(max-width: 1024px) 100vw, 1024px\" \/><\/figure>\n\n\n\n<p><\/p>\n\n\n\n<figure class=\"wp-block-image size-large\"><img loading=\"lazy\" decoding=\"async\" width=\"1024\" height=\"768\" src=\"http:\/\/berdemozes.ro\/wp-content\/uploads\/2021\/02\/Mosolymadarkak1-1-1024x768.jpeg\" alt=\"\" class=\"wp-image-2854\" srcset=\"https:\/\/berdemozes.ro\/wp-content\/uploads\/2021\/02\/Mosolymadarkak1-1-1024x768.jpeg 1024w, https:\/\/berdemozes.ro\/wp-content\/uploads\/2021\/02\/Mosolymadarkak1-1-300x225.jpeg 300w, https:\/\/berdemozes.ro\/wp-content\/uploads\/2021\/02\/Mosolymadarkak1-1-768x576.jpeg 768w, https:\/\/berdemozes.ro\/wp-content\/uploads\/2021\/02\/Mosolymadarkak1-1-1536x1152.jpeg 1536w, https:\/\/berdemozes.ro\/wp-content\/uploads\/2021\/02\/Mosolymadarkak1-1.jpeg 1600w\" sizes=\"(max-width: 1024px) 100vw, 1024px\" \/><\/figure>\n\n\n\n<p><\/p>\n\n\n\n<figure class=\"wp-block-image size-large\"><img loading=\"lazy\" decoding=\"async\" width=\"1024\" height=\"768\" src=\"http:\/\/berdemozes.ro\/wp-content\/uploads\/2021\/02\/Mosolymanok4-1-1024x768.jpeg\" alt=\"\" class=\"wp-image-2856\" srcset=\"https:\/\/berdemozes.ro\/wp-content\/uploads\/2021\/02\/Mosolymanok4-1-1024x768.jpeg 1024w, https:\/\/berdemozes.ro\/wp-content\/uploads\/2021\/02\/Mosolymanok4-1-300x225.jpeg 300w, https:\/\/berdemozes.ro\/wp-content\/uploads\/2021\/02\/Mosolymanok4-1-768x576.jpeg 768w, https:\/\/berdemozes.ro\/wp-content\/uploads\/2021\/02\/Mosolymanok4-1-1536x1152.jpeg 1536w, https:\/\/berdemozes.ro\/wp-content\/uploads\/2021\/02\/Mosolymanok4-1-2048x1536.jpeg 2048w\" sizes=\"(max-width: 1024px) 100vw, 1024px\" \/><\/figure>\n\n\n\n<p><\/p>\n\n\n<div class=\"wp-block-image\">\n<figure class=\"aligncenter size-full\"><img loading=\"lazy\" decoding=\"async\" width=\"627\" height=\"466\" src=\"http:\/\/berdemozes.ro\/wp-content\/uploads\/2021\/02\/nagy.png\" alt=\"\" class=\"wp-image-2864\" srcset=\"https:\/\/berdemozes.ro\/wp-content\/uploads\/2021\/02\/nagy.png 627w, https:\/\/berdemozes.ro\/wp-content\/uploads\/2021\/02\/nagy-300x223.png 300w\" sizes=\"(max-width: 627px) 100vw, 627px\" \/><\/figure><\/div>","protected":false},"excerpt":{"rendered":"<p>2024 decembere<\/p>\n","protected":false},"author":1,"featured_media":0,"parent":0,"menu_order":0,"comment_status":"closed","ping_status":"closed","template":"","meta":{"footnotes":""},"yoast_head":"<!-- This site is optimized with the Yoast SEO plugin v21.9.1 - https:\/\/yoast.com\/wordpress\/plugins\/seo\/ -->\n<title>Napk\u00f6zi - Berde M\u00f3zes Unit\u00e1rius Gimn\u00e1zium<\/title>\n<meta name=\"robots\" content=\"noindex, follow, max-snippet:-1, max-image-preview:large, max-video-preview:-1\" \/>\n<meta property=\"og:locale\" content=\"hu_HU\" \/>\n<meta property=\"og:type\" content=\"article\" \/>\n<meta property=\"og:title\" content=\"Napk\u00f6zi - Berde M\u00f3zes Unit\u00e1rius Gimn\u00e1zium\" \/>\n<meta property=\"og:description\" content=\"2024 decembere\" \/>\n<meta property=\"og:url\" content=\"https:\/\/berdemozes.ro\/index.php\/napkozi\/\" \/>\n<meta property=\"og:site_name\" content=\"Berde M\u00f3zes Unit\u00e1rius Gimn\u00e1zium\" \/>\n<meta property=\"article:publisher\" content=\"https:\/\/www.facebook.com\/bmugim\" \/>\n<meta property=\"article:modified_time\" content=\"2025-07-11T14:50:56+00:00\" \/>\n<meta property=\"og:image\" content=\"http:\/\/berdemozes.ro\/wp-content\/uploads\/2021\/02\/mosolyviragok.png\" \/>\n<meta name=\"twitter:card\" content=\"summary_large_image\" \/>\n<meta name=\"twitter:label1\" content=\"Becs\u00fclt olvas\u00e1si id\u0151\" \/>\n\t<meta name=\"twitter:data1\" content=\"6 perc\" \/>\n<script type=\"application\/ld+json\" class=\"yoast-schema-graph\">{\"@context\":\"https:\/\/schema.org\",\"@graph\":[{\"@type\":\"WebPage\",\"@id\":\"https:\/\/berdemozes.ro\/index.php\/napkozi\/\",\"url\":\"https:\/\/berdemozes.ro\/index.php\/napkozi\/\",\"name\":\"Napk\u00f6zi - Berde M\u00f3zes Unit\u00e1rius Gimn\u00e1zium\",\"isPartOf\":{\"@id\":\"https:\/\/berdemozes.ro\/#website\"},\"datePublished\":\"2020-11-10T14:56:53+00:00\",\"dateModified\":\"2025-07-11T14:50:56+00:00\",\"breadcrumb\":{\"@id\":\"https:\/\/berdemozes.ro\/index.php\/napkozi\/#breadcrumb\"},\"inLanguage\":\"hu\",\"potentialAction\":[{\"@type\":\"ReadAction\",\"target\":[\"https:\/\/berdemozes.ro\/index.php\/napkozi\/\"]}]},{\"@type\":\"BreadcrumbList\",\"@id\":\"https:\/\/berdemozes.ro\/index.php\/napkozi\/#breadcrumb\",\"itemListElement\":[{\"@type\":\"ListItem\",\"position\":1,\"name\":\"Home\",\"item\":\"https:\/\/berdemozes.ro\/\"},{\"@type\":\"ListItem\",\"position\":2,\"name\":\"Napk\u00f6zi\"}]},{\"@type\":\"WebSite\",\"@id\":\"https:\/\/berdemozes.ro\/#website\",\"url\":\"https:\/\/berdemozes.ro\/\",\"name\":\"Berde M\u00f3zes Unit\u00e1rius Gimn\u00e1zium\",\"description\":\"A sz\u00e9kelykereszt\u00fari Berde M\u00f3zes Unit\u00e1rius Gimn\u00e1zium weboldala.\",\"publisher\":{\"@id\":\"https:\/\/berdemozes.ro\/#organization\"},\"potentialAction\":[{\"@type\":\"SearchAction\",\"target\":{\"@type\":\"EntryPoint\",\"urlTemplate\":\"https:\/\/berdemozes.ro\/?s={search_term_string}\"},\"query-input\":\"required name=search_term_string\"}],\"inLanguage\":\"hu\"},{\"@type\":\"Organization\",\"@id\":\"https:\/\/berdemozes.ro\/#organization\",\"name\":\"Berde M\u00f3zes Unit\u00e1rius Gimn\u00e1zium\",\"url\":\"https:\/\/berdemozes.ro\/\",\"logo\":{\"@type\":\"ImageObject\",\"inLanguage\":\"hu\",\"@id\":\"https:\/\/berdemozes.ro\/#\/schema\/logo\/image\/\",\"url\":\"https:\/\/berdemozes.ro\/wp-content\/uploads\/2020\/11\/cropped-HEADER-LOGO-2-1.png\",\"contentUrl\":\"https:\/\/berdemozes.ro\/wp-content\/uploads\/2020\/11\/cropped-HEADER-LOGO-2-1.png\",\"width\":213,\"height\":48,\"caption\":\"Berde M\u00f3zes Unit\u00e1rius Gimn\u00e1zium\"},\"image\":{\"@id\":\"https:\/\/berdemozes.ro\/#\/schema\/logo\/image\/\"},\"sameAs\":[\"https:\/\/www.facebook.com\/bmugim\"]}]}<\/script>\n<!-- \/ Yoast SEO plugin. -->","yoast_head_json":{"title":"Napk\u00f6zi - Berde M\u00f3zes Unit\u00e1rius Gimn\u00e1zium","robots":{"index":"noindex","follow":"follow","max-snippet":"max-snippet:-1","max-image-preview":"max-image-preview:large","max-video-preview":"max-video-preview:-1"},"og_locale":"hu_HU","og_type":"article","og_title":"Napk\u00f6zi - Berde M\u00f3zes Unit\u00e1rius Gimn\u00e1zium","og_description":"2024 decembere","og_url":"https:\/\/berdemozes.ro\/index.php\/napkozi\/","og_site_name":"Berde M\u00f3zes Unit\u00e1rius Gimn\u00e1zium","article_publisher":"https:\/\/www.facebook.com\/bmugim","article_modified_time":"2025-07-11T14:50:56+00:00","og_image":[{"url":"http:\/\/berdemozes.ro\/wp-content\/uploads\/2021\/02\/mosolyviragok.png"}],"twitter_card":"summary_large_image","twitter_misc":{"Becs\u00fclt olvas\u00e1si id\u0151":"6 perc"},"schema":{"@context":"https:\/\/schema.org","@graph":[{"@type":"WebPage","@id":"https:\/\/berdemozes.ro\/index.php\/napkozi\/","url":"https:\/\/berdemozes.ro\/index.php\/napkozi\/","name":"Napk\u00f6zi - Berde M\u00f3zes Unit\u00e1rius Gimn\u00e1zium","isPartOf":{"@id":"https:\/\/berdemozes.ro\/#website"},"datePublished":"2020-11-10T14:56:53+00:00","dateModified":"2025-07-11T14:50:56+00:00","breadcrumb":{"@id":"https:\/\/berdemozes.ro\/index.php\/napkozi\/#breadcrumb"},"inLanguage":"hu","potentialAction":[{"@type":"ReadAction","target":["https:\/\/berdemozes.ro\/index.php\/napkozi\/"]}]},{"@type":"BreadcrumbList","@id":"https:\/\/berdemozes.ro\/index.php\/napkozi\/#breadcrumb","itemListElement":[{"@type":"ListItem","position":1,"name":"Home","item":"https:\/\/berdemozes.ro\/"},{"@type":"ListItem","position":2,"name":"Napk\u00f6zi"}]},{"@type":"WebSite","@id":"https:\/\/berdemozes.ro\/#website","url":"https:\/\/berdemozes.ro\/","name":"Berde M\u00f3zes Unit\u00e1rius Gimn\u00e1zium","description":"A sz\u00e9kelykereszt\u00fari Berde M\u00f3zes Unit\u00e1rius Gimn\u00e1zium weboldala.","publisher":{"@id":"https:\/\/berdemozes.ro\/#organization"},"potentialAction":[{"@type":"SearchAction","target":{"@type":"EntryPoint","urlTemplate":"https:\/\/berdemozes.ro\/?s={search_term_string}"},"query-input":"required name=search_term_string"}],"inLanguage":"hu"},{"@type":"Organization","@id":"https:\/\/berdemozes.ro\/#organization","name":"Berde M\u00f3zes Unit\u00e1rius Gimn\u00e1zium","url":"https:\/\/berdemozes.ro\/","logo":{"@type":"ImageObject","inLanguage":"hu","@id":"https:\/\/berdemozes.ro\/#\/schema\/logo\/image\/","url":"https:\/\/berdemozes.ro\/wp-content\/uploads\/2020\/11\/cropped-HEADER-LOGO-2-1.png","contentUrl":"https:\/\/berdemozes.ro\/wp-content\/uploads\/2020\/11\/cropped-HEADER-LOGO-2-1.png","width":213,"height":48,"caption":"Berde M\u00f3zes Unit\u00e1rius Gimn\u00e1zium"},"image":{"@id":"https:\/\/berdemozes.ro\/#\/schema\/logo\/image\/"},"sameAs":["https:\/\/www.facebook.com\/bmugim"]}]}},"jetpack_sharing_enabled":true,"_links":{"self":[{"href":"https:\/\/berdemozes.ro\/index.php\/wp-json\/wp\/v2\/pages\/140"}],"collection":[{"href":"https:\/\/berdemozes.ro\/index.php\/wp-json\/wp\/v2\/pages"}],"about":[{"href":"https:\/\/berdemozes.ro\/index.php\/wp-json\/wp\/v2\/types\/page"}],"author":[{"embeddable":true,"href":"https:\/\/berdemozes.ro\/index.php\/wp-json\/wp\/v2\/users\/1"}],"replies":[{"embeddable":true,"href":"https:\/\/berdemozes.ro\/index.php\/wp-json\/wp\/v2\/comments?post=140"}],"version-history":[{"count":75,"href":"https:\/\/berdemozes.ro\/index.php\/wp-json\/wp\/v2\/pages\/140\/revisions"}],"predecessor-version":[{"id":6408,"href":"https:\/\/berdemozes.ro\/index.php\/wp-json\/wp\/v2\/pages\/140\/revisions\/6408"}],"wp:attachment":[{"href":"https:\/\/berdemozes.ro\/index.php\/wp-json\/wp\/v2\/media?parent=140"}],"curies":[{"name":"wp","href":"https:\/\/api.w.org\/{rel}","templated":true}]}}