{"id":148,"date":"2020-11-10T14:56:53","date_gmt":"2020-11-10T14:56:53","guid":{"rendered":"https:\/\/berdemozes.ro\/?page_id=148"},"modified":"2022-10-07T23:23:48","modified_gmt":"2022-10-07T23:23:48","slug":"allami","status":"publish","type":"page","link":"https:\/\/berdemozes.ro\/index.php\/allami\/","title":{"rendered":"\u00c1llami \u00f6szt\u00f6nd\u00edjak a 2022-2023-as tan\u00e9vben"},"content":{"rendered":"\n<p><strong>A Tan\u00fcgyminiszt\u00e9rium \u00e1ltal biztos\u00edtott Szoci\u00e1lis, Tanulm\u00e1nyi \u00e9s \u00c9rdem \u00f6szt\u00f6nd\u00edjak, illetve L\u00edceuli p\u00e9nz<\/strong>.<\/p>\n\n\n\n<p><strong>Az al\u00e1bb let\u00f6lthet\u0151  dokumentumokban r\u00e9szletes le\u00edr\u00e1st tal\u00e1l a megh\u00edrdetett \u00f6szt\u00f6nd\u00edjakr\u00f3l, hat\u00e1rid\u0151kr\u0151l \u00e9s aktu\u00e1lis elb\u00edr\u00e1l\u00e1si eredm\u00e9nyekr\u0151l. <\/strong><\/p>\n\n\n\n<p class=\"has-small-font-size\"><strong>A 2022\/2023-as tan\u00e9vben az iratcsom\u00f3k lead\u00e1si hat\u00e1rideje: 2022. szeptember 19-27.<\/strong> <strong>Az iratokat az oszt\u00e1lynevel\u0151k gy\u0171jtik be, majd \u00e1tadj\u00e1k az \u00f6szt\u00f6nd\u00edjbizotts\u00e1gnak. <\/strong><\/p>\n\n\n\n<p><strong>Al\u00e1bb tal\u00e1lja a let\u00f6ltleh\u0151 formanyomtatv\u00e1nyokat kateg\u00f3ri\u00e1nk\u00e9nt<\/strong>.<\/p>\n\n\n\n<ol class=\"has-medium-font-size\"><li><strong>SZOCI\u00c1LIS \u00d6SZT\u00d6ND\u00cdJ<\/strong><\/li><\/ol>\n\n\n\n<div class=\"wp-block-file\"><a id=\"wp-block-file--media-19fe332d-eea3-4d79-a069-73c7f768dcd4\" href=\"https:\/\/berdemozes.ro\/wp-content\/uploads\/2022\/09\/BSoc-Cerere-bursa-de-ajutor-social-boala-2022-2023.docx\">BSoc-Cerere-bursa-de-ajutor-social-boala-2022-2023<\/a><a href=\"https:\/\/berdemozes.ro\/wp-content\/uploads\/2022\/09\/BSoc-Cerere-bursa-de-ajutor-social-boala-2022-2023.docx\" class=\"wp-block-file__button\" download aria-describedby=\"wp-block-file--media-19fe332d-eea3-4d79-a069-73c7f768dcd4\">Let\u00f6lt\u00e9s<\/a><\/div>\n\n\n\n<div class=\"wp-block-file\"><a id=\"wp-block-file--media-a1d683d4-3909-486b-9111-8bf924386d7a\" href=\"https:\/\/berdemozes.ro\/wp-content\/uploads\/2022\/09\/BSoc-Cerere-bursa-de-ajutor-social-orfan-2022-2023.docx\">BSoc-Cerere-bursa-de-ajutor-social-orfan-2022-2023<\/a><a href=\"https:\/\/berdemozes.ro\/wp-content\/uploads\/2022\/09\/BSoc-Cerere-bursa-de-ajutor-social-orfan-2022-2023.docx\" class=\"wp-block-file__button\" download aria-describedby=\"wp-block-file--media-a1d683d4-3909-486b-9111-8bf924386d7a\">Let\u00f6lt\u00e9s<\/a><\/div>\n\n\n\n<div class=\"wp-block-file\"><a id=\"wp-block-file--media-b181c1cc-2fbc-40e2-a9bd-b9349cef2d7e\" href=\"https:\/\/berdemozes.ro\/wp-content\/uploads\/2022\/09\/BSoc-Cerere-bursa-de-ajutor-social-venit-2022-2023.docx\">BSoc-Cerere-bursa-de-ajutor-social-venit-2022-2023<\/a><a href=\"https:\/\/berdemozes.ro\/wp-content\/uploads\/2022\/09\/BSoc-Cerere-bursa-de-ajutor-social-venit-2022-2023.docx\" class=\"wp-block-file__button\" download aria-describedby=\"wp-block-file--media-b181c1cc-2fbc-40e2-a9bd-b9349cef2d7e\">Let\u00f6lt\u00e9s<\/a><\/div>\n\n\n\n<div class=\"wp-block-file\"><a id=\"wp-block-file--media-26a6a9c2-4a1a-49af-ac31-d9881686de51\" href=\"https:\/\/berdemozes.ro\/wp-content\/uploads\/2022\/09\/BSoc-Declaratie-privind-componenta-familiei-2-2022-2023.docx\">BSoc-Declaratie-privind-componenta-familiei-2-2022-2023<\/a><a href=\"https:\/\/berdemozes.ro\/wp-content\/uploads\/2022\/09\/BSoc-Declaratie-privind-componenta-familiei-2-2022-2023.docx\" class=\"wp-block-file__button\" download aria-describedby=\"wp-block-file--media-26a6a9c2-4a1a-49af-ac31-d9881686de51\">Let\u00f6lt\u00e9s<\/a><\/div>\n\n\n\n<div class=\"wp-block-file\"><a id=\"wp-block-file--media-746fb1c1-2dad-490c-b779-efa987ca7398\" href=\"https:\/\/berdemozes.ro\/wp-content\/uploads\/2022\/09\/BSoc-Anunt-bursa-ajutor-social-2022-2023.docx\">BSoc-Anunt-bursa-ajutor-social-2022-2023<\/a><a href=\"https:\/\/berdemozes.ro\/wp-content\/uploads\/2022\/09\/BSoc-Anunt-bursa-ajutor-social-2022-2023.docx\" class=\"wp-block-file__button\" download aria-describedby=\"wp-block-file--media-746fb1c1-2dad-490c-b779-efa987ca7398\">Let\u00f6lt\u00e9s<\/a><\/div>\n\n\n\n<p class=\"has-medium-font-size\">2. <strong>TANULM\u00c1NYI \u00d6SZT\u00d6ND\u00cdJ<\/strong><\/p>\n\n\n\n<div class=\"wp-block-file\"><a id=\"wp-block-file--media-c850eea2-0cfd-49b8-b2b4-235781716ed6\" href=\"https:\/\/berdemozes.ro\/wp-content\/uploads\/2022\/09\/BStud-Anunt-burse-de-studiu-2022-2023.docx\">BStud-Anunt-burse-de-studiu-2022-2023<\/a><a href=\"https:\/\/berdemozes.ro\/wp-content\/uploads\/2022\/09\/BStud-Anunt-burse-de-studiu-2022-2023.docx\" class=\"wp-block-file__button\" download aria-describedby=\"wp-block-file--media-c850eea2-0cfd-49b8-b2b4-235781716ed6\">Let\u00f6lt\u00e9s<\/a><\/div>\n\n\n\n<div class=\"wp-block-file\"><a id=\"wp-block-file--media-5e822158-3232-4c04-a92c-bb868b00e4f9\" href=\"https:\/\/berdemozes.ro\/wp-content\/uploads\/2022\/09\/BStud-Cerere-bursa-de-studiu-2022-2023.docx\">BStud-Cerere-bursa-de-studiu-2022-2023<\/a><a href=\"https:\/\/berdemozes.ro\/wp-content\/uploads\/2022\/09\/BStud-Cerere-bursa-de-studiu-2022-2023.docx\" class=\"wp-block-file__button\" download aria-describedby=\"wp-block-file--media-5e822158-3232-4c04-a92c-bb868b00e4f9\">Let\u00f6lt\u00e9s<\/a><\/div>\n\n\n\n<div class=\"wp-block-file\"><a id=\"wp-block-file--media-67a6f0d8-3151-4daf-93c4-d21e8729a7cc\" href=\"https:\/\/berdemozes.ro\/wp-content\/uploads\/2022\/09\/BStud-declaratie-privind-componenta-familiei-1-2022-2023.docx\">BStud-declaratie-privind-componenta-familiei-1-2022-2023<\/a><a href=\"https:\/\/berdemozes.ro\/wp-content\/uploads\/2022\/09\/BStud-declaratie-privind-componenta-familiei-1-2022-2023.docx\" class=\"wp-block-file__button\" download aria-describedby=\"wp-block-file--media-67a6f0d8-3151-4daf-93c4-d21e8729a7cc\">Let\u00f6lt\u00e9s<\/a><\/div>\n\n\n\n<p class=\"has-medium-font-size\">3. <strong>\u00c9RDEM \u00d6SZT\u00d6ND\u00cdJ<\/strong><\/p>\n\n\n\n<div class=\"wp-block-file\"><a id=\"wp-block-file--media-103549a8-e73a-43b1-a9bf-8f8fa4763486\" href=\"https:\/\/berdemozes.ro\/wp-content\/uploads\/2022\/09\/BM-Anunt-burse-de-merit-2022-2023.docx\">BM-Anunt-burse-de-merit-2022-2023<\/a><a href=\"https:\/\/berdemozes.ro\/wp-content\/uploads\/2022\/09\/BM-Anunt-burse-de-merit-2022-2023.docx\" class=\"wp-block-file__button\" download aria-describedby=\"wp-block-file--media-103549a8-e73a-43b1-a9bf-8f8fa4763486\">Let\u00f6lt\u00e9s<\/a><\/div>\n\n\n\n<p class=\"has-medium-font-size\"><strong>4. L\u00cdCEUMI P\u00c9NZ (Bani de liceu)<\/strong><\/p>\n\n\n\n<div class=\"wp-block-file\"><a id=\"wp-block-file--media-ac7e4750-c8ea-42a7-8c85-76385e93ca2b\" href=\"https:\/\/berdemozes.ro\/wp-content\/uploads\/2022\/09\/BL-Cerere-Bani-de-liceu-2022-2023-1.docx\">BL-Cerere-Bani-de-liceu-2022-2023-1<\/a><a href=\"https:\/\/berdemozes.ro\/wp-content\/uploads\/2022\/09\/BL-Cerere-Bani-de-liceu-2022-2023-1.docx\" class=\"wp-block-file__button\" download aria-describedby=\"wp-block-file--media-ac7e4750-c8ea-42a7-8c85-76385e93ca2b\">Let\u00f6lt\u00e9s<\/a><\/div>\n\n\n\n<div data-wp-interactive=\"\" class=\"wp-block-file\"><object data-wp-bind--hidden=\"!selectors.core.file.hasPdfPreview\" hidden class=\"wp-block-file__embed\" data=\"https:\/\/berdemozes.ro\/wp-content\/uploads\/2022\/09\/BL-Anunt-Bani-de-Liceu-2022-2023-1.pdf\" type=\"application\/pdf\" style=\"width:100%;height:200px\" aria-label=\"BL-Anunt-Bani-de-Liceu-2022-2023-1 be\u00e1gyaz\u00e1sa be\u00e1gyaz\u00e1sa\"><\/object><a id=\"wp-block-file--media-4de66a0f-b56c-4919-80fb-8ae3b2fe3701\" href=\"https:\/\/berdemozes.ro\/wp-content\/uploads\/2022\/09\/BL-Anunt-Bani-de-Liceu-2022-2023-1.pdf\">BL-Anunt-Bani-de-Liceu-2022-2023-1<\/a><a href=\"https:\/\/berdemozes.ro\/wp-content\/uploads\/2022\/09\/BL-Anunt-Bani-de-Liceu-2022-2023-1.pdf\" class=\"wp-block-file__button\" download aria-describedby=\"wp-block-file--media-4de66a0f-b56c-4919-80fb-8ae3b2fe3701\">Let\u00f6lt\u00e9s<\/a><\/div>\n\n\n\n<div data-wp-interactive=\"\" class=\"wp-block-file\"><object data-wp-bind--hidden=\"!selectors.core.file.hasPdfPreview\" hidden class=\"wp-block-file__embed\" data=\"https:\/\/berdemozes.ro\/wp-content\/uploads\/2022\/09\/BL-Magyar-felhivas-Liceumi-penz-2022-2023-1.pdf\" type=\"application\/pdf\" style=\"width:100%;height:200px\" aria-label=\"BL-Magyar-felhivas-Liceumi-penz-2022-2023-1 be\u00e1gyaz\u00e1sa be\u00e1gyaz\u00e1sa\"><\/object><a id=\"wp-block-file--media-34f7607c-c20d-4f20-986c-b612031dfb28\" href=\"https:\/\/berdemozes.ro\/wp-content\/uploads\/2022\/09\/BL-Magyar-felhivas-Liceumi-penz-2022-2023-1.pdf\">BL-Magyar-felhivas-Liceumi-penz-2022-2023-1<\/a><a href=\"https:\/\/berdemozes.ro\/wp-content\/uploads\/2022\/09\/BL-Magyar-felhivas-Liceumi-penz-2022-2023-1.pdf\" class=\"wp-block-file__button\" download aria-describedby=\"wp-block-file--media-34f7607c-c20d-4f20-986c-b612031dfb28\">Let\u00f6lt\u00e9s<\/a><\/div>\n","protected":false},"excerpt":{"rendered":"<p>A Tan\u00fcgyminiszt\u00e9rium \u00e1ltal biztos\u00edtott Szoci\u00e1lis, Tanulm\u00e1nyi \u00e9s \u00c9rdem \u00f6szt\u00f6nd\u00edjak, illetve L\u00edceuli p\u00e9nz. Az al\u00e1bb let\u00f6lthet\u0151 dokumentumokban r\u00e9szletes le\u00edr\u00e1st tal\u00e1l a megh\u00edrdetett \u00f6szt\u00f6nd\u00edjakr\u00f3l, hat\u00e1rid\u0151kr\u0151l \u00e9s aktu\u00e1lis elb\u00edr\u00e1l\u00e1si eredm\u00e9nyekr\u0151l. A 2022\/2023-as tan\u00e9vben &#8230;<\/p>\n","protected":false},"author":1,"featured_media":0,"parent":0,"menu_order":0,"comment_status":"closed","ping_status":"closed","template":"","meta":{"footnotes":""},"yoast_head":"<!-- This site is optimized with the Yoast SEO plugin v21.9.1 - https:\/\/yoast.com\/wordpress\/plugins\/seo\/ -->\n<title>\u00c1llami \u00f6szt\u00f6nd\u00edjak a 2022-2023-as tan\u00e9vben - Berde M\u00f3zes Unit\u00e1rius Gimn\u00e1zium<\/title>\n<meta name=\"robots\" content=\"noindex, follow, max-snippet:-1, max-image-preview:large, max-video-preview:-1\" \/>\n<meta property=\"og:locale\" content=\"hu_HU\" \/>\n<meta property=\"og:type\" content=\"article\" \/>\n<meta property=\"og:title\" content=\"\u00c1llami \u00f6szt\u00f6nd\u00edjak a 2022-2023-as tan\u00e9vben - Berde M\u00f3zes Unit\u00e1rius Gimn\u00e1zium\" \/>\n<meta property=\"og:description\" content=\"A Tan\u00fcgyminiszt\u00e9rium \u00e1ltal biztos\u00edtott Szoci\u00e1lis, Tanulm\u00e1nyi \u00e9s \u00c9rdem \u00f6szt\u00f6nd\u00edjak, illetve L\u00edceuli p\u00e9nz. Az al\u00e1bb let\u00f6lthet\u0151 dokumentumokban r\u00e9szletes le\u00edr\u00e1st tal\u00e1l a megh\u00edrdetett \u00f6szt\u00f6nd\u00edjakr\u00f3l, hat\u00e1rid\u0151kr\u0151l \u00e9s aktu\u00e1lis elb\u00edr\u00e1l\u00e1si eredm\u00e9nyekr\u0151l. A 2022\/2023-as tan\u00e9vben ...\" \/>\n<meta property=\"og:url\" content=\"https:\/\/berdemozes.ro\/index.php\/allami\/\" \/>\n<meta property=\"og:site_name\" content=\"Berde M\u00f3zes Unit\u00e1rius Gimn\u00e1zium\" \/>\n<meta property=\"article:publisher\" content=\"https:\/\/www.facebook.com\/bmugim\" \/>\n<meta property=\"article:modified_time\" content=\"2022-10-07T23:23:48+00:00\" \/>\n<meta name=\"twitter:card\" content=\"summary_large_image\" \/>\n<meta name=\"twitter:label1\" content=\"Becs\u00fclt olvas\u00e1si id\u0151\" \/>\n\t<meta name=\"twitter:data1\" content=\"1 perc\" \/>\n<script type=\"application\/ld+json\" class=\"yoast-schema-graph\">{\"@context\":\"https:\/\/schema.org\",\"@graph\":[{\"@type\":\"WebPage\",\"@id\":\"https:\/\/berdemozes.ro\/index.php\/allami\/\",\"url\":\"https:\/\/berdemozes.ro\/index.php\/allami\/\",\"name\":\"\u00c1llami \u00f6szt\u00f6nd\u00edjak a 2022-2023-as tan\u00e9vben - Berde M\u00f3zes Unit\u00e1rius Gimn\u00e1zium\",\"isPartOf\":{\"@id\":\"https:\/\/berdemozes.ro\/#website\"},\"datePublished\":\"2020-11-10T14:56:53+00:00\",\"dateModified\":\"2022-10-07T23:23:48+00:00\",\"breadcrumb\":{\"@id\":\"https:\/\/berdemozes.ro\/index.php\/allami\/#breadcrumb\"},\"inLanguage\":\"hu\",\"potentialAction\":[{\"@type\":\"ReadAction\",\"target\":[\"https:\/\/berdemozes.ro\/index.php\/allami\/\"]}]},{\"@type\":\"BreadcrumbList\",\"@id\":\"https:\/\/berdemozes.ro\/index.php\/allami\/#breadcrumb\",\"itemListElement\":[{\"@type\":\"ListItem\",\"position\":1,\"name\":\"Home\",\"item\":\"https:\/\/berdemozes.ro\/\"},{\"@type\":\"ListItem\",\"position\":2,\"name\":\"\u00c1llami \u00f6szt\u00f6nd\u00edjak a 2022-2023-as tan\u00e9vben\"}]},{\"@type\":\"WebSite\",\"@id\":\"https:\/\/berdemozes.ro\/#website\",\"url\":\"https:\/\/berdemozes.ro\/\",\"name\":\"Berde M\u00f3zes Unit\u00e1rius Gimn\u00e1zium\",\"description\":\"A sz\u00e9kelykereszt\u00fari Berde M\u00f3zes Unit\u00e1rius Gimn\u00e1zium weboldala.\",\"publisher\":{\"@id\":\"https:\/\/berdemozes.ro\/#organization\"},\"potentialAction\":[{\"@type\":\"SearchAction\",\"target\":{\"@type\":\"EntryPoint\",\"urlTemplate\":\"https:\/\/berdemozes.ro\/?s={search_term_string}\"},\"query-input\":\"required name=search_term_string\"}],\"inLanguage\":\"hu\"},{\"@type\":\"Organization\",\"@id\":\"https:\/\/berdemozes.ro\/#organization\",\"name\":\"Berde M\u00f3zes Unit\u00e1rius Gimn\u00e1zium\",\"url\":\"https:\/\/berdemozes.ro\/\",\"logo\":{\"@type\":\"ImageObject\",\"inLanguage\":\"hu\",\"@id\":\"https:\/\/berdemozes.ro\/#\/schema\/logo\/image\/\",\"url\":\"https:\/\/berdemozes.ro\/wp-content\/uploads\/2020\/11\/cropped-HEADER-LOGO-2-1.png\",\"contentUrl\":\"https:\/\/berdemozes.ro\/wp-content\/uploads\/2020\/11\/cropped-HEADER-LOGO-2-1.png\",\"width\":213,\"height\":48,\"caption\":\"Berde M\u00f3zes Unit\u00e1rius Gimn\u00e1zium\"},\"image\":{\"@id\":\"https:\/\/berdemozes.ro\/#\/schema\/logo\/image\/\"},\"sameAs\":[\"https:\/\/www.facebook.com\/bmugim\"]}]}<\/script>\n<!-- \/ Yoast SEO plugin. -->","yoast_head_json":{"title":"\u00c1llami \u00f6szt\u00f6nd\u00edjak a 2022-2023-as tan\u00e9vben - Berde M\u00f3zes Unit\u00e1rius Gimn\u00e1zium","robots":{"index":"noindex","follow":"follow","max-snippet":"max-snippet:-1","max-image-preview":"max-image-preview:large","max-video-preview":"max-video-preview:-1"},"og_locale":"hu_HU","og_type":"article","og_title":"\u00c1llami \u00f6szt\u00f6nd\u00edjak a 2022-2023-as tan\u00e9vben - Berde M\u00f3zes Unit\u00e1rius Gimn\u00e1zium","og_description":"A Tan\u00fcgyminiszt\u00e9rium \u00e1ltal biztos\u00edtott Szoci\u00e1lis, Tanulm\u00e1nyi \u00e9s \u00c9rdem \u00f6szt\u00f6nd\u00edjak, illetve L\u00edceuli p\u00e9nz. Az al\u00e1bb let\u00f6lthet\u0151 dokumentumokban r\u00e9szletes le\u00edr\u00e1st tal\u00e1l a megh\u00edrdetett \u00f6szt\u00f6nd\u00edjakr\u00f3l, hat\u00e1rid\u0151kr\u0151l \u00e9s aktu\u00e1lis elb\u00edr\u00e1l\u00e1si eredm\u00e9nyekr\u0151l. A 2022\/2023-as tan\u00e9vben ...","og_url":"https:\/\/berdemozes.ro\/index.php\/allami\/","og_site_name":"Berde M\u00f3zes Unit\u00e1rius Gimn\u00e1zium","article_publisher":"https:\/\/www.facebook.com\/bmugim","article_modified_time":"2022-10-07T23:23:48+00:00","twitter_card":"summary_large_image","twitter_misc":{"Becs\u00fclt olvas\u00e1si id\u0151":"1 perc"},"schema":{"@context":"https:\/\/schema.org","@graph":[{"@type":"WebPage","@id":"https:\/\/berdemozes.ro\/index.php\/allami\/","url":"https:\/\/berdemozes.ro\/index.php\/allami\/","name":"\u00c1llami \u00f6szt\u00f6nd\u00edjak a 2022-2023-as tan\u00e9vben - Berde M\u00f3zes Unit\u00e1rius Gimn\u00e1zium","isPartOf":{"@id":"https:\/\/berdemozes.ro\/#website"},"datePublished":"2020-11-10T14:56:53+00:00","dateModified":"2022-10-07T23:23:48+00:00","breadcrumb":{"@id":"https:\/\/berdemozes.ro\/index.php\/allami\/#breadcrumb"},"inLanguage":"hu","potentialAction":[{"@type":"ReadAction","target":["https:\/\/berdemozes.ro\/index.php\/allami\/"]}]},{"@type":"BreadcrumbList","@id":"https:\/\/berdemozes.ro\/index.php\/allami\/#breadcrumb","itemListElement":[{"@type":"ListItem","position":1,"name":"Home","item":"https:\/\/berdemozes.ro\/"},{"@type":"ListItem","position":2,"name":"\u00c1llami \u00f6szt\u00f6nd\u00edjak a 2022-2023-as tan\u00e9vben"}]},{"@type":"WebSite","@id":"https:\/\/berdemozes.ro\/#website","url":"https:\/\/berdemozes.ro\/","name":"Berde M\u00f3zes Unit\u00e1rius Gimn\u00e1zium","description":"A sz\u00e9kelykereszt\u00fari Berde M\u00f3zes Unit\u00e1rius Gimn\u00e1zium weboldala.","publisher":{"@id":"https:\/\/berdemozes.ro\/#organization"},"potentialAction":[{"@type":"SearchAction","target":{"@type":"EntryPoint","urlTemplate":"https:\/\/berdemozes.ro\/?s={search_term_string}"},"query-input":"required name=search_term_string"}],"inLanguage":"hu"},{"@type":"Organization","@id":"https:\/\/berdemozes.ro\/#organization","name":"Berde M\u00f3zes Unit\u00e1rius Gimn\u00e1zium","url":"https:\/\/berdemozes.ro\/","logo":{"@type":"ImageObject","inLanguage":"hu","@id":"https:\/\/berdemozes.ro\/#\/schema\/logo\/image\/","url":"https:\/\/berdemozes.ro\/wp-content\/uploads\/2020\/11\/cropped-HEADER-LOGO-2-1.png","contentUrl":"https:\/\/berdemozes.ro\/wp-content\/uploads\/2020\/11\/cropped-HEADER-LOGO-2-1.png","width":213,"height":48,"caption":"Berde M\u00f3zes Unit\u00e1rius Gimn\u00e1zium"},"image":{"@id":"https:\/\/berdemozes.ro\/#\/schema\/logo\/image\/"},"sameAs":["https:\/\/www.facebook.com\/bmugim"]}]}},"jetpack_sharing_enabled":true,"_links":{"self":[{"href":"https:\/\/berdemozes.ro\/index.php\/wp-json\/wp\/v2\/pages\/148"}],"collection":[{"href":"https:\/\/berdemozes.ro\/index.php\/wp-json\/wp\/v2\/pages"}],"about":[{"href":"https:\/\/berdemozes.ro\/index.php\/wp-json\/wp\/v2\/types\/page"}],"author":[{"embeddable":true,"href":"https:\/\/berdemozes.ro\/index.php\/wp-json\/wp\/v2\/users\/1"}],"replies":[{"embeddable":true,"href":"https:\/\/berdemozes.ro\/index.php\/wp-json\/wp\/v2\/comments?post=148"}],"version-history":[{"count":23,"href":"https:\/\/berdemozes.ro\/index.php\/wp-json\/wp\/v2\/pages\/148\/revisions"}],"predecessor-version":[{"id":4019,"href":"https:\/\/berdemozes.ro\/index.php\/wp-json\/wp\/v2\/pages\/148\/revisions\/4019"}],"wp:attachment":[{"href":"https:\/\/berdemozes.ro\/index.php\/wp-json\/wp\/v2\/media?parent=148"}],"curies":[{"name":"wp","href":"https:\/\/api.w.org\/{rel}","templated":true}]}}