{"id":152,"date":"2020-11-10T14:56:53","date_gmt":"2020-11-10T14:56:53","guid":{"rendered":"https:\/\/berdemozes.ro\/?page_id=152"},"modified":"2021-02-26T06:13:35","modified_gmt":"2021-02-26T06:13:35","slug":"egyhazi","status":"publish","type":"page","link":"https:\/\/berdemozes.ro\/index.php\/egyhazi\/","title":{"rendered":"Egyh\u00e1zi"},"content":{"rendered":"\n<p>Iskol\u00e1nk di\u00e1kjai sz\u00e1m\u00e1ra t\u00f6bbf\u00e9le \u00f6szt\u00f6nd\u00edjrendszer l\u00e9tezik. Az \u00e1llami \u00f6szt\u00f6nd\u00edjak mellett az Erd\u00e9lyi Unit\u00e1rius Egyh\u00e1z \u00e1ltal biztos\u00edtott, pontrendszeren alapul\u00f3 egyh\u00e1zi \u00f6szt\u00f6nd\u00edj, valamint az Amerikai Egyes\u00fclt \u00c1llamok-beli Concord (Massachussets \u00e1llam) Unit\u00e1rius Gy\u00fclekezet tagjai \u00e1ltal adom\u00e1nyozott \u00f6szt\u00f6nd\u00edjrendszerb\u0151l r\u00e9szes\u00fclhetnek di\u00e1kjaink.&nbsp;<\/p>\n\n\n\n<p><strong>Amerikai \u00f6szt\u00f6nd\u00edjrendszer:<\/strong> A sz\u00e9kelykereszt\u00fari Unit\u00e1rius Egyh\u00e1zk\u00f6zs\u00e9g testv\u00e9rgy\u00fclekezete, az AE\u00c1-beli Concord-i (MA) unit\u00e1rius gy\u00fclekezet tagjai \u00e1ltal beind\u00edtott \u00f6szt\u00f6nd\u00edjrendszer 1996 \u00f3ta m\u0171k\u00f6dik. Ekkor tett l\u00e1togat\u00e1st Sz\u00e9kelykereszt\u00faron Krist\u00f3ffy Iv\u00e1n (egykori 1956-os menek\u00fclt) \u00e9s feles\u00e9ge, Ursula, akik a Fekete J\u00e1nos igazgat\u00f3val val\u00f3 tal\u00e1lkoz\u00e1suk ut\u00e1n elhat\u00e1rozt\u00e1k, hogy a Sz\u00e9kelykereszt\u00faron tanul\u00f3 szeg\u00e9nyebb sors\u00fa di\u00e1koknak amerikai t\u00e1mogat\u00f3kat igyekeznek szerezni ahhoz, hogy elv\u00e9gezhess\u00e9k tanulm\u00e1nyaikat. Id\u0151k\u00f6zben a program nagyon kisz\u00e9lesedett, sz\u00e1mos di\u00e1kunk nemcsak a l\u00edceumi \u00e9vek alatt, hanem egyetemi tanulm\u00e1nyai alatt is \u00f6szt\u00f6nd\u00edjban r\u00e9szes\u00fclt t\u00e1mogat\u00f3 csal\u00e1dja j\u00f3volt\u00e1b\u00f3l. Az er\u0151s testv\u00e9rkapcsolati programot, amelyb\u0151l az \u00f6szt\u00f6nd\u00edjprogram l\u00e9trej\u00f6tt telep\u00fcl\u00e9s\u00fcnk szempontj\u00e1b\u00f3l Szombatfalvi J\u00f3zsef ny. sz\u00e9kelykereszt\u00fari unit\u00e1rius esperes-lelk\u00e9sznek k\u00f6sz\u00f6nhetj\u00fck. A program Egyes\u00fclt \u00c1llamok-b\u00e9li koordin\u00e1l\u00e1s\u00e1ban id\u0151k\u00f6zben t\u00f6bb lelkes programvezet\u0151t is sz\u00e1mon tartunk. H\u00e1l\u00e1sak vagyunk Sue Beck, Rodger Mattlage, Katalin Spang \u00e9s sok m\u00e1s Concord-i hittestv\u00e9r\u00fcnknek a programba fektetett munk\u00e1\u00e9rt.<\/p>\n","protected":false},"excerpt":{"rendered":"<p>Iskol\u00e1nk di\u00e1kjai sz\u00e1m\u00e1ra t\u00f6bbf\u00e9le \u00f6szt\u00f6nd\u00edjrendszer l\u00e9tezik. Az \u00e1llami \u00f6szt\u00f6nd\u00edjak mellett az Erd\u00e9lyi Unit\u00e1rius Egyh\u00e1z \u00e1ltal biztos\u00edtott, pontrendszeren alapul\u00f3 egyh\u00e1zi \u00f6szt\u00f6nd\u00edj, valamint az Amerikai Egyes\u00fclt \u00c1llamok-beli Concord (Massachussets \u00e1llam) Unit\u00e1rius Gy\u00fclekezet &#8230;<\/p>\n","protected":false},"author":1,"featured_media":0,"parent":0,"menu_order":0,"comment_status":"closed","ping_status":"closed","template":"","meta":{"footnotes":""},"yoast_head":"<!-- This site is optimized with the Yoast SEO plugin v21.9.1 - https:\/\/yoast.com\/wordpress\/plugins\/seo\/ -->\n<title>Egyh\u00e1zi - Berde M\u00f3zes Unit\u00e1rius Gimn\u00e1zium<\/title>\n<meta name=\"robots\" content=\"noindex, follow, max-snippet:-1, max-image-preview:large, max-video-preview:-1\" \/>\n<meta property=\"og:locale\" content=\"hu_HU\" \/>\n<meta property=\"og:type\" content=\"article\" \/>\n<meta property=\"og:title\" content=\"Egyh\u00e1zi - Berde M\u00f3zes Unit\u00e1rius Gimn\u00e1zium\" \/>\n<meta property=\"og:description\" content=\"Iskol\u00e1nk di\u00e1kjai sz\u00e1m\u00e1ra t\u00f6bbf\u00e9le \u00f6szt\u00f6nd\u00edjrendszer l\u00e9tezik. Az \u00e1llami \u00f6szt\u00f6nd\u00edjak mellett az Erd\u00e9lyi Unit\u00e1rius Egyh\u00e1z \u00e1ltal biztos\u00edtott, pontrendszeren alapul\u00f3 egyh\u00e1zi \u00f6szt\u00f6nd\u00edj, valamint az Amerikai Egyes\u00fclt \u00c1llamok-beli Concord (Massachussets \u00e1llam) Unit\u00e1rius Gy\u00fclekezet ...\" \/>\n<meta property=\"og:url\" content=\"https:\/\/berdemozes.ro\/index.php\/egyhazi\/\" \/>\n<meta property=\"og:site_name\" content=\"Berde M\u00f3zes Unit\u00e1rius Gimn\u00e1zium\" \/>\n<meta property=\"article:publisher\" content=\"https:\/\/www.facebook.com\/bmugim\" \/>\n<meta property=\"article:modified_time\" content=\"2021-02-26T06:13:35+00:00\" \/>\n<meta name=\"twitter:card\" content=\"summary_large_image\" \/>\n<meta name=\"twitter:label1\" content=\"Becs\u00fclt olvas\u00e1si id\u0151\" \/>\n\t<meta name=\"twitter:data1\" content=\"1 perc\" \/>\n<script type=\"application\/ld+json\" class=\"yoast-schema-graph\">{\"@context\":\"https:\/\/schema.org\",\"@graph\":[{\"@type\":\"WebPage\",\"@id\":\"https:\/\/berdemozes.ro\/index.php\/egyhazi\/\",\"url\":\"https:\/\/berdemozes.ro\/index.php\/egyhazi\/\",\"name\":\"Egyh\u00e1zi - Berde M\u00f3zes Unit\u00e1rius Gimn\u00e1zium\",\"isPartOf\":{\"@id\":\"https:\/\/berdemozes.ro\/#website\"},\"datePublished\":\"2020-11-10T14:56:53+00:00\",\"dateModified\":\"2021-02-26T06:13:35+00:00\",\"breadcrumb\":{\"@id\":\"https:\/\/berdemozes.ro\/index.php\/egyhazi\/#breadcrumb\"},\"inLanguage\":\"hu\",\"potentialAction\":[{\"@type\":\"ReadAction\",\"target\":[\"https:\/\/berdemozes.ro\/index.php\/egyhazi\/\"]}]},{\"@type\":\"BreadcrumbList\",\"@id\":\"https:\/\/berdemozes.ro\/index.php\/egyhazi\/#breadcrumb\",\"itemListElement\":[{\"@type\":\"ListItem\",\"position\":1,\"name\":\"Home\",\"item\":\"https:\/\/berdemozes.ro\/\"},{\"@type\":\"ListItem\",\"position\":2,\"name\":\"Egyh\u00e1zi\"}]},{\"@type\":\"WebSite\",\"@id\":\"https:\/\/berdemozes.ro\/#website\",\"url\":\"https:\/\/berdemozes.ro\/\",\"name\":\"Berde M\u00f3zes Unit\u00e1rius Gimn\u00e1zium\",\"description\":\"A sz\u00e9kelykereszt\u00fari Berde M\u00f3zes Unit\u00e1rius Gimn\u00e1zium weboldala.\",\"publisher\":{\"@id\":\"https:\/\/berdemozes.ro\/#organization\"},\"potentialAction\":[{\"@type\":\"SearchAction\",\"target\":{\"@type\":\"EntryPoint\",\"urlTemplate\":\"https:\/\/berdemozes.ro\/?s={search_term_string}\"},\"query-input\":\"required name=search_term_string\"}],\"inLanguage\":\"hu\"},{\"@type\":\"Organization\",\"@id\":\"https:\/\/berdemozes.ro\/#organization\",\"name\":\"Berde M\u00f3zes Unit\u00e1rius Gimn\u00e1zium\",\"url\":\"https:\/\/berdemozes.ro\/\",\"logo\":{\"@type\":\"ImageObject\",\"inLanguage\":\"hu\",\"@id\":\"https:\/\/berdemozes.ro\/#\/schema\/logo\/image\/\",\"url\":\"https:\/\/berdemozes.ro\/wp-content\/uploads\/2020\/11\/cropped-HEADER-LOGO-2-1.png\",\"contentUrl\":\"https:\/\/berdemozes.ro\/wp-content\/uploads\/2020\/11\/cropped-HEADER-LOGO-2-1.png\",\"width\":213,\"height\":48,\"caption\":\"Berde M\u00f3zes Unit\u00e1rius Gimn\u00e1zium\"},\"image\":{\"@id\":\"https:\/\/berdemozes.ro\/#\/schema\/logo\/image\/\"},\"sameAs\":[\"https:\/\/www.facebook.com\/bmugim\"]}]}<\/script>\n<!-- \/ Yoast SEO plugin. -->","yoast_head_json":{"title":"Egyh\u00e1zi - Berde M\u00f3zes Unit\u00e1rius Gimn\u00e1zium","robots":{"index":"noindex","follow":"follow","max-snippet":"max-snippet:-1","max-image-preview":"max-image-preview:large","max-video-preview":"max-video-preview:-1"},"og_locale":"hu_HU","og_type":"article","og_title":"Egyh\u00e1zi - Berde M\u00f3zes Unit\u00e1rius Gimn\u00e1zium","og_description":"Iskol\u00e1nk di\u00e1kjai sz\u00e1m\u00e1ra t\u00f6bbf\u00e9le \u00f6szt\u00f6nd\u00edjrendszer l\u00e9tezik. Az \u00e1llami \u00f6szt\u00f6nd\u00edjak mellett az Erd\u00e9lyi Unit\u00e1rius Egyh\u00e1z \u00e1ltal biztos\u00edtott, pontrendszeren alapul\u00f3 egyh\u00e1zi \u00f6szt\u00f6nd\u00edj, valamint az Amerikai Egyes\u00fclt \u00c1llamok-beli Concord (Massachussets \u00e1llam) Unit\u00e1rius Gy\u00fclekezet ...","og_url":"https:\/\/berdemozes.ro\/index.php\/egyhazi\/","og_site_name":"Berde M\u00f3zes Unit\u00e1rius Gimn\u00e1zium","article_publisher":"https:\/\/www.facebook.com\/bmugim","article_modified_time":"2021-02-26T06:13:35+00:00","twitter_card":"summary_large_image","twitter_misc":{"Becs\u00fclt olvas\u00e1si id\u0151":"1 perc"},"schema":{"@context":"https:\/\/schema.org","@graph":[{"@type":"WebPage","@id":"https:\/\/berdemozes.ro\/index.php\/egyhazi\/","url":"https:\/\/berdemozes.ro\/index.php\/egyhazi\/","name":"Egyh\u00e1zi - Berde M\u00f3zes Unit\u00e1rius Gimn\u00e1zium","isPartOf":{"@id":"https:\/\/berdemozes.ro\/#website"},"datePublished":"2020-11-10T14:56:53+00:00","dateModified":"2021-02-26T06:13:35+00:00","breadcrumb":{"@id":"https:\/\/berdemozes.ro\/index.php\/egyhazi\/#breadcrumb"},"inLanguage":"hu","potentialAction":[{"@type":"ReadAction","target":["https:\/\/berdemozes.ro\/index.php\/egyhazi\/"]}]},{"@type":"BreadcrumbList","@id":"https:\/\/berdemozes.ro\/index.php\/egyhazi\/#breadcrumb","itemListElement":[{"@type":"ListItem","position":1,"name":"Home","item":"https:\/\/berdemozes.ro\/"},{"@type":"ListItem","position":2,"name":"Egyh\u00e1zi"}]},{"@type":"WebSite","@id":"https:\/\/berdemozes.ro\/#website","url":"https:\/\/berdemozes.ro\/","name":"Berde M\u00f3zes Unit\u00e1rius Gimn\u00e1zium","description":"A sz\u00e9kelykereszt\u00fari Berde M\u00f3zes Unit\u00e1rius Gimn\u00e1zium weboldala.","publisher":{"@id":"https:\/\/berdemozes.ro\/#organization"},"potentialAction":[{"@type":"SearchAction","target":{"@type":"EntryPoint","urlTemplate":"https:\/\/berdemozes.ro\/?s={search_term_string}"},"query-input":"required name=search_term_string"}],"inLanguage":"hu"},{"@type":"Organization","@id":"https:\/\/berdemozes.ro\/#organization","name":"Berde M\u00f3zes Unit\u00e1rius Gimn\u00e1zium","url":"https:\/\/berdemozes.ro\/","logo":{"@type":"ImageObject","inLanguage":"hu","@id":"https:\/\/berdemozes.ro\/#\/schema\/logo\/image\/","url":"https:\/\/berdemozes.ro\/wp-content\/uploads\/2020\/11\/cropped-HEADER-LOGO-2-1.png","contentUrl":"https:\/\/berdemozes.ro\/wp-content\/uploads\/2020\/11\/cropped-HEADER-LOGO-2-1.png","width":213,"height":48,"caption":"Berde M\u00f3zes Unit\u00e1rius Gimn\u00e1zium"},"image":{"@id":"https:\/\/berdemozes.ro\/#\/schema\/logo\/image\/"},"sameAs":["https:\/\/www.facebook.com\/bmugim"]}]}},"jetpack_sharing_enabled":true,"_links":{"self":[{"href":"https:\/\/berdemozes.ro\/index.php\/wp-json\/wp\/v2\/pages\/152"}],"collection":[{"href":"https:\/\/berdemozes.ro\/index.php\/wp-json\/wp\/v2\/pages"}],"about":[{"href":"https:\/\/berdemozes.ro\/index.php\/wp-json\/wp\/v2\/types\/page"}],"author":[{"embeddable":true,"href":"https:\/\/berdemozes.ro\/index.php\/wp-json\/wp\/v2\/users\/1"}],"replies":[{"embeddable":true,"href":"https:\/\/berdemozes.ro\/index.php\/wp-json\/wp\/v2\/comments?post=152"}],"version-history":[{"count":4,"href":"https:\/\/berdemozes.ro\/index.php\/wp-json\/wp\/v2\/pages\/152\/revisions"}],"predecessor-version":[{"id":3145,"href":"https:\/\/berdemozes.ro\/index.php\/wp-json\/wp\/v2\/pages\/152\/revisions\/3145"}],"wp:attachment":[{"href":"https:\/\/berdemozes.ro\/index.php\/wp-json\/wp\/v2\/media?parent=152"}],"curies":[{"name":"wp","href":"https:\/\/api.w.org\/{rel}","templated":true}]}}