{"id":2875,"date":"2021-02-17T19:48:38","date_gmt":"2021-02-17T19:48:38","guid":{"rendered":"https:\/\/berdemozes.ro\/?page_id=2875"},"modified":"2025-01-12T20:22:21","modified_gmt":"2025-01-12T20:22:21","slug":"ovoda-mosolymadarkak","status":"publish","type":"page","link":"https:\/\/berdemozes.ro\/index.php\/ovoda-mosolymadarkak\/","title":{"rendered":"Napk\u00f6zi &#8211; Mosolymad\u00e1rk\u00e1k kiscsoport"},"content":{"rendered":"\n<p><strong>Pedag\u00f3gusok<\/strong>: Bulz Rebeka, Fazakas T\u00fcnde<\/p>\n\n\n\n<figure class=\"wp-block-image size-full is-resized\"><img fetchpriority=\"high\" decoding=\"async\" width=\"900\" height=\"600\" src=\"http:\/\/berdemozes.ro\/wp-content\/uploads\/2025\/01\/kis-csoport_resize.jpg\" alt=\"\" class=\"wp-image-6173\" style=\"width:840px;height:auto\" srcset=\"https:\/\/berdemozes.ro\/wp-content\/uploads\/2025\/01\/kis-csoport_resize.jpg 900w, https:\/\/berdemozes.ro\/wp-content\/uploads\/2025\/01\/kis-csoport_resize-300x200.jpg 300w, https:\/\/berdemozes.ro\/wp-content\/uploads\/2025\/01\/kis-csoport_resize-768x512.jpg 768w\" sizes=\"(max-width: 900px) 100vw, 900px\" \/><\/figure>\n\n\n\n<p>2024<\/p>\n\n\n\n<figure class=\"wp-block-image size-large\"><img decoding=\"async\" width=\"1024\" height=\"683\" src=\"http:\/\/berdemozes.ro\/wp-content\/uploads\/2024\/01\/kis-csoport_resize-1024x683.jpg\" alt=\"\" class=\"wp-image-4490\" srcset=\"https:\/\/berdemozes.ro\/wp-content\/uploads\/2024\/01\/kis-csoport_resize-1024x683.jpg 1024w, https:\/\/berdemozes.ro\/wp-content\/uploads\/2024\/01\/kis-csoport_resize-300x200.jpg 300w, https:\/\/berdemozes.ro\/wp-content\/uploads\/2024\/01\/kis-csoport_resize-768x512.jpg 768w, https:\/\/berdemozes.ro\/wp-content\/uploads\/2024\/01\/kis-csoport_resize-391x260.jpg 391w, https:\/\/berdemozes.ro\/wp-content\/uploads\/2024\/01\/kis-csoport_resize.jpg 1500w\" sizes=\"(max-width: 1024px) 100vw, 1024px\" \/><\/figure>\n\n\n\n<p>2023<\/p>\n","protected":false},"excerpt":{"rendered":"<p>Pedag\u00f3gusok: Bulz Rebeka, Fazakas T\u00fcnde 2024 2023<\/p>\n","protected":false},"author":1,"featured_media":0,"parent":0,"menu_order":0,"comment_status":"closed","ping_status":"closed","template":"","meta":{"footnotes":""},"yoast_head":"<!-- This site is optimized with the Yoast SEO plugin v21.9.1 - https:\/\/yoast.com\/wordpress\/plugins\/seo\/ -->\n<title>Napk\u00f6zi - Mosolymad\u00e1rk\u00e1k kiscsoport - Berde M\u00f3zes Unit\u00e1rius Gimn\u00e1zium<\/title>\n<meta name=\"robots\" content=\"noindex, follow, max-snippet:-1, max-image-preview:large, max-video-preview:-1\" \/>\n<meta property=\"og:locale\" content=\"hu_HU\" \/>\n<meta property=\"og:type\" content=\"article\" \/>\n<meta property=\"og:title\" content=\"Napk\u00f6zi - Mosolymad\u00e1rk\u00e1k kiscsoport - Berde M\u00f3zes Unit\u00e1rius Gimn\u00e1zium\" \/>\n<meta property=\"og:description\" content=\"Pedag\u00f3gusok: Bulz Rebeka, Fazakas T\u00fcnde 2024 2023\" \/>\n<meta property=\"og:url\" content=\"https:\/\/berdemozes.ro\/index.php\/ovoda-mosolymadarkak\/\" \/>\n<meta property=\"og:site_name\" content=\"Berde M\u00f3zes Unit\u00e1rius Gimn\u00e1zium\" \/>\n<meta property=\"article:publisher\" content=\"https:\/\/www.facebook.com\/bmugim\" \/>\n<meta property=\"article:modified_time\" content=\"2025-01-12T20:22:21+00:00\" \/>\n<meta property=\"og:image\" content=\"http:\/\/berdemozes.ro\/wp-content\/uploads\/2025\/01\/kis-csoport_resize.jpg\" \/>\n<meta name=\"twitter:card\" content=\"summary_large_image\" \/>\n<meta name=\"twitter:label1\" content=\"Becs\u00fclt olvas\u00e1si id\u0151\" \/>\n\t<meta name=\"twitter:data1\" content=\"1 perc\" \/>\n<script type=\"application\/ld+json\" class=\"yoast-schema-graph\">{\"@context\":\"https:\/\/schema.org\",\"@graph\":[{\"@type\":\"WebPage\",\"@id\":\"https:\/\/berdemozes.ro\/index.php\/ovoda-mosolymadarkak\/\",\"url\":\"https:\/\/berdemozes.ro\/index.php\/ovoda-mosolymadarkak\/\",\"name\":\"Napk\u00f6zi - Mosolymad\u00e1rk\u00e1k kiscsoport - Berde M\u00f3zes Unit\u00e1rius Gimn\u00e1zium\",\"isPartOf\":{\"@id\":\"https:\/\/berdemozes.ro\/#website\"},\"datePublished\":\"2021-02-17T19:48:38+00:00\",\"dateModified\":\"2025-01-12T20:22:21+00:00\",\"breadcrumb\":{\"@id\":\"https:\/\/berdemozes.ro\/index.php\/ovoda-mosolymadarkak\/#breadcrumb\"},\"inLanguage\":\"hu\",\"potentialAction\":[{\"@type\":\"ReadAction\",\"target\":[\"https:\/\/berdemozes.ro\/index.php\/ovoda-mosolymadarkak\/\"]}]},{\"@type\":\"BreadcrumbList\",\"@id\":\"https:\/\/berdemozes.ro\/index.php\/ovoda-mosolymadarkak\/#breadcrumb\",\"itemListElement\":[{\"@type\":\"ListItem\",\"position\":1,\"name\":\"Home\",\"item\":\"https:\/\/berdemozes.ro\/\"},{\"@type\":\"ListItem\",\"position\":2,\"name\":\"Napk\u00f6zi &#8211; Mosolymad\u00e1rk\u00e1k kiscsoport\"}]},{\"@type\":\"WebSite\",\"@id\":\"https:\/\/berdemozes.ro\/#website\",\"url\":\"https:\/\/berdemozes.ro\/\",\"name\":\"Berde M\u00f3zes Unit\u00e1rius Gimn\u00e1zium\",\"description\":\"A sz\u00e9kelykereszt\u00fari Berde M\u00f3zes Unit\u00e1rius Gimn\u00e1zium weboldala.\",\"publisher\":{\"@id\":\"https:\/\/berdemozes.ro\/#organization\"},\"potentialAction\":[{\"@type\":\"SearchAction\",\"target\":{\"@type\":\"EntryPoint\",\"urlTemplate\":\"https:\/\/berdemozes.ro\/?s={search_term_string}\"},\"query-input\":\"required name=search_term_string\"}],\"inLanguage\":\"hu\"},{\"@type\":\"Organization\",\"@id\":\"https:\/\/berdemozes.ro\/#organization\",\"name\":\"Berde M\u00f3zes Unit\u00e1rius Gimn\u00e1zium\",\"url\":\"https:\/\/berdemozes.ro\/\",\"logo\":{\"@type\":\"ImageObject\",\"inLanguage\":\"hu\",\"@id\":\"https:\/\/berdemozes.ro\/#\/schema\/logo\/image\/\",\"url\":\"https:\/\/berdemozes.ro\/wp-content\/uploads\/2020\/11\/cropped-HEADER-LOGO-2-1.png\",\"contentUrl\":\"https:\/\/berdemozes.ro\/wp-content\/uploads\/2020\/11\/cropped-HEADER-LOGO-2-1.png\",\"width\":213,\"height\":48,\"caption\":\"Berde M\u00f3zes Unit\u00e1rius Gimn\u00e1zium\"},\"image\":{\"@id\":\"https:\/\/berdemozes.ro\/#\/schema\/logo\/image\/\"},\"sameAs\":[\"https:\/\/www.facebook.com\/bmugim\"]}]}<\/script>\n<!-- \/ Yoast SEO plugin. -->","yoast_head_json":{"title":"Napk\u00f6zi - Mosolymad\u00e1rk\u00e1k kiscsoport - Berde M\u00f3zes Unit\u00e1rius Gimn\u00e1zium","robots":{"index":"noindex","follow":"follow","max-snippet":"max-snippet:-1","max-image-preview":"max-image-preview:large","max-video-preview":"max-video-preview:-1"},"og_locale":"hu_HU","og_type":"article","og_title":"Napk\u00f6zi - Mosolymad\u00e1rk\u00e1k kiscsoport - Berde M\u00f3zes Unit\u00e1rius Gimn\u00e1zium","og_description":"Pedag\u00f3gusok: Bulz Rebeka, Fazakas T\u00fcnde 2024 2023","og_url":"https:\/\/berdemozes.ro\/index.php\/ovoda-mosolymadarkak\/","og_site_name":"Berde M\u00f3zes Unit\u00e1rius Gimn\u00e1zium","article_publisher":"https:\/\/www.facebook.com\/bmugim","article_modified_time":"2025-01-12T20:22:21+00:00","og_image":[{"url":"http:\/\/berdemozes.ro\/wp-content\/uploads\/2025\/01\/kis-csoport_resize.jpg"}],"twitter_card":"summary_large_image","twitter_misc":{"Becs\u00fclt olvas\u00e1si id\u0151":"1 perc"},"schema":{"@context":"https:\/\/schema.org","@graph":[{"@type":"WebPage","@id":"https:\/\/berdemozes.ro\/index.php\/ovoda-mosolymadarkak\/","url":"https:\/\/berdemozes.ro\/index.php\/ovoda-mosolymadarkak\/","name":"Napk\u00f6zi - Mosolymad\u00e1rk\u00e1k kiscsoport - Berde M\u00f3zes Unit\u00e1rius Gimn\u00e1zium","isPartOf":{"@id":"https:\/\/berdemozes.ro\/#website"},"datePublished":"2021-02-17T19:48:38+00:00","dateModified":"2025-01-12T20:22:21+00:00","breadcrumb":{"@id":"https:\/\/berdemozes.ro\/index.php\/ovoda-mosolymadarkak\/#breadcrumb"},"inLanguage":"hu","potentialAction":[{"@type":"ReadAction","target":["https:\/\/berdemozes.ro\/index.php\/ovoda-mosolymadarkak\/"]}]},{"@type":"BreadcrumbList","@id":"https:\/\/berdemozes.ro\/index.php\/ovoda-mosolymadarkak\/#breadcrumb","itemListElement":[{"@type":"ListItem","position":1,"name":"Home","item":"https:\/\/berdemozes.ro\/"},{"@type":"ListItem","position":2,"name":"Napk\u00f6zi &#8211; Mosolymad\u00e1rk\u00e1k kiscsoport"}]},{"@type":"WebSite","@id":"https:\/\/berdemozes.ro\/#website","url":"https:\/\/berdemozes.ro\/","name":"Berde M\u00f3zes Unit\u00e1rius Gimn\u00e1zium","description":"A sz\u00e9kelykereszt\u00fari Berde M\u00f3zes Unit\u00e1rius Gimn\u00e1zium weboldala.","publisher":{"@id":"https:\/\/berdemozes.ro\/#organization"},"potentialAction":[{"@type":"SearchAction","target":{"@type":"EntryPoint","urlTemplate":"https:\/\/berdemozes.ro\/?s={search_term_string}"},"query-input":"required name=search_term_string"}],"inLanguage":"hu"},{"@type":"Organization","@id":"https:\/\/berdemozes.ro\/#organization","name":"Berde M\u00f3zes Unit\u00e1rius Gimn\u00e1zium","url":"https:\/\/berdemozes.ro\/","logo":{"@type":"ImageObject","inLanguage":"hu","@id":"https:\/\/berdemozes.ro\/#\/schema\/logo\/image\/","url":"https:\/\/berdemozes.ro\/wp-content\/uploads\/2020\/11\/cropped-HEADER-LOGO-2-1.png","contentUrl":"https:\/\/berdemozes.ro\/wp-content\/uploads\/2020\/11\/cropped-HEADER-LOGO-2-1.png","width":213,"height":48,"caption":"Berde M\u00f3zes Unit\u00e1rius Gimn\u00e1zium"},"image":{"@id":"https:\/\/berdemozes.ro\/#\/schema\/logo\/image\/"},"sameAs":["https:\/\/www.facebook.com\/bmugim"]}]}},"jetpack_sharing_enabled":true,"_links":{"self":[{"href":"https:\/\/berdemozes.ro\/index.php\/wp-json\/wp\/v2\/pages\/2875"}],"collection":[{"href":"https:\/\/berdemozes.ro\/index.php\/wp-json\/wp\/v2\/pages"}],"about":[{"href":"https:\/\/berdemozes.ro\/index.php\/wp-json\/wp\/v2\/types\/page"}],"author":[{"embeddable":true,"href":"https:\/\/berdemozes.ro\/index.php\/wp-json\/wp\/v2\/users\/1"}],"replies":[{"embeddable":true,"href":"https:\/\/berdemozes.ro\/index.php\/wp-json\/wp\/v2\/comments?post=2875"}],"version-history":[{"count":27,"href":"https:\/\/berdemozes.ro\/index.php\/wp-json\/wp\/v2\/pages\/2875\/revisions"}],"predecessor-version":[{"id":6197,"href":"https:\/\/berdemozes.ro\/index.php\/wp-json\/wp\/v2\/pages\/2875\/revisions\/6197"}],"wp:attachment":[{"href":"https:\/\/berdemozes.ro\/index.php\/wp-json\/wp\/v2\/media?parent=2875"}],"curies":[{"name":"wp","href":"https:\/\/api.w.org\/{rel}","templated":true}]}}