{"id":2893,"date":"2021-02-20T12:18:39","date_gmt":"2021-02-20T12:18:39","guid":{"rendered":"https:\/\/berdemozes.ro\/?page_id=2893"},"modified":"2024-12-03T13:10:30","modified_gmt":"2024-12-03T13:10:30","slug":"adminisztrativ","status":"publish","type":"page","link":"https:\/\/berdemozes.ro\/index.php\/adminisztrativ\/","title":{"rendered":"Adminisztrat\u00edv"},"content":{"rendered":"\n<p>Legea \u00cenv\u0103\u021b\u0103m\u00eentului preuniversitar Nr. 198\/2023 <a href=\"https:\/\/drive.google.com\/file\/d\/1SbhViNhfBBPfO1fJBoHPrB3z_P7nHuHc\/view?usp=drive_link\">AICI<\/a><\/p>\n\n\n\n<p>Raportul privind starea \u00eenv\u0103\u021b\u0103m\u00eentului preuniversitar pe anul \u0219colar 2023-2024 <a href=\"https:\/\/www.edu.ro\/rapoarte-publice-periodice\">AICI<\/a><\/p>\n\n\n\n<p>Statutul elevului 2024 <a href=\"https:\/\/drive.google.com\/file\/d\/1wvmS3A-MJA1XL1KvWxRFmev9i2vCzjyT\/view?usp=drive_link\">AICI<\/a><\/p>\n\n\n\n<p>Raportul comisiilor \u0219i comartimentelor din unitatea de \u00eenv\u0103\u021b\u0103m\u00eent pe anul \u0219colar 2023-2024 <a href=\"https:\/\/drive.google.com\/file\/d\/1NDUfwjTgVWm4bIBoGiR6FcF2OY8U1uha\/view?usp=drive_link\">Compartimente<\/a>  \/ Comisii<\/p>\n\n\n\n<p>Raportul de dezvoltare institu\u021bional\u0103 pe anul \u0219colar 2023-2024 <a href=\"https:\/\/drive.google.com\/file\/d\/1JE026tyDLMsotxaJXqggi6AKC4Iw3Kjf\/view?usp=sharing\">AICI<\/a><\/p>\n\n\n\n<p>Planul de dezvoltare institu\u00e1ional\u0103 pe perioada 2022-2026 <a href=\"https:\/\/drive.google.com\/file\/d\/1h9BHjq5atH9N-4tSO6Kcmyt6T3IoDFM5\/view?usp=sharing\">AICI<\/a><\/p>\n\n\n\n<p>Planul managerial al unit\u0103\u021bii de \u00eenv\u0103\u021b\u0103m\u00eent pe anul \u0219colar 2024-2025 <a href=\"https:\/\/drive.google.com\/file\/d\/1VgqPN77hTLP8kk-Thk0vkYIbVEru5IFa\/view?usp=drive_link\">AICI<\/a><\/p>\n\n\n\n<p>Statul de func\u021bii anonimizat al unit\u0103\u021bii de \u00eenv\u0103\u021b\u0103m\u00eent pe anul \u0219colar 2024-2025 <a href=\"https:\/\/drive.google.com\/file\/d\/1o1Y-ZH5FuI0itybDU7BZ_5sJXhyQX1WB\/view?usp=drive_link\">AICI<\/a><\/p>\n\n\n\n<figure class=\"wp-block-image size-large\"><img fetchpriority=\"high\" decoding=\"async\" width=\"1024\" height=\"768\" src=\"http:\/\/berdemozes.ro\/wp-content\/uploads\/2021\/02\/DJI_0192_exposure-1024x768.jpg\" alt=\"\" class=\"wp-image-3080\" srcset=\"https:\/\/berdemozes.ro\/wp-content\/uploads\/2021\/02\/DJI_0192_exposure-1024x768.jpg 1024w, https:\/\/berdemozes.ro\/wp-content\/uploads\/2021\/02\/DJI_0192_exposure-300x225.jpg 300w, https:\/\/berdemozes.ro\/wp-content\/uploads\/2021\/02\/DJI_0192_exposure-768x576.jpg 768w, https:\/\/berdemozes.ro\/wp-content\/uploads\/2021\/02\/DJI_0192_exposure-1536x1152.jpg 1536w, https:\/\/berdemozes.ro\/wp-content\/uploads\/2021\/02\/DJI_0192_exposure-2048x1536.jpg 2048w\" sizes=\"(max-width: 1024px) 100vw, 1024px\" \/><figcaption class=\"wp-element-caption\">Czire Alp\u00e1r fot\u00f3ja<\/figcaption><\/figure>\n\n\n\n<div data-wp-interactive=\"\" class=\"wp-block-file\"><object data-wp-bind--hidden=\"!selectors.core.file.hasPdfPreview\" hidden class=\"wp-block-file__embed\" data=\"https:\/\/berdemozes.ro\/wp-content\/uploads\/2024\/10\/statutul-elevului-2024.pdf\" type=\"application\/pdf\" style=\"width:100%;height:600px\" aria-label=\"statutul-elevului-2024 be\u00e1gyaz\u00e1sa\"><\/object><a id=\"wp-block-file--media-a479362e-22e8-4241-94e7-900aa35334ef\" href=\"https:\/\/berdemozes.ro\/wp-content\/uploads\/2024\/10\/statutul-elevului-2024.pdf\">statutul-elevului-2024<\/a><a href=\"https:\/\/berdemozes.ro\/wp-content\/uploads\/2024\/10\/statutul-elevului-2024.pdf\" class=\"wp-block-file__button wp-element-button\" download aria-describedby=\"wp-block-file--media-a479362e-22e8-4241-94e7-900aa35334ef\">Let\u00f6lt\u00e9s<\/a><\/div>\n\n\n\n<div data-wp-interactive=\"\" class=\"wp-block-file\"><object data-wp-bind--hidden=\"!selectors.core.file.hasPdfPreview\" hidden class=\"wp-block-file__embed\" data=\"https:\/\/berdemozes.ro\/wp-content\/uploads\/2024\/10\/ROFUIP-2024-12-08-MO-P1-OME-5726.pdf\" type=\"application\/pdf\" style=\"width:100%;height:600px\" aria-label=\"ROFUIP-2024-12-08-MO-P1-OME-5726 be\u00e1gyaz\u00e1sa\"><\/object><a id=\"wp-block-file--media-3f78ed95-d0b1-4902-a44e-cb36da473c8c\" href=\"https:\/\/berdemozes.ro\/wp-content\/uploads\/2024\/10\/ROFUIP-2024-12-08-MO-P1-OME-5726.pdf\">ROFUIP-2024-12-08-MO-P1-OME-5726<\/a><a href=\"https:\/\/berdemozes.ro\/wp-content\/uploads\/2024\/10\/ROFUIP-2024-12-08-MO-P1-OME-5726.pdf\" class=\"wp-block-file__button wp-element-button\" download aria-describedby=\"wp-block-file--media-3f78ed95-d0b1-4902-a44e-cb36da473c8c\">Let\u00f6lt\u00e9s<\/a><\/div>\n","protected":false},"excerpt":{"rendered":"<p>Legea \u00cenv\u0103\u021b\u0103m\u00eentului preuniversitar Nr. 198\/2023 AICI Raportul privind starea \u00eenv\u0103\u021b\u0103m\u00eentului preuniversitar pe anul \u0219colar 2023-2024 AICI Statutul elevului 2024 AICI Raportul comisiilor \u0219i comartimentelor din unitatea de \u00eenv\u0103\u021b\u0103m\u00eent pe anul &#8230;<\/p>\n","protected":false},"author":1,"featured_media":0,"parent":0,"menu_order":0,"comment_status":"closed","ping_status":"closed","template":"","meta":{"footnotes":""},"yoast_head":"<!-- This site is optimized with the Yoast SEO plugin v21.9.1 - https:\/\/yoast.com\/wordpress\/plugins\/seo\/ -->\n<title>Adminisztrat\u00edv - Berde M\u00f3zes Unit\u00e1rius Gimn\u00e1zium<\/title>\n<meta name=\"robots\" content=\"noindex, follow, max-snippet:-1, max-image-preview:large, max-video-preview:-1\" \/>\n<meta property=\"og:locale\" content=\"hu_HU\" \/>\n<meta property=\"og:type\" content=\"article\" \/>\n<meta property=\"og:title\" content=\"Adminisztrat\u00edv - Berde M\u00f3zes Unit\u00e1rius Gimn\u00e1zium\" \/>\n<meta property=\"og:description\" content=\"Legea \u00cenv\u0103\u021b\u0103m\u00eentului preuniversitar Nr. 198\/2023 AICI Raportul privind starea \u00eenv\u0103\u021b\u0103m\u00eentului preuniversitar pe anul \u0219colar 2023-2024 AICI Statutul elevului 2024 AICI Raportul comisiilor \u0219i comartimentelor din unitatea de \u00eenv\u0103\u021b\u0103m\u00eent pe anul ...\" \/>\n<meta property=\"og:url\" content=\"https:\/\/berdemozes.ro\/index.php\/adminisztrativ\/\" \/>\n<meta property=\"og:site_name\" content=\"Berde M\u00f3zes Unit\u00e1rius Gimn\u00e1zium\" \/>\n<meta property=\"article:publisher\" content=\"https:\/\/www.facebook.com\/bmugim\" \/>\n<meta property=\"article:modified_time\" content=\"2024-12-03T13:10:30+00:00\" \/>\n<meta property=\"og:image\" content=\"http:\/\/berdemozes.ro\/wp-content\/uploads\/2021\/02\/DJI_0192_exposure-1024x768.jpg\" \/>\n<meta name=\"twitter:card\" content=\"summary_large_image\" \/>\n<meta name=\"twitter:label1\" content=\"Becs\u00fclt olvas\u00e1si id\u0151\" \/>\n\t<meta name=\"twitter:data1\" content=\"1 perc\" \/>\n<script type=\"application\/ld+json\" class=\"yoast-schema-graph\">{\"@context\":\"https:\/\/schema.org\",\"@graph\":[{\"@type\":\"WebPage\",\"@id\":\"https:\/\/berdemozes.ro\/index.php\/adminisztrativ\/\",\"url\":\"https:\/\/berdemozes.ro\/index.php\/adminisztrativ\/\",\"name\":\"Adminisztrat\u00edv - Berde M\u00f3zes Unit\u00e1rius Gimn\u00e1zium\",\"isPartOf\":{\"@id\":\"https:\/\/berdemozes.ro\/#website\"},\"datePublished\":\"2021-02-20T12:18:39+00:00\",\"dateModified\":\"2024-12-03T13:10:30+00:00\",\"breadcrumb\":{\"@id\":\"https:\/\/berdemozes.ro\/index.php\/adminisztrativ\/#breadcrumb\"},\"inLanguage\":\"hu\",\"potentialAction\":[{\"@type\":\"ReadAction\",\"target\":[\"https:\/\/berdemozes.ro\/index.php\/adminisztrativ\/\"]}]},{\"@type\":\"BreadcrumbList\",\"@id\":\"https:\/\/berdemozes.ro\/index.php\/adminisztrativ\/#breadcrumb\",\"itemListElement\":[{\"@type\":\"ListItem\",\"position\":1,\"name\":\"Home\",\"item\":\"http:\/\/berdemozes.ro\/\"},{\"@type\":\"ListItem\",\"position\":2,\"name\":\"Adminisztrat\u00edv\"}]},{\"@type\":\"WebSite\",\"@id\":\"https:\/\/berdemozes.ro\/#website\",\"url\":\"https:\/\/berdemozes.ro\/\",\"name\":\"Berde M\u00f3zes Unit\u00e1rius Gimn\u00e1zium\",\"description\":\"A sz\u00e9kelykereszt\u00fari Berde M\u00f3zes Unit\u00e1rius Gimn\u00e1zium weboldala.\",\"publisher\":{\"@id\":\"https:\/\/berdemozes.ro\/#organization\"},\"potentialAction\":[{\"@type\":\"SearchAction\",\"target\":{\"@type\":\"EntryPoint\",\"urlTemplate\":\"https:\/\/berdemozes.ro\/?s={search_term_string}\"},\"query-input\":\"required name=search_term_string\"}],\"inLanguage\":\"hu\"},{\"@type\":\"Organization\",\"@id\":\"https:\/\/berdemozes.ro\/#organization\",\"name\":\"Berde M\u00f3zes Unit\u00e1rius Gimn\u00e1zium\",\"url\":\"https:\/\/berdemozes.ro\/\",\"logo\":{\"@type\":\"ImageObject\",\"inLanguage\":\"hu\",\"@id\":\"https:\/\/berdemozes.ro\/#\/schema\/logo\/image\/\",\"url\":\"https:\/\/berdemozes.ro\/wp-content\/uploads\/2020\/11\/cropped-HEADER-LOGO-2-1.png\",\"contentUrl\":\"https:\/\/berdemozes.ro\/wp-content\/uploads\/2020\/11\/cropped-HEADER-LOGO-2-1.png\",\"width\":213,\"height\":48,\"caption\":\"Berde M\u00f3zes Unit\u00e1rius Gimn\u00e1zium\"},\"image\":{\"@id\":\"https:\/\/berdemozes.ro\/#\/schema\/logo\/image\/\"},\"sameAs\":[\"https:\/\/www.facebook.com\/bmugim\"]}]}<\/script>\n<!-- \/ Yoast SEO plugin. -->","yoast_head_json":{"title":"Adminisztrat\u00edv - Berde M\u00f3zes Unit\u00e1rius Gimn\u00e1zium","robots":{"index":"noindex","follow":"follow","max-snippet":"max-snippet:-1","max-image-preview":"max-image-preview:large","max-video-preview":"max-video-preview:-1"},"og_locale":"hu_HU","og_type":"article","og_title":"Adminisztrat\u00edv - Berde M\u00f3zes Unit\u00e1rius Gimn\u00e1zium","og_description":"Legea \u00cenv\u0103\u021b\u0103m\u00eentului preuniversitar Nr. 198\/2023 AICI Raportul privind starea \u00eenv\u0103\u021b\u0103m\u00eentului preuniversitar pe anul \u0219colar 2023-2024 AICI Statutul elevului 2024 AICI Raportul comisiilor \u0219i comartimentelor din unitatea de \u00eenv\u0103\u021b\u0103m\u00eent pe anul ...","og_url":"https:\/\/berdemozes.ro\/index.php\/adminisztrativ\/","og_site_name":"Berde M\u00f3zes Unit\u00e1rius Gimn\u00e1zium","article_publisher":"https:\/\/www.facebook.com\/bmugim","article_modified_time":"2024-12-03T13:10:30+00:00","og_image":[{"url":"http:\/\/berdemozes.ro\/wp-content\/uploads\/2021\/02\/DJI_0192_exposure-1024x768.jpg"}],"twitter_card":"summary_large_image","twitter_misc":{"Becs\u00fclt olvas\u00e1si id\u0151":"1 perc"},"schema":{"@context":"https:\/\/schema.org","@graph":[{"@type":"WebPage","@id":"https:\/\/berdemozes.ro\/index.php\/adminisztrativ\/","url":"https:\/\/berdemozes.ro\/index.php\/adminisztrativ\/","name":"Adminisztrat\u00edv - Berde M\u00f3zes Unit\u00e1rius Gimn\u00e1zium","isPartOf":{"@id":"https:\/\/berdemozes.ro\/#website"},"datePublished":"2021-02-20T12:18:39+00:00","dateModified":"2024-12-03T13:10:30+00:00","breadcrumb":{"@id":"https:\/\/berdemozes.ro\/index.php\/adminisztrativ\/#breadcrumb"},"inLanguage":"hu","potentialAction":[{"@type":"ReadAction","target":["https:\/\/berdemozes.ro\/index.php\/adminisztrativ\/"]}]},{"@type":"BreadcrumbList","@id":"https:\/\/berdemozes.ro\/index.php\/adminisztrativ\/#breadcrumb","itemListElement":[{"@type":"ListItem","position":1,"name":"Home","item":"http:\/\/berdemozes.ro\/"},{"@type":"ListItem","position":2,"name":"Adminisztrat\u00edv"}]},{"@type":"WebSite","@id":"https:\/\/berdemozes.ro\/#website","url":"https:\/\/berdemozes.ro\/","name":"Berde M\u00f3zes Unit\u00e1rius Gimn\u00e1zium","description":"A sz\u00e9kelykereszt\u00fari Berde M\u00f3zes Unit\u00e1rius Gimn\u00e1zium weboldala.","publisher":{"@id":"https:\/\/berdemozes.ro\/#organization"},"potentialAction":[{"@type":"SearchAction","target":{"@type":"EntryPoint","urlTemplate":"https:\/\/berdemozes.ro\/?s={search_term_string}"},"query-input":"required name=search_term_string"}],"inLanguage":"hu"},{"@type":"Organization","@id":"https:\/\/berdemozes.ro\/#organization","name":"Berde M\u00f3zes Unit\u00e1rius Gimn\u00e1zium","url":"https:\/\/berdemozes.ro\/","logo":{"@type":"ImageObject","inLanguage":"hu","@id":"https:\/\/berdemozes.ro\/#\/schema\/logo\/image\/","url":"https:\/\/berdemozes.ro\/wp-content\/uploads\/2020\/11\/cropped-HEADER-LOGO-2-1.png","contentUrl":"https:\/\/berdemozes.ro\/wp-content\/uploads\/2020\/11\/cropped-HEADER-LOGO-2-1.png","width":213,"height":48,"caption":"Berde M\u00f3zes Unit\u00e1rius Gimn\u00e1zium"},"image":{"@id":"https:\/\/berdemozes.ro\/#\/schema\/logo\/image\/"},"sameAs":["https:\/\/www.facebook.com\/bmugim"]}]}},"jetpack_sharing_enabled":true,"_links":{"self":[{"href":"https:\/\/berdemozes.ro\/index.php\/wp-json\/wp\/v2\/pages\/2893"}],"collection":[{"href":"https:\/\/berdemozes.ro\/index.php\/wp-json\/wp\/v2\/pages"}],"about":[{"href":"https:\/\/berdemozes.ro\/index.php\/wp-json\/wp\/v2\/types\/page"}],"author":[{"embeddable":true,"href":"https:\/\/berdemozes.ro\/index.php\/wp-json\/wp\/v2\/users\/1"}],"replies":[{"embeddable":true,"href":"https:\/\/berdemozes.ro\/index.php\/wp-json\/wp\/v2\/comments?post=2893"}],"version-history":[{"count":16,"href":"https:\/\/berdemozes.ro\/index.php\/wp-json\/wp\/v2\/pages\/2893\/revisions"}],"predecessor-version":[{"id":6093,"href":"https:\/\/berdemozes.ro\/index.php\/wp-json\/wp\/v2\/pages\/2893\/revisions\/6093"}],"wp:attachment":[{"href":"https:\/\/berdemozes.ro\/index.php\/wp-json\/wp\/v2\/media?parent=2893"}],"curies":[{"name":"wp","href":"https:\/\/api.w.org\/{rel}","templated":true}]}}