{"id":52,"date":"2020-11-10T14:28:52","date_gmt":"2020-11-10T14:28:52","guid":{"rendered":"https:\/\/berdemozes.ro\/?page_id=52"},"modified":"2021-02-15T15:26:22","modified_gmt":"2021-02-15T15:26:22","slug":"bentlakas","status":"publish","type":"page","link":"https:\/\/berdemozes.ro\/index.php\/bentlakas\/","title":{"rendered":"Bentlak\u00e1s"},"content":{"rendered":"\n<p>Az iskola alap\u00edt\u00e1s\u00e1val egyid\u0151s a Sz\u00e9kelykereszt\u00fari Berde M\u00f3zes Unit\u00e1rius Gimn\u00e1zium bentlak\u00e1sa. Az alap\u00edt\u00e1st k\u00f6vet\u0151 els\u0151 \u00e9vtizedekben a tanul\u00f3k szob\u00e1t kaphattak, ahova saj\u00e1t \u00e1gyukat \u00e9s kell\u00e9keiket hozt\u00e1k. A megfelel\u0151 iskolai el\u0151\u00edr\u00e1sok szerint vil\u00e1g\u00edt\u00e1sr\u00f3l, f\u0171t\u00e9sr\u0151l \u00e9s rendr\u0151l a di\u00e1kok maguk gondoskodtak. Az 1870-es \u00e9vekt\u0151l kezd\u0151d\u0151en seg\u00edt\u0151k\u00e9sz alap\u00edtv\u00e1nytev\u0151knek k\u00f6sz\u00f6nhet\u0151en az iskola fokozatosan \u00e1tv\u00e1llalta a bentlak\u00e1si kell\u00e9kek biztos\u00edt\u00e1s\u00e1t.\u00a0 A kor elv\u00e1r\u00e1sainak megfelel\u0151en a koll\u00e9gium k\u00f6z\u00f6ss\u00e9gre szigor\u00fa szab\u00e1lyok vonatkoztak, j\u00f3l megszervezett \u00f6nell\u00e1t\u00f3 \u00e9s \u00f6nfegyelmez\u0151 rendszer m\u0171k\u00f6d\u00f6tt. Az iskola els\u0151 sz\u00e1z \u00e9v\u00e9nek \u201et\u00f3g\u00e1s\u201d rendj\u00e9r\u0151l Fekete J\u00e1nos igazgat\u00f3 a k\u00f6vetkez\u0151 m\u00f3don \u00edr k\u00f6nyv\u00e9ben:\u00a0 \u201eA tanul\u00f3k soraib\u00f3l az iskola vezet\u00e9s\u00e9be bev\u00e1lasztott szerveken kereszt\u00fcl maga az ifj\u00fas\u00e1g is \u00e9rdekelve volt a rend, a fegyelem, tisztas\u00e1g fenntart\u00e1s\u00e1ban, a k\u00f6zvagyon meg\u0151rz\u00e9s\u00e9ben. A tanul\u00f3k k\u00f6z\u00fcl ker\u00fcltek ki a seniorok, a bentlak\u00e1s fel\u00fcgyel\u0151i, a csend \u00e9s rend \u0151rei. \u201eaz \u00e9jjeli \u0151r\u00f6kre fel\u00fcgyel az iskola gazd\u00e1ja (oeconomus). Ezt a tiszts\u00e9get sorra egy h\u00e9tig viseli. \u0150 vigy\u00e1zott az iskola vagyon\u00e1ra, a k\u00f6zvagyonra \u00e9s a tisztas\u00e1gra. Az \u0151k (oeconomusok) feladata volt a kapuk nyit\u00e1sa \u00e9s z\u00e1r\u00e1sa is, valamint a k\u00f6zmunk\u00e1k szervez\u00e9se. (&#8230;) Az igazgat\u00f3 \u00e1ltal kijel\u00f6lt hospesek voltak a szobaf\u0151n\u00f6k\u00f6k, akik a szob\u00e1k csendj\u00e9re, tisztas\u00e1g\u00e1ra vigy\u00e1ztak. Az igazgat\u00f3 minden \u00e9vben a tanul\u00f3k el\u0151tt ismertette az int\u00e9zet t\u00f6rv\u00e9nyeit, ha fegyelmi kih\u00e1g\u00e1sok t\u00f6rt\u00e9ntek, azok megold\u00e1sa a jur\u00e1tusok kar\u00e1ra tartozott. Ez a f\u00f3rum szabta ki a sz\u00fcks\u00e9ges b\u00fcntet\u00e9seket is. T\u00f3g\u00e1s di\u00e1kok 1797-t\u0151l l\u00e9teztek \u00e9s t\u00f3g\u00e1t viseltek.<br>Hogy milyen volt a t\u00f3ga, azt az E. F\u0151tan\u00e1cs 1818. \u00e9vi egyik hat\u00e1rozat\u00e1b\u00f3l ismerj\u00fck: A t\u00f3ga s\u00f6t\u00e9t szederjes poszt\u00f3b\u00f3l k\u00e9sz\u00fclt, sz\u00e1rk\u00f6z\u00e9pig \u00e9r\u0151, hossz\u00fa fekete zsin\u00f3rral szeg\u00e9lyezett, el\u0151l 15 mogyor\u00f3 nagys\u00e1g\u00fa sz\u0151rgombokkal, h\u00e1tul 3 czolnyi has\u00edt\u00e9kkal ell\u00e1tott dolm\u00e1ny volt. A t\u00f3g\u00e1sok kerek kalapot, magyarosan k\u00e9sz\u00fclt csizm\u00e1t viseltek.\u201d<br>Az 1948-as \u00e1llamos\u00edt\u00e1s k\u00f6vet\u0151en, 59 \u00e9v ut\u00e1n, 2007. augusztus\u00e1ban, az iskolaalap\u00edt\u00f3 Unit\u00e1rius Egyh\u00e1z v\u00e9gre \u00fajra k\u00e9zbe vehette az el\u0151d\u00f6k \u00e1ltal dr\u00e1ga verejt\u00e9kkel \u00e9p\u00edtett bentlak\u00e1s\u00e1t \u00e9s \u00e9tkezd\u00e9j\u00e9t. Az 1793-1943 k\u00f6z\u00f6tti id\u0151ben fel\u00e9p\u00edtett r\u00e9gi koll\u00e9giumi \u00e9p\u00fclet k\u00e9t emelettel rendelkezik. Egy \u00e9p\u00fcleten bel\u00fcl \u00e1tlagosan 80 di\u00e1k kap sz\u00e1ll\u00e1st \u00e9s veszi ig\u00e9nybe az \u00e9tkezd\u00e9t.\u00a0 Az int\u00e9zm\u00e9ny infrastruktur\u00e1lis fejl\u0151d\u00e9s\u00e9t megt\u00f6rte az \u00e1llamos\u00edt\u00e1ssal k\u00f6zismerten egy\u00fctt j\u00e1r\u00f3 hanyags\u00e1g.<br>Az egyh\u00e1zi tulajdon teljes visszaszolg\u00e1ltat\u00e1s\u00e1t k\u00f6vet\u0151en a fel\u00faj\u00edt\u00e1sok azonnal elkezd\u0151dtek. F\u00e1rads\u00e1gos munk\u00e1val \u00e9s hatalmas anyagi \u00e1ldozatokkal, bizodalmunk szerint bel\u00e1that\u00f3 id\u0151n bel\u00fcl egy megfelel\u0151 otthon lesz vid\u00e9kr\u0151l j\u00f6v\u0151 gyermekeink sz\u00e1m\u00e1ra. Az ingatlan teh\u00e1t bentlak\u00e1si szob\u00e1kkal, szilenciumi id\u0151ben is haszn\u00e1land\u00f3 tanul\u00f3oszt\u00e1lyokkal, f\u00f6ldszinti konyh\u00e1val \u00e9s \u00e9tkezd\u00e9vel rendelkezik.<br>K\u00fcl\u00f6n r\u00e9szleget m\u0171k\u00f6dtet fi\u00fa \u00e9s l\u00e1ny bentlak\u00f3k sz\u00e1m\u00e1ra. A bentlak\u00e1si \u00e9letet h\u00e1rom pedag\u00f3gus \u00e9s lelki-nevel\u0151 fel\u00fcgyeli. Az ut\u00f3bbi nagy horderej\u0171 fel\u00faj\u00edt\u00e1soknak k\u00f6sz\u00f6nhet\u0151en a bentlak\u00e1s korszer\u0171 higi\u00e9niai egys\u00e9gekkel rendelkezik. A tanul\u00f3k naponta fel\u00fcgyelet alatt szilenciumon vesznek r\u00e9szt.\u00a0<br>A bentlak\u00e1s m\u0171k\u00f6dtet\u00e9s\u00e9nek f\u0151 c\u00e9lja az, hogy a t\u00e1volb\u00f3l, vagy vid\u00e9kr\u0151l sz\u00e1rmaz\u00f3, iskol\u00e1nkban tanulni k\u00edv\u00e1n\u00f3 di\u00e1kok sz\u00e1m\u00e1ra anyagilag el\u00e9rhet\u0151, min\u00e9l jobb k\u00f6r\u00fclm\u00e9nyeket biztos\u00edtsunk. Tov\u00e1bbi c\u00e9lunk egy er\u0151s lelki k\u00f6z\u00f6ss\u00e9get m\u0171k\u00f6dtetni \u00e9s a nevel\u00e9sre a lehet\u0151 legalkalmasabb k\u00f6r\u00fclm\u00e9nyt kialak\u00edtani.<br>Az \u00e9tkezde Iskol\u00e1nk \u00e9tkezd\u00e9t m\u0171k\u00f6dtet els\u0151sorban a bentlak\u00f3 di\u00e1kok sz\u00e1m\u00e1ra, tov\u00e1bb\u00e1 minden \u00e9rdekl\u0151d\u0151 sz\u00e1m\u00e1ra.A konyha az \u00e1llami k\u00f6vetelm\u00e9nyek \u00e9s el\u0151\u00edr\u00e1sok szerint m\u0171k\u00f6dik.\u00a0 C\u00e9lunk a kiegyens\u00falyozott \u00e9s eg\u00e9szs\u00e9ges t\u00e1pl\u00e1lkoz\u00e1s biztos\u00edt\u00e1sa.<\/p>\n\n\n\n<hr class=\"wp-block-separator\"\/>\n\n\n\n<p id=\"block-86bbd597-ebbf-492c-9284-e5be4375d0b2\"><strong>A BENTLAK\u00c1S NAPI PROGRAMJA<\/strong><\/p>\n\n\n\n<p id=\"block-24e4af04-71a1-433a-a6ff-6abceedd70d1\"><strong>H\u00e9tf\u0151 &#8211; P\u00e9ntek<\/strong><\/p>\n\n\n\n<p id=\"block-16d3da10-55eb-42b9-8658-06c37a9ce630\">06:30 \u2013 \u00e9breszt\u0151, konyhai szolg\u00e1latosok \u00e1ltal<\/p>\n\n\n\n<p id=\"block-babdbedf-a48e-4c74-b789-825d6a98f3c4\">&nbsp;&nbsp;&nbsp;&nbsp;&nbsp;&nbsp;&nbsp;&nbsp;&nbsp;&nbsp;&nbsp; 07:30-ig \u2013 tiszt\u00e1lkod\u00e1s, \u00f6lt\u00f6z\u00e9s, \u00e1gyvet\u00e9s, takar\u00edt\u00e1s&nbsp;&nbsp;&nbsp;&nbsp;&nbsp; &nbsp;&nbsp;&nbsp;&nbsp;&nbsp;<\/p>\n\n\n\n<p id=\"block-442b3541-bb62-416e-8ad1-5c5cfc2bb568\">&nbsp;&nbsp;&nbsp;&nbsp;&nbsp;&nbsp;&nbsp;&nbsp;&nbsp;&nbsp;&nbsp; 07:30 \u2013 reggeli, a bentlak\u00e1s elhagy\u00e1sa (a bentlak\u00e1s bez\u00e1r\u00f3dik)<\/p>\n\n\n\n<p id=\"block-ff55b782-8349-4ff2-888b-4ff815211a06\">&nbsp;&nbsp;&nbsp;&nbsp;&nbsp;&nbsp;&nbsp;&nbsp;&nbsp;&nbsp;&nbsp; 07:50 \u2013 \u00e9tkezde elhagy\u00e1sa<\/p>\n\n\n\n<p id=\"block-35efd258-9cf8-4ae1-a6c2-a7bdd02fc1dd\">14:10-16:00 \u2013 eb\u00e9d<\/p>\n\n\n\n<p id=\"block-e05614d4-ad96-46cc-99b7-bd597668cef1\">14:00 \u2013 a nevel\u0151 nyitja a bentlak\u00e1st<\/p>\n\n\n\n<p id=\"block-88dd9b00-7ce5-4320-9900-8e593dcb3275\">&nbsp;&nbsp;&nbsp;&nbsp;&nbsp;&nbsp;&nbsp;&nbsp;&nbsp;&nbsp;&nbsp; 14:00-16:45 \u2013 szabad foglalkoz\u00e1s vagy kimen\u0151<\/p>\n\n\n\n<p id=\"block-00564659-84fb-4cc6-a195-6ae6a80ae0ef\">&nbsp;&nbsp;&nbsp;&nbsp;&nbsp;&nbsp;&nbsp;&nbsp;&nbsp;&nbsp;&nbsp; 16:45-17:00 \u2013 el\u0151k\u00e9sz\u00fclet a szilenciumra<\/p>\n\n\n\n<p id=\"block-449794ef-4463-47cf-8106-115b0125b383\">&nbsp;&nbsp;&nbsp;&nbsp;&nbsp;&nbsp;&nbsp;&nbsp;&nbsp;&nbsp;&nbsp; 17:00-19:20 \u2013 szilencium<\/p>\n\n\n\n<p id=\"block-aec9bd7d-d336-4746-a8df-68cdcb117aa1\">&nbsp;&nbsp;&nbsp;&nbsp;&nbsp;&nbsp;&nbsp;&nbsp;&nbsp;&nbsp;&nbsp; 19:30-20:00\u2013 vacsora<\/p>\n\n\n\n<p id=\"block-d8e43ac7-6344-4f7f-a948-f258c177dd40\">&nbsp;&nbsp;&nbsp;&nbsp;&nbsp;&nbsp;&nbsp;&nbsp;&nbsp;&nbsp;&nbsp; 20:00-21:00 \u2013 szabad foglalkoz\u00e1s (a bentlak\u00e1s udvar\u00e1n is)<\/p>\n\n\n\n<p id=\"block-2c13ad86-b42f-44ec-996c-9e85d86d5d7c\">&nbsp;&nbsp;&nbsp;&nbsp;&nbsp;&nbsp;&nbsp;&nbsp;&nbsp;&nbsp;&nbsp; 21:00-22:15 \u2013 tiszt\u00e1lkod\u00e1s\/szabad foglalkoz\u00e1s a bentlak\u00e1s ter\u00fclet\u00e9n<\/p>\n\n\n\n<p id=\"block-c8b245db-5aa5-48a8-9ceb-fd16d8411725\">&nbsp;&nbsp;&nbsp;&nbsp;&nbsp;&nbsp;&nbsp;&nbsp;&nbsp;&nbsp;&nbsp; 22:15 \u2013 villanyolt\u00e1s<\/p>\n\n\n\n<p id=\"block-fdab9901-739d-4861-b221-d6a00305f892\">Rendk\u00edv\u00fcli esetben, \u00edr\u00e1sbeli k\u00e9r\u00e9sre a fi\u00fak k\u00fcl\u00f6n, l\u00e1nyok k\u00fcl\u00f6n teremben 24:00 \u00f3r\u00e1ig fent maradhatnak tanulni. Ebben az esetben is a tiszt\u00e1lkod\u00e1s befejez\u00e9se k\u00f6telez\u0151 22:00-ig.<\/p>\n","protected":false},"excerpt":{"rendered":"<p>Az iskola alap\u00edt\u00e1s\u00e1val egyid\u0151s a Sz\u00e9kelykereszt\u00fari Berde M\u00f3zes Unit\u00e1rius Gimn\u00e1zium bentlak\u00e1sa. Az alap\u00edt\u00e1st k\u00f6vet\u0151 els\u0151 \u00e9vtizedekben a tanul\u00f3k szob\u00e1t kaphattak, ahova saj\u00e1t \u00e1gyukat \u00e9s kell\u00e9keiket hozt\u00e1k. A megfelel\u0151 iskolai el\u0151\u00edr\u00e1sok &#8230;<\/p>\n","protected":false},"author":1,"featured_media":0,"parent":0,"menu_order":0,"comment_status":"closed","ping_status":"closed","template":"","meta":{"footnotes":""},"yoast_head":"<!-- This site is optimized with the Yoast SEO plugin v21.9.1 - https:\/\/yoast.com\/wordpress\/plugins\/seo\/ -->\n<title>Bentlak\u00e1s - Berde M\u00f3zes Unit\u00e1rius Gimn\u00e1zium<\/title>\n<meta name=\"robots\" content=\"noindex, follow, max-snippet:-1, max-image-preview:large, max-video-preview:-1\" \/>\n<meta property=\"og:locale\" content=\"hu_HU\" \/>\n<meta property=\"og:type\" content=\"article\" \/>\n<meta property=\"og:title\" content=\"Bentlak\u00e1s - Berde M\u00f3zes Unit\u00e1rius Gimn\u00e1zium\" \/>\n<meta property=\"og:description\" content=\"Az iskola alap\u00edt\u00e1s\u00e1val egyid\u0151s a Sz\u00e9kelykereszt\u00fari Berde M\u00f3zes Unit\u00e1rius Gimn\u00e1zium bentlak\u00e1sa. Az alap\u00edt\u00e1st k\u00f6vet\u0151 els\u0151 \u00e9vtizedekben a tanul\u00f3k szob\u00e1t kaphattak, ahova saj\u00e1t \u00e1gyukat \u00e9s kell\u00e9keiket hozt\u00e1k. A megfelel\u0151 iskolai el\u0151\u00edr\u00e1sok ...\" \/>\n<meta property=\"og:url\" content=\"https:\/\/berdemozes.ro\/index.php\/bentlakas\/\" \/>\n<meta property=\"og:site_name\" content=\"Berde M\u00f3zes Unit\u00e1rius Gimn\u00e1zium\" \/>\n<meta property=\"article:publisher\" content=\"https:\/\/www.facebook.com\/bmugim\" \/>\n<meta property=\"article:modified_time\" content=\"2021-02-15T15:26:22+00:00\" \/>\n<meta name=\"twitter:card\" content=\"summary_large_image\" \/>\n<meta name=\"twitter:label1\" content=\"Becs\u00fclt olvas\u00e1si id\u0151\" \/>\n\t<meta name=\"twitter:data1\" content=\"5 perc\" \/>\n<script type=\"application\/ld+json\" class=\"yoast-schema-graph\">{\"@context\":\"https:\/\/schema.org\",\"@graph\":[{\"@type\":\"WebPage\",\"@id\":\"https:\/\/berdemozes.ro\/index.php\/bentlakas\/\",\"url\":\"https:\/\/berdemozes.ro\/index.php\/bentlakas\/\",\"name\":\"Bentlak\u00e1s - Berde M\u00f3zes Unit\u00e1rius Gimn\u00e1zium\",\"isPartOf\":{\"@id\":\"https:\/\/berdemozes.ro\/#website\"},\"datePublished\":\"2020-11-10T14:28:52+00:00\",\"dateModified\":\"2021-02-15T15:26:22+00:00\",\"breadcrumb\":{\"@id\":\"https:\/\/berdemozes.ro\/index.php\/bentlakas\/#breadcrumb\"},\"inLanguage\":\"hu\",\"potentialAction\":[{\"@type\":\"ReadAction\",\"target\":[\"https:\/\/berdemozes.ro\/index.php\/bentlakas\/\"]}]},{\"@type\":\"BreadcrumbList\",\"@id\":\"https:\/\/berdemozes.ro\/index.php\/bentlakas\/#breadcrumb\",\"itemListElement\":[{\"@type\":\"ListItem\",\"position\":1,\"name\":\"Home\",\"item\":\"https:\/\/berdemozes.ro\/\"},{\"@type\":\"ListItem\",\"position\":2,\"name\":\"Bentlak\u00e1s\"}]},{\"@type\":\"WebSite\",\"@id\":\"https:\/\/berdemozes.ro\/#website\",\"url\":\"https:\/\/berdemozes.ro\/\",\"name\":\"Berde M\u00f3zes Unit\u00e1rius Gimn\u00e1zium\",\"description\":\"A sz\u00e9kelykereszt\u00fari Berde M\u00f3zes Unit\u00e1rius Gimn\u00e1zium weboldala.\",\"publisher\":{\"@id\":\"https:\/\/berdemozes.ro\/#organization\"},\"potentialAction\":[{\"@type\":\"SearchAction\",\"target\":{\"@type\":\"EntryPoint\",\"urlTemplate\":\"https:\/\/berdemozes.ro\/?s={search_term_string}\"},\"query-input\":\"required name=search_term_string\"}],\"inLanguage\":\"hu\"},{\"@type\":\"Organization\",\"@id\":\"https:\/\/berdemozes.ro\/#organization\",\"name\":\"Berde M\u00f3zes Unit\u00e1rius Gimn\u00e1zium\",\"url\":\"https:\/\/berdemozes.ro\/\",\"logo\":{\"@type\":\"ImageObject\",\"inLanguage\":\"hu\",\"@id\":\"https:\/\/berdemozes.ro\/#\/schema\/logo\/image\/\",\"url\":\"https:\/\/berdemozes.ro\/wp-content\/uploads\/2020\/11\/cropped-HEADER-LOGO-2-1.png\",\"contentUrl\":\"https:\/\/berdemozes.ro\/wp-content\/uploads\/2020\/11\/cropped-HEADER-LOGO-2-1.png\",\"width\":213,\"height\":48,\"caption\":\"Berde M\u00f3zes Unit\u00e1rius Gimn\u00e1zium\"},\"image\":{\"@id\":\"https:\/\/berdemozes.ro\/#\/schema\/logo\/image\/\"},\"sameAs\":[\"https:\/\/www.facebook.com\/bmugim\"]}]}<\/script>\n<!-- \/ Yoast SEO plugin. -->","yoast_head_json":{"title":"Bentlak\u00e1s - Berde M\u00f3zes Unit\u00e1rius Gimn\u00e1zium","robots":{"index":"noindex","follow":"follow","max-snippet":"max-snippet:-1","max-image-preview":"max-image-preview:large","max-video-preview":"max-video-preview:-1"},"og_locale":"hu_HU","og_type":"article","og_title":"Bentlak\u00e1s - Berde M\u00f3zes Unit\u00e1rius Gimn\u00e1zium","og_description":"Az iskola alap\u00edt\u00e1s\u00e1val egyid\u0151s a Sz\u00e9kelykereszt\u00fari Berde M\u00f3zes Unit\u00e1rius Gimn\u00e1zium bentlak\u00e1sa. Az alap\u00edt\u00e1st k\u00f6vet\u0151 els\u0151 \u00e9vtizedekben a tanul\u00f3k szob\u00e1t kaphattak, ahova saj\u00e1t \u00e1gyukat \u00e9s kell\u00e9keiket hozt\u00e1k. A megfelel\u0151 iskolai el\u0151\u00edr\u00e1sok ...","og_url":"https:\/\/berdemozes.ro\/index.php\/bentlakas\/","og_site_name":"Berde M\u00f3zes Unit\u00e1rius Gimn\u00e1zium","article_publisher":"https:\/\/www.facebook.com\/bmugim","article_modified_time":"2021-02-15T15:26:22+00:00","twitter_card":"summary_large_image","twitter_misc":{"Becs\u00fclt olvas\u00e1si id\u0151":"5 perc"},"schema":{"@context":"https:\/\/schema.org","@graph":[{"@type":"WebPage","@id":"https:\/\/berdemozes.ro\/index.php\/bentlakas\/","url":"https:\/\/berdemozes.ro\/index.php\/bentlakas\/","name":"Bentlak\u00e1s - Berde M\u00f3zes Unit\u00e1rius Gimn\u00e1zium","isPartOf":{"@id":"https:\/\/berdemozes.ro\/#website"},"datePublished":"2020-11-10T14:28:52+00:00","dateModified":"2021-02-15T15:26:22+00:00","breadcrumb":{"@id":"https:\/\/berdemozes.ro\/index.php\/bentlakas\/#breadcrumb"},"inLanguage":"hu","potentialAction":[{"@type":"ReadAction","target":["https:\/\/berdemozes.ro\/index.php\/bentlakas\/"]}]},{"@type":"BreadcrumbList","@id":"https:\/\/berdemozes.ro\/index.php\/bentlakas\/#breadcrumb","itemListElement":[{"@type":"ListItem","position":1,"name":"Home","item":"https:\/\/berdemozes.ro\/"},{"@type":"ListItem","position":2,"name":"Bentlak\u00e1s"}]},{"@type":"WebSite","@id":"https:\/\/berdemozes.ro\/#website","url":"https:\/\/berdemozes.ro\/","name":"Berde M\u00f3zes Unit\u00e1rius Gimn\u00e1zium","description":"A sz\u00e9kelykereszt\u00fari Berde M\u00f3zes Unit\u00e1rius Gimn\u00e1zium weboldala.","publisher":{"@id":"https:\/\/berdemozes.ro\/#organization"},"potentialAction":[{"@type":"SearchAction","target":{"@type":"EntryPoint","urlTemplate":"https:\/\/berdemozes.ro\/?s={search_term_string}"},"query-input":"required name=search_term_string"}],"inLanguage":"hu"},{"@type":"Organization","@id":"https:\/\/berdemozes.ro\/#organization","name":"Berde M\u00f3zes Unit\u00e1rius Gimn\u00e1zium","url":"https:\/\/berdemozes.ro\/","logo":{"@type":"ImageObject","inLanguage":"hu","@id":"https:\/\/berdemozes.ro\/#\/schema\/logo\/image\/","url":"https:\/\/berdemozes.ro\/wp-content\/uploads\/2020\/11\/cropped-HEADER-LOGO-2-1.png","contentUrl":"https:\/\/berdemozes.ro\/wp-content\/uploads\/2020\/11\/cropped-HEADER-LOGO-2-1.png","width":213,"height":48,"caption":"Berde M\u00f3zes Unit\u00e1rius Gimn\u00e1zium"},"image":{"@id":"https:\/\/berdemozes.ro\/#\/schema\/logo\/image\/"},"sameAs":["https:\/\/www.facebook.com\/bmugim"]}]}},"jetpack_sharing_enabled":true,"_links":{"self":[{"href":"https:\/\/berdemozes.ro\/index.php\/wp-json\/wp\/v2\/pages\/52"}],"collection":[{"href":"https:\/\/berdemozes.ro\/index.php\/wp-json\/wp\/v2\/pages"}],"about":[{"href":"https:\/\/berdemozes.ro\/index.php\/wp-json\/wp\/v2\/types\/page"}],"author":[{"embeddable":true,"href":"https:\/\/berdemozes.ro\/index.php\/wp-json\/wp\/v2\/users\/1"}],"replies":[{"embeddable":true,"href":"https:\/\/berdemozes.ro\/index.php\/wp-json\/wp\/v2\/comments?post=52"}],"version-history":[{"count":4,"href":"https:\/\/berdemozes.ro\/index.php\/wp-json\/wp\/v2\/pages\/52\/revisions"}],"predecessor-version":[{"id":2785,"href":"https:\/\/berdemozes.ro\/index.php\/wp-json\/wp\/v2\/pages\/52\/revisions\/2785"}],"wp:attachment":[{"href":"https:\/\/berdemozes.ro\/index.php\/wp-json\/wp\/v2\/media?parent=52"}],"curies":[{"name":"wp","href":"https:\/\/api.w.org\/{rel}","templated":true}]}}