{"id":6610,"date":"2026-03-05T17:47:54","date_gmt":"2026-03-05T17:47:54","guid":{"rendered":"https:\/\/berdemozes.ro\/?page_id=6610"},"modified":"2026-03-16T06:43:33","modified_gmt":"2026-03-16T06:43:33","slug":"erasmus","status":"publish","type":"page","link":"https:\/\/berdemozes.ro\/index.php\/erasmus\/","title":{"rendered":"Erasmus+ Projektek a Berde M\u00f3zes Unit\u00e1rius Gimn\u00e1ziumban"},"content":{"rendered":"\n<p class=\"has-text-align-center\">Az itt szerepl\u0151 inform\u00e1ci\u00f3k \u00e9s \u00e1ll\u00edt\u00e1sok a szerz\u0151(k) \u00e1ll\u00e1spontj\u00e1t k\u00e9pviselik, \u00e9s nem felt\u00e9tlen\u00fcl t\u00fckr\u00f6zik az Eur\u00f3pai Uni\u00f3 vagy a Tempus K\u00f6zalap\u00edtv\u00e1ny hivatalos v\u00e9lem\u00e9ny\u00e9t. Sem az Eur\u00f3pai Uni\u00f3, sem a t\u00e1mogat\u00e1st ny\u00fajt\u00f3 hat\u00f3s\u00e1g nem vonhat\u00f3 felel\u0151ss\u00e9gre miattuk.<\/p>\n\n\n<div class=\"wp-block-image\">\n<figure class=\"aligncenter size-large is-resized\"><img fetchpriority=\"high\" decoding=\"async\" width=\"1024\" height=\"215\" src=\"https:\/\/berdemozes.ro\/wp-content\/uploads\/2026\/03\/HU-Az-Europai-Unio-tamogatasaval_POS-1024x215.jpg\" alt=\"\" class=\"wp-image-6634\" style=\"width:462px;height:auto\" srcset=\"https:\/\/berdemozes.ro\/wp-content\/uploads\/2026\/03\/HU-Az-Europai-Unio-tamogatasaval_POS-1024x215.jpg 1024w, https:\/\/berdemozes.ro\/wp-content\/uploads\/2026\/03\/HU-Az-Europai-Unio-tamogatasaval_POS-300x63.jpg 300w, https:\/\/berdemozes.ro\/wp-content\/uploads\/2026\/03\/HU-Az-Europai-Unio-tamogatasaval_POS-768x161.jpg 768w, https:\/\/berdemozes.ro\/wp-content\/uploads\/2026\/03\/HU-Az-Europai-Unio-tamogatasaval_POS-1536x322.jpg 1536w, https:\/\/berdemozes.ro\/wp-content\/uploads\/2026\/03\/HU-Az-Europai-Unio-tamogatasaval_POS-2048x430.jpg 2048w\" sizes=\"(max-width: 1024px) 100vw, 1024px\" \/><\/figure><\/div>\n\n\n<hr class=\"wp-block-separator has-alpha-channel-opacity\"\/>\n\n\n\n<p class=\"has-text-align-center\"><strong>2023-2-HU01-KA210-SCH-000185432<\/strong><\/p>\n\n\n\n<p class=\"has-text-align-center\">Olvass m\u00e9g! &#8211; sz\u00f6veg\u00e9rt\u00e9s fejleszt\u00e9se hat\u00e1rtalanul<\/p>\n\n\n\n<p class=\"has-text-align-center\">Read on! &#8211; Developing reading comprehension across<br>boarders<\/p>\n\n\n\n<p class=\"has-text-align-center\"><a href=\"https:\/\/csoma.edu.hu\/olvass-meg-2023-2-hu01-ka210-sch-000185432\/\">K\u0151risi Csoma S\u00e1ndor \u00c1ltal\u00e1nis Iskola \u00e9s Gimn\u00e1zium honlapja &#8211; Erasmus+<\/a><\/p>\n\n\n\n<p class=\"has-text-align-center\">A projektel kapcsolatos tudos\u00edt\u00e1sok linkjei:<\/p>\n\n\n\n<p class=\"has-text-align-center\"><a href=\"https:\/\/www.facebook.com\/bmugim\/posts\/pfbid0MPAeWgGoLb6yaX2YLx4MfdSvu66J3MFBEsGY57EVmdxJWFbrzBymF4iZWjhBddQtl\">Projektnyit\u00f3 l\u00e1togat\u00e1s<\/a><\/p>\n\n\n\n<p class=\"has-text-align-center\"><a href=\"https:\/\/www.facebook.com\/bmugim\/posts\/pfbid05hEBYpBWKgUZgLpdumXpqLZdiZj655o2swhWET7bmh8vL2m3GTBZb3xUARYx8qTDl\">Mobilit\u00e1s 1<\/a><\/p>\n\n\n\n<p class=\"has-text-align-center\"><a href=\"https:\/\/www.facebook.com\/bmugim\/posts\/pfbid02LfEEcPv5aHmURQpT3hmChYZ6Bt73ep8PBsrmcsapYpPBRESEW8JoZen7a4vT1kmzl\">Mobilit\u00e1s 2<\/a><\/p>\n\n\n\n<p class=\"has-text-align-center\"><a href=\"https:\/\/www.facebook.com\/bmugim\/posts\/pfbid02NowsmqphmeGv1sGPJKZSKrtXV98Yzyb8ESNTAWoY6kGaQaBQk8Pmm4wMSad4Ummtl\">Mobilit\u00e1s 3<\/a><\/p>\n\n\n\n<p class=\"has-text-align-center\"><a href=\"https:\/\/www.facebook.com\/bmugim\/posts\/pfbid0eVtNmhB4NuekNuEPEyVgSptsHnWf77xvcEC9QMarcJY6FL978K1vMU2CHsaoQtbMl\">Mobilit\u00e1s 4<\/a><\/p>\n\n\n\n<p class=\"has-text-align-center\"><a href=\"https:\/\/www.facebook.com\/bmugim\/posts\/pfbid0PTBtnB61n4TnSwDV3tvsGqRWot41RtKgACJgdasVVnP3Ze3ahjiHn8wzPmgqeHSdl\">Mobilit\u00e1s 5<\/a><\/p>\n\n\n\n<p class=\"has-text-align-center\"><a href=\"https:\/\/www.facebook.com\/bmugim\/posts\/pfbid0wYg6geYXqZRqCMpdqV1GfC9d3wpT8eyKvFeo6L2D1FKwJbxW9kD4VQfpWFRwoHd4l\">Mobilit\u00e1s 6<\/a><\/p>\n\n\n\n<p class=\"has-text-align-center\"><a href=\"https:\/\/www.facebook.com\/bmugim\/posts\/pfbid0bgqSF7MYKe6LsdeP16GBYXmZvy4DNNFmR7cu5j4JCgJsK1Ew1UKj19nEvYYAmTLpl\">Budapesti tan\u00e1rok l\u00e1togat\u00e1sa &#8211; Ballag\u00e1s 2025<\/a><\/p>\n\n\n\n<p class=\"has-text-align-center\"><a href=\"https:\/\/berdemozes.ro\/index.php\/2025\/10\/28\/olvasni-jo-erasmus-projektzaro-talalkozo-budapesten\/\">Olvasni j\u00f3! \u2013 Erasmus+ projektz\u00e1r\u00f3 tal\u00e1lkoz\u00f3 Budapesten<\/a><\/p>\n\n\n\n<p class=\"has-text-align-center\"><a href=\"https:\/\/berdemozes.ro\/index.php\/2025\/10\/14\/erasmusdays-olvasni-jo\/\">#ErasmusDays Olvasni J\u00f3!<\/a><\/p>\n\n\n\n<p class=\"has-text-align-center\">PROIEKTTERM\u00c9KEK:<\/p>\n\n\n\n<p class=\"has-text-align-center\"><a href=\"https:\/\/csoma.edu.hu\/wp-content\/uploads\/2026\/03\/Projekttermek-A-gomb.pdf\" target=\"_blank\" rel=\"noreferrer noopener\">Projektterm\u00e9k A g\u00f6mb<\/a><\/p>\n\n\n\n<p class=\"has-text-align-center\"><a href=\"https:\/\/csoma.edu.hu\/wp-content\/uploads\/2026\/03\/Projekttermek-Budapest-Off-feldolgozasok.pdf\" target=\"_blank\" rel=\"noreferrer noopener\">Projektterm\u00e9k Budapest Off feldolgoz\u00e1sok<\/a><\/p>\n\n\n\n<p class=\"has-text-align-center\"><a href=\"https:\/\/csoma.edu.hu\/wp-content\/uploads\/2026\/03\/Projekttermek-Dragoman-Maglya.pdf\" target=\"_blank\" rel=\"noreferrer noopener\">Projektterm\u00e9k Dragom\u00e1n M\u00e1glya<\/a><\/p>\n\n\n\n<p class=\"has-text-align-center\"><a href=\"https:\/\/csoma.edu.hu\/wp-content\/uploads\/2026\/03\/Projekttermek-Grecso-Vera.pdf\" target=\"_blank\" rel=\"noreferrer noopener\">Projektterm\u00e9k Grecs\u00f3 Vera<\/a><\/p>\n\n\n\n<p class=\"has-text-align-center\"><a href=\"https:\/\/csoma.edu.hu\/wp-content\/uploads\/2026\/03\/Projekttermek-Korosi-Csoma-Sandor-csodalatos-cselekedetei.pdf\" target=\"_blank\" rel=\"noreferrer noopener\">Projektterm\u00e9k K\u0151r\u00f6si Csoma S\u00e1ndor csod\u00e1latos cselekedetei<\/a><\/p>\n\n\n\n<hr class=\"wp-block-separator has-alpha-channel-opacity\"\/>\n\n\n<div class=\"wp-block-image\">\n<figure class=\"aligncenter size-full is-resized\"><img decoding=\"async\" width=\"685\" height=\"309\" src=\"https:\/\/berdemozes.ro\/wp-content\/uploads\/2026\/03\/erasmus.png\" alt=\"\" class=\"wp-image-6658\" style=\"width:403px;height:auto\" srcset=\"https:\/\/berdemozes.ro\/wp-content\/uploads\/2026\/03\/erasmus.png 685w, https:\/\/berdemozes.ro\/wp-content\/uploads\/2026\/03\/erasmus-300x135.png 300w\" sizes=\"(max-width: 685px) 100vw, 685px\" \/><\/figure><\/div>\n\n\n<p><\/p>\n\n\n\n<p class=\"has-text-align-center\"><strong>2024-1-HU01-KA220-SCH-000256403<\/strong><\/p>\n\n\n\n<p class=\"has-text-align-center\">K\u00f6z\u00f6sen az \u00f6nk\u00e9ntess\u00e9g meger\u0151s\u00edt\u00e9s\u00e9\u00e9rt<\/p>\n\n\n\n<p class=\"has-text-align-center\">Together to strengthen volunteering<\/p>\n\n\n\n<p class=\"has-text-align-center\">A projektel kapcsolatos tudos\u00edt\u00e1sok linkjei:<\/p>\n\n\n\n<p class=\"has-text-align-center\"><a href=\"https:\/\/www.facebook.com\/bmugim\/posts\/pfbid02Jn8PBvwE8VytRUAA8yJG37B7tdfhJVbnKBE2Dp71anvE9Amf3DkjiCNyYXdKH5PMl\">KIckOff<\/a><\/p>\n\n\n\n<p class=\"has-text-align-center\"><a href=\"https:\/\/berdemozes.ro\/index.php\/2024\/12\/17\/erasmus-kozosen-az-onkentesseg-megerositeseert-projekt\/\">Erasmus+ \u201eK\u00f6z\u00f6sen az \u00f6nk\u00e9ntess\u00e9g meger\u0151s\u00edt\u00e9s\u00e9\u00e9rt\u201d projekt<\/a><\/p>\n\n\n\n<p class=\"has-text-align-center\"><a href=\"https:\/\/berdemozes.ro\/index.php\/2026\/03\/10\/kozosen-az-onkentesseg-megerositeseert-pedagogusok-kepzese\/\">K\u00f6z\u00f6sen az \u00f6nk\u00e9ntess\u00e9g meger\u0151s\u00edt\u00e9s\u00e9\u00e9rt \u2013 Pedag\u00f3gusok k\u00e9pz\u00e9se<\/a><\/p>\n\n\n\n<p class=\"has-text-align-center\"><a href=\"https:\/\/berdemozes.ro\/index.php\/2026\/03\/03\/nonprofit-szervezetek-kepzese-a-kozosen-az-onkentesseg-megerositeseert-erasmus-palyazat-kereteben\/\">Nonprofit szervezetek k\u00e9pz\u00e9se a \u201eK\u00f6z\u00f6sen az \u00f6nk\u00e9ntess\u00e9g meger\u0151s\u00edt\u00e9s\u00e9\u00e9rt\u201d Erasmus+ p\u00e1ly\u00e1zat keret\u00e9ben<\/a><\/p>\n\n\n\n<p class=\"has-text-align-center\"><a href=\"https:\/\/berdemozes.ro\/index.php\/2025\/10\/06\/masodik-szakmai-muhely-erasmus\/\">M\u00e1sodik szakmai m\u0171hely! Erasmus+<\/a><\/p>\n\n\n\n<p class=\"has-text-align-center\"><a href=\"https:\/\/berdemozes.ro\/index.php\/2025\/09\/11\/kozosen-az-onkentesseg-megerositeseert-2\/\">K\u00f6z\u00f6sen az \u00f6nk\u00e9ntess\u00e9g meger\u0151s\u00edt\u00e9s\u00e9\u00e9rt<\/a><\/p>\n\n\n\n<p class=\"has-text-align-center\"><a href=\"https:\/\/berdemozes.ro\/index.php\/2025\/09\/11\/kozosen-az-onkentesseg-megerositeseert\/\">K\u00f6z\u00f6sen az \u00f6nk\u00e9ntess\u00e9g meger\u0151s\u00edt\u00e9s\u00e9\u00e9rt<\/a><\/p>\n\n\n\n<p class=\"has-text-align-center\"><a href=\"https:\/\/berdemozes.ro\/index.php\/2025\/09\/11\/kozosen-az-onkentessegert\/\">K\u00f6z\u00f6sen az \u00f6nk\u00e9ntess\u00e9g\u00e9rt<\/a><\/p>\n\n\n\n<hr class=\"wp-block-separator has-alpha-channel-opacity\"\/>\n\n\n<div class=\"wp-block-image\">\n<figure class=\"aligncenter size-full is-resized\"><img decoding=\"async\" width=\"850\" height=\"540\" src=\"https:\/\/berdemozes.ro\/wp-content\/uploads\/2026\/03\/erasmus-.jpg\" alt=\"\" class=\"wp-image-6659\" style=\"width:355px;height:auto\" srcset=\"https:\/\/berdemozes.ro\/wp-content\/uploads\/2026\/03\/erasmus-.jpg 850w, https:\/\/berdemozes.ro\/wp-content\/uploads\/2026\/03\/erasmus--300x191.jpg 300w, https:\/\/berdemozes.ro\/wp-content\/uploads\/2026\/03\/erasmus--768x488.jpg 768w\" sizes=\"(max-width: 850px) 100vw, 850px\" \/><\/figure><\/div>\n\n\n<p><\/p>\n\n\n\n<p class=\"has-text-align-center\"><strong>2025-1-HU01-KA210-SCH-000361774<\/strong><\/p>\n\n\n\n<p class=\"has-text-align-center\">Korszer\u0171 m\u00f3dszerekkel a probl\u00e9mamegold\u00f3 gondolkod\u00e1s, logikai k\u00e9szs\u00e9g fejleszt\u00e9s\u00e9\u00e9rt &#8211; oktat\u00e1si seg\u00e9deszk\u00f6z \u00f6ssze\u00e1ll\u00edt\u00e1sa K\u00e1rp\u00e1t-medencei egy\u00fcttm\u0171k\u00f6d\u00e9sben<\/p>\n\n\n\n<p class=\"has-text-align-center\">Modern methods for developing problem-solving thinking and logical skills &#8211; compilation of educational aids in Carpathian Basin cooperation<\/p>\n\n\n\n<p class=\"has-text-align-center\">A projektel kapcsolatos tudos\u00edt\u00e1sok linkjei:<\/p>\n\n\n\n<p class=\"has-text-align-center\"><a href=\"https:\/\/berdemozes.ro\/index.php\/2025\/11\/18\/korszeru-modszerekkel-a-problemamegoldo-gondolkodas-logikai-keszseg-fejleszteseert\/\">Korszer\u0171 m\u00f3dszerekkel a probl\u00e9mamegold\u00f3 gondolkod\u00e1s, logikai k\u00e9szs\u00e9g fejleszt\u00e9s\u00e9\u00e9rt<\/a><\/p>\n\n\n\n<p class=\"has-text-align-center\"><a href=\"https:\/\/www.facebook.com\/bmugim\/posts\/pfbid02tCPeP4Ap2qJirUr8PyWuR4b1z9f9wdgtgpMnRP1gLhiYV3bAYtHuuGYQhqEPWnnWl\" target=\"_blank\" rel=\"noreferrer noopener\">Sz\u00e9kelykereszt\u00fari tal\u00e1lkoz\u00f3 \u2013 2026. m\u00e1rcius 12-16.<\/a><\/p>\n\n\n\n<p class=\"has-text-align-center\"><a href=\"https:\/\/berdemozes.ro\/index.php\/2026\/03\/16\/unnepi-hetvege-erasmus-kereteben-szekelykereszturon\/\">Mobilit\u00e1s \u2013 2026. m\u00e1rcius 12-16.<\/a><\/p>\n\n\n\n<p><\/p>\n\n\n\n<p><\/p>\n","protected":false},"excerpt":{"rendered":"<p>Az itt szerepl\u0151 inform\u00e1ci\u00f3k \u00e9s \u00e1ll\u00edt\u00e1sok a szerz\u0151(k) \u00e1ll\u00e1spontj\u00e1t k\u00e9pviselik, \u00e9s nem felt\u00e9tlen\u00fcl t\u00fckr\u00f6zik az Eur\u00f3pai Uni\u00f3 vagy a Tempus K\u00f6zalap\u00edtv\u00e1ny hivatalos v\u00e9lem\u00e9ny\u00e9t. Sem az Eur\u00f3pai Uni\u00f3, sem a t\u00e1mogat\u00e1st &#8230;<\/p>\n","protected":false},"author":1,"featured_media":6613,"parent":0,"menu_order":0,"comment_status":"closed","ping_status":"closed","template":"","meta":{"footnotes":""},"yoast_head":"<!-- This site is optimized with the Yoast SEO plugin v21.9.1 - https:\/\/yoast.com\/wordpress\/plugins\/seo\/ -->\n<title>Erasmus+ Projektek a Berde M\u00f3zes Unit\u00e1rius Gimn\u00e1ziumban - Berde M\u00f3zes Unit\u00e1rius Gimn\u00e1zium<\/title>\n<meta name=\"robots\" content=\"noindex, follow, max-snippet:-1, max-image-preview:large, max-video-preview:-1\" \/>\n<meta property=\"og:locale\" content=\"hu_HU\" \/>\n<meta property=\"og:type\" content=\"article\" \/>\n<meta property=\"og:title\" content=\"Erasmus+ Projektek a Berde M\u00f3zes Unit\u00e1rius Gimn\u00e1ziumban - Berde M\u00f3zes Unit\u00e1rius Gimn\u00e1zium\" \/>\n<meta property=\"og:description\" content=\"Az itt szerepl\u0151 inform\u00e1ci\u00f3k \u00e9s \u00e1ll\u00edt\u00e1sok a szerz\u0151(k) \u00e1ll\u00e1spontj\u00e1t k\u00e9pviselik, \u00e9s nem felt\u00e9tlen\u00fcl t\u00fckr\u00f6zik az Eur\u00f3pai Uni\u00f3 vagy a Tempus K\u00f6zalap\u00edtv\u00e1ny hivatalos v\u00e9lem\u00e9ny\u00e9t. Sem az Eur\u00f3pai Uni\u00f3, sem a t\u00e1mogat\u00e1st ...\" \/>\n<meta property=\"og:url\" content=\"https:\/\/berdemozes.ro\/index.php\/erasmus\/\" \/>\n<meta property=\"og:site_name\" content=\"Berde M\u00f3zes Unit\u00e1rius Gimn\u00e1zium\" \/>\n<meta property=\"article:publisher\" content=\"https:\/\/www.facebook.com\/bmugim\" \/>\n<meta property=\"article:modified_time\" content=\"2026-03-16T06:43:33+00:00\" \/>\n<meta property=\"og:image\" content=\"https:\/\/berdemozes.ro\/wp-content\/uploads\/2026\/03\/letoltes.png\" \/>\n\t<meta property=\"og:image:width\" content=\"410\" \/>\n\t<meta property=\"og:image:height\" content=\"123\" \/>\n\t<meta property=\"og:image:type\" content=\"image\/png\" \/>\n<meta name=\"twitter:card\" content=\"summary_large_image\" \/>\n<meta name=\"twitter:label1\" content=\"Becs\u00fclt olvas\u00e1si id\u0151\" \/>\n\t<meta name=\"twitter:data1\" content=\"2 perc\" \/>\n<script type=\"application\/ld+json\" class=\"yoast-schema-graph\">{\"@context\":\"https:\/\/schema.org\",\"@graph\":[{\"@type\":\"WebPage\",\"@id\":\"https:\/\/berdemozes.ro\/index.php\/erasmus\/\",\"url\":\"https:\/\/berdemozes.ro\/index.php\/erasmus\/\",\"name\":\"Erasmus+ Projektek a Berde M\u00f3zes Unit\u00e1rius Gimn\u00e1ziumban - Berde M\u00f3zes Unit\u00e1rius Gimn\u00e1zium\",\"isPartOf\":{\"@id\":\"http:\/\/berdemozes.ro\/#website\"},\"datePublished\":\"2026-03-05T17:47:54+00:00\",\"dateModified\":\"2026-03-16T06:43:33+00:00\",\"breadcrumb\":{\"@id\":\"https:\/\/berdemozes.ro\/index.php\/erasmus\/#breadcrumb\"},\"inLanguage\":\"hu\",\"potentialAction\":[{\"@type\":\"ReadAction\",\"target\":[\"https:\/\/berdemozes.ro\/index.php\/erasmus\/\"]}]},{\"@type\":\"BreadcrumbList\",\"@id\":\"https:\/\/berdemozes.ro\/index.php\/erasmus\/#breadcrumb\",\"itemListElement\":[{\"@type\":\"ListItem\",\"position\":1,\"name\":\"Home\",\"item\":\"http:\/\/berdemozes.ro\/\"},{\"@type\":\"ListItem\",\"position\":2,\"name\":\"Erasmus+ Projektek a Berde M\u00f3zes Unit\u00e1rius Gimn\u00e1ziumban\"}]},{\"@type\":\"WebSite\",\"@id\":\"http:\/\/berdemozes.ro\/#website\",\"url\":\"http:\/\/berdemozes.ro\/\",\"name\":\"Berde M\u00f3zes Unit\u00e1rius Gimn\u00e1zium\",\"description\":\"A sz\u00e9kelykereszt\u00fari Berde M\u00f3zes Unit\u00e1rius Gimn\u00e1zium weboldala.\",\"publisher\":{\"@id\":\"http:\/\/berdemozes.ro\/#organization\"},\"potentialAction\":[{\"@type\":\"SearchAction\",\"target\":{\"@type\":\"EntryPoint\",\"urlTemplate\":\"http:\/\/berdemozes.ro\/?s={search_term_string}\"},\"query-input\":\"required name=search_term_string\"}],\"inLanguage\":\"hu\"},{\"@type\":\"Organization\",\"@id\":\"http:\/\/berdemozes.ro\/#organization\",\"name\":\"Berde M\u00f3zes Unit\u00e1rius Gimn\u00e1zium\",\"url\":\"http:\/\/berdemozes.ro\/\",\"logo\":{\"@type\":\"ImageObject\",\"inLanguage\":\"hu\",\"@id\":\"http:\/\/berdemozes.ro\/#\/schema\/logo\/image\/\",\"url\":\"https:\/\/berdemozes.ro\/wp-content\/uploads\/2020\/11\/cropped-HEADER-LOGO-2-1.png\",\"contentUrl\":\"https:\/\/berdemozes.ro\/wp-content\/uploads\/2020\/11\/cropped-HEADER-LOGO-2-1.png\",\"width\":213,\"height\":48,\"caption\":\"Berde M\u00f3zes Unit\u00e1rius Gimn\u00e1zium\"},\"image\":{\"@id\":\"http:\/\/berdemozes.ro\/#\/schema\/logo\/image\/\"},\"sameAs\":[\"https:\/\/www.facebook.com\/bmugim\"]}]}<\/script>\n<!-- \/ Yoast SEO plugin. -->","yoast_head_json":{"title":"Erasmus+ Projektek a Berde M\u00f3zes Unit\u00e1rius Gimn\u00e1ziumban - Berde M\u00f3zes Unit\u00e1rius Gimn\u00e1zium","robots":{"index":"noindex","follow":"follow","max-snippet":"max-snippet:-1","max-image-preview":"max-image-preview:large","max-video-preview":"max-video-preview:-1"},"og_locale":"hu_HU","og_type":"article","og_title":"Erasmus+ Projektek a Berde M\u00f3zes Unit\u00e1rius Gimn\u00e1ziumban - Berde M\u00f3zes Unit\u00e1rius Gimn\u00e1zium","og_description":"Az itt szerepl\u0151 inform\u00e1ci\u00f3k \u00e9s \u00e1ll\u00edt\u00e1sok a szerz\u0151(k) \u00e1ll\u00e1spontj\u00e1t k\u00e9pviselik, \u00e9s nem felt\u00e9tlen\u00fcl t\u00fckr\u00f6zik az Eur\u00f3pai Uni\u00f3 vagy a Tempus K\u00f6zalap\u00edtv\u00e1ny hivatalos v\u00e9lem\u00e9ny\u00e9t. Sem az Eur\u00f3pai Uni\u00f3, sem a t\u00e1mogat\u00e1st ...","og_url":"https:\/\/berdemozes.ro\/index.php\/erasmus\/","og_site_name":"Berde M\u00f3zes Unit\u00e1rius Gimn\u00e1zium","article_publisher":"https:\/\/www.facebook.com\/bmugim","article_modified_time":"2026-03-16T06:43:33+00:00","og_image":[{"width":410,"height":123,"url":"https:\/\/berdemozes.ro\/wp-content\/uploads\/2026\/03\/letoltes.png","type":"image\/png"}],"twitter_card":"summary_large_image","twitter_misc":{"Becs\u00fclt olvas\u00e1si id\u0151":"2 perc"},"schema":{"@context":"https:\/\/schema.org","@graph":[{"@type":"WebPage","@id":"https:\/\/berdemozes.ro\/index.php\/erasmus\/","url":"https:\/\/berdemozes.ro\/index.php\/erasmus\/","name":"Erasmus+ Projektek a Berde M\u00f3zes Unit\u00e1rius Gimn\u00e1ziumban - Berde M\u00f3zes Unit\u00e1rius Gimn\u00e1zium","isPartOf":{"@id":"http:\/\/berdemozes.ro\/#website"},"datePublished":"2026-03-05T17:47:54+00:00","dateModified":"2026-03-16T06:43:33+00:00","breadcrumb":{"@id":"https:\/\/berdemozes.ro\/index.php\/erasmus\/#breadcrumb"},"inLanguage":"hu","potentialAction":[{"@type":"ReadAction","target":["https:\/\/berdemozes.ro\/index.php\/erasmus\/"]}]},{"@type":"BreadcrumbList","@id":"https:\/\/berdemozes.ro\/index.php\/erasmus\/#breadcrumb","itemListElement":[{"@type":"ListItem","position":1,"name":"Home","item":"http:\/\/berdemozes.ro\/"},{"@type":"ListItem","position":2,"name":"Erasmus+ Projektek a Berde M\u00f3zes Unit\u00e1rius Gimn\u00e1ziumban"}]},{"@type":"WebSite","@id":"http:\/\/berdemozes.ro\/#website","url":"http:\/\/berdemozes.ro\/","name":"Berde M\u00f3zes Unit\u00e1rius Gimn\u00e1zium","description":"A sz\u00e9kelykereszt\u00fari Berde M\u00f3zes Unit\u00e1rius Gimn\u00e1zium weboldala.","publisher":{"@id":"http:\/\/berdemozes.ro\/#organization"},"potentialAction":[{"@type":"SearchAction","target":{"@type":"EntryPoint","urlTemplate":"http:\/\/berdemozes.ro\/?s={search_term_string}"},"query-input":"required name=search_term_string"}],"inLanguage":"hu"},{"@type":"Organization","@id":"http:\/\/berdemozes.ro\/#organization","name":"Berde M\u00f3zes Unit\u00e1rius Gimn\u00e1zium","url":"http:\/\/berdemozes.ro\/","logo":{"@type":"ImageObject","inLanguage":"hu","@id":"http:\/\/berdemozes.ro\/#\/schema\/logo\/image\/","url":"https:\/\/berdemozes.ro\/wp-content\/uploads\/2020\/11\/cropped-HEADER-LOGO-2-1.png","contentUrl":"https:\/\/berdemozes.ro\/wp-content\/uploads\/2020\/11\/cropped-HEADER-LOGO-2-1.png","width":213,"height":48,"caption":"Berde M\u00f3zes Unit\u00e1rius Gimn\u00e1zium"},"image":{"@id":"http:\/\/berdemozes.ro\/#\/schema\/logo\/image\/"},"sameAs":["https:\/\/www.facebook.com\/bmugim"]}]}},"jetpack_sharing_enabled":true,"_links":{"self":[{"href":"https:\/\/berdemozes.ro\/index.php\/wp-json\/wp\/v2\/pages\/6610"}],"collection":[{"href":"https:\/\/berdemozes.ro\/index.php\/wp-json\/wp\/v2\/pages"}],"about":[{"href":"https:\/\/berdemozes.ro\/index.php\/wp-json\/wp\/v2\/types\/page"}],"author":[{"embeddable":true,"href":"https:\/\/berdemozes.ro\/index.php\/wp-json\/wp\/v2\/users\/1"}],"replies":[{"embeddable":true,"href":"https:\/\/berdemozes.ro\/index.php\/wp-json\/wp\/v2\/comments?post=6610"}],"version-history":[{"count":33,"href":"https:\/\/berdemozes.ro\/index.php\/wp-json\/wp\/v2\/pages\/6610\/revisions"}],"predecessor-version":[{"id":6674,"href":"https:\/\/berdemozes.ro\/index.php\/wp-json\/wp\/v2\/pages\/6610\/revisions\/6674"}],"wp:featuredmedia":[{"embeddable":true,"href":"https:\/\/berdemozes.ro\/index.php\/wp-json\/wp\/v2\/media\/6613"}],"wp:attachment":[{"href":"https:\/\/berdemozes.ro\/index.php\/wp-json\/wp\/v2\/media?parent=6610"}],"curies":[{"name":"wp","href":"https:\/\/api.w.org\/{rel}","templated":true}]}}