{"id":76,"date":"2020-11-10T14:44:51","date_gmt":"2020-11-10T14:44:51","guid":{"rendered":"https:\/\/berdemozes.ro\/?page_id=76"},"modified":"2021-02-20T13:43:09","modified_gmt":"2021-02-20T13:43:09","slug":"epuleteink","status":"publish","type":"page","link":"https:\/\/berdemozes.ro\/index.php\/epuleteink\/","title":{"rendered":"\u00c9p\u00fcleteink"},"content":{"rendered":"\n<p class=\"has-text-align-center\"><strong>Az 1793-1815 k\u00f6z\u00f6tti iskolai \u00e9p\u00fclet rekonstru\u00e1lt helyzete. <\/strong><\/p>\n\n\n\n<figure class=\"wp-block-image size-large is-resized\"><img fetchpriority=\"high\" decoding=\"async\" src=\"http:\/\/berdemozes.ro\/wp-content\/uploads\/2021\/01\/epuleteink-8-1024x753.jpg\" alt=\"\" class=\"wp-image-2642\" width=\"585\" height=\"429\" srcset=\"https:\/\/berdemozes.ro\/wp-content\/uploads\/2021\/01\/epuleteink-8-1024x753.jpg 1024w, https:\/\/berdemozes.ro\/wp-content\/uploads\/2021\/01\/epuleteink-8-300x221.jpg 300w, https:\/\/berdemozes.ro\/wp-content\/uploads\/2021\/01\/epuleteink-8-768x565.jpg 768w, https:\/\/berdemozes.ro\/wp-content\/uploads\/2021\/01\/epuleteink-8-1536x1130.jpg 1536w, https:\/\/berdemozes.ro\/wp-content\/uploads\/2021\/01\/epuleteink-8-2048x1507.jpg 2048w\" sizes=\"(max-width: 585px) 100vw, 585px\" \/><figcaption>S\u00e1ndor Zsigmond Ibolya muzeol\u00f3gus kutat\u00e1sai alapj\u00e1n k\u00e9sz\u00fclt Kisgy\u00f6rgy Tam\u00e1s grafik\u00e1ja.<\/figcaption><\/figure>\n\n\n\n<div class=\"wp-block-group alignwide\"><div class=\"wp-block-group__inner-container is-layout-flow wp-block-group-is-layout-flow\">\n<p class=\"has-text-align-center\"><strong>A P\u00e1kei Lajos \u00e1ltal tervezett, 1914-ben fel\u00e9p\u00edtett iskolai \u00e9p\u00fclet<\/strong><\/p>\n<\/div><\/div>\n\n\n\n<figure class=\"wp-block-gallery columns-2 is-cropped wp-block-gallery-1 is-layout-flex wp-block-gallery-is-layout-flex\"><ul class=\"blocks-gallery-grid\"><li class=\"blocks-gallery-item\"><figure><img decoding=\"async\" width=\"1024\" height=\"575\" src=\"http:\/\/berdemozes.ro\/wp-content\/uploads\/2021\/01\/epuleteink-3-1024x575.jpg\" alt=\"\" data-id=\"2637\" data-full-url=\"http:\/\/berdemozes.ro\/wp-content\/uploads\/2021\/01\/epuleteink-3-scaled.jpg\" data-link=\"http:\/\/berdemozes.ro\/index.php\/epuleteink\/epuleteink-3\/\" class=\"wp-image-2637\" srcset=\"https:\/\/berdemozes.ro\/wp-content\/uploads\/2021\/01\/epuleteink-3-1024x575.jpg 1024w, https:\/\/berdemozes.ro\/wp-content\/uploads\/2021\/01\/epuleteink-3-300x168.jpg 300w, https:\/\/berdemozes.ro\/wp-content\/uploads\/2021\/01\/epuleteink-3-768x431.jpg 768w, https:\/\/berdemozes.ro\/wp-content\/uploads\/2021\/01\/epuleteink-3-1536x863.jpg 1536w, https:\/\/berdemozes.ro\/wp-content\/uploads\/2021\/01\/epuleteink-3-2048x1150.jpg 2048w\" sizes=\"(max-width: 1024px) 100vw, 1024px\" \/><\/figure><\/li><li class=\"blocks-gallery-item\"><figure><img decoding=\"async\" width=\"1024\" height=\"683\" src=\"http:\/\/berdemozes.ro\/wp-content\/uploads\/2021\/01\/epuleteink-1-1024x683.jpg\" alt=\"\" data-id=\"2635\" data-full-url=\"http:\/\/berdemozes.ro\/wp-content\/uploads\/2021\/01\/epuleteink-1.jpg\" data-link=\"http:\/\/berdemozes.ro\/index.php\/epuleteink\/epuleteink-1\/\" class=\"wp-image-2635\" srcset=\"https:\/\/berdemozes.ro\/wp-content\/uploads\/2021\/01\/epuleteink-1-1024x683.jpg 1024w, https:\/\/berdemozes.ro\/wp-content\/uploads\/2021\/01\/epuleteink-1-300x200.jpg 300w, https:\/\/berdemozes.ro\/wp-content\/uploads\/2021\/01\/epuleteink-1-768x512.jpg 768w, https:\/\/berdemozes.ro\/wp-content\/uploads\/2021\/01\/epuleteink-1-1536x1024.jpg 1536w, https:\/\/berdemozes.ro\/wp-content\/uploads\/2021\/01\/epuleteink-1-2048x1365.jpg 2048w\" sizes=\"(max-width: 1024px) 100vw, 1024px\" \/><\/figure><\/li><li class=\"blocks-gallery-item\"><figure><img loading=\"lazy\" decoding=\"async\" width=\"1024\" height=\"768\" src=\"http:\/\/berdemozes.ro\/wp-content\/uploads\/2021\/01\/epuleteink-4-1024x768.jpg\" alt=\"\" data-id=\"2638\" data-full-url=\"http:\/\/berdemozes.ro\/wp-content\/uploads\/2021\/01\/epuleteink-4-scaled.jpg\" data-link=\"http:\/\/berdemozes.ro\/index.php\/epuleteink\/dav-4\/\" class=\"wp-image-2638\" srcset=\"https:\/\/berdemozes.ro\/wp-content\/uploads\/2021\/01\/epuleteink-4-1024x768.jpg 1024w, https:\/\/berdemozes.ro\/wp-content\/uploads\/2021\/01\/epuleteink-4-300x225.jpg 300w, https:\/\/berdemozes.ro\/wp-content\/uploads\/2021\/01\/epuleteink-4-768x576.jpg 768w, https:\/\/berdemozes.ro\/wp-content\/uploads\/2021\/01\/epuleteink-4-1536x1152.jpg 1536w, https:\/\/berdemozes.ro\/wp-content\/uploads\/2021\/01\/epuleteink-4-2048x1536.jpg 2048w\" sizes=\"(max-width: 1024px) 100vw, 1024px\" \/><\/figure><\/li><li class=\"blocks-gallery-item\"><figure><img loading=\"lazy\" decoding=\"async\" width=\"1024\" height=\"1024\" src=\"http:\/\/berdemozes.ro\/wp-content\/uploads\/2021\/01\/epuleteink-7-1024x1024.jpg\" alt=\"\" data-id=\"2641\" data-full-url=\"http:\/\/berdemozes.ro\/wp-content\/uploads\/2021\/01\/epuleteink-7-scaled.jpg\" data-link=\"http:\/\/berdemozes.ro\/index.php\/epuleteink\/epuleteink-7\/\" class=\"wp-image-2641\" srcset=\"https:\/\/berdemozes.ro\/wp-content\/uploads\/2021\/01\/epuleteink-7-1024x1024.jpg 1024w, https:\/\/berdemozes.ro\/wp-content\/uploads\/2021\/01\/epuleteink-7-300x300.jpg 300w, https:\/\/berdemozes.ro\/wp-content\/uploads\/2021\/01\/epuleteink-7-150x150.jpg 150w, https:\/\/berdemozes.ro\/wp-content\/uploads\/2021\/01\/epuleteink-7-768x768.jpg 768w, https:\/\/berdemozes.ro\/wp-content\/uploads\/2021\/01\/epuleteink-7-1536x1536.jpg 1536w, https:\/\/berdemozes.ro\/wp-content\/uploads\/2021\/01\/epuleteink-7-2048x2048.jpg 2048w\" sizes=\"(max-width: 1024px) 100vw, 1024px\" \/><\/figure><\/li><li class=\"blocks-gallery-item\"><figure><img loading=\"lazy\" decoding=\"async\" width=\"1024\" height=\"706\" src=\"http:\/\/berdemozes.ro\/wp-content\/uploads\/2021\/01\/epuleteink-6-1024x706.jpg\" alt=\"\" data-id=\"2640\" data-full-url=\"http:\/\/berdemozes.ro\/wp-content\/uploads\/2021\/01\/epuleteink-6-scaled.jpg\" data-link=\"http:\/\/berdemozes.ro\/index.php\/epuleteink\/epuleteink-6\/\" class=\"wp-image-2640\" srcset=\"https:\/\/berdemozes.ro\/wp-content\/uploads\/2021\/01\/epuleteink-6-1024x706.jpg 1024w, https:\/\/berdemozes.ro\/wp-content\/uploads\/2021\/01\/epuleteink-6-300x207.jpg 300w, https:\/\/berdemozes.ro\/wp-content\/uploads\/2021\/01\/epuleteink-6-768x530.jpg 768w, https:\/\/berdemozes.ro\/wp-content\/uploads\/2021\/01\/epuleteink-6-1536x1059.jpg 1536w, https:\/\/berdemozes.ro\/wp-content\/uploads\/2021\/01\/epuleteink-6-2048x1412.jpg 2048w\" sizes=\"(max-width: 1024px) 100vw, 1024px\" \/><\/figure><\/li><li class=\"blocks-gallery-item\"><figure><img loading=\"lazy\" decoding=\"async\" width=\"1000\" height=\"667\" src=\"http:\/\/berdemozes.ro\/wp-content\/uploads\/2021\/01\/epuleteink-2.jpg\" alt=\"\" data-id=\"2636\" data-full-url=\"http:\/\/berdemozes.ro\/wp-content\/uploads\/2021\/01\/epuleteink-2.jpg\" data-link=\"http:\/\/berdemozes.ro\/index.php\/epuleteink\/epuleteink-2\/\" class=\"wp-image-2636\" srcset=\"https:\/\/berdemozes.ro\/wp-content\/uploads\/2021\/01\/epuleteink-2.jpg 1000w, https:\/\/berdemozes.ro\/wp-content\/uploads\/2021\/01\/epuleteink-2-300x200.jpg 300w, https:\/\/berdemozes.ro\/wp-content\/uploads\/2021\/01\/epuleteink-2-768x512.jpg 768w\" sizes=\"(max-width: 1000px) 100vw, 1000px\" \/><\/figure><\/li><\/ul><\/figure>\n\n\n\n<p class=\"has-text-align-center\"><strong>A 2020-ban befejezett napk\u00f6zi otthon \u00e9p\u00fclete<\/strong><\/p>\n\n\n\n<div class=\"wp-block-group\"><div class=\"wp-block-group__inner-container is-layout-flow wp-block-group-is-layout-flow\">\n<div class=\"wp-block-group\"><div class=\"wp-block-group__inner-container is-layout-flow wp-block-group-is-layout-flow\">\n<div class=\"wp-block-group\"><div class=\"wp-block-group__inner-container is-layout-flow wp-block-group-is-layout-flow\">\n<div class=\"wp-block-image\"><figure class=\"alignleft size-large\"><img loading=\"lazy\" decoding=\"async\" width=\"1024\" height=\"683\" src=\"http:\/\/berdemozes.ro\/wp-content\/uploads\/2021\/01\/epuleteink-5-1024x683.jpg\" alt=\"\" class=\"wp-image-2639\" srcset=\"https:\/\/berdemozes.ro\/wp-content\/uploads\/2021\/01\/epuleteink-5-1024x683.jpg 1024w, https:\/\/berdemozes.ro\/wp-content\/uploads\/2021\/01\/epuleteink-5-300x200.jpg 300w, https:\/\/berdemozes.ro\/wp-content\/uploads\/2021\/01\/epuleteink-5-768x512.jpg 768w, https:\/\/berdemozes.ro\/wp-content\/uploads\/2021\/01\/epuleteink-5-1536x1024.jpg 1536w, https:\/\/berdemozes.ro\/wp-content\/uploads\/2021\/01\/epuleteink-5-2048x1365.jpg 2048w\" sizes=\"(max-width: 1024px) 100vw, 1024px\" \/><\/figure><\/div>\n<\/div><\/div>\n\n\n\n<div class=\"wp-block-image\"><figure class=\"alignright size-large\"><img loading=\"lazy\" decoding=\"async\" width=\"1024\" height=\"768\" src=\"http:\/\/berdemozes.ro\/wp-content\/uploads\/2021\/02\/Mosolymadarkak1-1-1024x768.jpeg\" alt=\"\" class=\"wp-image-2854\" srcset=\"https:\/\/berdemozes.ro\/wp-content\/uploads\/2021\/02\/Mosolymadarkak1-1-1024x768.jpeg 1024w, https:\/\/berdemozes.ro\/wp-content\/uploads\/2021\/02\/Mosolymadarkak1-1-300x225.jpeg 300w, https:\/\/berdemozes.ro\/wp-content\/uploads\/2021\/02\/Mosolymadarkak1-1-768x576.jpeg 768w, https:\/\/berdemozes.ro\/wp-content\/uploads\/2021\/02\/Mosolymadarkak1-1-1536x1152.jpeg 1536w, https:\/\/berdemozes.ro\/wp-content\/uploads\/2021\/02\/Mosolymadarkak1-1.jpeg 1600w\" sizes=\"(max-width: 1024px) 100vw, 1024px\" \/><figcaption>Napk\u00f6zis csoport terem<\/figcaption><\/figure><\/div>\n<\/div><\/div>\n\n\n\n<figure class=\"wp-block-image size-large\"><img loading=\"lazy\" decoding=\"async\" width=\"1024\" height=\"768\" src=\"http:\/\/berdemozes.ro\/wp-content\/uploads\/2021\/02\/Jatszohaz1-1024x768.jpeg\" alt=\"\" class=\"wp-image-2835\" srcset=\"https:\/\/berdemozes.ro\/wp-content\/uploads\/2021\/02\/Jatszohaz1-1024x768.jpeg 1024w, https:\/\/berdemozes.ro\/wp-content\/uploads\/2021\/02\/Jatszohaz1-300x225.jpeg 300w, https:\/\/berdemozes.ro\/wp-content\/uploads\/2021\/02\/Jatszohaz1-768x576.jpeg 768w, https:\/\/berdemozes.ro\/wp-content\/uploads\/2021\/02\/Jatszohaz1-1536x1152.jpeg 1536w, https:\/\/berdemozes.ro\/wp-content\/uploads\/2021\/02\/Jatszohaz1.jpeg 1600w\" sizes=\"(max-width: 1024px) 100vw, 1024px\" \/><figcaption>Napk\u00f6zis belt\u00e9ri j\u00e1tsz\u00f3h\u00e1z<\/figcaption><\/figure>\n\n\n\n<p><\/p>\n<\/div><\/div>\n\n\n\n<p class=\"has-text-align-center\"><strong>Az 1815-t\u0151l t\u00f6bb szakaszban \u00e9p\u00edtett r\u00e9gi gimn\u00e1ziumi \u00e9p\u00fclet. Ma az elemi oktat\u00e1s, a bentlak\u00e1s \u00e9s a kantinnak ad otthont. <\/strong><\/p>\n\n\n\n<figure class=\"wp-block-image size-large is-resized\"><img loading=\"lazy\" decoding=\"async\" src=\"http:\/\/berdemozes.ro\/wp-content\/uploads\/2021\/01\/epuleteink-11-706x1024.jpg\" alt=\"\" class=\"wp-image-2645\" width=\"379\" height=\"549\" srcset=\"https:\/\/berdemozes.ro\/wp-content\/uploads\/2021\/01\/epuleteink-11-706x1024.jpg 706w, https:\/\/berdemozes.ro\/wp-content\/uploads\/2021\/01\/epuleteink-11-207x300.jpg 207w, https:\/\/berdemozes.ro\/wp-content\/uploads\/2021\/01\/epuleteink-11-768x1114.jpg 768w, https:\/\/berdemozes.ro\/wp-content\/uploads\/2021\/01\/epuleteink-11-1059x1536.jpg 1059w, https:\/\/berdemozes.ro\/wp-content\/uploads\/2021\/01\/epuleteink-11-1412x2048.jpg 1412w, https:\/\/berdemozes.ro\/wp-content\/uploads\/2021\/01\/epuleteink-11-scaled.jpg 1765w\" sizes=\"(max-width: 379px) 100vw, 379px\" \/><\/figure>\n\n\n\n<p class=\"has-text-align-center\">Orb\u00e1n Bal\u00e1zs \u00e1ltal k\u00e9sz\u00edtett fot\u00f3 a r\u00e9gi gimn\u00e1ziumi \u00e9p\u00fcletr\u0151l, 1864<\/p>\n\n\n\n<figure class=\"wp-block-image size-large\"><img loading=\"lazy\" decoding=\"async\" width=\"829\" height=\"518\" src=\"http:\/\/berdemozes.ro\/wp-content\/uploads\/2021\/01\/epuleteink-12.jpg\" alt=\"\" class=\"wp-image-2646\" srcset=\"https:\/\/berdemozes.ro\/wp-content\/uploads\/2021\/01\/epuleteink-12.jpg 829w, https:\/\/berdemozes.ro\/wp-content\/uploads\/2021\/01\/epuleteink-12-300x187.jpg 300w, https:\/\/berdemozes.ro\/wp-content\/uploads\/2021\/01\/epuleteink-12-768x480.jpg 768w, https:\/\/berdemozes.ro\/wp-content\/uploads\/2021\/01\/epuleteink-12-480x300.jpg 480w, https:\/\/berdemozes.ro\/wp-content\/uploads\/2021\/01\/epuleteink-12-640x400.jpg 640w\" sizes=\"(max-width: 829px) 100vw, 829px\" \/><\/figure>\n\n\n\n<p class=\"has-text-align-center\">K\u00e9peslap a gimn\u00e1zium \u00e9p\u00fclet\u00e9vel 1910-b\u0151l<\/p>\n\n\n\n<figure class=\"wp-block-image size-large\"><img loading=\"lazy\" decoding=\"async\" width=\"1024\" height=\"679\" src=\"http:\/\/berdemozes.ro\/wp-content\/uploads\/2021\/01\/epuleteink-9-1024x679.jpg\" alt=\"\" class=\"wp-image-2643\" srcset=\"https:\/\/berdemozes.ro\/wp-content\/uploads\/2021\/01\/epuleteink-9-1024x679.jpg 1024w, https:\/\/berdemozes.ro\/wp-content\/uploads\/2021\/01\/epuleteink-9-300x199.jpg 300w, https:\/\/berdemozes.ro\/wp-content\/uploads\/2021\/01\/epuleteink-9-768x509.jpg 768w, https:\/\/berdemozes.ro\/wp-content\/uploads\/2021\/01\/epuleteink-9-1536x1018.jpg 1536w, https:\/\/berdemozes.ro\/wp-content\/uploads\/2021\/01\/epuleteink-9-2048x1358.jpg 2048w\" sizes=\"(max-width: 1024px) 100vw, 1024px\" \/><\/figure>\n\n\n\n<figure class=\"wp-block-image size-large\"><img loading=\"lazy\" decoding=\"async\" width=\"1024\" height=\"676\" src=\"http:\/\/berdemozes.ro\/wp-content\/uploads\/2021\/01\/epuleteink-10-1024x676.jpg\" alt=\"\" class=\"wp-image-2644\" srcset=\"https:\/\/berdemozes.ro\/wp-content\/uploads\/2021\/01\/epuleteink-10-1024x676.jpg 1024w, https:\/\/berdemozes.ro\/wp-content\/uploads\/2021\/01\/epuleteink-10-300x198.jpg 300w, https:\/\/berdemozes.ro\/wp-content\/uploads\/2021\/01\/epuleteink-10-768x507.jpg 768w, https:\/\/berdemozes.ro\/wp-content\/uploads\/2021\/01\/epuleteink-10-1536x1014.jpg 1536w, https:\/\/berdemozes.ro\/wp-content\/uploads\/2021\/01\/epuleteink-10.jpg 1989w\" sizes=\"(max-width: 1024px) 100vw, 1024px\" \/><\/figure>\n","protected":false},"excerpt":{"rendered":"<p>Az 1793-1815 k\u00f6z\u00f6tti iskolai \u00e9p\u00fclet rekonstru\u00e1lt helyzete. A P\u00e1kei Lajos \u00e1ltal tervezett, 1914-ben fel\u00e9p\u00edtett iskolai \u00e9p\u00fclet A 2020-ban befejezett napk\u00f6zi otthon \u00e9p\u00fclete Az 1815-t\u0151l t\u00f6bb szakaszban \u00e9p\u00edtett r\u00e9gi gimn\u00e1ziumi \u00e9p\u00fclet. &#8230;<\/p>\n","protected":false},"author":1,"featured_media":0,"parent":0,"menu_order":0,"comment_status":"closed","ping_status":"closed","template":"","meta":{"footnotes":""},"yoast_head":"<!-- This site is optimized with the Yoast SEO plugin v21.9.1 - https:\/\/yoast.com\/wordpress\/plugins\/seo\/ -->\n<title>\u00c9p\u00fcleteink - Berde M\u00f3zes Unit\u00e1rius Gimn\u00e1zium<\/title>\n<meta name=\"description\" content=\"A sz\u00e9kelykereszt\u00fari Berde M\u00f3zes Unit\u00e1rius Gimn\u00e1zium \u00e9p\u00fcletei.\" \/>\n<meta name=\"robots\" content=\"noindex, follow, max-snippet:-1, max-image-preview:large, max-video-preview:-1\" \/>\n<meta property=\"og:locale\" content=\"hu_HU\" \/>\n<meta property=\"og:type\" content=\"article\" \/>\n<meta property=\"og:title\" content=\"\u00c9p\u00fcleteink - Berde M\u00f3zes Unit\u00e1rius Gimn\u00e1zium\" \/>\n<meta property=\"og:description\" content=\"A sz\u00e9kelykereszt\u00fari Berde M\u00f3zes Unit\u00e1rius Gimn\u00e1zium \u00e9p\u00fcletei.\" \/>\n<meta property=\"og:url\" content=\"https:\/\/berdemozes.ro\/index.php\/epuleteink\/\" \/>\n<meta property=\"og:site_name\" content=\"Berde M\u00f3zes Unit\u00e1rius Gimn\u00e1zium\" \/>\n<meta property=\"article:publisher\" content=\"https:\/\/www.facebook.com\/bmugim\" \/>\n<meta property=\"article:modified_time\" content=\"2021-02-20T13:43:09+00:00\" \/>\n<meta property=\"og:image\" content=\"http:\/\/berdemozes.ro\/wp-content\/uploads\/2021\/01\/epuleteink-8-1024x753.jpg\" \/>\n<meta name=\"twitter:card\" content=\"summary_large_image\" \/>\n<meta name=\"twitter:label1\" content=\"Becs\u00fclt olvas\u00e1si id\u0151\" \/>\n\t<meta name=\"twitter:data1\" content=\"1 perc\" \/>\n<script type=\"application\/ld+json\" class=\"yoast-schema-graph\">{\"@context\":\"https:\/\/schema.org\",\"@graph\":[{\"@type\":\"WebPage\",\"@id\":\"https:\/\/berdemozes.ro\/index.php\/epuleteink\/\",\"url\":\"https:\/\/berdemozes.ro\/index.php\/epuleteink\/\",\"name\":\"\u00c9p\u00fcleteink - Berde M\u00f3zes Unit\u00e1rius Gimn\u00e1zium\",\"isPartOf\":{\"@id\":\"https:\/\/berdemozes.ro\/#website\"},\"datePublished\":\"2020-11-10T14:44:51+00:00\",\"dateModified\":\"2021-02-20T13:43:09+00:00\",\"description\":\"A sz\u00e9kelykereszt\u00fari Berde M\u00f3zes Unit\u00e1rius Gimn\u00e1zium \u00e9p\u00fcletei.\",\"breadcrumb\":{\"@id\":\"https:\/\/berdemozes.ro\/index.php\/epuleteink\/#breadcrumb\"},\"inLanguage\":\"hu\",\"potentialAction\":[{\"@type\":\"ReadAction\",\"target\":[\"https:\/\/berdemozes.ro\/index.php\/epuleteink\/\"]}]},{\"@type\":\"BreadcrumbList\",\"@id\":\"https:\/\/berdemozes.ro\/index.php\/epuleteink\/#breadcrumb\",\"itemListElement\":[{\"@type\":\"ListItem\",\"position\":1,\"name\":\"Home\",\"item\":\"https:\/\/berdemozes.ro\/\"},{\"@type\":\"ListItem\",\"position\":2,\"name\":\"\u00c9p\u00fcleteink\"}]},{\"@type\":\"WebSite\",\"@id\":\"https:\/\/berdemozes.ro\/#website\",\"url\":\"https:\/\/berdemozes.ro\/\",\"name\":\"Berde M\u00f3zes Unit\u00e1rius Gimn\u00e1zium\",\"description\":\"A sz\u00e9kelykereszt\u00fari Berde M\u00f3zes Unit\u00e1rius Gimn\u00e1zium weboldala.\",\"publisher\":{\"@id\":\"https:\/\/berdemozes.ro\/#organization\"},\"potentialAction\":[{\"@type\":\"SearchAction\",\"target\":{\"@type\":\"EntryPoint\",\"urlTemplate\":\"https:\/\/berdemozes.ro\/?s={search_term_string}\"},\"query-input\":\"required name=search_term_string\"}],\"inLanguage\":\"hu\"},{\"@type\":\"Organization\",\"@id\":\"https:\/\/berdemozes.ro\/#organization\",\"name\":\"Berde M\u00f3zes Unit\u00e1rius Gimn\u00e1zium\",\"url\":\"https:\/\/berdemozes.ro\/\",\"logo\":{\"@type\":\"ImageObject\",\"inLanguage\":\"hu\",\"@id\":\"https:\/\/berdemozes.ro\/#\/schema\/logo\/image\/\",\"url\":\"https:\/\/berdemozes.ro\/wp-content\/uploads\/2020\/11\/cropped-HEADER-LOGO-2-1.png\",\"contentUrl\":\"https:\/\/berdemozes.ro\/wp-content\/uploads\/2020\/11\/cropped-HEADER-LOGO-2-1.png\",\"width\":213,\"height\":48,\"caption\":\"Berde M\u00f3zes Unit\u00e1rius Gimn\u00e1zium\"},\"image\":{\"@id\":\"https:\/\/berdemozes.ro\/#\/schema\/logo\/image\/\"},\"sameAs\":[\"https:\/\/www.facebook.com\/bmugim\"]}]}<\/script>\n<!-- \/ Yoast SEO plugin. -->","yoast_head_json":{"title":"\u00c9p\u00fcleteink - Berde M\u00f3zes Unit\u00e1rius Gimn\u00e1zium","description":"A sz\u00e9kelykereszt\u00fari Berde M\u00f3zes Unit\u00e1rius Gimn\u00e1zium \u00e9p\u00fcletei.","robots":{"index":"noindex","follow":"follow","max-snippet":"max-snippet:-1","max-image-preview":"max-image-preview:large","max-video-preview":"max-video-preview:-1"},"og_locale":"hu_HU","og_type":"article","og_title":"\u00c9p\u00fcleteink - Berde M\u00f3zes Unit\u00e1rius Gimn\u00e1zium","og_description":"A sz\u00e9kelykereszt\u00fari Berde M\u00f3zes Unit\u00e1rius Gimn\u00e1zium \u00e9p\u00fcletei.","og_url":"https:\/\/berdemozes.ro\/index.php\/epuleteink\/","og_site_name":"Berde M\u00f3zes Unit\u00e1rius Gimn\u00e1zium","article_publisher":"https:\/\/www.facebook.com\/bmugim","article_modified_time":"2021-02-20T13:43:09+00:00","og_image":[{"url":"http:\/\/berdemozes.ro\/wp-content\/uploads\/2021\/01\/epuleteink-8-1024x753.jpg"}],"twitter_card":"summary_large_image","twitter_misc":{"Becs\u00fclt olvas\u00e1si id\u0151":"1 perc"},"schema":{"@context":"https:\/\/schema.org","@graph":[{"@type":"WebPage","@id":"https:\/\/berdemozes.ro\/index.php\/epuleteink\/","url":"https:\/\/berdemozes.ro\/index.php\/epuleteink\/","name":"\u00c9p\u00fcleteink - Berde M\u00f3zes Unit\u00e1rius Gimn\u00e1zium","isPartOf":{"@id":"https:\/\/berdemozes.ro\/#website"},"datePublished":"2020-11-10T14:44:51+00:00","dateModified":"2021-02-20T13:43:09+00:00","description":"A sz\u00e9kelykereszt\u00fari Berde M\u00f3zes Unit\u00e1rius Gimn\u00e1zium \u00e9p\u00fcletei.","breadcrumb":{"@id":"https:\/\/berdemozes.ro\/index.php\/epuleteink\/#breadcrumb"},"inLanguage":"hu","potentialAction":[{"@type":"ReadAction","target":["https:\/\/berdemozes.ro\/index.php\/epuleteink\/"]}]},{"@type":"BreadcrumbList","@id":"https:\/\/berdemozes.ro\/index.php\/epuleteink\/#breadcrumb","itemListElement":[{"@type":"ListItem","position":1,"name":"Home","item":"https:\/\/berdemozes.ro\/"},{"@type":"ListItem","position":2,"name":"\u00c9p\u00fcleteink"}]},{"@type":"WebSite","@id":"https:\/\/berdemozes.ro\/#website","url":"https:\/\/berdemozes.ro\/","name":"Berde M\u00f3zes Unit\u00e1rius Gimn\u00e1zium","description":"A sz\u00e9kelykereszt\u00fari Berde M\u00f3zes Unit\u00e1rius Gimn\u00e1zium weboldala.","publisher":{"@id":"https:\/\/berdemozes.ro\/#organization"},"potentialAction":[{"@type":"SearchAction","target":{"@type":"EntryPoint","urlTemplate":"https:\/\/berdemozes.ro\/?s={search_term_string}"},"query-input":"required name=search_term_string"}],"inLanguage":"hu"},{"@type":"Organization","@id":"https:\/\/berdemozes.ro\/#organization","name":"Berde M\u00f3zes Unit\u00e1rius Gimn\u00e1zium","url":"https:\/\/berdemozes.ro\/","logo":{"@type":"ImageObject","inLanguage":"hu","@id":"https:\/\/berdemozes.ro\/#\/schema\/logo\/image\/","url":"https:\/\/berdemozes.ro\/wp-content\/uploads\/2020\/11\/cropped-HEADER-LOGO-2-1.png","contentUrl":"https:\/\/berdemozes.ro\/wp-content\/uploads\/2020\/11\/cropped-HEADER-LOGO-2-1.png","width":213,"height":48,"caption":"Berde M\u00f3zes Unit\u00e1rius Gimn\u00e1zium"},"image":{"@id":"https:\/\/berdemozes.ro\/#\/schema\/logo\/image\/"},"sameAs":["https:\/\/www.facebook.com\/bmugim"]}]}},"jetpack_sharing_enabled":true,"_links":{"self":[{"href":"https:\/\/berdemozes.ro\/index.php\/wp-json\/wp\/v2\/pages\/76"}],"collection":[{"href":"https:\/\/berdemozes.ro\/index.php\/wp-json\/wp\/v2\/pages"}],"about":[{"href":"https:\/\/berdemozes.ro\/index.php\/wp-json\/wp\/v2\/types\/page"}],"author":[{"embeddable":true,"href":"https:\/\/berdemozes.ro\/index.php\/wp-json\/wp\/v2\/users\/1"}],"replies":[{"embeddable":true,"href":"https:\/\/berdemozes.ro\/index.php\/wp-json\/wp\/v2\/comments?post=76"}],"version-history":[{"count":11,"href":"https:\/\/berdemozes.ro\/index.php\/wp-json\/wp\/v2\/pages\/76\/revisions"}],"predecessor-version":[{"id":2926,"href":"https:\/\/berdemozes.ro\/index.php\/wp-json\/wp\/v2\/pages\/76\/revisions\/2926"}],"wp:attachment":[{"href":"https:\/\/berdemozes.ro\/index.php\/wp-json\/wp\/v2\/media?parent=76"}],"curies":[{"name":"wp","href":"https:\/\/api.w.org\/{rel}","templated":true}]}}