{"id":79,"date":"2020-11-10T14:44:52","date_gmt":"2020-11-10T14:44:52","guid":{"rendered":"https:\/\/berdemozes.ro\/?page_id=79"},"modified":"2021-02-20T21:21:15","modified_gmt":"2021-02-20T21:21:15","slug":"hires-elodeink","status":"publish","type":"page","link":"https:\/\/berdemozes.ro\/index.php\/hires-elodeink\/","title":{"rendered":"H\u00edres el\u0151deink"},"content":{"rendered":"\n<figure class=\"wp-block-image size-large\"><img fetchpriority=\"high\" decoding=\"async\" width=\"1024\" height=\"281\" src=\"http:\/\/berdemozes.ro\/wp-content\/uploads\/2021\/02\/osszeallitas-4-1024x281.jpg\" alt=\"\" class=\"wp-image-2927\" srcset=\"https:\/\/berdemozes.ro\/wp-content\/uploads\/2021\/02\/osszeallitas-4-1024x281.jpg 1024w, https:\/\/berdemozes.ro\/wp-content\/uploads\/2021\/02\/osszeallitas-4-300x82.jpg 300w, https:\/\/berdemozes.ro\/wp-content\/uploads\/2021\/02\/osszeallitas-4-768x211.jpg 768w, https:\/\/berdemozes.ro\/wp-content\/uploads\/2021\/02\/osszeallitas-4-1536x421.jpg 1536w, https:\/\/berdemozes.ro\/wp-content\/uploads\/2021\/02\/osszeallitas-4.jpg 1638w\" sizes=\"(max-width: 1024px) 100vw, 1024px\" \/><\/figure>\n\n\n\n<figure class=\"wp-block-embed-youtube wp-block-embed is-type-video is-provider-youtube wp-embed-aspect-16-9 wp-has-aspect-ratio\"><div class=\"wp-block-embed__wrapper\">\n<iframe title=\"Bal\u00e1zs Ferenc, az unit\u00e1rius renesz\u00e1nsz ember\" width=\"800\" height=\"450\" src=\"https:\/\/www.youtube.com\/embed\/dYw63UamkHU?feature=oembed\" frameborder=\"0\" allow=\"accelerometer; autoplay; clipboard-write; encrypted-media; gyroscope; picture-in-picture\" allowfullscreen><\/iframe>\n<\/div><figcaption>Bal\u00e1zs Ferenc<\/figcaption><\/figure>\n\n\n\n<figure class=\"wp-block-image size-large\"><img decoding=\"async\" width=\"1024\" height=\"896\" src=\"http:\/\/berdemozes.ro\/wp-content\/uploads\/2021\/01\/3-szolga-ferenc-1-1024x896.jpg\" alt=\"\" class=\"wp-image-2651\" srcset=\"https:\/\/berdemozes.ro\/wp-content\/uploads\/2021\/01\/3-szolga-ferenc-1-1024x896.jpg 1024w, https:\/\/berdemozes.ro\/wp-content\/uploads\/2021\/01\/3-szolga-ferenc-1-300x263.jpg 300w, https:\/\/berdemozes.ro\/wp-content\/uploads\/2021\/01\/3-szolga-ferenc-1-768x672.jpg 768w, https:\/\/berdemozes.ro\/wp-content\/uploads\/2021\/01\/3-szolga-ferenc-1-1536x1344.jpg 1536w, https:\/\/berdemozes.ro\/wp-content\/uploads\/2021\/01\/3-szolga-ferenc-1-2048x1792.jpg 2048w\" sizes=\"(max-width: 1024px) 100vw, 1024px\" \/><\/figure>\n\n\n\n<figure class=\"wp-block-image size-large\"><img decoding=\"async\" width=\"1024\" height=\"896\" src=\"http:\/\/berdemozes.ro\/wp-content\/uploads\/2021\/01\/5-molnar-istvan-1-1024x896.jpg\" alt=\"\" class=\"wp-image-2652\" srcset=\"https:\/\/berdemozes.ro\/wp-content\/uploads\/2021\/01\/5-molnar-istvan-1-1024x896.jpg 1024w, https:\/\/berdemozes.ro\/wp-content\/uploads\/2021\/01\/5-molnar-istvan-1-300x263.jpg 300w, https:\/\/berdemozes.ro\/wp-content\/uploads\/2021\/01\/5-molnar-istvan-1-768x672.jpg 768w, https:\/\/berdemozes.ro\/wp-content\/uploads\/2021\/01\/5-molnar-istvan-1-1536x1344.jpg 1536w, https:\/\/berdemozes.ro\/wp-content\/uploads\/2021\/01\/5-molnar-istvan-1-2048x1792.jpg 2048w\" sizes=\"(max-width: 1024px) 100vw, 1024px\" \/><\/figure>\n\n\n\n<figure class=\"wp-block-image size-large\"><img loading=\"lazy\" decoding=\"async\" width=\"1024\" height=\"896\" src=\"http:\/\/berdemozes.ro\/wp-content\/uploads\/2021\/01\/2-pap-mozes-1-1024x896.jpg\" alt=\"\" class=\"wp-image-2654\" srcset=\"https:\/\/berdemozes.ro\/wp-content\/uploads\/2021\/01\/2-pap-mozes-1-1024x896.jpg 1024w, https:\/\/berdemozes.ro\/wp-content\/uploads\/2021\/01\/2-pap-mozes-1-300x263.jpg 300w, https:\/\/berdemozes.ro\/wp-content\/uploads\/2021\/01\/2-pap-mozes-1-768x672.jpg 768w, https:\/\/berdemozes.ro\/wp-content\/uploads\/2021\/01\/2-pap-mozes-1-1536x1344.jpg 1536w, https:\/\/berdemozes.ro\/wp-content\/uploads\/2021\/01\/2-pap-mozes-1-2048x1792.jpg 2048w\" sizes=\"(max-width: 1024px) 100vw, 1024px\" \/><\/figure>\n\n\n\n<figure class=\"wp-block-image size-large\"><img loading=\"lazy\" decoding=\"async\" width=\"1024\" height=\"896\" src=\"http:\/\/berdemozes.ro\/wp-content\/uploads\/2021\/01\/4-szentmartoni-kalman-1-1024x896.jpg\" alt=\"\" class=\"wp-image-2655\" srcset=\"https:\/\/berdemozes.ro\/wp-content\/uploads\/2021\/01\/4-szentmartoni-kalman-1-1024x896.jpg 1024w, https:\/\/berdemozes.ro\/wp-content\/uploads\/2021\/01\/4-szentmartoni-kalman-1-300x263.jpg 300w, https:\/\/berdemozes.ro\/wp-content\/uploads\/2021\/01\/4-szentmartoni-kalman-1-768x672.jpg 768w, https:\/\/berdemozes.ro\/wp-content\/uploads\/2021\/01\/4-szentmartoni-kalman-1-1536x1344.jpg 1536w, https:\/\/berdemozes.ro\/wp-content\/uploads\/2021\/01\/4-szentmartoni-kalman-1-2048x1792.jpg 2048w\" sizes=\"(max-width: 1024px) 100vw, 1024px\" \/><\/figure>\n\n\n\n<figure class=\"wp-block-image size-large\"><img loading=\"lazy\" decoding=\"async\" width=\"1024\" height=\"893\" src=\"http:\/\/berdemozes.ro\/wp-content\/uploads\/2021\/01\/6-szabo-gyula-1-1024x893.jpg\" alt=\"\" class=\"wp-image-2656\" srcset=\"https:\/\/berdemozes.ro\/wp-content\/uploads\/2021\/01\/6-szabo-gyula-1-1024x893.jpg 1024w, https:\/\/berdemozes.ro\/wp-content\/uploads\/2021\/01\/6-szabo-gyula-1-300x262.jpg 300w, https:\/\/berdemozes.ro\/wp-content\/uploads\/2021\/01\/6-szabo-gyula-1-768x669.jpg 768w, https:\/\/berdemozes.ro\/wp-content\/uploads\/2021\/01\/6-szabo-gyula-1-1536x1339.jpg 1536w, https:\/\/berdemozes.ro\/wp-content\/uploads\/2021\/01\/6-szabo-gyula-1-2048x1785.jpg 2048w\" sizes=\"(max-width: 1024px) 100vw, 1024px\" \/><\/figure>\n","protected":false},"excerpt":{"rendered":"","protected":false},"author":1,"featured_media":0,"parent":0,"menu_order":0,"comment_status":"closed","ping_status":"closed","template":"","meta":{"footnotes":""},"yoast_head":"<!-- This site is optimized with the Yoast SEO plugin v21.9.1 - https:\/\/yoast.com\/wordpress\/plugins\/seo\/ -->\n<title>H\u00edres el\u0151deink - Berde M\u00f3zes Unit\u00e1rius Gimn\u00e1zium<\/title>\n<meta name=\"robots\" content=\"noindex, follow, max-snippet:-1, max-image-preview:large, max-video-preview:-1\" \/>\n<meta property=\"og:locale\" content=\"hu_HU\" \/>\n<meta property=\"og:type\" content=\"article\" \/>\n<meta property=\"og:title\" content=\"H\u00edres el\u0151deink - Berde M\u00f3zes Unit\u00e1rius Gimn\u00e1zium\" \/>\n<meta property=\"og:url\" content=\"https:\/\/berdemozes.ro\/index.php\/hires-elodeink\/\" \/>\n<meta property=\"og:site_name\" content=\"Berde M\u00f3zes Unit\u00e1rius Gimn\u00e1zium\" \/>\n<meta property=\"article:publisher\" content=\"https:\/\/www.facebook.com\/bmugim\" \/>\n<meta property=\"article:modified_time\" content=\"2021-02-20T21:21:15+00:00\" \/>\n<meta property=\"og:image\" content=\"http:\/\/berdemozes.ro\/wp-content\/uploads\/2021\/02\/osszeallitas-4-1024x281.jpg\" \/>\n<meta name=\"twitter:card\" content=\"summary_large_image\" \/>\n<script type=\"application\/ld+json\" class=\"yoast-schema-graph\">{\"@context\":\"https:\/\/schema.org\",\"@graph\":[{\"@type\":\"WebPage\",\"@id\":\"https:\/\/berdemozes.ro\/index.php\/hires-elodeink\/\",\"url\":\"https:\/\/berdemozes.ro\/index.php\/hires-elodeink\/\",\"name\":\"H\u00edres el\u0151deink - Berde M\u00f3zes Unit\u00e1rius Gimn\u00e1zium\",\"isPartOf\":{\"@id\":\"https:\/\/berdemozes.ro\/#website\"},\"datePublished\":\"2020-11-10T14:44:52+00:00\",\"dateModified\":\"2021-02-20T21:21:15+00:00\",\"breadcrumb\":{\"@id\":\"https:\/\/berdemozes.ro\/index.php\/hires-elodeink\/#breadcrumb\"},\"inLanguage\":\"hu\",\"potentialAction\":[{\"@type\":\"ReadAction\",\"target\":[\"https:\/\/berdemozes.ro\/index.php\/hires-elodeink\/\"]}]},{\"@type\":\"BreadcrumbList\",\"@id\":\"https:\/\/berdemozes.ro\/index.php\/hires-elodeink\/#breadcrumb\",\"itemListElement\":[{\"@type\":\"ListItem\",\"position\":1,\"name\":\"Home\",\"item\":\"https:\/\/berdemozes.ro\/\"},{\"@type\":\"ListItem\",\"position\":2,\"name\":\"H\u00edres el\u0151deink\"}]},{\"@type\":\"WebSite\",\"@id\":\"https:\/\/berdemozes.ro\/#website\",\"url\":\"https:\/\/berdemozes.ro\/\",\"name\":\"Berde M\u00f3zes Unit\u00e1rius Gimn\u00e1zium\",\"description\":\"A sz\u00e9kelykereszt\u00fari Berde M\u00f3zes Unit\u00e1rius Gimn\u00e1zium weboldala.\",\"publisher\":{\"@id\":\"https:\/\/berdemozes.ro\/#organization\"},\"potentialAction\":[{\"@type\":\"SearchAction\",\"target\":{\"@type\":\"EntryPoint\",\"urlTemplate\":\"https:\/\/berdemozes.ro\/?s={search_term_string}\"},\"query-input\":\"required name=search_term_string\"}],\"inLanguage\":\"hu\"},{\"@type\":\"Organization\",\"@id\":\"https:\/\/berdemozes.ro\/#organization\",\"name\":\"Berde M\u00f3zes Unit\u00e1rius Gimn\u00e1zium\",\"url\":\"https:\/\/berdemozes.ro\/\",\"logo\":{\"@type\":\"ImageObject\",\"inLanguage\":\"hu\",\"@id\":\"https:\/\/berdemozes.ro\/#\/schema\/logo\/image\/\",\"url\":\"https:\/\/berdemozes.ro\/wp-content\/uploads\/2020\/11\/cropped-HEADER-LOGO-2-1.png\",\"contentUrl\":\"https:\/\/berdemozes.ro\/wp-content\/uploads\/2020\/11\/cropped-HEADER-LOGO-2-1.png\",\"width\":213,\"height\":48,\"caption\":\"Berde M\u00f3zes Unit\u00e1rius Gimn\u00e1zium\"},\"image\":{\"@id\":\"https:\/\/berdemozes.ro\/#\/schema\/logo\/image\/\"},\"sameAs\":[\"https:\/\/www.facebook.com\/bmugim\"]}]}<\/script>\n<!-- \/ Yoast SEO plugin. -->","yoast_head_json":{"title":"H\u00edres el\u0151deink - Berde M\u00f3zes Unit\u00e1rius Gimn\u00e1zium","robots":{"index":"noindex","follow":"follow","max-snippet":"max-snippet:-1","max-image-preview":"max-image-preview:large","max-video-preview":"max-video-preview:-1"},"og_locale":"hu_HU","og_type":"article","og_title":"H\u00edres el\u0151deink - Berde M\u00f3zes Unit\u00e1rius Gimn\u00e1zium","og_url":"https:\/\/berdemozes.ro\/index.php\/hires-elodeink\/","og_site_name":"Berde M\u00f3zes Unit\u00e1rius Gimn\u00e1zium","article_publisher":"https:\/\/www.facebook.com\/bmugim","article_modified_time":"2021-02-20T21:21:15+00:00","og_image":[{"url":"http:\/\/berdemozes.ro\/wp-content\/uploads\/2021\/02\/osszeallitas-4-1024x281.jpg"}],"twitter_card":"summary_large_image","schema":{"@context":"https:\/\/schema.org","@graph":[{"@type":"WebPage","@id":"https:\/\/berdemozes.ro\/index.php\/hires-elodeink\/","url":"https:\/\/berdemozes.ro\/index.php\/hires-elodeink\/","name":"H\u00edres el\u0151deink - Berde M\u00f3zes Unit\u00e1rius Gimn\u00e1zium","isPartOf":{"@id":"https:\/\/berdemozes.ro\/#website"},"datePublished":"2020-11-10T14:44:52+00:00","dateModified":"2021-02-20T21:21:15+00:00","breadcrumb":{"@id":"https:\/\/berdemozes.ro\/index.php\/hires-elodeink\/#breadcrumb"},"inLanguage":"hu","potentialAction":[{"@type":"ReadAction","target":["https:\/\/berdemozes.ro\/index.php\/hires-elodeink\/"]}]},{"@type":"BreadcrumbList","@id":"https:\/\/berdemozes.ro\/index.php\/hires-elodeink\/#breadcrumb","itemListElement":[{"@type":"ListItem","position":1,"name":"Home","item":"https:\/\/berdemozes.ro\/"},{"@type":"ListItem","position":2,"name":"H\u00edres el\u0151deink"}]},{"@type":"WebSite","@id":"https:\/\/berdemozes.ro\/#website","url":"https:\/\/berdemozes.ro\/","name":"Berde M\u00f3zes Unit\u00e1rius Gimn\u00e1zium","description":"A sz\u00e9kelykereszt\u00fari Berde M\u00f3zes Unit\u00e1rius Gimn\u00e1zium weboldala.","publisher":{"@id":"https:\/\/berdemozes.ro\/#organization"},"potentialAction":[{"@type":"SearchAction","target":{"@type":"EntryPoint","urlTemplate":"https:\/\/berdemozes.ro\/?s={search_term_string}"},"query-input":"required name=search_term_string"}],"inLanguage":"hu"},{"@type":"Organization","@id":"https:\/\/berdemozes.ro\/#organization","name":"Berde M\u00f3zes Unit\u00e1rius Gimn\u00e1zium","url":"https:\/\/berdemozes.ro\/","logo":{"@type":"ImageObject","inLanguage":"hu","@id":"https:\/\/berdemozes.ro\/#\/schema\/logo\/image\/","url":"https:\/\/berdemozes.ro\/wp-content\/uploads\/2020\/11\/cropped-HEADER-LOGO-2-1.png","contentUrl":"https:\/\/berdemozes.ro\/wp-content\/uploads\/2020\/11\/cropped-HEADER-LOGO-2-1.png","width":213,"height":48,"caption":"Berde M\u00f3zes Unit\u00e1rius Gimn\u00e1zium"},"image":{"@id":"https:\/\/berdemozes.ro\/#\/schema\/logo\/image\/"},"sameAs":["https:\/\/www.facebook.com\/bmugim"]}]}},"jetpack_sharing_enabled":true,"_links":{"self":[{"href":"https:\/\/berdemozes.ro\/index.php\/wp-json\/wp\/v2\/pages\/79"}],"collection":[{"href":"https:\/\/berdemozes.ro\/index.php\/wp-json\/wp\/v2\/pages"}],"about":[{"href":"https:\/\/berdemozes.ro\/index.php\/wp-json\/wp\/v2\/types\/page"}],"author":[{"embeddable":true,"href":"https:\/\/berdemozes.ro\/index.php\/wp-json\/wp\/v2\/users\/1"}],"replies":[{"embeddable":true,"href":"https:\/\/berdemozes.ro\/index.php\/wp-json\/wp\/v2\/comments?post=79"}],"version-history":[{"count":6,"href":"https:\/\/berdemozes.ro\/index.php\/wp-json\/wp\/v2\/pages\/79\/revisions"}],"predecessor-version":[{"id":3123,"href":"https:\/\/berdemozes.ro\/index.php\/wp-json\/wp\/v2\/pages\/79\/revisions\/3123"}],"wp:attachment":[{"href":"https:\/\/berdemozes.ro\/index.php\/wp-json\/wp\/v2\/media?parent=79"}],"curies":[{"name":"wp","href":"https:\/\/api.w.org\/{rel}","templated":true}]}}