{"id":80,"date":"2020-11-10T14:44:52","date_gmt":"2020-11-10T14:44:52","guid":{"rendered":"https:\/\/berdemozes.ro\/?page_id=80"},"modified":"2021-01-29T11:26:17","modified_gmt":"2021-01-29T11:26:17","slug":"alapitvany","status":"publish","type":"page","link":"https:\/\/berdemozes.ro\/index.php\/alapitvany\/","title":{"rendered":"Alap\u00edtv\u00e1ny"},"content":{"rendered":"\n<p>1993. febru\u00e1r 15-\u00e9n ezen alap\u00edtv\u00e1nyt \u00fajb\u00f3l \u00e9letre h\u00edvt\u00e1k, mely ma is m\u0171k\u00f6dik, eredeti rendeltet\u00e9s\u00e9nek megfelel\u0151en. Amennyiben t\u00e1mogatni szeretn\u00e9 a Gy\u00e1msz\u00fcl\u0151i K\u00f6z\u00f6ss\u00e9g Alap\u00edtv\u00e1ny c\u00e9lkit\u0171z\u00e9seit, adom\u00e1nyait az al\u00e1bbi banksz\u00e1ml\u00e1ra utalhatja:<\/p>\n\n\n\n<p>Funda\u0163ia Comunit\u0103\u0163ii Tutelare&nbsp;<\/p>\n\n\n\n<p>Cristuru-Secuiesc,&nbsp;<\/p>\n\n\n\n<p>Str. Orban Balazs nr. 1<\/p>\n\n\n\n<p>CIF: 4758115 Banca Comercial\u0103 Rom\u00e2n\u0103, filiala Cristuru-Secuiesc<\/p>\n\n\n\n<p>RO59RNCB0154015285700001<\/p>\n","protected":false},"excerpt":{"rendered":"<p>1993. febru\u00e1r 15-\u00e9n ezen alap\u00edtv\u00e1nyt \u00fajb\u00f3l \u00e9letre h\u00edvt\u00e1k, mely ma is m\u0171k\u00f6dik, eredeti rendeltet\u00e9s\u00e9nek megfelel\u0151en. Amennyiben t\u00e1mogatni szeretn\u00e9 a Gy\u00e1msz\u00fcl\u0151i K\u00f6z\u00f6ss\u00e9g Alap\u00edtv\u00e1ny c\u00e9lkit\u0171z\u00e9seit, adom\u00e1nyait az al\u00e1bbi banksz\u00e1ml\u00e1ra utalhatja: Funda\u0163ia Comunit\u0103\u0163ii &#8230;<\/p>\n","protected":false},"author":1,"featured_media":0,"parent":0,"menu_order":0,"comment_status":"closed","ping_status":"closed","template":"","meta":{"footnotes":""},"yoast_head":"<!-- This site is optimized with the Yoast SEO plugin v21.9.1 - https:\/\/yoast.com\/wordpress\/plugins\/seo\/ -->\n<title>Alap\u00edtv\u00e1ny - Berde M\u00f3zes Unit\u00e1rius Gimn\u00e1zium<\/title>\n<meta name=\"robots\" content=\"noindex, follow, max-snippet:-1, max-image-preview:large, max-video-preview:-1\" \/>\n<meta property=\"og:locale\" content=\"hu_HU\" \/>\n<meta property=\"og:type\" content=\"article\" \/>\n<meta property=\"og:title\" content=\"Alap\u00edtv\u00e1ny - Berde M\u00f3zes Unit\u00e1rius Gimn\u00e1zium\" \/>\n<meta property=\"og:description\" content=\"1993. febru\u00e1r 15-\u00e9n ezen alap\u00edtv\u00e1nyt \u00fajb\u00f3l \u00e9letre h\u00edvt\u00e1k, mely ma is m\u0171k\u00f6dik, eredeti rendeltet\u00e9s\u00e9nek megfelel\u0151en. Amennyiben t\u00e1mogatni szeretn\u00e9 a Gy\u00e1msz\u00fcl\u0151i K\u00f6z\u00f6ss\u00e9g Alap\u00edtv\u00e1ny c\u00e9lkit\u0171z\u00e9seit, adom\u00e1nyait az al\u00e1bbi banksz\u00e1ml\u00e1ra utalhatja: Funda\u0163ia Comunit\u0103\u0163ii ...\" \/>\n<meta property=\"og:url\" content=\"https:\/\/berdemozes.ro\/index.php\/alapitvany\/\" \/>\n<meta property=\"og:site_name\" content=\"Berde M\u00f3zes Unit\u00e1rius Gimn\u00e1zium\" \/>\n<meta property=\"article:publisher\" content=\"https:\/\/www.facebook.com\/bmugim\" \/>\n<meta property=\"article:modified_time\" content=\"2021-01-29T11:26:17+00:00\" \/>\n<meta name=\"twitter:card\" content=\"summary_large_image\" \/>\n<script type=\"application\/ld+json\" class=\"yoast-schema-graph\">{\"@context\":\"https:\/\/schema.org\",\"@graph\":[{\"@type\":\"WebPage\",\"@id\":\"https:\/\/berdemozes.ro\/index.php\/alapitvany\/\",\"url\":\"https:\/\/berdemozes.ro\/index.php\/alapitvany\/\",\"name\":\"Alap\u00edtv\u00e1ny - Berde M\u00f3zes Unit\u00e1rius Gimn\u00e1zium\",\"isPartOf\":{\"@id\":\"https:\/\/berdemozes.ro\/#website\"},\"datePublished\":\"2020-11-10T14:44:52+00:00\",\"dateModified\":\"2021-01-29T11:26:17+00:00\",\"breadcrumb\":{\"@id\":\"https:\/\/berdemozes.ro\/index.php\/alapitvany\/#breadcrumb\"},\"inLanguage\":\"hu\",\"potentialAction\":[{\"@type\":\"ReadAction\",\"target\":[\"https:\/\/berdemozes.ro\/index.php\/alapitvany\/\"]}]},{\"@type\":\"BreadcrumbList\",\"@id\":\"https:\/\/berdemozes.ro\/index.php\/alapitvany\/#breadcrumb\",\"itemListElement\":[{\"@type\":\"ListItem\",\"position\":1,\"name\":\"Home\",\"item\":\"https:\/\/berdemozes.ro\/\"},{\"@type\":\"ListItem\",\"position\":2,\"name\":\"Alap\u00edtv\u00e1ny\"}]},{\"@type\":\"WebSite\",\"@id\":\"https:\/\/berdemozes.ro\/#website\",\"url\":\"https:\/\/berdemozes.ro\/\",\"name\":\"Berde M\u00f3zes Unit\u00e1rius Gimn\u00e1zium\",\"description\":\"A sz\u00e9kelykereszt\u00fari Berde M\u00f3zes Unit\u00e1rius Gimn\u00e1zium weboldala.\",\"publisher\":{\"@id\":\"https:\/\/berdemozes.ro\/#organization\"},\"potentialAction\":[{\"@type\":\"SearchAction\",\"target\":{\"@type\":\"EntryPoint\",\"urlTemplate\":\"https:\/\/berdemozes.ro\/?s={search_term_string}\"},\"query-input\":\"required name=search_term_string\"}],\"inLanguage\":\"hu\"},{\"@type\":\"Organization\",\"@id\":\"https:\/\/berdemozes.ro\/#organization\",\"name\":\"Berde M\u00f3zes Unit\u00e1rius Gimn\u00e1zium\",\"url\":\"https:\/\/berdemozes.ro\/\",\"logo\":{\"@type\":\"ImageObject\",\"inLanguage\":\"hu\",\"@id\":\"https:\/\/berdemozes.ro\/#\/schema\/logo\/image\/\",\"url\":\"https:\/\/berdemozes.ro\/wp-content\/uploads\/2020\/11\/cropped-HEADER-LOGO-2-1.png\",\"contentUrl\":\"https:\/\/berdemozes.ro\/wp-content\/uploads\/2020\/11\/cropped-HEADER-LOGO-2-1.png\",\"width\":213,\"height\":48,\"caption\":\"Berde M\u00f3zes Unit\u00e1rius Gimn\u00e1zium\"},\"image\":{\"@id\":\"https:\/\/berdemozes.ro\/#\/schema\/logo\/image\/\"},\"sameAs\":[\"https:\/\/www.facebook.com\/bmugim\"]}]}<\/script>\n<!-- \/ Yoast SEO plugin. -->","yoast_head_json":{"title":"Alap\u00edtv\u00e1ny - Berde M\u00f3zes Unit\u00e1rius Gimn\u00e1zium","robots":{"index":"noindex","follow":"follow","max-snippet":"max-snippet:-1","max-image-preview":"max-image-preview:large","max-video-preview":"max-video-preview:-1"},"og_locale":"hu_HU","og_type":"article","og_title":"Alap\u00edtv\u00e1ny - Berde M\u00f3zes Unit\u00e1rius Gimn\u00e1zium","og_description":"1993. febru\u00e1r 15-\u00e9n ezen alap\u00edtv\u00e1nyt \u00fajb\u00f3l \u00e9letre h\u00edvt\u00e1k, mely ma is m\u0171k\u00f6dik, eredeti rendeltet\u00e9s\u00e9nek megfelel\u0151en. Amennyiben t\u00e1mogatni szeretn\u00e9 a Gy\u00e1msz\u00fcl\u0151i K\u00f6z\u00f6ss\u00e9g Alap\u00edtv\u00e1ny c\u00e9lkit\u0171z\u00e9seit, adom\u00e1nyait az al\u00e1bbi banksz\u00e1ml\u00e1ra utalhatja: Funda\u0163ia Comunit\u0103\u0163ii ...","og_url":"https:\/\/berdemozes.ro\/index.php\/alapitvany\/","og_site_name":"Berde M\u00f3zes Unit\u00e1rius Gimn\u00e1zium","article_publisher":"https:\/\/www.facebook.com\/bmugim","article_modified_time":"2021-01-29T11:26:17+00:00","twitter_card":"summary_large_image","schema":{"@context":"https:\/\/schema.org","@graph":[{"@type":"WebPage","@id":"https:\/\/berdemozes.ro\/index.php\/alapitvany\/","url":"https:\/\/berdemozes.ro\/index.php\/alapitvany\/","name":"Alap\u00edtv\u00e1ny - Berde M\u00f3zes Unit\u00e1rius Gimn\u00e1zium","isPartOf":{"@id":"https:\/\/berdemozes.ro\/#website"},"datePublished":"2020-11-10T14:44:52+00:00","dateModified":"2021-01-29T11:26:17+00:00","breadcrumb":{"@id":"https:\/\/berdemozes.ro\/index.php\/alapitvany\/#breadcrumb"},"inLanguage":"hu","potentialAction":[{"@type":"ReadAction","target":["https:\/\/berdemozes.ro\/index.php\/alapitvany\/"]}]},{"@type":"BreadcrumbList","@id":"https:\/\/berdemozes.ro\/index.php\/alapitvany\/#breadcrumb","itemListElement":[{"@type":"ListItem","position":1,"name":"Home","item":"https:\/\/berdemozes.ro\/"},{"@type":"ListItem","position":2,"name":"Alap\u00edtv\u00e1ny"}]},{"@type":"WebSite","@id":"https:\/\/berdemozes.ro\/#website","url":"https:\/\/berdemozes.ro\/","name":"Berde M\u00f3zes Unit\u00e1rius Gimn\u00e1zium","description":"A sz\u00e9kelykereszt\u00fari Berde M\u00f3zes Unit\u00e1rius Gimn\u00e1zium weboldala.","publisher":{"@id":"https:\/\/berdemozes.ro\/#organization"},"potentialAction":[{"@type":"SearchAction","target":{"@type":"EntryPoint","urlTemplate":"https:\/\/berdemozes.ro\/?s={search_term_string}"},"query-input":"required name=search_term_string"}],"inLanguage":"hu"},{"@type":"Organization","@id":"https:\/\/berdemozes.ro\/#organization","name":"Berde M\u00f3zes Unit\u00e1rius Gimn\u00e1zium","url":"https:\/\/berdemozes.ro\/","logo":{"@type":"ImageObject","inLanguage":"hu","@id":"https:\/\/berdemozes.ro\/#\/schema\/logo\/image\/","url":"https:\/\/berdemozes.ro\/wp-content\/uploads\/2020\/11\/cropped-HEADER-LOGO-2-1.png","contentUrl":"https:\/\/berdemozes.ro\/wp-content\/uploads\/2020\/11\/cropped-HEADER-LOGO-2-1.png","width":213,"height":48,"caption":"Berde M\u00f3zes Unit\u00e1rius Gimn\u00e1zium"},"image":{"@id":"https:\/\/berdemozes.ro\/#\/schema\/logo\/image\/"},"sameAs":["https:\/\/www.facebook.com\/bmugim"]}]}},"jetpack_sharing_enabled":true,"_links":{"self":[{"href":"https:\/\/berdemozes.ro\/index.php\/wp-json\/wp\/v2\/pages\/80"}],"collection":[{"href":"https:\/\/berdemozes.ro\/index.php\/wp-json\/wp\/v2\/pages"}],"about":[{"href":"https:\/\/berdemozes.ro\/index.php\/wp-json\/wp\/v2\/types\/page"}],"author":[{"embeddable":true,"href":"https:\/\/berdemozes.ro\/index.php\/wp-json\/wp\/v2\/users\/1"}],"replies":[{"embeddable":true,"href":"https:\/\/berdemozes.ro\/index.php\/wp-json\/wp\/v2\/comments?post=80"}],"version-history":[{"count":2,"href":"https:\/\/berdemozes.ro\/index.php\/wp-json\/wp\/v2\/pages\/80\/revisions"}],"predecessor-version":[{"id":2602,"href":"https:\/\/berdemozes.ro\/index.php\/wp-json\/wp\/v2\/pages\/80\/revisions\/2602"}],"wp:attachment":[{"href":"https:\/\/berdemozes.ro\/index.php\/wp-json\/wp\/v2\/media?parent=80"}],"curies":[{"name":"wp","href":"https:\/\/api.w.org\/{rel}","templated":true}]}}